{"id":2521,"date":"2022-02-21T19:35:54","date_gmt":"2022-02-21T18:35:54","guid":{"rendered":"https:\/\/hicad-help.com\/?page_id=2521"},"modified":"2022-02-21T20:35:24","modified_gmt":"2022-02-21T19:35:24","slug":"fassade","status":"publish","type":"page","link":"https:\/\/hicad-help.com\/de_de\/fassade\/","title":{"rendered":"Fassade"},"content":{"rendered":"<div id=\"ez-toc-container\" class=\"ez-toc-v2_0_81 counter-hierarchy ez-toc-counter ez-toc-transparent ez-toc-container-direction\">\n<p class=\"ez-toc-title\" style=\"cursor:inherit\">Inhaltsverzeichnis<\/p>\n<label for=\"ez-toc-cssicon-toggle-item-69e1888f72d1f\" class=\"ez-toc-cssicon-toggle-label\"><span class=\"\"><span class=\"eztoc-hide\" style=\"display:none;\">Toggle<\/span><span class=\"ez-toc-icon-toggle-span\"><svg style=\"fill: #000000;color:#000000\" xmlns=\"http:\/\/www.w3.org\/2000\/svg\" class=\"list-377408\" width=\"20px\" height=\"20px\" viewBox=\"0 0 24 24\" fill=\"none\"><path d=\"M6 6H4v2h2V6zm14 0H8v2h12V6zM4 11h2v2H4v-2zm16 0H8v2h12v-2zM4 16h2v2H4v-2zm16 0H8v2h12v-2z\" fill=\"currentColor\"><\/path><\/svg><svg style=\"fill: #000000;color:#000000\" class=\"arrow-unsorted-368013\" xmlns=\"http:\/\/www.w3.org\/2000\/svg\" width=\"10px\" height=\"10px\" viewBox=\"0 0 24 24\" version=\"1.2\" baseProfile=\"tiny\"><path d=\"M18.2 9.3l-6.2-6.3-6.2 6.3c-.2.2-.3.4-.3.7s.1.5.3.7c.2.2.4.3.7.3h11c.3 0 .5-.1.7-.3.2-.2.3-.5.3-.7s-.1-.5-.3-.7zM5.8 14.7l6.2 6.3 6.2-6.3c.2-.2.3-.5.3-.7s-.1-.5-.3-.7c-.2-.2-.4-.3-.7-.3h-11c-.3 0-.5.1-.7.3-.2.2-.3.5-.3.7s.1.5.3.7z\"\/><\/svg><\/span><\/span><\/label><input type=\"checkbox\"  id=\"ez-toc-cssicon-toggle-item-69e1888f72d1f\"  aria-label=\"Toggle\" \/><nav><ul class='ez-toc-list ez-toc-list-level-1 ' ><li class='ez-toc-page-1 ez-toc-heading-level-2'><a class=\"ez-toc-link ez-toc-heading-1\" href=\"https:\/\/hicad-help.com\/de_de\/fassade\/#BIM-Planung-mit-intelligenten-Branchenloesungen\" >BIM Planung mit intelligenten Branchenl\u00f6sungen<\/a><\/li><li class='ez-toc-page-1 ez-toc-heading-level-2'><a class=\"ez-toc-link ez-toc-heading-2\" href=\"https:\/\/hicad-help.com\/de_de\/fassade\/#Variable-Elemente-durch-Parametrik\" >Variable Elemente durch Parametrik&nbsp;<\/a><\/li><li class='ez-toc-page-1 ez-toc-heading-level-2'><a class=\"ez-toc-link ez-toc-heading-3\" href=\"https:\/\/hicad-help.com\/de_de\/fassade\/#DirectModeling-und-Parametrik-frei-kombinierbar\" >DirectModeling und Parametrik frei kombinierbar<\/a><\/li><li class='ez-toc-page-1 ez-toc-heading-level-2'><a class=\"ez-toc-link ez-toc-heading-4\" href=\"https:\/\/hicad-help.com\/de_de\/fassade\/#Gleichteilsuche-automatisierte-Fertigungsunterlagen\" >Gleichteilsuche, automatisierte Fertigungsunterlagen<\/a><\/li><li class='ez-toc-page-1 ez-toc-heading-level-2'><a class=\"ez-toc-link ez-toc-heading-5\" href=\"https:\/\/hicad-help.com\/de_de\/fassade\/#BIM-Loesung-fuer-Ausfuehrungs-und-Werksplanung\" >BIM L\u00f6sung f\u00fcr Ausf\u00fchrungs- und Werksplanung<\/a><\/li><li class='ez-toc-page-1 ez-toc-heading-level-2'><a class=\"ez-toc-link ez-toc-heading-6\" href=\"https:\/\/hicad-help.com\/de_de\/fassade\/#Loesung-von-der-Planung-bis-zur-Produktion\" >L\u00f6sung von der Planung bis zur Produktion<\/a><\/li><li class='ez-toc-page-1 ez-toc-heading-level-2'><a class=\"ez-toc-link ez-toc-heading-7\" href=\"https:\/\/hicad-help.com\/de_de\/fassade\/#Automatisierte-3D-Verlegung-individuelle-Raster\" >Automatisierte 3D Verlegung individuelle Raster<\/a><\/li><li class='ez-toc-page-1 ez-toc-heading-level-2'><a class=\"ez-toc-link ez-toc-heading-8\" href=\"https:\/\/hicad-help.com\/de_de\/fassade\/#ALUCOBOND%C2%AE-EQUITONE-%E2%80%93-Hinterlueftete-Fassade\" >ALUCOBOND\u00ae, EQUITONE &#8211; Hinterl\u00fcftete Fassade<\/a><\/li><li class='ez-toc-page-1 ez-toc-heading-level-2'><a class=\"ez-toc-link ez-toc-heading-9\" href=\"https:\/\/hicad-help.com\/de_de\/fassade\/#Unterkonstruktion-und-Sonderkonstruktion\" >Unterkonstruktion und Sonderkonstruktion<\/a><\/li><li class='ez-toc-page-1 ez-toc-heading-level-2'><a class=\"ez-toc-link ez-toc-heading-10\" href=\"https:\/\/hicad-help.com\/de_de\/fassade\/#Loesung-mit-umfangreichen-Herstellerdaten\" >L\u00f6sung mit umfangreichen Herstellerdaten<\/a><\/li><li class='ez-toc-page-1 ez-toc-heading-level-2'><a class=\"ez-toc-link ez-toc-heading-11\" href=\"https:\/\/hicad-help.com\/de_de\/fassade\/#Laengenoptimierung-Paketierung-und-Verlegeplaene\" >L\u00e4ngenoptimierung Paketierung und Verlegepl\u00e4ne<\/a><\/li><li class='ez-toc-page-1 ez-toc-heading-level-2'><a class=\"ez-toc-link ez-toc-heading-12\" href=\"https:\/\/hicad-help.com\/de_de\/fassade\/#Verlegeparameter-und-Verlegebereiche\" >Verlegeparameter und Verlegebereiche<\/a><\/li><\/ul><\/nav><\/div>\n<p><strong>Letzte \u00c4nderung: 21.2.2022<\/strong> (Video erg\u00e4nzt, \u00dcberschrift erweitert)<\/p><hr class=\"wp-block-separator is-style-wide\"\/><h2 class=\"has-text-align-center wp-block-heading\"><span class=\"ez-toc-section\" id=\"BIM-Planung-mit-intelligenten-Branchenloesungen\"><\/span>BIM Planung mit intelligenten Branchenl\u00f6sungen<span class=\"ez-toc-section-end\"><\/span><\/h2><hr class=\"wp-block-separator is-style-wide\"\/><iframe loading=\"lazy\"  style=\"display: block; margin: 0px auto;\"  id=\"_ytid_62005\"  width=\"720\" height=\"405\"  data-origwidth=\"720\" data-origheight=\"405\" src=\"https:\/\/www.youtube.com\/embed\/Bf9KWmw6a-g?enablejsapi=1&#038;autoplay=0&#038;cc_load_policy=0&#038;cc_lang_pref=&#038;iv_load_policy=1&#038;loop=0&#038;rel=1&#038;fs=1&#038;playsinline=0&#038;autohide=2&#038;hl=de_DE&#038;theme=dark&#038;color=red&#038;controls=1&#038;disablekb=0&#038;\" class=\"__youtube_prefs__  no-lazyload\" title=\"YouTube player\"  allow=\"fullscreen; accelerometer; autoplay; clipboard-write; encrypted-media; gyroscope; picture-in-picture; web-share\" referrerpolicy=\"strict-origin-when-cross-origin\" allowfullscreen data-no-lazy=\"1\" data-skipgform_ajax_framebjll=\"\"><\/iframe><hr class=\"wp-block-separator is-style-wide\"\/><h2 class=\"has-text-align-center wp-block-heading\"><span class=\"ez-toc-section\" id=\"Variable-Elemente-durch-Parametrik\"><\/span>Variable Elemente durch Parametrik&nbsp;<span class=\"ez-toc-section-end\"><\/span><\/h2><hr class=\"wp-block-separator is-style-wide\"\/><iframe loading=\"lazy\"  style=\"display: block; margin: 0px auto;\"  id=\"_ytid_18949\"  width=\"720\" height=\"405\"  data-origwidth=\"720\" data-origheight=\"405\" src=\"https:\/\/www.youtube.com\/embed\/chWHo7Zg-YA?enablejsapi=1&#038;autoplay=0&#038;cc_load_policy=0&#038;cc_lang_pref=&#038;iv_load_policy=1&#038;loop=0&#038;rel=1&#038;fs=1&#038;playsinline=0&#038;autohide=2&#038;hl=de_DE&#038;theme=dark&#038;color=red&#038;controls=1&#038;disablekb=0&#038;\" class=\"__youtube_prefs__  no-lazyload\" title=\"YouTube player\"  allow=\"fullscreen; accelerometer; autoplay; clipboard-write; encrypted-media; gyroscope; picture-in-picture; web-share\" referrerpolicy=\"strict-origin-when-cross-origin\" allowfullscreen data-no-lazy=\"1\" data-skipgform_ajax_framebjll=\"\"><\/iframe><hr class=\"wp-block-separator is-style-wide\"\/><h2 class=\"has-text-align-center wp-block-heading\"><span class=\"ez-toc-section\" id=\"DirectModeling-und-Parametrik-frei-kombinierbar\"><\/span>DirectModeling und Parametrik frei kombinierbar<span class=\"ez-toc-section-end\"><\/span><\/h2><hr class=\"wp-block-separator is-style-wide\"\/><iframe loading=\"lazy\"  style=\"display: block; margin: 0px auto;\"  id=\"_ytid_91822\"  width=\"720\" height=\"405\"  data-origwidth=\"720\" data-origheight=\"405\" src=\"https:\/\/www.youtube.com\/embed\/Udi0t8AOL_w?enablejsapi=1&#038;autoplay=0&#038;cc_load_policy=0&#038;cc_lang_pref=&#038;iv_load_policy=1&#038;loop=0&#038;rel=1&#038;fs=1&#038;playsinline=0&#038;autohide=2&#038;hl=de_DE&#038;theme=dark&#038;color=red&#038;controls=1&#038;disablekb=0&#038;\" class=\"__youtube_prefs__  no-lazyload\" title=\"YouTube player\"  allow=\"fullscreen; accelerometer; autoplay; clipboard-write; encrypted-media; gyroscope; picture-in-picture; web-share\" referrerpolicy=\"strict-origin-when-cross-origin\" allowfullscreen data-no-lazy=\"1\" data-skipgform_ajax_framebjll=\"\"><\/iframe><hr class=\"wp-block-separator is-style-wide\"\/><h2 class=\"has-text-align-center wp-block-heading\"><span class=\"ez-toc-section\" id=\"Gleichteilsuche-automatisierte-Fertigungsunterlagen\"><\/span>Gleichteilsuche, automatisierte Fertigungsunterlagen<span class=\"ez-toc-section-end\"><\/span><\/h2><hr class=\"wp-block-separator is-style-wide\"\/><iframe loading=\"lazy\"  style=\"display: block; margin: 0px auto;\"  id=\"_ytid_67050\"  width=\"720\" height=\"405\"  data-origwidth=\"720\" data-origheight=\"405\" src=\"https:\/\/www.youtube.com\/embed\/-XGjMU2XMM8?enablejsapi=1&#038;autoplay=0&#038;cc_load_policy=0&#038;cc_lang_pref=&#038;iv_load_policy=1&#038;loop=0&#038;rel=1&#038;fs=1&#038;playsinline=0&#038;autohide=2&#038;hl=de_DE&#038;theme=dark&#038;color=red&#038;controls=1&#038;disablekb=0&#038;\" class=\"__youtube_prefs__  no-lazyload\" title=\"YouTube player\"  allow=\"fullscreen; accelerometer; autoplay; clipboard-write; encrypted-media; gyroscope; picture-in-picture; web-share\" referrerpolicy=\"strict-origin-when-cross-origin\" allowfullscreen data-no-lazy=\"1\" data-skipgform_ajax_framebjll=\"\"><\/iframe><hr class=\"wp-block-separator is-style-wide\"\/><h2 class=\"has-text-align-center wp-block-heading\"><span class=\"ez-toc-section\" id=\"BIM-Loesung-fuer-Ausfuehrungs-und-Werksplanung\"><\/span>BIM L\u00f6sung f\u00fcr Ausf\u00fchrungs- und Werksplanung<span class=\"ez-toc-section-end\"><\/span><\/h2><hr class=\"wp-block-separator is-style-wide\"\/><iframe loading=\"lazy\"  style=\"display: block; margin: 0px auto;\"  id=\"_ytid_23955\"  width=\"720\" height=\"405\"  data-origwidth=\"720\" data-origheight=\"405\" src=\"https:\/\/www.youtube.com\/embed\/rp_ezyU5_Kc?enablejsapi=1&#038;autoplay=0&#038;cc_load_policy=0&#038;cc_lang_pref=&#038;iv_load_policy=1&#038;loop=0&#038;rel=1&#038;fs=1&#038;playsinline=0&#038;autohide=2&#038;hl=de_DE&#038;theme=dark&#038;color=red&#038;controls=1&#038;disablekb=0&#038;\" class=\"__youtube_prefs__  no-lazyload\" title=\"YouTube player\"  allow=\"fullscreen; accelerometer; autoplay; clipboard-write; encrypted-media; gyroscope; picture-in-picture; web-share\" referrerpolicy=\"strict-origin-when-cross-origin\" allowfullscreen data-no-lazy=\"1\" data-skipgform_ajax_framebjll=\"\"><\/iframe><hr class=\"wp-block-separator is-style-wide\"\/><h2 class=\"has-text-align-center wp-block-heading\"><span class=\"ez-toc-section\" id=\"Loesung-von-der-Planung-bis-zur-Produktion\"><\/span>L\u00f6sung von der Planung bis zur Produktion<span class=\"ez-toc-section-end\"><\/span><\/h2><hr class=\"wp-block-separator is-style-wide\"\/><iframe loading=\"lazy\"  style=\"display: block; margin: 0px auto;\"  id=\"_ytid_39615\"  width=\"720\" height=\"405\"  data-origwidth=\"720\" data-origheight=\"405\" src=\"https:\/\/www.youtube.com\/embed\/uxHniAFziHM?enablejsapi=1&#038;autoplay=0&#038;cc_load_policy=0&#038;cc_lang_pref=&#038;iv_load_policy=1&#038;loop=0&#038;rel=1&#038;fs=1&#038;playsinline=0&#038;autohide=2&#038;hl=de_DE&#038;theme=dark&#038;color=red&#038;controls=1&#038;disablekb=0&#038;\" class=\"__youtube_prefs__  no-lazyload\" title=\"YouTube player\"  allow=\"fullscreen; accelerometer; autoplay; clipboard-write; encrypted-media; gyroscope; picture-in-picture; web-share\" referrerpolicy=\"strict-origin-when-cross-origin\" allowfullscreen data-no-lazy=\"1\" data-skipgform_ajax_framebjll=\"\"><\/iframe><hr class=\"wp-block-separator is-style-wide\"\/><h2 class=\"has-text-align-center wp-block-heading\"><span class=\"ez-toc-section\" id=\"Automatisierte-3D-Verlegung-individuelle-Raster\"><\/span>Automatisierte 3D Verlegung individuelle Raster<span class=\"ez-toc-section-end\"><\/span><\/h2><hr class=\"wp-block-separator is-style-wide\"\/><iframe loading=\"lazy\"  style=\"display: block; margin: 0px auto;\"  id=\"_ytid_43726\"  width=\"720\" height=\"405\"  data-origwidth=\"720\" data-origheight=\"405\" src=\"https:\/\/www.youtube.com\/embed\/Vm2-Y7k990g?enablejsapi=1&#038;autoplay=0&#038;cc_load_policy=0&#038;cc_lang_pref=&#038;iv_load_policy=1&#038;loop=0&#038;rel=1&#038;fs=1&#038;playsinline=0&#038;autohide=2&#038;hl=de_DE&#038;theme=dark&#038;color=red&#038;controls=1&#038;disablekb=0&#038;\" class=\"__youtube_prefs__  no-lazyload\" title=\"YouTube player\"  allow=\"fullscreen; accelerometer; autoplay; clipboard-write; encrypted-media; gyroscope; picture-in-picture; web-share\" referrerpolicy=\"strict-origin-when-cross-origin\" allowfullscreen data-no-lazy=\"1\" data-skipgform_ajax_framebjll=\"\"><\/iframe><hr class=\"wp-block-separator is-style-wide\"\/><h2 class=\"has-text-align-center wp-block-heading\"><span class=\"ez-toc-section\" id=\"ALUCOBOND%C2%AE-EQUITONE-%E2%80%93-Hinterlueftete-Fassade\"><\/span>ALUCOBOND\u00ae, EQUITONE &#8211; Hinterl\u00fcftete Fassade<span class=\"ez-toc-section-end\"><\/span><\/h2><hr class=\"wp-block-separator is-style-wide\"\/><iframe loading=\"lazy\"  style=\"display: block; margin: 0px auto;\"  id=\"_ytid_76800\"  width=\"720\" height=\"405\"  data-origwidth=\"720\" data-origheight=\"405\" src=\"https:\/\/www.youtube.com\/embed\/nLmATddW4WM?enablejsapi=1&#038;autoplay=0&#038;cc_load_policy=0&#038;cc_lang_pref=&#038;iv_load_policy=1&#038;loop=0&#038;rel=1&#038;fs=1&#038;playsinline=0&#038;autohide=2&#038;hl=de_DE&#038;theme=dark&#038;color=red&#038;controls=1&#038;disablekb=0&#038;\" class=\"__youtube_prefs__  no-lazyload\" title=\"YouTube player\"  allow=\"fullscreen; accelerometer; autoplay; clipboard-write; encrypted-media; gyroscope; picture-in-picture; web-share\" referrerpolicy=\"strict-origin-when-cross-origin\" allowfullscreen data-no-lazy=\"1\" data-skipgform_ajax_framebjll=\"\"><\/iframe><hr class=\"wp-block-separator is-style-wide\"\/><h2 class=\"has-text-align-center wp-block-heading\"><span class=\"ez-toc-section\" id=\"Unterkonstruktion-und-Sonderkonstruktion\"><\/span>Unterkonstruktion und Sonderkonstruktion<span class=\"ez-toc-section-end\"><\/span><\/h2><hr class=\"wp-block-separator is-style-wide\"\/><iframe loading=\"lazy\"  style=\"display: block; margin: 0px auto;\"  id=\"_ytid_88439\"  width=\"720\" height=\"405\"  data-origwidth=\"720\" data-origheight=\"405\" src=\"https:\/\/www.youtube.com\/embed\/0gUVMD2GVxo?enablejsapi=1&#038;autoplay=0&#038;cc_load_policy=0&#038;cc_lang_pref=&#038;iv_load_policy=1&#038;loop=0&#038;rel=1&#038;fs=1&#038;playsinline=0&#038;autohide=2&#038;hl=de_DE&#038;theme=dark&#038;color=red&#038;controls=1&#038;disablekb=0&#038;\" class=\"__youtube_prefs__  no-lazyload\" title=\"YouTube player\"  allow=\"fullscreen; accelerometer; autoplay; clipboard-write; encrypted-media; gyroscope; picture-in-picture; web-share\" referrerpolicy=\"strict-origin-when-cross-origin\" allowfullscreen data-no-lazy=\"1\" data-skipgform_ajax_framebjll=\"\"><\/iframe><hr class=\"wp-block-separator is-style-wide\"\/><h2 class=\"has-text-align-center wp-block-heading\"><span class=\"ez-toc-section\" id=\"Loesung-mit-umfangreichen-Herstellerdaten\"><\/span>L\u00f6sung mit umfangreichen Herstellerdaten<span class=\"ez-toc-section-end\"><\/span><\/h2><hr class=\"wp-block-separator is-style-wide\"\/><iframe loading=\"lazy\"  style=\"display: block; margin: 0px auto;\"  id=\"_ytid_34783\"  width=\"720\" height=\"405\"  data-origwidth=\"720\" data-origheight=\"405\" src=\"https:\/\/www.youtube.com\/embed\/hZerUIjnHEE?enablejsapi=1&#038;autoplay=0&#038;cc_load_policy=0&#038;cc_lang_pref=&#038;iv_load_policy=1&#038;loop=0&#038;rel=1&#038;fs=1&#038;playsinline=0&#038;autohide=2&#038;hl=de_DE&#038;theme=dark&#038;color=red&#038;controls=1&#038;disablekb=0&#038;\" class=\"__youtube_prefs__  no-lazyload\" title=\"YouTube player\"  allow=\"fullscreen; accelerometer; autoplay; clipboard-write; encrypted-media; gyroscope; picture-in-picture; web-share\" referrerpolicy=\"strict-origin-when-cross-origin\" allowfullscreen data-no-lazy=\"1\" data-skipgform_ajax_framebjll=\"\"><\/iframe><hr class=\"wp-block-separator is-style-wide\"\/><h2 class=\"has-text-align-center wp-block-heading\"><span class=\"ez-toc-section\" id=\"Laengenoptimierung-Paketierung-und-Verlegeplaene\"><\/span>L\u00e4ngenoptimierung Paketierung und Verlegepl\u00e4ne<span class=\"ez-toc-section-end\"><\/span><\/h2><hr class=\"wp-block-separator is-style-wide\"\/><iframe loading=\"lazy\"  style=\"display: block; margin: 0px auto;\"  id=\"_ytid_64712\"  width=\"720\" height=\"405\"  data-origwidth=\"720\" data-origheight=\"405\" src=\"https:\/\/www.youtube.com\/embed\/rKVBP5EFqwY?enablejsapi=1&#038;autoplay=0&#038;cc_load_policy=0&#038;cc_lang_pref=&#038;iv_load_policy=1&#038;loop=0&#038;rel=1&#038;fs=1&#038;playsinline=0&#038;autohide=2&#038;hl=de_DE&#038;theme=dark&#038;color=red&#038;controls=1&#038;disablekb=0&#038;\" class=\"__youtube_prefs__  no-lazyload\" title=\"YouTube player\"  allow=\"fullscreen; accelerometer; autoplay; clipboard-write; encrypted-media; gyroscope; picture-in-picture; web-share\" referrerpolicy=\"strict-origin-when-cross-origin\" allowfullscreen data-no-lazy=\"1\" data-skipgform_ajax_framebjll=\"\"><\/iframe><hr class=\"wp-block-separator is-style-wide\"\/><h2 class=\"has-text-align-center wp-block-heading\"><span class=\"ez-toc-section\" id=\"Verlegeparameter-und-Verlegebereiche\"><\/span>Verlegeparameter und Verlegebereiche<span class=\"ez-toc-section-end\"><\/span><\/h2><hr class=\"wp-block-separator is-style-wide\"\/><iframe loading=\"lazy\"  style=\"display: block; margin: 0px auto;\"  id=\"_ytid_49839\"  width=\"720\" height=\"405\"  data-origwidth=\"720\" data-origheight=\"405\" src=\"https:\/\/www.youtube.com\/embed\/85QeNYT9M3E?enablejsapi=1&#038;autoplay=0&#038;cc_load_policy=0&#038;cc_lang_pref=&#038;iv_load_policy=1&#038;loop=0&#038;rel=1&#038;fs=1&#038;playsinline=0&#038;autohide=2&#038;hl=de_DE&#038;theme=dark&#038;color=red&#038;controls=1&#038;disablekb=0&#038;\" class=\"__youtube_prefs__  no-lazyload\" title=\"YouTube player\"  allow=\"fullscreen; accelerometer; autoplay; clipboard-write; encrypted-media; gyroscope; picture-in-picture; web-share\" referrerpolicy=\"strict-origin-when-cross-origin\" allowfullscreen data-no-lazy=\"1\" data-skipgform_ajax_framebjll=\"\"><\/iframe>","protected":false},"excerpt":{"rendered":"<p>Letzte \u00c4nderung: 21.2.2022 (Video erg\u00e4nzt, \u00dcberschrift erweitert) BIM Planung mit intelligenten Branchenl\u00f6sungen Variable Elemente durch Parametrik&nbsp; DirectModeling und Parametrik frei kombinierbar Gleichteilsuche, automatisierte Fertigungsunterlagen BIM L\u00f6sung f\u00fcr Ausf\u00fchrungs- und Werksplanung L\u00f6sung von der Planung bis zur Produktion Automatisierte 3D Verlegung individuelle Raster ALUCOBOND\u00ae, EQUITONE &#8211; Hinterl\u00fcftete Fassade Unterkonstruktion und Sonderkonstruktion L\u00f6sung mit umfangreichen Herstellerdaten L\u00e4ngenoptimierung [&hellip;]<\/p>\n","protected":false},"author":1,"featured_media":0,"parent":0,"menu_order":0,"comment_status":"closed","ping_status":"closed","template":"","meta":{"_bbp_topic_count":0,"_bbp_reply_count":0,"_bbp_total_topic_count":0,"_bbp_total_reply_count":0,"_bbp_voice_count":0,"_bbp_anonymous_reply_count":0,"_bbp_topic_count_hidden":0,"_bbp_reply_count_hidden":0,"_bbp_forum_subforum_count":0,"pmpro_default_level":"","footnotes":""},"class_list":["post-2521","page","type-page","status-publish","hentry","pmpro-has-access","post"],"yoast_head":"<!-- This site is optimized with the Yoast SEO plugin v27.4 - https:\/\/yoast.com\/product\/yoast-seo-wordpress\/ -->\n<title>Fassade - hicad-help.com<\/title>\n<meta name=\"robots\" content=\"index, follow, max-snippet:-1, max-image-preview:large, max-video-preview:-1\" \/>\n<link rel=\"canonical\" href=\"https:\/\/hicad-help.com\/de_de\/fassade\/\" \/>\n<meta property=\"og:locale\" content=\"de_DE\" \/>\n<meta property=\"og:type\" content=\"article\" \/>\n<meta property=\"og:title\" content=\"Fassade - hicad-help.com\" \/>\n<meta property=\"og:description\" content=\"Letzte \u00c4nderung: 21.2.2022 (Video erg\u00e4nzt, \u00dcberschrift erweitert) BIM Planung mit intelligenten Branchenl\u00f6sungen Variable Elemente durch Parametrik&nbsp; DirectModeling und Parametrik frei kombinierbar Gleichteilsuche, automatisierte Fertigungsunterlagen BIM L\u00f6sung f\u00fcr Ausf\u00fchrungs- und Werksplanung L\u00f6sung von der Planung bis zur Produktion Automatisierte 3D Verlegung individuelle Raster ALUCOBOND\u00ae, EQUITONE &#8211; Hinterl\u00fcftete Fassade Unterkonstruktion und Sonderkonstruktion L\u00f6sung mit umfangreichen Herstellerdaten L\u00e4ngenoptimierung [&hellip;]\" \/>\n<meta property=\"og:url\" content=\"https:\/\/hicad-help.com\/de_de\/fassade\/\" \/>\n<meta property=\"og:site_name\" content=\"hicad-help.com\" \/>\n<meta property=\"article:modified_time\" content=\"2022-02-21T19:35:24+00:00\" \/>\n<meta name=\"twitter:card\" content=\"summary_large_image\" \/>\n<meta name=\"twitter:label1\" content=\"Gesch\u00e4tzte Lesezeit\" \/>\n\t<meta name=\"twitter:data1\" content=\"1\u00a0Minute\" \/>\n<script type=\"application\/ld+json\" class=\"yoast-schema-graph\">{\"@context\":\"https:\\\/\\\/schema.org\",\"@graph\":[{\"@type\":\"WebPage\",\"@id\":\"https:\\\/\\\/hicad-help.com\\\/fassade\\\/\",\"url\":\"https:\\\/\\\/hicad-help.com\\\/fassade\\\/\",\"name\":\"Fassade - hicad-help.com\",\"isPartOf\":{\"@id\":\"https:\\\/\\\/hicad-help.com\\\/de_de\\\/#website\"},\"datePublished\":\"2022-02-21T18:35:54+00:00\",\"dateModified\":\"2022-02-21T19:35:24+00:00\",\"breadcrumb\":{\"@id\":\"https:\\\/\\\/hicad-help.com\\\/fassade\\\/#breadcrumb\"},\"inLanguage\":\"de\",\"potentialAction\":[{\"@type\":\"ReadAction\",\"target\":[\"https:\\\/\\\/hicad-help.com\\\/fassade\\\/\"]}]},{\"@type\":\"BreadcrumbList\",\"@id\":\"https:\\\/\\\/hicad-help.com\\\/fassade\\\/#breadcrumb\",\"itemListElement\":[{\"@type\":\"ListItem\",\"position\":1,\"name\":\"Startseite\",\"item\":\"https:\\\/\\\/hicad-help.com\\\/\"},{\"@type\":\"ListItem\",\"position\":2,\"name\":\"Fassade\"}]},{\"@type\":\"WebSite\",\"@id\":\"https:\\\/\\\/hicad-help.com\\\/de_de\\\/#website\",\"url\":\"https:\\\/\\\/hicad-help.com\\\/de_de\\\/\",\"name\":\"hicad-help.com\",\"description\":\"Hilfeseite f\u00fcr HiCAD\",\"potentialAction\":[{\"@type\":\"SearchAction\",\"target\":{\"@type\":\"EntryPoint\",\"urlTemplate\":\"https:\\\/\\\/hicad-help.com\\\/de_de\\\/?s={search_term_string}\"},\"query-input\":{\"@type\":\"PropertyValueSpecification\",\"valueRequired\":true,\"valueName\":\"search_term_string\"}}],\"inLanguage\":\"de\"}]}<\/script>\n<!-- \/ Yoast SEO plugin. -->","yoast_head_json":{"title":"Fassade - hicad-help.com","robots":{"index":"index","follow":"follow","max-snippet":"max-snippet:-1","max-image-preview":"max-image-preview:large","max-video-preview":"max-video-preview:-1"},"canonical":"https:\/\/hicad-help.com\/de_de\/fassade\/","og_locale":"de_DE","og_type":"article","og_title":"Fassade - hicad-help.com","og_description":"Letzte \u00c4nderung: 21.2.2022 (Video erg\u00e4nzt, \u00dcberschrift erweitert) BIM Planung mit intelligenten Branchenl\u00f6sungen Variable Elemente durch Parametrik&nbsp; DirectModeling und Parametrik frei kombinierbar Gleichteilsuche, automatisierte Fertigungsunterlagen BIM L\u00f6sung f\u00fcr Ausf\u00fchrungs- und Werksplanung L\u00f6sung von der Planung bis zur Produktion Automatisierte 3D Verlegung individuelle Raster ALUCOBOND\u00ae, EQUITONE &#8211; Hinterl\u00fcftete Fassade Unterkonstruktion und Sonderkonstruktion L\u00f6sung mit umfangreichen Herstellerdaten L\u00e4ngenoptimierung [&hellip;]","og_url":"https:\/\/hicad-help.com\/de_de\/fassade\/","og_site_name":"hicad-help.com","article_modified_time":"2022-02-21T19:35:24+00:00","twitter_card":"summary_large_image","twitter_misc":{"Gesch\u00e4tzte Lesezeit":"1\u00a0Minute"},"schema":{"@context":"https:\/\/schema.org","@graph":[{"@type":"WebPage","@id":"https:\/\/hicad-help.com\/fassade\/","url":"https:\/\/hicad-help.com\/fassade\/","name":"Fassade - hicad-help.com","isPartOf":{"@id":"https:\/\/hicad-help.com\/de_de\/#website"},"datePublished":"2022-02-21T18:35:54+00:00","dateModified":"2022-02-21T19:35:24+00:00","breadcrumb":{"@id":"https:\/\/hicad-help.com\/fassade\/#breadcrumb"},"inLanguage":"de","potentialAction":[{"@type":"ReadAction","target":["https:\/\/hicad-help.com\/fassade\/"]}]},{"@type":"BreadcrumbList","@id":"https:\/\/hicad-help.com\/fassade\/#breadcrumb","itemListElement":[{"@type":"ListItem","position":1,"name":"Startseite","item":"https:\/\/hicad-help.com\/"},{"@type":"ListItem","position":2,"name":"Fassade"}]},{"@type":"WebSite","@id":"https:\/\/hicad-help.com\/de_de\/#website","url":"https:\/\/hicad-help.com\/de_de\/","name":"hicad-help.com","description":"Hilfeseite f\u00fcr HiCAD","potentialAction":[{"@type":"SearchAction","target":{"@type":"EntryPoint","urlTemplate":"https:\/\/hicad-help.com\/de_de\/?s={search_term_string}"},"query-input":{"@type":"PropertyValueSpecification","valueRequired":true,"valueName":"search_term_string"}}],"inLanguage":"de"}]}},"jetpack_sharing_enabled":true,"_links":{"self":[{"href":"https:\/\/hicad-help.com\/de_de\/wp-json\/wp\/v2\/pages\/2521","targetHints":{"allow":["GET"]}}],"collection":[{"href":"https:\/\/hicad-help.com\/de_de\/wp-json\/wp\/v2\/pages"}],"about":[{"href":"https:\/\/hicad-help.com\/de_de\/wp-json\/wp\/v2\/types\/page"}],"author":[{"embeddable":true,"href":"https:\/\/hicad-help.com\/de_de\/wp-json\/wp\/v2\/users\/1"}],"replies":[{"embeddable":true,"href":"https:\/\/hicad-help.com\/de_de\/wp-json\/wp\/v2\/comments?post=2521"}],"version-history":[{"count":0,"href":"https:\/\/hicad-help.com\/de_de\/wp-json\/wp\/v2\/pages\/2521\/revisions"}],"wp:attachment":[{"href":"https:\/\/hicad-help.com\/de_de\/wp-json\/wp\/v2\/media?parent=2521"}],"curies":[{"name":"wp","href":"https:\/\/api.w.org\/{rel}","templated":true}]}}