{"id":310,"date":"2020-09-29T21:59:48","date_gmt":"2020-09-29T19:59:48","guid":{"rendered":"http:\/\/hicad-help.com\/?page_id=310"},"modified":"2020-10-15T22:39:13","modified_gmt":"2020-10-15T20:39:13","slug":"anleitung-parametrisierung","status":"publish","type":"page","link":"https:\/\/hicad-help.com\/de_de\/anleitung-parametrisierung\/","title":{"rendered":"Parametrisierung"},"content":{"rendered":"<hr class=\"wp-block-separator is-style-wide\"\/><h1 class=\"wp-block-heading\" id=\"block-6adf4e86-f39a-4cac-ace3-30166144ee29\">Parametrisierung<\/h1><h2 class=\"has-text-align-center wp-block-heading\">HiCAD 2020 (SP2) &#8211; Parametrisierung einer Blechkassette mit Schwei\u00dfbolzen f\u00fcr die Elementfassade<\/h2><iframe loading=\"lazy\"  style=\"display: block; margin: 0px auto;\"  id=\"_ytid_86987\"  width=\"720\" height=\"405\"  data-origwidth=\"720\" data-origheight=\"405\" src=\"https:\/\/www.youtube.com\/embed\/GULx8_UYZWU?enablejsapi=1&#038;autoplay=0&#038;cc_load_policy=0&#038;cc_lang_pref=&#038;iv_load_policy=1&#038;loop=0&#038;rel=1&#038;fs=1&#038;playsinline=0&#038;autohide=2&#038;hl=de_DE&#038;theme=dark&#038;color=red&#038;controls=1&#038;disablekb=0&#038;\" class=\"__youtube_prefs__  no-lazyload\" title=\"YouTube player\"  allow=\"fullscreen; accelerometer; autoplay; clipboard-write; encrypted-media; gyroscope; picture-in-picture; web-share\" referrerpolicy=\"strict-origin-when-cross-origin\" allowfullscreen data-no-lazy=\"1\" data-skipgform_ajax_framebjll=\"\"><\/iframe><hr class=\"wp-block-separator is-style-wide\"\/><p>Die Elementverlegung ist ein effizientes Hilfsmittel, wenn es darum geht, Bereiche wie z.B. Fassaden, W\u00e4nde, B\u00f6den etc. mit den gleichen Teilen eines HiCAD-Kataloges zu belegen. Dies k\u00f6nnen beispielsweise Blechkassetten, Glas, Gitterroste oder beliebige andere Katalog-Elemente wie T\u00fcren oder Fenster\u00f6ffnungen sein.<\/p><p>Zur parametrischen Bearbeitung von Bauteilzeichnungen stehen Ihnen in HiCAD als Hilfsmittel die Funktionen des HiCAD Constraint Manager (HCM) zur Verf\u00fcgung.<\/p><hr class=\"wp-block-separator is-style-wide\"\/><h2 class=\"has-text-align-center wp-block-heading\">HiCAD 2020 &#8211; Wie parametrisiere ich einen Wandanschluss?<\/h2><iframe loading=\"lazy\"  style=\"display: block; margin: 0px auto;\"  id=\"_ytid_62383\"  width=\"720\" height=\"405\"  data-origwidth=\"720\" data-origheight=\"405\" src=\"https:\/\/www.youtube.com\/embed\/GpVSSowj0xg?enablejsapi=1&#038;autoplay=0&#038;cc_load_policy=0&#038;cc_lang_pref=&#038;iv_load_policy=1&#038;loop=0&#038;rel=1&#038;fs=1&#038;playsinline=0&#038;autohide=2&#038;hl=de_DE&#038;theme=dark&#038;color=red&#038;controls=1&#038;disablekb=0&#038;\" class=\"__youtube_prefs__  no-lazyload\" title=\"YouTube player\"  allow=\"fullscreen; accelerometer; autoplay; clipboard-write; encrypted-media; gyroscope; picture-in-picture; web-share\" referrerpolicy=\"strict-origin-when-cross-origin\" allowfullscreen data-no-lazy=\"1\" data-skipgform_ajax_framebjll=\"\"><\/iframe><hr class=\"wp-block-separator is-style-wide\"\/><p>In diesem Video parametrisiere ich einen Fassadenanschluss welchen ich danach automatisch einbauen kann.<\/p><hr class=\"wp-block-separator is-style-wide\"\/><h2 class=\"has-text-align-center wp-block-heading\">HiCAD 2020 &#8211; automatischer Fassaden Anschluss mit der Elementverlegung<\/h2><iframe loading=\"lazy\"  style=\"display: block; margin: 0px auto;\"  id=\"_ytid_71671\"  width=\"720\" height=\"405\"  data-origwidth=\"720\" data-origheight=\"405\" src=\"https:\/\/www.youtube.com\/embed\/nTUXjmcGT5g?enablejsapi=1&#038;autoplay=0&#038;cc_load_policy=0&#038;cc_lang_pref=&#038;iv_load_policy=1&#038;loop=0&#038;rel=1&#038;fs=1&#038;playsinline=0&#038;autohide=2&#038;hl=de_DE&#038;theme=dark&#038;color=red&#038;controls=1&#038;disablekb=0&#038;\" class=\"__youtube_prefs__  no-lazyload\" title=\"YouTube player\"  allow=\"fullscreen; accelerometer; autoplay; clipboard-write; encrypted-media; gyroscope; picture-in-picture; web-share\" referrerpolicy=\"strict-origin-when-cross-origin\" allowfullscreen data-no-lazy=\"1\" data-skipgform_ajax_framebjll=\"\"><\/iframe><hr class=\"wp-block-separator is-style-wide\"\/><p>Die Elementverlegung ist ein effizientes Hilfsmittel, wenn es darum geht, Bereiche wie z.B. Fassaden, W\u00e4nde, B\u00f6den etc. mit den gleichen Teilen eines HiCAD-Kataloges zu belegen. Dies k\u00f6nnen beispielsweise Blechkassetten, Glas, Gitterroste oder beliebige andere Katalog-Elemente wie T\u00fcren oder Fenster\u00f6ffnungen sein.<\/p><hr class=\"wp-block-separator is-style-wide\"\/><h2 class=\"has-text-align-center wp-block-heading\">HiCAD 2017 &#8211; Variablen definieren<\/h2><iframe loading=\"lazy\"  style=\"display: block; margin: 0px auto;\"  id=\"_ytid_28484\"  width=\"720\" height=\"405\"  data-origwidth=\"720\" data-origheight=\"405\" src=\"https:\/\/www.youtube.com\/embed\/j7WtteBUzCs?enablejsapi=1&#038;autoplay=0&#038;cc_load_policy=0&#038;cc_lang_pref=&#038;iv_load_policy=1&#038;loop=0&#038;rel=1&#038;fs=1&#038;playsinline=0&#038;autohide=2&#038;hl=de_DE&#038;theme=dark&#038;color=red&#038;controls=1&#038;disablekb=0&#038;\" class=\"__youtube_prefs__  no-lazyload\" title=\"YouTube player\"  allow=\"fullscreen; accelerometer; autoplay; clipboard-write; encrypted-media; gyroscope; picture-in-picture; web-share\" referrerpolicy=\"strict-origin-when-cross-origin\" allowfullscreen data-no-lazy=\"1\" data-skipgform_ajax_framebjll=\"\"><\/iframe><hr class=\"wp-block-separator is-style-wide\"\/><p>In diesen Video zeige ich wie man erste Variabeln definieren kann und diese danach auch steuern kann.<\/p><hr class=\"wp-block-separator is-style-wide\"\/><h2 class=\"has-text-align-center wp-block-heading\">HiCAD 2017 &#8211; Fremdbez\u00fcge aktivieren<\/h2><iframe loading=\"lazy\"  style=\"display: block; margin: 0px auto;\"  id=\"_ytid_83568\"  width=\"720\" height=\"405\"  data-origwidth=\"720\" data-origheight=\"405\" src=\"https:\/\/www.youtube.com\/embed\/zWEwWnFusKw?enablejsapi=1&#038;autoplay=0&#038;cc_load_policy=0&#038;cc_lang_pref=&#038;iv_load_policy=1&#038;loop=0&#038;rel=1&#038;fs=1&#038;playsinline=0&#038;autohide=2&#038;hl=de_DE&#038;theme=dark&#038;color=red&#038;controls=1&#038;disablekb=0&#038;\" class=\"__youtube_prefs__  no-lazyload\" title=\"YouTube player\"  allow=\"fullscreen; accelerometer; autoplay; clipboard-write; encrypted-media; gyroscope; picture-in-picture; web-share\" referrerpolicy=\"strict-origin-when-cross-origin\" allowfullscreen data-no-lazy=\"1\" data-skipgform_ajax_framebjll=\"\"><\/iframe><hr class=\"wp-block-separator is-style-wide\"\/><p>W\u00e4hrend der Konstruktion wird beim Einbau und Positionieren von Teilen h\u00e4ufig Bezug auf andere Konstruktionsobjekte genommen, beispielsweise, wenn Sie eine Bohrung relativ zum Zentrum einer Bohrung in einem anderen Teil einbauen. Dieser Bezug zwischen zwei Teilen wird als Fremdbezug bezeichnet.<\/p><hr class=\"wp-block-separator is-style-wide\"\/><h2 class=\"has-text-align-center wp-block-heading\">HiCAD 2017 &#8211; Teilepositionierung<\/h2><iframe loading=\"lazy\"  style=\"display: block; margin: 0px auto;\"  id=\"_ytid_21308\"  width=\"720\" height=\"405\"  data-origwidth=\"720\" data-origheight=\"405\" src=\"https:\/\/www.youtube.com\/embed\/y8U5hgXU4rk?enablejsapi=1&#038;autoplay=0&#038;cc_load_policy=0&#038;cc_lang_pref=&#038;iv_load_policy=1&#038;loop=0&#038;rel=1&#038;fs=1&#038;playsinline=0&#038;autohide=2&#038;hl=de_DE&#038;theme=dark&#038;color=red&#038;controls=1&#038;disablekb=0&#038;\" class=\"__youtube_prefs__  no-lazyload\" title=\"YouTube player\"  allow=\"fullscreen; accelerometer; autoplay; clipboard-write; encrypted-media; gyroscope; picture-in-picture; web-share\" referrerpolicy=\"strict-origin-when-cross-origin\" allowfullscreen data-no-lazy=\"1\" data-skipgform_ajax_framebjll=\"\"><\/iframe><hr class=\"wp-block-separator is-style-wide\"\/><p>Teilepositionierung ist wichtig wenn man mit Isolierten Punkten mit der Parametrik arbeitet<\/p><hr class=\"wp-block-separator is-style-wide\"\/><h2 class=\"has-text-align-center wp-block-heading\">HiCAD 2017 &#8211; Schrauben setzen<\/h2><iframe loading=\"lazy\"  style=\"display: block; margin: 0px auto;\"  id=\"_ytid_79893\"  width=\"720\" height=\"405\"  data-origwidth=\"720\" data-origheight=\"405\" src=\"https:\/\/www.youtube.com\/embed\/MqGxz8sgYRc?enablejsapi=1&#038;autoplay=0&#038;cc_load_policy=0&#038;cc_lang_pref=&#038;iv_load_policy=1&#038;loop=0&#038;rel=1&#038;fs=1&#038;playsinline=0&#038;autohide=2&#038;hl=de_DE&#038;theme=dark&#038;color=red&#038;controls=1&#038;disablekb=0&#038;\" class=\"__youtube_prefs__  no-lazyload\" title=\"YouTube player\"  allow=\"fullscreen; accelerometer; autoplay; clipboard-write; encrypted-media; gyroscope; picture-in-picture; web-share\" referrerpolicy=\"strict-origin-when-cross-origin\" allowfullscreen data-no-lazy=\"1\" data-skipgform_ajax_framebjll=\"\"><\/iframe><hr class=\"wp-block-separator is-style-wide\"\/><p>In diesen Video zeige ich wie man ein Verschraubung parametrisieren kann. Hierzu ist nur ein kleiner aber sehr wichtiger Punkt n\u00f6tig. Man muss das K\u00f6rpererzeugungsfeature eintragen und damit kann man die Verschraubungen beliebig steuern<\/p><hr class=\"wp-block-separator is-style-wide\"\/><h2 class=\"has-text-align-center wp-block-heading\">HiCAD 2017 &#8211; Randabst\u00e4nde definieren<\/h2><iframe loading=\"lazy\"  style=\"display: block; margin: 0px auto;\"  id=\"_ytid_76950\"  width=\"720\" height=\"405\"  data-origwidth=\"720\" data-origheight=\"405\" src=\"https:\/\/www.youtube.com\/embed\/h9IBGuTqwbU?enablejsapi=1&#038;autoplay=0&#038;cc_load_policy=0&#038;cc_lang_pref=&#038;iv_load_policy=1&#038;loop=0&#038;rel=1&#038;fs=1&#038;playsinline=0&#038;autohide=2&#038;hl=de_DE&#038;theme=dark&#038;color=red&#038;controls=1&#038;disablekb=0&#038;\" class=\"__youtube_prefs__  no-lazyload\" title=\"YouTube player\"  allow=\"fullscreen; accelerometer; autoplay; clipboard-write; encrypted-media; gyroscope; picture-in-picture; web-share\" referrerpolicy=\"strict-origin-when-cross-origin\" allowfullscreen data-no-lazy=\"1\" data-skipgform_ajax_framebjll=\"\"><\/iframe><hr class=\"wp-block-separator is-style-wide\"\/><p>In diesen Video verfeinere ich die Variante des Stehers um den Randabstand damit dies auch f\u00fcr die Praxis Sinnvoller gestalltet werden kann.<\/p><hr class=\"wp-block-separator is-style-wide\"\/><h2 class=\"has-text-align-center wp-block-heading\">HiCAD 2017 &#8211; Laschen an Steher parametrisieren<\/h2><iframe loading=\"lazy\"  style=\"display: block; margin: 0px auto;\"  id=\"_ytid_34855\"  width=\"720\" height=\"405\"  data-origwidth=\"720\" data-origheight=\"405\" src=\"https:\/\/www.youtube.com\/embed\/lk6xNQWzxww?enablejsapi=1&#038;autoplay=0&#038;cc_load_policy=0&#038;cc_lang_pref=&#038;iv_load_policy=1&#038;loop=0&#038;rel=1&#038;fs=1&#038;playsinline=0&#038;autohide=2&#038;hl=de_DE&#038;theme=dark&#038;color=red&#038;controls=1&#038;disablekb=0&#038;\" class=\"__youtube_prefs__  no-lazyload\" title=\"YouTube player\"  allow=\"fullscreen; accelerometer; autoplay; clipboard-write; encrypted-media; gyroscope; picture-in-picture; web-share\" referrerpolicy=\"strict-origin-when-cross-origin\" allowfullscreen data-no-lazy=\"1\" data-skipgform_ajax_framebjll=\"\"><\/iframe><hr class=\"wp-block-separator is-style-wide\"\/><p>In diesen Video nutze ich verschiedene Optionen aus den Vorigen Videos und erstelle dabei eine Lasche welche mittels Teilepositionierung an die Richtige Position am Steher gebarcht wird. <\/p><p>Danach erkl\u00e4re ich hierbei auch noch wie man mittels Bedinungen die M\u00f6glichkeit erzeugen kann verschiedene Varianten zu definieren damit Teile ein und ausgebaut werden k\u00f6nnen.<\/p><hr class=\"wp-block-separator is-style-wide\"\/><h2 class=\"has-text-align-center wp-block-heading\">HiCAD 2017 &#8211; Aufteilen der D\u00fcbel bei einen Estrichwinkel<\/h2><iframe loading=\"lazy\"  style=\"display: block; margin: 0px auto;\"  id=\"_ytid_33612\"  width=\"720\" height=\"405\"  data-origwidth=\"720\" data-origheight=\"405\" src=\"https:\/\/www.youtube.com\/embed\/j1MEIX2WOLw?enablejsapi=1&#038;autoplay=0&#038;cc_load_policy=0&#038;cc_lang_pref=&#038;iv_load_policy=1&#038;loop=0&#038;rel=1&#038;fs=1&#038;playsinline=0&#038;autohide=2&#038;hl=de_DE&#038;theme=dark&#038;color=red&#038;controls=1&#038;disablekb=0&#038;\" class=\"__youtube_prefs__  no-lazyload\" title=\"YouTube player\"  allow=\"fullscreen; accelerometer; autoplay; clipboard-write; encrypted-media; gyroscope; picture-in-picture; web-share\" referrerpolicy=\"strict-origin-when-cross-origin\" allowfullscreen data-no-lazy=\"1\" data-skipgform_ajax_framebjll=\"\"><\/iframe><hr class=\"wp-block-separator is-style-wide\"\/><p>in diesen Video zeige ich wie man bei einen Estrichwinkel die D\u00fcbel mit Variablen aufteilen kann um diese nachtr\u00e4glich bei einer L\u00e4ngen\u00e4nderung auch neu aufteilen zu lassen<\/p><hr class=\"wp-block-separator is-style-wide\"\/>","protected":false},"excerpt":{"rendered":"<p>Parametrisierung HiCAD 2020 (SP2) &#8211; Parametrisierung einer Blechkassette mit Schwei\u00dfbolzen f\u00fcr die Elementfassade Die Elementverlegung ist ein effizientes Hilfsmittel, wenn es darum geht, Bereiche wie z.B. Fassaden, W\u00e4nde, B\u00f6den etc. mit den gleichen Teilen eines HiCAD-Kataloges zu belegen. Dies k\u00f6nnen beispielsweise Blechkassetten, Glas, Gitterroste oder beliebige andere Katalog-Elemente wie T\u00fcren oder Fenster\u00f6ffnungen sein. Zur parametrischen [&hellip;]<\/p>\n","protected":false},"author":1,"featured_media":0,"parent":0,"menu_order":0,"comment_status":"open","ping_status":"closed","template":"","meta":{"_bbp_topic_count":0,"_bbp_reply_count":0,"_bbp_total_topic_count":0,"_bbp_total_reply_count":0,"_bbp_voice_count":0,"_bbp_anonymous_reply_count":0,"_bbp_topic_count_hidden":0,"_bbp_reply_count_hidden":0,"_bbp_forum_subforum_count":0,"pmpro_default_level":"","footnotes":""},"class_list":["post-310","page","type-page","status-publish","hentry","pmpro-has-access","post"],"yoast_head":"<!-- This site is optimized with the Yoast SEO plugin v27.4 - https:\/\/yoast.com\/product\/yoast-seo-wordpress\/ -->\n<title>Parametrisierung - hicad-help.com<\/title>\n<meta name=\"robots\" content=\"index, follow, max-snippet:-1, max-image-preview:large, max-video-preview:-1\" \/>\n<link rel=\"canonical\" href=\"https:\/\/hicad-help.com\/de_de\/anleitung-parametrisierung\/\" \/>\n<meta property=\"og:locale\" content=\"de_DE\" \/>\n<meta property=\"og:type\" content=\"article\" \/>\n<meta property=\"og:title\" content=\"Parametrisierung - hicad-help.com\" \/>\n<meta property=\"og:description\" content=\"Parametrisierung HiCAD 2020 (SP2) &#8211; Parametrisierung einer Blechkassette mit Schwei\u00dfbolzen f\u00fcr die Elementfassade Die Elementverlegung ist ein effizientes Hilfsmittel, wenn es darum geht, Bereiche wie z.B. Fassaden, W\u00e4nde, B\u00f6den etc. mit den gleichen Teilen eines HiCAD-Kataloges zu belegen. Dies k\u00f6nnen beispielsweise Blechkassetten, Glas, Gitterroste oder beliebige andere Katalog-Elemente wie T\u00fcren oder Fenster\u00f6ffnungen sein. Zur parametrischen [&hellip;]\" \/>\n<meta property=\"og:url\" content=\"https:\/\/hicad-help.com\/de_de\/anleitung-parametrisierung\/\" \/>\n<meta property=\"og:site_name\" content=\"hicad-help.com\" \/>\n<meta property=\"article:modified_time\" content=\"2020-10-15T20:39:13+00:00\" \/>\n<meta name=\"twitter:card\" content=\"summary_large_image\" \/>\n<meta name=\"twitter:label1\" content=\"Gesch\u00e4tzte Lesezeit\" \/>\n\t<meta name=\"twitter:data1\" content=\"3\u00a0Minuten\" \/>\n<script type=\"application\/ld+json\" class=\"yoast-schema-graph\">{\"@context\":\"https:\\\/\\\/schema.org\",\"@graph\":[{\"@type\":\"WebPage\",\"@id\":\"https:\\\/\\\/hicad-help.com\\\/en\\\/anleitung-parametrisierung\\\/\",\"url\":\"https:\\\/\\\/hicad-help.com\\\/en\\\/anleitung-parametrisierung\\\/\",\"name\":\"Parametrisierung - hicad-help.com\",\"isPartOf\":{\"@id\":\"https:\\\/\\\/hicad-help.com\\\/de_de\\\/#website\"},\"datePublished\":\"2020-09-29T19:59:48+00:00\",\"dateModified\":\"2020-10-15T20:39:13+00:00\",\"breadcrumb\":{\"@id\":\"https:\\\/\\\/hicad-help.com\\\/en\\\/anleitung-parametrisierung\\\/#breadcrumb\"},\"inLanguage\":\"de\",\"potentialAction\":[{\"@type\":\"ReadAction\",\"target\":[\"https:\\\/\\\/hicad-help.com\\\/en\\\/anleitung-parametrisierung\\\/\"]}]},{\"@type\":\"BreadcrumbList\",\"@id\":\"https:\\\/\\\/hicad-help.com\\\/en\\\/anleitung-parametrisierung\\\/#breadcrumb\",\"itemListElement\":[{\"@type\":\"ListItem\",\"position\":1,\"name\":\"Startseite\",\"item\":\"https:\\\/\\\/hicad-help.com\\\/\"},{\"@type\":\"ListItem\",\"position\":2,\"name\":\"Parametrisierung\"}]},{\"@type\":\"WebSite\",\"@id\":\"https:\\\/\\\/hicad-help.com\\\/de_de\\\/#website\",\"url\":\"https:\\\/\\\/hicad-help.com\\\/de_de\\\/\",\"name\":\"hicad-help.com\",\"description\":\"Hilfeseite f\u00fcr HiCAD\",\"potentialAction\":[{\"@type\":\"SearchAction\",\"target\":{\"@type\":\"EntryPoint\",\"urlTemplate\":\"https:\\\/\\\/hicad-help.com\\\/de_de\\\/?s={search_term_string}\"},\"query-input\":{\"@type\":\"PropertyValueSpecification\",\"valueRequired\":true,\"valueName\":\"search_term_string\"}}],\"inLanguage\":\"de\"}]}<\/script>\n<!-- \/ Yoast SEO plugin. -->","yoast_head_json":{"title":"Parametrisierung - hicad-help.com","robots":{"index":"index","follow":"follow","max-snippet":"max-snippet:-1","max-image-preview":"max-image-preview:large","max-video-preview":"max-video-preview:-1"},"canonical":"https:\/\/hicad-help.com\/de_de\/anleitung-parametrisierung\/","og_locale":"de_DE","og_type":"article","og_title":"Parametrisierung - hicad-help.com","og_description":"Parametrisierung HiCAD 2020 (SP2) &#8211; Parametrisierung einer Blechkassette mit Schwei\u00dfbolzen f\u00fcr die Elementfassade Die Elementverlegung ist ein effizientes Hilfsmittel, wenn es darum geht, Bereiche wie z.B. Fassaden, W\u00e4nde, B\u00f6den etc. mit den gleichen Teilen eines HiCAD-Kataloges zu belegen. Dies k\u00f6nnen beispielsweise Blechkassetten, Glas, Gitterroste oder beliebige andere Katalog-Elemente wie T\u00fcren oder Fenster\u00f6ffnungen sein. Zur parametrischen [&hellip;]","og_url":"https:\/\/hicad-help.com\/de_de\/anleitung-parametrisierung\/","og_site_name":"hicad-help.com","article_modified_time":"2020-10-15T20:39:13+00:00","twitter_card":"summary_large_image","twitter_misc":{"Gesch\u00e4tzte Lesezeit":"3\u00a0Minuten"},"schema":{"@context":"https:\/\/schema.org","@graph":[{"@type":"WebPage","@id":"https:\/\/hicad-help.com\/en\/anleitung-parametrisierung\/","url":"https:\/\/hicad-help.com\/en\/anleitung-parametrisierung\/","name":"Parametrisierung - hicad-help.com","isPartOf":{"@id":"https:\/\/hicad-help.com\/de_de\/#website"},"datePublished":"2020-09-29T19:59:48+00:00","dateModified":"2020-10-15T20:39:13+00:00","breadcrumb":{"@id":"https:\/\/hicad-help.com\/en\/anleitung-parametrisierung\/#breadcrumb"},"inLanguage":"de","potentialAction":[{"@type":"ReadAction","target":["https:\/\/hicad-help.com\/en\/anleitung-parametrisierung\/"]}]},{"@type":"BreadcrumbList","@id":"https:\/\/hicad-help.com\/en\/anleitung-parametrisierung\/#breadcrumb","itemListElement":[{"@type":"ListItem","position":1,"name":"Startseite","item":"https:\/\/hicad-help.com\/"},{"@type":"ListItem","position":2,"name":"Parametrisierung"}]},{"@type":"WebSite","@id":"https:\/\/hicad-help.com\/de_de\/#website","url":"https:\/\/hicad-help.com\/de_de\/","name":"hicad-help.com","description":"Hilfeseite f\u00fcr HiCAD","potentialAction":[{"@type":"SearchAction","target":{"@type":"EntryPoint","urlTemplate":"https:\/\/hicad-help.com\/de_de\/?s={search_term_string}"},"query-input":{"@type":"PropertyValueSpecification","valueRequired":true,"valueName":"search_term_string"}}],"inLanguage":"de"}]}},"jetpack_sharing_enabled":true,"_links":{"self":[{"href":"https:\/\/hicad-help.com\/de_de\/wp-json\/wp\/v2\/pages\/310","targetHints":{"allow":["GET"]}}],"collection":[{"href":"https:\/\/hicad-help.com\/de_de\/wp-json\/wp\/v2\/pages"}],"about":[{"href":"https:\/\/hicad-help.com\/de_de\/wp-json\/wp\/v2\/types\/page"}],"author":[{"embeddable":true,"href":"https:\/\/hicad-help.com\/de_de\/wp-json\/wp\/v2\/users\/1"}],"replies":[{"embeddable":true,"href":"https:\/\/hicad-help.com\/de_de\/wp-json\/wp\/v2\/comments?post=310"}],"version-history":[{"count":0,"href":"https:\/\/hicad-help.com\/de_de\/wp-json\/wp\/v2\/pages\/310\/revisions"}],"wp:attachment":[{"href":"https:\/\/hicad-help.com\/de_de\/wp-json\/wp\/v2\/media?parent=310"}],"curies":[{"name":"wp","href":"https:\/\/api.w.org\/{rel}","templated":true}]}}