{"id":3718,"date":"2025-01-23T14:05:23","date_gmt":"2025-01-23T13:05:23","guid":{"rendered":"https:\/\/hicad-help.com\/?page_id=3718"},"modified":"2025-10-06T20:56:53","modified_gmt":"2025-10-06T18:56:53","slug":"hicad-2025-sp1","status":"publish","type":"page","link":"https:\/\/hicad-help.com\/de_de\/hicad-2025-sp1\/","title":{"rendered":"HiCAD 2025 SP1"},"content":{"rendered":"<p><strong>Letzte \u00c4nderung: 06.10.2025<\/strong><\/p><style>\n    \/* 1. GRUND-STYLING (KEINE GOOGLE FONTS) *\/\n    \/* Hinweis: Da dies ein Snippet ist, m\u00fcssen 'body' Styles eventuell in Ihre Haupt-CSS-Datei verschoben werden,\n       falls sie mit vorhandenen Styles kollidieren. Die wichtigsten Klassen sind hier .heading-container,\n       .version-heading (NEU), .sub-headline (jetzt H2) und .gradient-word.\n    *\/\n    .version-heading {\n        text-align: center;\n        \/* KLEINERE Schriftgr\u00f6\u00dfe f\u00fcr die Versionsnummer\/Einordnung *\/\n        font-size: clamp(1.5rem, 4vw, 3rem); \n        font-weight: 900; \/* Extra Fett *\/\n        \/* Einfaches Schwarz f\u00fcr die erste Zeile *\/\n        color: #333; \n        line-height: 1.2;\n        padding: 10px 0 0; \n        margin: 0 auto; \n        max-width: 1000px;\n    }\n\n    \/* Styling f\u00fcr die zweite, beschreibende Zeile (jetzt markanter und H2) *\/\n    .sub-headline {\n        text-align: center;\n        \/* NEU: Schriftgr\u00f6\u00dfe nochmals vergr\u00f6\u00dfert f\u00fcr maximale Markanz *\/\n        font-size: clamp(1.4rem, 4vw, 2.5rem);\n        \/* Schriftfarbe wird \u00fcber .gradient-word gesetzt *\/\n        font-weight: 900; \/* Auf das dickste Gewicht erh\u00f6ht *\/\n        color: #555; \n        margin: 0;\n        padding-top: 5px; \n        line-height: 1.4;\n    }\n    \n    \/* 3. STYLING F\u00dcR DEN BLAUEN GRADIENT-TEIL (Der visuelle Effekt) *\/\n    \/* Dies wird NUR noch f\u00fcr die Unterzeile verwendet *\/\n    .gradient-word {\n        \/* Farbverlauf mit der Wunschfarbe #003f7a *\/\n        background-image: linear-gradient(45deg, #003f7a, #003366); \n        -webkit-background-clip: text;\n        background-clip: text;\n        color: transparent; \n        \/* font-weight wird jetzt in .sub-headline gesetzt, um die Farbanpassung zu erleichtern *\/\n        text-shadow: 0 4px 6px rgba(0, 0, 0, 0.1); \n    }\n\n    \/* Container f\u00fcr das visuelle \"K\u00e4rtchen\" *\/\n    .heading-container {\n        background-color: white; \/* Startfarbe *\/\n        border-radius: 1rem; \n        border: 2px solid #000; \n        box-shadow: 0 10px 15px -3px rgba(0, 0, 0, 0.1), 0 4px 6px -2px rgba(0, 0, 0, 0.05);\n        padding: 1.5rem 2.5rem; \n        \n        \/* Geht auf die maximale Breite des Eltern-Containers *\/\n        margin: 40px auto; \n        width: 100%; \n\n        \/* SCROLL ANIMATION STARTZUSTAND: NUR UNSICHTBAR *\/\n        opacity: 0;\n        \n        \/* Sanfter \u00dcbergang f\u00fcr Hover-Effekt (0.3s) und Scroll-Fade-in (1.0s) *\/\n        transition: all 0.3s ease-in-out, opacity 1.0s ease-out;\n    }\n\n    \/* SCROLL ANIMATION ENDZUSTAND (Wird per JavaScript hinzugef\u00fcgt, wenn sichtbar) *\/\n    .heading-container.is-visible {\n        opacity: 1; \n    }\n\n    \/* HOVER EFFEKT: Wird ausgel\u00f6st, wenn die Maus \u00fcber die Box f\u00e4hrt *\/\n    .heading-container:hover {\n        cursor: pointer; \n        transform: translateY(-5px); \n        \n        \/* Farbe kommt mehr, wenn man dr\u00fcber f\u00e4hrt *\/\n        \/* BITTE ERSETZEN SIE #e6f0fa DURCH IHRE SEKUND\u00c4RFARBE! *\/\n        background-color: #e6f0fa;\n        \n        \/* Verst\u00e4rkter Schatten f\u00fcr den \"Schwebe\"-Effekt *\/\n        box-shadow: 0 18px 30px -5px rgba(0, 0, 0, 0.25), 0 8px 10px -4px rgba(0, 0, 0, 0.1);\n    }\n<\/style>\n\n<div class=\"heading-container\">\n    \n    <!-- ###################################################################################### -->\n    <!-- # DIES IST DER BEREICH, DEN SIE F\u00dcR DEN INHALT BEARBEITEN M\u00dcSSEN:                      # -->\n    <!-- ###################################################################################### -->\n    <!-- NEU: Versionsnummer ist jetzt H3, damit das TOC-Plugin es ignoriert. -->\n    <h3 class=\"version-heading\">\n        HiCAD 2025 SP1\n    <\/h3>\n    <!-- NEU: Feature-Beschreibung ist jetzt H2, damit das TOC-Plugin dies als Eintrag nimmt. -->\n    <h2 class=\"sub-headline gradient-word\">\n        Zeichnungsdetailierung\n    <\/h2>\n    <!-- ###################################################################################### -->\n\n<\/div>\n\n<!-- JavaScript f\u00fcr die Scroll-Erkennung (Animate on Scroll) -->\n<script>\n    \/\/ F\u00fchrt den Code aus, sobald das Element auf der Seite geladen ist\n    document.addEventListener('DOMContentLoaded', () => {\n        \/\/ Findet ALLE Elemente mit dieser Klasse\n        const headingContainers = document.querySelectorAll('.heading-container');\n\n        if (headingContainers.length > 0) {\n            \/\/ Konfiguration des Intersection Observers zur \u00dcberwachung der Sichtbarkeit\n            const observerOptions = {\n                root: null, \/\/ Verwendet den Viewport als Root\n                rootMargin: '0px',\n                threshold: 0.1 \/\/ L\u00f6st aus, sobald 10% des Elements sichtbar sind\n            };\n\n            const observer = new IntersectionObserver((entries, observer) => {\n                entries.forEach(entry => {\n                    \/\/ Wenn das Element in den Viewport kommt\n                    if (entry.isIntersecting) {\n                        entry.target.classList.add('is-visible');\n                        \/\/ Stoppt die Beobachtung, da die Animation nur einmal laufen soll\n                        observer.unobserve(entry.target);\n                    }\n                });\n            }, observerOptions);\n\n            \/\/ Wir iterieren durch alle gefundenen Container und beobachten jeden einzeln\n            headingContainers.forEach(container => {\n                observer.observe(container);\n            });\n        }\n    });\n<\/script><p><\/p><div style=\"height:10px\" aria-hidden=\"true\" class=\"wp-block-spacer\"><\/div><figure class=\"wp-block-embed is-type-video is-provider-youtube wp-block-embed-youtube wp-embed-aspect-16-9 wp-has-aspect-ratio\"><div class=\"wp-block-embed__wrapper\">\n<iframe loading=\"lazy\"  style=\"display: block; margin: 0px auto;\"  id=\"_ytid_15367\"  width=\"720\" height=\"405\"  data-origwidth=\"720\" data-origheight=\"405\" src=\"https:\/\/www.youtube.com\/embed\/NkPKv-NfEJ4?enablejsapi=1&#038;autoplay=0&#038;cc_load_policy=0&#038;cc_lang_pref=&#038;iv_load_policy=1&#038;loop=0&#038;rel=1&#038;fs=1&#038;playsinline=0&#038;autohide=2&#038;hl=de_DE&#038;theme=dark&#038;color=red&#038;controls=1&#038;disablekb=0&#038;\" class=\"__youtube_prefs__  epyt-is-override  no-lazyload\" title=\"YouTube player\"  allow=\"fullscreen; accelerometer; autoplay; clipboard-write; encrypted-media; gyroscope; picture-in-picture; web-share\" referrerpolicy=\"strict-origin-when-cross-origin\" allowfullscreen data-no-lazy=\"1\" data-skipgform_ajax_framebjll=\"\"><\/iframe>\n<\/div><\/figure><div style=\"height:10px\" aria-hidden=\"true\" class=\"wp-block-spacer\"><\/div><style>\n    \/* 1. GRUND-STYLING (KEINE GOOGLE FONTS) *\/\n    \/* Hinweis: Da dies ein Snippet ist, m\u00fcssen 'body' Styles eventuell in Ihre Haupt-CSS-Datei verschoben werden,\n       falls sie mit vorhandenen Styles kollidieren. Die wichtigsten Klassen sind hier .heading-container,\n       .version-heading (NEU), .sub-headline (jetzt H2) und .gradient-word.\n    *\/\n    .version-heading {\n        text-align: center;\n        \/* KLEINERE Schriftgr\u00f6\u00dfe f\u00fcr die Versionsnummer\/Einordnung *\/\n        font-size: clamp(1.5rem, 4vw, 3rem); \n        font-weight: 900; \/* Extra Fett *\/\n        \/* Einfaches Schwarz f\u00fcr die erste Zeile *\/\n        color: #333; \n        line-height: 1.2;\n        padding: 10px 0 0; \n        margin: 0 auto; \n        max-width: 1000px;\n    }\n\n    \/* Styling f\u00fcr die zweite, beschreibende Zeile (jetzt markanter und H2) *\/\n    .sub-headline {\n        text-align: center;\n        \/* NEU: Schriftgr\u00f6\u00dfe nochmals vergr\u00f6\u00dfert f\u00fcr maximale Markanz *\/\n        font-size: clamp(1.4rem, 4vw, 2.5rem);\n        \/* Schriftfarbe wird \u00fcber .gradient-word gesetzt *\/\n        font-weight: 900; \/* Auf das dickste Gewicht erh\u00f6ht *\/\n        color: #555; \n        margin: 0;\n        padding-top: 5px; \n        line-height: 1.4;\n    }\n    \n    \/* 3. STYLING F\u00dcR DEN BLAUEN GRADIENT-TEIL (Der visuelle Effekt) *\/\n    \/* Dies wird NUR noch f\u00fcr die Unterzeile verwendet *\/\n    .gradient-word {\n        \/* Farbverlauf mit der Wunschfarbe #003f7a *\/\n        background-image: linear-gradient(45deg, #003f7a, #003366); \n        -webkit-background-clip: text;\n        background-clip: text;\n        color: transparent; \n        \/* font-weight wird jetzt in .sub-headline gesetzt, um die Farbanpassung zu erleichtern *\/\n        text-shadow: 0 4px 6px rgba(0, 0, 0, 0.1); \n    }\n\n    \/* Container f\u00fcr das visuelle \"K\u00e4rtchen\" *\/\n    .heading-container {\n        background-color: white; \/* Startfarbe *\/\n        border-radius: 1rem; \n        border: 2px solid #000; \n        box-shadow: 0 10px 15px -3px rgba(0, 0, 0, 0.1), 0 4px 6px -2px rgba(0, 0, 0, 0.05);\n        padding: 1.5rem 2.5rem; \n        \n        \/* Geht auf die maximale Breite des Eltern-Containers *\/\n        margin: 40px auto; \n        width: 100%; \n\n        \/* SCROLL ANIMATION STARTZUSTAND: NUR UNSICHTBAR *\/\n        opacity: 0;\n        \n        \/* Sanfter \u00dcbergang f\u00fcr Hover-Effekt (0.3s) und Scroll-Fade-in (1.0s) *\/\n        transition: all 0.3s ease-in-out, opacity 1.0s ease-out;\n    }\n\n    \/* SCROLL ANIMATION ENDZUSTAND (Wird per JavaScript hinzugef\u00fcgt, wenn sichtbar) *\/\n    .heading-container.is-visible {\n        opacity: 1; \n    }\n\n    \/* HOVER EFFEKT: Wird ausgel\u00f6st, wenn die Maus \u00fcber die Box f\u00e4hrt *\/\n    .heading-container:hover {\n        cursor: pointer; \n        transform: translateY(-5px); \n        \n        \/* Farbe kommt mehr, wenn man dr\u00fcber f\u00e4hrt *\/\n        \/* BITTE ERSETZEN SIE #e6f0fa DURCH IHRE SEKUND\u00c4RFARBE! *\/\n        background-color: #e6f0fa;\n        \n        \/* Verst\u00e4rkter Schatten f\u00fcr den \"Schwebe\"-Effekt *\/\n        box-shadow: 0 18px 30px -5px rgba(0, 0, 0, 0.25), 0 8px 10px -4px rgba(0, 0, 0, 0.1);\n    }\n<\/style>\n\n<div class=\"heading-container\">\n    \n    <!-- ###################################################################################### -->\n    <!-- # DIES IST DER BEREICH, DEN SIE F\u00dcR DEN INHALT BEARBEITEN M\u00dcSSEN:                      # -->\n    <!-- ###################################################################################### -->\n    <!-- NEU: Versionsnummer ist jetzt H3, damit das TOC-Plugin es ignoriert. -->\n    <h3 class=\"version-heading\">\n        HiCAD 2025 SP1\n    <\/h3>\n    <!-- NEU: Feature-Beschreibung ist jetzt H2, damit das TOC-Plugin dies als Eintrag nimmt. -->\n    <h2 class=\"sub-headline gradient-word\">\n        Modellierung\n    <\/h2>\n    <!-- ###################################################################################### -->\n\n<\/div>\n\n<!-- JavaScript f\u00fcr die Scroll-Erkennung (Animate on Scroll) -->\n<script>\n    \/\/ F\u00fchrt den Code aus, sobald das Element auf der Seite geladen ist\n    document.addEventListener('DOMContentLoaded', () => {\n        \/\/ Findet ALLE Elemente mit dieser Klasse\n        const headingContainers = document.querySelectorAll('.heading-container');\n\n        if (headingContainers.length > 0) {\n            \/\/ Konfiguration des Intersection Observers zur \u00dcberwachung der Sichtbarkeit\n            const observerOptions = {\n                root: null, \/\/ Verwendet den Viewport als Root\n                rootMargin: '0px',\n                threshold: 0.1 \/\/ L\u00f6st aus, sobald 10% des Elements sichtbar sind\n            };\n\n            const observer = new IntersectionObserver((entries, observer) => {\n                entries.forEach(entry => {\n                    \/\/ Wenn das Element in den Viewport kommt\n                    if (entry.isIntersecting) {\n                        entry.target.classList.add('is-visible');\n                        \/\/ Stoppt die Beobachtung, da die Animation nur einmal laufen soll\n                        observer.unobserve(entry.target);\n                    }\n                });\n            }, observerOptions);\n\n            \/\/ Wir iterieren durch alle gefundenen Container und beobachten jeden einzeln\n            headingContainers.forEach(container => {\n                observer.observe(container);\n            });\n        }\n    });\n<\/script><p><\/p><div style=\"height:11px\" aria-hidden=\"true\" class=\"wp-block-spacer\"><\/div><figure class=\"wp-block-embed is-type-video is-provider-youtube wp-block-embed-youtube wp-embed-aspect-16-9 wp-has-aspect-ratio\"><div class=\"wp-block-embed__wrapper\">\n<iframe loading=\"lazy\"  style=\"display: block; margin: 0px auto;\"  id=\"_ytid_46894\"  width=\"720\" height=\"405\"  data-origwidth=\"720\" data-origheight=\"405\" src=\"https:\/\/www.youtube.com\/embed\/a5nHw3cfumE?enablejsapi=1&#038;autoplay=0&#038;cc_load_policy=0&#038;cc_lang_pref=&#038;iv_load_policy=1&#038;loop=0&#038;rel=1&#038;fs=1&#038;playsinline=0&#038;autohide=2&#038;hl=de_DE&#038;theme=dark&#038;color=red&#038;controls=1&#038;disablekb=0&#038;\" class=\"__youtube_prefs__  epyt-is-override  no-lazyload\" title=\"YouTube player\"  allow=\"fullscreen; accelerometer; autoplay; clipboard-write; encrypted-media; gyroscope; picture-in-picture; web-share\" referrerpolicy=\"strict-origin-when-cross-origin\" allowfullscreen data-no-lazy=\"1\" data-skipgform_ajax_framebjll=\"\"><\/iframe>\n<\/div><\/figure><div style=\"height:11px\" aria-hidden=\"true\" class=\"wp-block-spacer\"><\/div><style>\n    \/* 1. GRUND-STYLING (KEINE GOOGLE FONTS) *\/\n    \/* Hinweis: Da dies ein Snippet ist, m\u00fcssen 'body' Styles eventuell in Ihre Haupt-CSS-Datei verschoben werden,\n       falls sie mit vorhandenen Styles kollidieren. Die wichtigsten Klassen sind hier .heading-container,\n       .version-heading (NEU), .sub-headline (jetzt H2) und .gradient-word.\n    *\/\n    .version-heading {\n        text-align: center;\n        \/* KLEINERE Schriftgr\u00f6\u00dfe f\u00fcr die Versionsnummer\/Einordnung *\/\n        font-size: clamp(1.5rem, 4vw, 3rem); \n        font-weight: 900; \/* Extra Fett *\/\n        \/* Einfaches Schwarz f\u00fcr die erste Zeile *\/\n        color: #333; \n        line-height: 1.2;\n        padding: 10px 0 0; \n        margin: 0 auto; \n        max-width: 1000px;\n    }\n\n    \/* Styling f\u00fcr die zweite, beschreibende Zeile (jetzt markanter und H2) *\/\n    .sub-headline {\n        text-align: center;\n        \/* NEU: Schriftgr\u00f6\u00dfe nochmals vergr\u00f6\u00dfert f\u00fcr maximale Markanz *\/\n        font-size: clamp(1.4rem, 4vw, 2.5rem);\n        \/* Schriftfarbe wird \u00fcber .gradient-word gesetzt *\/\n        font-weight: 900; \/* Auf das dickste Gewicht erh\u00f6ht *\/\n        color: #555; \n        margin: 0;\n        padding-top: 5px; \n        line-height: 1.4;\n    }\n    \n    \/* 3. STYLING F\u00dcR DEN BLAUEN GRADIENT-TEIL (Der visuelle Effekt) *\/\n    \/* Dies wird NUR noch f\u00fcr die Unterzeile verwendet *\/\n    .gradient-word {\n        \/* Farbverlauf mit der Wunschfarbe #003f7a *\/\n        background-image: linear-gradient(45deg, #003f7a, #003366); \n        -webkit-background-clip: text;\n        background-clip: text;\n        color: transparent; \n        \/* font-weight wird jetzt in .sub-headline gesetzt, um die Farbanpassung zu erleichtern *\/\n        text-shadow: 0 4px 6px rgba(0, 0, 0, 0.1); \n    }\n\n    \/* Container f\u00fcr das visuelle \"K\u00e4rtchen\" *\/\n    .heading-container {\n        background-color: white; \/* Startfarbe *\/\n        border-radius: 1rem; \n        border: 2px solid #000; \n        box-shadow: 0 10px 15px -3px rgba(0, 0, 0, 0.1), 0 4px 6px -2px rgba(0, 0, 0, 0.05);\n        padding: 1.5rem 2.5rem; \n        \n        \/* Geht auf die maximale Breite des Eltern-Containers *\/\n        margin: 40px auto; \n        width: 100%; \n\n        \/* SCROLL ANIMATION STARTZUSTAND: NUR UNSICHTBAR *\/\n        opacity: 0;\n        \n        \/* Sanfter \u00dcbergang f\u00fcr Hover-Effekt (0.3s) und Scroll-Fade-in (1.0s) *\/\n        transition: all 0.3s ease-in-out, opacity 1.0s ease-out;\n    }\n\n    \/* SCROLL ANIMATION ENDZUSTAND (Wird per JavaScript hinzugef\u00fcgt, wenn sichtbar) *\/\n    .heading-container.is-visible {\n        opacity: 1; \n    }\n\n    \/* HOVER EFFEKT: Wird ausgel\u00f6st, wenn die Maus \u00fcber die Box f\u00e4hrt *\/\n    .heading-container:hover {\n        cursor: pointer; \n        transform: translateY(-5px); \n        \n        \/* Farbe kommt mehr, wenn man dr\u00fcber f\u00e4hrt *\/\n        \/* BITTE ERSETZEN SIE #e6f0fa DURCH IHRE SEKUND\u00c4RFARBE! *\/\n        background-color: #e6f0fa;\n        \n        \/* Verst\u00e4rkter Schatten f\u00fcr den \"Schwebe\"-Effekt *\/\n        box-shadow: 0 18px 30px -5px rgba(0, 0, 0, 0.25), 0 8px 10px -4px rgba(0, 0, 0, 0.1);\n    }\n<\/style>\n\n<div class=\"heading-container\">\n    \n    <!-- ###################################################################################### -->\n    <!-- # DIES IST DER BEREICH, DEN SIE F\u00dcR DEN INHALT BEARBEITEN M\u00dcSSEN:                      # -->\n    <!-- ###################################################################################### -->\n    <!-- NEU: Versionsnummer ist jetzt H3, damit das TOC-Plugin es ignoriert. -->\n    <h3 class=\"version-heading\">\n        HiCAD 2025 SP1\n    <\/h3>\n    <!-- NEU: Feature-Beschreibung ist jetzt H2, damit das TOC-Plugin dies als Eintrag nimmt. -->\n    <h2 class=\"sub-headline gradient-word\">\n        Oberfl\u00e4che\n    <\/h2>\n    <!-- ###################################################################################### -->\n\n<\/div>\n\n<!-- JavaScript f\u00fcr die Scroll-Erkennung (Animate on Scroll) -->\n<script>\n    \/\/ F\u00fchrt den Code aus, sobald das Element auf der Seite geladen ist\n    document.addEventListener('DOMContentLoaded', () => {\n        \/\/ Findet ALLE Elemente mit dieser Klasse\n        const headingContainers = document.querySelectorAll('.heading-container');\n\n        if (headingContainers.length > 0) {\n            \/\/ Konfiguration des Intersection Observers zur \u00dcberwachung der Sichtbarkeit\n            const observerOptions = {\n                root: null, \/\/ Verwendet den Viewport als Root\n                rootMargin: '0px',\n                threshold: 0.1 \/\/ L\u00f6st aus, sobald 10% des Elements sichtbar sind\n            };\n\n            const observer = new IntersectionObserver((entries, observer) => {\n                entries.forEach(entry => {\n                    \/\/ Wenn das Element in den Viewport kommt\n                    if (entry.isIntersecting) {\n                        entry.target.classList.add('is-visible');\n                        \/\/ Stoppt die Beobachtung, da die Animation nur einmal laufen soll\n                        observer.unobserve(entry.target);\n                    }\n                });\n            }, observerOptions);\n\n            \/\/ Wir iterieren durch alle gefundenen Container und beobachten jeden einzeln\n            headingContainers.forEach(container => {\n                observer.observe(container);\n            });\n        }\n    });\n<\/script><p><\/p><div style=\"height:10px\" aria-hidden=\"true\" class=\"wp-block-spacer\"><\/div><figure class=\"wp-block-embed is-type-video is-provider-youtube wp-block-embed-youtube wp-embed-aspect-16-9 wp-has-aspect-ratio\"><div class=\"wp-block-embed__wrapper\">\n<iframe loading=\"lazy\"  style=\"display: block; margin: 0px auto;\"  id=\"_ytid_38373\"  width=\"720\" height=\"405\"  data-origwidth=\"720\" data-origheight=\"405\" src=\"https:\/\/www.youtube.com\/embed\/0sIf0gY2SJE?enablejsapi=1&#038;autoplay=0&#038;cc_load_policy=0&#038;cc_lang_pref=&#038;iv_load_policy=1&#038;loop=0&#038;rel=1&#038;fs=1&#038;playsinline=0&#038;autohide=2&#038;hl=de_DE&#038;theme=dark&#038;color=red&#038;controls=1&#038;disablekb=0&#038;\" class=\"__youtube_prefs__  epyt-is-override  no-lazyload\" title=\"YouTube player\"  allow=\"fullscreen; accelerometer; autoplay; clipboard-write; encrypted-media; gyroscope; picture-in-picture; web-share\" referrerpolicy=\"strict-origin-when-cross-origin\" allowfullscreen data-no-lazy=\"1\" data-skipgform_ajax_framebjll=\"\"><\/iframe>\n<\/div><\/figure>","protected":false},"excerpt":{"rendered":"<p>Letzte \u00c4nderung: 06.10.2025 HiCAD 2025 SP1 Zeichnungsdetailierung HiCAD 2025 SP1 Modellierung HiCAD 2025 SP1 Oberfl\u00e4che<\/p>\n","protected":false},"author":1,"featured_media":0,"parent":0,"menu_order":0,"comment_status":"closed","ping_status":"closed","template":"","meta":{"_bbp_topic_count":0,"_bbp_reply_count":0,"_bbp_total_topic_count":0,"_bbp_total_reply_count":0,"_bbp_voice_count":0,"_bbp_anonymous_reply_count":0,"_bbp_topic_count_hidden":0,"_bbp_reply_count_hidden":0,"_bbp_forum_subforum_count":0,"pmpro_default_level":"","footnotes":""},"class_list":["post-3718","page","type-page","status-publish","hentry","pmpro-has-access","post"],"yoast_head":"<!-- This site is optimized with the Yoast SEO plugin v27.4 - https:\/\/yoast.com\/product\/yoast-seo-wordpress\/ -->\n<title>HiCAD 2025 SP1 - hicad-help.com<\/title>\n<meta name=\"robots\" content=\"index, follow, max-snippet:-1, max-image-preview:large, max-video-preview:-1\" \/>\n<link rel=\"canonical\" href=\"https:\/\/hicad-help.com\/de_de\/hicad-2025-sp1\/\" \/>\n<meta property=\"og:locale\" content=\"de_DE\" \/>\n<meta property=\"og:type\" content=\"article\" \/>\n<meta property=\"og:title\" content=\"HiCAD 2025 SP1 - hicad-help.com\" \/>\n<meta property=\"og:description\" content=\"Letzte \u00c4nderung: 06.10.2025 HiCAD 2025 SP1 Zeichnungsdetailierung HiCAD 2025 SP1 Modellierung HiCAD 2025 SP1 Oberfl\u00e4che\" \/>\n<meta property=\"og:url\" content=\"https:\/\/hicad-help.com\/de_de\/hicad-2025-sp1\/\" \/>\n<meta property=\"og:site_name\" content=\"hicad-help.com\" \/>\n<meta property=\"article:modified_time\" content=\"2025-10-06T18:56:53+00:00\" \/>\n<meta name=\"twitter:card\" content=\"summary_large_image\" \/>\n<meta name=\"twitter:label1\" content=\"Gesch\u00e4tzte Lesezeit\" \/>\n\t<meta name=\"twitter:data1\" content=\"1\u00a0Minute\" \/>\n<script type=\"application\/ld+json\" class=\"yoast-schema-graph\">{\"@context\":\"https:\\\/\\\/schema.org\",\"@graph\":[{\"@type\":\"WebPage\",\"@id\":\"https:\\\/\\\/hicad-help.com\\\/hicad-2025-sp1\\\/\",\"url\":\"https:\\\/\\\/hicad-help.com\\\/hicad-2025-sp1\\\/\",\"name\":\"HiCAD 2025 SP1 - hicad-help.com\",\"isPartOf\":{\"@id\":\"https:\\\/\\\/hicad-help.com\\\/de_de\\\/#website\"},\"datePublished\":\"2025-01-23T13:05:23+00:00\",\"dateModified\":\"2025-10-06T18:56:53+00:00\",\"breadcrumb\":{\"@id\":\"https:\\\/\\\/hicad-help.com\\\/hicad-2025-sp1\\\/#breadcrumb\"},\"inLanguage\":\"de\",\"potentialAction\":[{\"@type\":\"ReadAction\",\"target\":[\"https:\\\/\\\/hicad-help.com\\\/hicad-2025-sp1\\\/\"]}]},{\"@type\":\"BreadcrumbList\",\"@id\":\"https:\\\/\\\/hicad-help.com\\\/hicad-2025-sp1\\\/#breadcrumb\",\"itemListElement\":[{\"@type\":\"ListItem\",\"position\":1,\"name\":\"Startseite\",\"item\":\"https:\\\/\\\/hicad-help.com\\\/\"},{\"@type\":\"ListItem\",\"position\":2,\"name\":\"HiCAD 2025 SP1\"}]},{\"@type\":\"WebSite\",\"@id\":\"https:\\\/\\\/hicad-help.com\\\/de_de\\\/#website\",\"url\":\"https:\\\/\\\/hicad-help.com\\\/de_de\\\/\",\"name\":\"hicad-help.com\",\"description\":\"Hilfeseite f\u00fcr HiCAD\",\"potentialAction\":[{\"@type\":\"SearchAction\",\"target\":{\"@type\":\"EntryPoint\",\"urlTemplate\":\"https:\\\/\\\/hicad-help.com\\\/de_de\\\/?s={search_term_string}\"},\"query-input\":{\"@type\":\"PropertyValueSpecification\",\"valueRequired\":true,\"valueName\":\"search_term_string\"}}],\"inLanguage\":\"de\"}]}<\/script>\n<!-- \/ Yoast SEO plugin. -->","yoast_head_json":{"title":"HiCAD 2025 SP1 - hicad-help.com","robots":{"index":"index","follow":"follow","max-snippet":"max-snippet:-1","max-image-preview":"max-image-preview:large","max-video-preview":"max-video-preview:-1"},"canonical":"https:\/\/hicad-help.com\/de_de\/hicad-2025-sp1\/","og_locale":"de_DE","og_type":"article","og_title":"HiCAD 2025 SP1 - hicad-help.com","og_description":"Letzte \u00c4nderung: 06.10.2025 HiCAD 2025 SP1 Zeichnungsdetailierung HiCAD 2025 SP1 Modellierung HiCAD 2025 SP1 Oberfl\u00e4che","og_url":"https:\/\/hicad-help.com\/de_de\/hicad-2025-sp1\/","og_site_name":"hicad-help.com","article_modified_time":"2025-10-06T18:56:53+00:00","twitter_card":"summary_large_image","twitter_misc":{"Gesch\u00e4tzte Lesezeit":"1\u00a0Minute"},"schema":{"@context":"https:\/\/schema.org","@graph":[{"@type":"WebPage","@id":"https:\/\/hicad-help.com\/hicad-2025-sp1\/","url":"https:\/\/hicad-help.com\/hicad-2025-sp1\/","name":"HiCAD 2025 SP1 - hicad-help.com","isPartOf":{"@id":"https:\/\/hicad-help.com\/de_de\/#website"},"datePublished":"2025-01-23T13:05:23+00:00","dateModified":"2025-10-06T18:56:53+00:00","breadcrumb":{"@id":"https:\/\/hicad-help.com\/hicad-2025-sp1\/#breadcrumb"},"inLanguage":"de","potentialAction":[{"@type":"ReadAction","target":["https:\/\/hicad-help.com\/hicad-2025-sp1\/"]}]},{"@type":"BreadcrumbList","@id":"https:\/\/hicad-help.com\/hicad-2025-sp1\/#breadcrumb","itemListElement":[{"@type":"ListItem","position":1,"name":"Startseite","item":"https:\/\/hicad-help.com\/"},{"@type":"ListItem","position":2,"name":"HiCAD 2025 SP1"}]},{"@type":"WebSite","@id":"https:\/\/hicad-help.com\/de_de\/#website","url":"https:\/\/hicad-help.com\/de_de\/","name":"hicad-help.com","description":"Hilfeseite f\u00fcr HiCAD","potentialAction":[{"@type":"SearchAction","target":{"@type":"EntryPoint","urlTemplate":"https:\/\/hicad-help.com\/de_de\/?s={search_term_string}"},"query-input":{"@type":"PropertyValueSpecification","valueRequired":true,"valueName":"search_term_string"}}],"inLanguage":"de"}]}},"jetpack_sharing_enabled":true,"_links":{"self":[{"href":"https:\/\/hicad-help.com\/de_de\/wp-json\/wp\/v2\/pages\/3718","targetHints":{"allow":["GET"]}}],"collection":[{"href":"https:\/\/hicad-help.com\/de_de\/wp-json\/wp\/v2\/pages"}],"about":[{"href":"https:\/\/hicad-help.com\/de_de\/wp-json\/wp\/v2\/types\/page"}],"author":[{"embeddable":true,"href":"https:\/\/hicad-help.com\/de_de\/wp-json\/wp\/v2\/users\/1"}],"replies":[{"embeddable":true,"href":"https:\/\/hicad-help.com\/de_de\/wp-json\/wp\/v2\/comments?post=3718"}],"version-history":[{"count":1,"href":"https:\/\/hicad-help.com\/de_de\/wp-json\/wp\/v2\/pages\/3718\/revisions"}],"predecessor-version":[{"id":3938,"href":"https:\/\/hicad-help.com\/de_de\/wp-json\/wp\/v2\/pages\/3718\/revisions\/3938"}],"wp:attachment":[{"href":"https:\/\/hicad-help.com\/de_de\/wp-json\/wp\/v2\/media?parent=3718"}],"curies":[{"name":"wp","href":"https:\/\/api.w.org\/{rel}","templated":true}]}}