{"id":481,"date":"2020-10-05T10:01:55","date_gmt":"2020-10-05T08:01:55","guid":{"rendered":"https:\/\/hicad-help.com\/?page_id=481"},"modified":"2020-12-07T15:53:02","modified_gmt":"2020-12-07T14:53:02","slug":"alucobond","status":"publish","type":"page","link":"https:\/\/hicad-help.com\/de_de\/alucobond\/","title":{"rendered":"ALUCOBOND\u00ae"},"content":{"rendered":"<h1 class=\"wp-block-heading\" id=\"block-ea55252b-e73a-415e-a4be-dbcc09ce01d4\">HiCAD ALUCOBOND\u00ae<\/h1><hr class=\"wp-block-separator is-style-wide\"\/><h2 class=\"wp-block-heading\" id=\"block-a0427028-9a86-482b-a113-aba9a34ea879\">Offizielles Imagevideo <\/h2><p>Aus 2D Daten soll eine hochwertige hinterl\u00fcftete ALUCOBOND\u00ae Fassade entstehen. Alle Arbeitsphasen sollen mit wenig Aufwand, einer hohen Qualit\u00e4t, BIM konform und ohne Fehler umgesetzt werden. Was unm\u00f6glich erscheint, kann ganz einfach sein.<\/p><hr class=\"wp-block-separator is-style-wide\"\/><iframe loading=\"lazy\"  style=\"display: block; margin: 0px auto;\"  id=\"_ytid_36733\"  width=\"720\" height=\"405\"  data-origwidth=\"720\" data-origheight=\"405\" src=\"https:\/\/www.youtube.com\/embed\/mbZMf0W-71A?enablejsapi=1&#038;autoplay=0&#038;cc_load_policy=0&#038;cc_lang_pref=&#038;iv_load_policy=1&#038;loop=0&#038;rel=1&#038;fs=1&#038;playsinline=0&#038;autohide=2&#038;hl=de_DE&#038;theme=dark&#038;color=red&#038;controls=1&#038;disablekb=0&#038;\" class=\"__youtube_prefs__  no-lazyload\" title=\"YouTube player\"  allow=\"fullscreen; accelerometer; autoplay; clipboard-write; encrypted-media; gyroscope; picture-in-picture; web-share\" referrerpolicy=\"strict-origin-when-cross-origin\" allowfullscreen data-no-lazy=\"1\" data-skipgform_ajax_framebjll=\"\"><\/iframe><hr class=\"wp-block-separator is-style-wide\"\/><h2 class=\"has-text-align-center wp-block-heading\">HiCAD 2020 | Arbeitsablauf<\/h2><hr class=\"wp-block-separator is-style-wide\"\/><iframe loading=\"lazy\"  style=\"display: block; margin: 0px auto;\"  id=\"_ytid_45097\"  width=\"720\" height=\"405\"  data-origwidth=\"720\" data-origheight=\"405\" src=\"https:\/\/www.youtube.com\/embed\/wM3KgzQbjU0?enablejsapi=1&#038;autoplay=0&#038;cc_load_policy=0&#038;cc_lang_pref=&#038;iv_load_policy=1&#038;loop=0&#038;rel=1&#038;fs=1&#038;playsinline=0&#038;autohide=2&#038;hl=de_DE&#038;theme=dark&#038;color=red&#038;controls=1&#038;disablekb=0&#038;\" class=\"__youtube_prefs__  no-lazyload\" title=\"YouTube player\"  allow=\"fullscreen; accelerometer; autoplay; clipboard-write; encrypted-media; gyroscope; picture-in-picture; web-share\" referrerpolicy=\"strict-origin-when-cross-origin\" allowfullscreen data-no-lazy=\"1\" data-skipgform_ajax_framebjll=\"\"><\/iframe><hr class=\"wp-block-separator is-style-wide\"\/><h2 class=\"has-text-align-center wp-block-heading\">HiCAD 2020 | SP2: Parametrische \u00dcbertragung der Eigenschaften bei hinterl\u00fcfteten Fassaden<\/h2><hr class=\"wp-block-separator is-style-wide\"\/><iframe loading=\"lazy\"  style=\"display: block; margin: 0px auto;\"  id=\"_ytid_89793\"  width=\"720\" height=\"405\"  data-origwidth=\"720\" data-origheight=\"405\" src=\"https:\/\/www.youtube.com\/embed\/W6J10FosVqM?enablejsapi=1&#038;autoplay=0&#038;cc_load_policy=0&#038;cc_lang_pref=&#038;iv_load_policy=1&#038;loop=0&#038;rel=1&#038;fs=1&#038;playsinline=0&#038;autohide=2&#038;hl=de_DE&#038;theme=dark&#038;color=red&#038;controls=1&#038;disablekb=0&#038;\" class=\"__youtube_prefs__  no-lazyload\" title=\"YouTube player\"  allow=\"fullscreen; accelerometer; autoplay; clipboard-write; encrypted-media; gyroscope; picture-in-picture; web-share\" referrerpolicy=\"strict-origin-when-cross-origin\" allowfullscreen data-no-lazy=\"1\" data-skipgform_ajax_framebjll=\"\"><\/iframe><hr class=\"wp-block-separator is-style-wide\"\/><p class=\"has-text-align-center\">\u00dcber die Funktion: \u201eParametrisierung \u00fcbertragen\u201c werden Eigenschaften und Parameter eines Vorlageelements auf die weiteren Elemente innerhalb einer Konstruktion \u00fcbertragen. Das ist jedoch nur m\u00f6glich, wenn die Verlegeelemente auf derselben Variante basieren. Dabei k\u00f6nnen Elemente nicht nur aus einem, sondern auch aus unterschiedlichen Fassadenbauabschnitten einzeln oder \u00fcber die mehrfach Selektion markiert und aktualisiert werden.<\/p><hr class=\"wp-block-separator is-style-wide\"\/><h2 class=\"has-text-align-center wp-block-heading\">HiCAD 2020 | SP2: Eckenanschuss f\u00fcr SZ20 ALUCOBOND\u00ae Kassette<\/h2><iframe loading=\"lazy\"  style=\"display: block; margin: 0px auto;\"  id=\"_ytid_29535\"  width=\"720\" height=\"405\"  data-origwidth=\"720\" data-origheight=\"405\" src=\"https:\/\/www.youtube.com\/embed\/-NkY5T4Vsw8?enablejsapi=1&#038;autoplay=0&#038;cc_load_policy=0&#038;cc_lang_pref=&#038;iv_load_policy=1&#038;loop=0&#038;rel=1&#038;fs=1&#038;playsinline=0&#038;autohide=2&#038;hl=de_DE&#038;theme=dark&#038;color=red&#038;controls=1&#038;disablekb=0&#038;\" class=\"__youtube_prefs__  no-lazyload\" title=\"YouTube player\"  allow=\"fullscreen; accelerometer; autoplay; clipboard-write; encrypted-media; gyroscope; picture-in-picture; web-share\" referrerpolicy=\"strict-origin-when-cross-origin\" allowfullscreen data-no-lazy=\"1\" data-skipgform_ajax_framebjll=\"\"><\/iframe><hr class=\"wp-block-separator is-style-wide\"\/><p class=\"has-text-align-center\">Bei der Anwendung der ALUCOBOND\u00ae SZ20 Fassade besteht oft der Bedarf einen Eckenanschluss zu erweitern. Ab HiCAD 2020 SP2 kann dies mit Hilfe der DV: \u201eLasche f\u00fcr SZ20\u201c umgesetzt werden. Durch das Ausf\u00fchren der Designvariante werden alle relevanten Zukaufsteile sowie \u201eS\u201c- und \u201eZ\u201c- Profile erzeugt und dem neuen Anschluss der Kassette zugewiesen. Somit kann die Eckausbildung einer SZ20 Fassade sehr flexibel erweitert werden.<\/p><hr class=\"wp-block-separator is-style-wide\"\/><h2 class=\"wp-block-heading\">\u00dcbernahme von 2D\/3D (BIM)<\/h2><iframe loading=\"lazy\"  style=\"display: block; margin: 0px auto;\"  id=\"_ytid_91451\"  width=\"720\" height=\"405\"  data-origwidth=\"720\" data-origheight=\"405\" src=\"https:\/\/www.youtube.com\/embed\/aXqnphEPapc?enablejsapi=1&#038;autoplay=0&#038;cc_load_policy=0&#038;cc_lang_pref=&#038;iv_load_policy=1&#038;loop=0&#038;rel=1&#038;fs=1&#038;playsinline=0&#038;autohide=2&#038;hl=de_DE&#038;theme=dark&#038;color=red&#038;controls=1&#038;disablekb=0&#038;\" class=\"__youtube_prefs__  no-lazyload\" title=\"YouTube player\"  allow=\"fullscreen; accelerometer; autoplay; clipboard-write; encrypted-media; gyroscope; picture-in-picture; web-share\" referrerpolicy=\"strict-origin-when-cross-origin\" allowfullscreen data-no-lazy=\"1\" data-skipgform_ajax_framebjll=\"\"><\/iframe><hr class=\"wp-block-separator is-style-wide\"\/><p>Bestehende 2D Daten werden mit wenigen Klicks in HiCAD \u00fcbernommen. Ein direkter Import von 2D- DWG und DXF Daten ist m\u00f6glich. F\u00fcr die eigene Konstruktion stehen umfangreiche Konstruktionsfunktionen zur Verf\u00fcgung. Vollst\u00e4ndige Integration in moderne openBIM- Prozesse.<\/p><hr class=\"wp-block-separator is-style-wide\"\/><h2 class=\"wp-block-heading\">HiCAD ALUCOBOND\u00ae: St\u00fccklisten<\/h2><iframe loading=\"lazy\"  style=\"display: block; margin: 0px auto;\"  id=\"_ytid_13696\"  width=\"720\" height=\"405\"  data-origwidth=\"720\" data-origheight=\"405\" src=\"https:\/\/www.youtube.com\/embed\/CtLKCoL_qrc?enablejsapi=1&#038;autoplay=0&#038;cc_load_policy=0&#038;cc_lang_pref=&#038;iv_load_policy=1&#038;loop=0&#038;rel=1&#038;fs=1&#038;playsinline=0&#038;autohide=2&#038;hl=de_DE&#038;theme=dark&#038;color=red&#038;controls=1&#038;disablekb=0&#038;\" class=\"__youtube_prefs__  no-lazyload\" title=\"YouTube player\"  allow=\"fullscreen; accelerometer; autoplay; clipboard-write; encrypted-media; gyroscope; picture-in-picture; web-share\" referrerpolicy=\"strict-origin-when-cross-origin\" allowfullscreen data-no-lazy=\"1\" data-skipgform_ajax_framebjll=\"\"><\/iframe><hr class=\"wp-block-separator is-style-wide\"\/><p>Beschriftungen, Abmessungen und Gleichteilsuche werden beschrieben. St\u00fccklisten, S\u00e4gelisten, Materiallisten, Versandliste und vieles mehr.<\/p><hr class=\"wp-block-separator is-style-wide\"\/><h2 class=\"wp-block-heading\">HiCAD ALUCOBOND\u00ae: Zeichnungserstellung<\/h2><iframe loading=\"lazy\"  style=\"display: block; margin: 0px auto;\"  id=\"_ytid_34318\"  width=\"720\" height=\"405\"  data-origwidth=\"720\" data-origheight=\"405\" src=\"https:\/\/www.youtube.com\/embed\/XQ4Imy5kyMc?enablejsapi=1&#038;autoplay=0&#038;cc_load_policy=0&#038;cc_lang_pref=&#038;iv_load_policy=1&#038;loop=0&#038;rel=1&#038;fs=1&#038;playsinline=0&#038;autohide=2&#038;hl=de_DE&#038;theme=dark&#038;color=red&#038;controls=1&#038;disablekb=0&#038;\" class=\"__youtube_prefs__  no-lazyload\" title=\"YouTube player\"  allow=\"fullscreen; accelerometer; autoplay; clipboard-write; encrypted-media; gyroscope; picture-in-picture; web-share\" referrerpolicy=\"strict-origin-when-cross-origin\" allowfullscreen data-no-lazy=\"1\" data-skipgform_ajax_framebjll=\"\"><\/iframe><hr class=\"wp-block-separator is-style-wide\"\/><p>Alle Ansichten, Schnitte und Details werden BIM-Konform direkt aus dem 3D-Modell abgeleitet und sich immer aktuell und mit dem 3D verkn\u00fcpft. Individuelle 2D-\/3D Schnitte und Details machen auch komplexe Informationen f\u00fcr Kunden, Fertigung und Montage verst\u00e4ndlich. Alle Beschriftungen und Ma\u00dfe werden direkt aus dem 3D Modell \u00fcbernommen und sind auch bei Konstruktions\u00e4nderungen immer korrekt.<\/p><hr class=\"wp-block-separator is-style-wide\"\/><h2 class=\"wp-block-heading\">HiCAD ALUCOBOND\u00ae 3D \u2013  Kassettenverlegung<\/h2><iframe loading=\"lazy\"  style=\"display: block; margin: 0px auto;\"  id=\"_ytid_61119\"  width=\"720\" height=\"405\"  data-origwidth=\"720\" data-origheight=\"405\" src=\"https:\/\/www.youtube.com\/embed\/P2vFFgJ9IZw?enablejsapi=1&#038;autoplay=0&#038;cc_load_policy=0&#038;cc_lang_pref=&#038;iv_load_policy=1&#038;loop=0&#038;rel=1&#038;fs=1&#038;playsinline=0&#038;autohide=2&#038;hl=de_DE&#038;theme=dark&#038;color=red&#038;controls=1&#038;disablekb=0&#038;\" class=\"__youtube_prefs__  no-lazyload\" title=\"YouTube player\"  allow=\"fullscreen; accelerometer; autoplay; clipboard-write; encrypted-media; gyroscope; picture-in-picture; web-share\" referrerpolicy=\"strict-origin-when-cross-origin\" allowfullscreen data-no-lazy=\"1\" data-skipgform_ajax_framebjll=\"\"><\/iframe><hr class=\"wp-block-separator is-style-wide\"\/><p>Verlegung einer ganzen Fassade. Das Raster ist die Basis und kann \u00fcbernommen oder selber erstellt werden. Daraufhin belegen Sie die gew\u00fcnschten Kassetten auf das Raster. Alle wichtigen Parameter lassen sich einstellen. Nicht nur Material, Farben oder Vorspr\u00fcnge k\u00f6nnen schnell angepasst und geplant werden. Alle wichtigen Parameter stehen f\u00fcr eine sichere Planung zur Verf\u00fcgung.<\/p><hr class=\"wp-block-separator is-style-wide\"\/><h2 class=\"wp-block-heading\">HiCAD ALUCOBOND\u00ae: Unterkonstruktion<\/h2><iframe loading=\"lazy\"  style=\"display: block; margin: 0px auto;\"  id=\"_ytid_34862\"  width=\"720\" height=\"405\"  data-origwidth=\"720\" data-origheight=\"405\" src=\"https:\/\/www.youtube.com\/embed\/sRGV-WPFLUE?enablejsapi=1&#038;autoplay=0&#038;cc_load_policy=0&#038;cc_lang_pref=&#038;iv_load_policy=1&#038;loop=0&#038;rel=1&#038;fs=1&#038;playsinline=0&#038;autohide=2&#038;hl=de_DE&#038;theme=dark&#038;color=red&#038;controls=1&#038;disablekb=0&#038;\" class=\"__youtube_prefs__  no-lazyload\" title=\"YouTube player\"  allow=\"fullscreen; accelerometer; autoplay; clipboard-write; encrypted-media; gyroscope; picture-in-picture; web-share\" referrerpolicy=\"strict-origin-when-cross-origin\" allowfullscreen data-no-lazy=\"1\" data-skipgform_ajax_framebjll=\"\"><\/iframe><hr class=\"wp-block-separator is-style-wide\"\/><p>Unterkonstruktionen k\u00f6nnen selber erstellt oder \u00fcbernommen werden. \u00dcbersichtliche und sichere Planung im 3D durch Arbeiten in der Detailansicht. Intelligente Verlegung direkt auf Achsraster aus 2D Zeichnung oder 3D-BIM-Modell. Umfangreiche Einstellm\u00f6glichkeiten f\u00fcr Konsolen und Profile zur exakten Anpassung an Geb\u00e4uden und Kassetten. Automatische Ausgabe von St\u00fccklisten und Zeichnungen auf Basis einer intelligenten Gleichteilsuche und Positionierung.<\/p><hr class=\"wp-block-separator is-style-wide\"\/><h2 class=\"wp-block-heading\">HiCAD ALUCOBOND\u00ae: Individuelle \u00c4nderungen<\/h2><iframe loading=\"lazy\"  style=\"display: block; margin: 0px auto;\"  id=\"_ytid_63919\"  width=\"720\" height=\"405\"  data-origwidth=\"720\" data-origheight=\"405\" src=\"https:\/\/www.youtube.com\/embed\/wEd-Iws0tu0?enablejsapi=1&#038;autoplay=0&#038;cc_load_policy=0&#038;cc_lang_pref=&#038;iv_load_policy=1&#038;loop=0&#038;rel=1&#038;fs=1&#038;playsinline=0&#038;autohide=2&#038;hl=de_DE&#038;theme=dark&#038;color=red&#038;controls=1&#038;disablekb=0&#038;\" class=\"__youtube_prefs__  no-lazyload\" title=\"YouTube player\"  allow=\"fullscreen; accelerometer; autoplay; clipboard-write; encrypted-media; gyroscope; picture-in-picture; web-share\" referrerpolicy=\"strict-origin-when-cross-origin\" allowfullscreen data-no-lazy=\"1\" data-skipgform_ajax_framebjll=\"\"><\/iframe><hr class=\"wp-block-separator is-style-wide\"\/><p>Fugenbreiten oder das Raster zu \u00e4ndern ist ein Kinderspiel. Automatische Aktualisierungen aller bereits angeh\u00e4ngten Dokumente wie z.B: Ma\u00dfe, Texte, St\u00fccklisten. Alle abgeleiteten Angaben werden automatisch ge\u00e4ndert. Angepasst an Ihre Arbeitsweise, sind Sie, mit individuellen Konstruktionen und auch eigenen Anpassungen z.B. eigene Kassetten, mit HiCAD ALUCOBOND\u00ae flexibel.<\/p><hr class=\"wp-block-separator is-style-wide\"\/><h2 class=\"wp-block-heading\">HiCAD ALUCOBOND\u00ae: ALUCOBOND\u00ae eingeh\u00e4ngt<\/h2><iframe loading=\"lazy\"  style=\"display: block; margin: 0px auto;\"  id=\"_ytid_15206\"  width=\"720\" height=\"405\"  data-origwidth=\"720\" data-origheight=\"405\" src=\"https:\/\/www.youtube.com\/embed\/3HphzuKlrR8?enablejsapi=1&#038;autoplay=0&#038;cc_load_policy=0&#038;cc_lang_pref=&#038;iv_load_policy=1&#038;loop=0&#038;rel=1&#038;fs=1&#038;playsinline=0&#038;autohide=2&#038;hl=de_DE&#038;theme=dark&#038;color=red&#038;controls=1&#038;disablekb=0&#038;\" class=\"__youtube_prefs__  no-lazyload\" title=\"YouTube player\"  allow=\"fullscreen; accelerometer; autoplay; clipboard-write; encrypted-media; gyroscope; picture-in-picture; web-share\" referrerpolicy=\"strict-origin-when-cross-origin\" allowfullscreen data-no-lazy=\"1\" data-skipgform_ajax_framebjll=\"\"><\/iframe><hr class=\"wp-block-separator is-style-wide\"\/><p>Neben eigenen Kassettenvarianten werden hier auch eingeh\u00e4ngte Kassetten \u2013 genietete\/ geklebte Variante der Firma 3A Composites unterst\u00fctzt. Einfache Auswahl \u00fcber den Katalog, auch mit Attika Ausf\u00fchrungen m\u00f6glich. Verarbeiter und Planer mit optimierten Konstruktionen, passend zu den Vorgaben.<\/p><hr class=\"wp-block-separator is-style-wide\"\/><h2 class=\"wp-block-heading\">HiCAD ALUCOBOND\u00ae: ALUCOBOND\u00ae SZ20<\/h2><iframe loading=\"lazy\"  style=\"display: block; margin: 0px auto;\"  id=\"_ytid_38397\"  width=\"720\" height=\"405\"  data-origwidth=\"720\" data-origheight=\"405\" src=\"https:\/\/www.youtube.com\/embed\/439UFuRNc6U?enablejsapi=1&#038;autoplay=0&#038;cc_load_policy=0&#038;cc_lang_pref=&#038;iv_load_policy=1&#038;loop=0&#038;rel=1&#038;fs=1&#038;playsinline=0&#038;autohide=2&#038;hl=de_DE&#038;theme=dark&#038;color=red&#038;controls=1&#038;disablekb=0&#038;\" class=\"__youtube_prefs__  no-lazyload\" title=\"YouTube player\"  allow=\"fullscreen; accelerometer; autoplay; clipboard-write; encrypted-media; gyroscope; picture-in-picture; web-share\" referrerpolicy=\"strict-origin-when-cross-origin\" allowfullscreen data-no-lazy=\"1\" data-skipgform_ajax_framebjll=\"\"><\/iframe><hr class=\"wp-block-separator is-style-wide\"\/><p>Einfache und sichere Verlegung von SZ20-Kassetten in Rastern. Anhand eines Beispiels f\u00fcr eine SZ20 Kassette k\u00f6nnen Sie direkt ausw\u00e4hlbare ALUCOBOND Materialien einbinden. Korrekte St\u00fccklisten und exakte Zuschnitte f\u00fcr die NC-Fertigung gew\u00e4hrleisten eine sichere Planung. Trotz Anpassungen k\u00f6nnen Abwicklungen, St\u00fccklisten, Zeichnungen automatisch ausgegeben werden.<\/p><hr class=\"wp-block-separator is-style-wide\"\/>","protected":false},"excerpt":{"rendered":"<p>HiCAD ALUCOBOND\u00ae Offizielles Imagevideo Aus 2D Daten soll eine hochwertige hinterl\u00fcftete ALUCOBOND\u00ae Fassade entstehen. Alle Arbeitsphasen sollen mit wenig Aufwand, einer hohen Qualit\u00e4t, BIM konform und ohne Fehler umgesetzt werden. Was unm\u00f6glich erscheint, kann ganz einfach sein. HiCAD 2020 | Arbeitsablauf HiCAD 2020 | SP2: Parametrische \u00dcbertragung der Eigenschaften bei hinterl\u00fcfteten Fassaden \u00dcber die Funktion: [&hellip;]<\/p>\n","protected":false},"author":1,"featured_media":0,"parent":0,"menu_order":0,"comment_status":"closed","ping_status":"closed","template":"","meta":{"_bbp_topic_count":0,"_bbp_reply_count":0,"_bbp_total_topic_count":0,"_bbp_total_reply_count":0,"_bbp_voice_count":0,"_bbp_anonymous_reply_count":0,"_bbp_topic_count_hidden":0,"_bbp_reply_count_hidden":0,"_bbp_forum_subforum_count":0,"pmpro_default_level":"","footnotes":""},"class_list":["post-481","page","type-page","status-publish","hentry","pmpro-has-access","post"],"yoast_head":"<!-- This site is optimized with the Yoast SEO plugin v27.6 - https:\/\/yoast.com\/product\/yoast-seo-wordpress\/ -->\n<title>ALUCOBOND\u00ae - hicad-help.com<\/title>\n<meta name=\"robots\" content=\"index, follow, max-snippet:-1, max-image-preview:large, max-video-preview:-1\" \/>\n<link rel=\"canonical\" href=\"https:\/\/hicad-help.com\/de_de\/alucobond\/\" \/>\n<meta property=\"og:locale\" content=\"de_DE\" \/>\n<meta property=\"og:type\" content=\"article\" \/>\n<meta property=\"og:title\" content=\"ALUCOBOND\u00ae - hicad-help.com\" \/>\n<meta property=\"og:description\" content=\"HiCAD ALUCOBOND\u00ae Offizielles Imagevideo Aus 2D Daten soll eine hochwertige hinterl\u00fcftete ALUCOBOND\u00ae Fassade entstehen. Alle Arbeitsphasen sollen mit wenig Aufwand, einer hohen Qualit\u00e4t, BIM konform und ohne Fehler umgesetzt werden. Was unm\u00f6glich erscheint, kann ganz einfach sein. HiCAD 2020 | Arbeitsablauf HiCAD 2020 | SP2: Parametrische \u00dcbertragung der Eigenschaften bei hinterl\u00fcfteten Fassaden \u00dcber die Funktion: [&hellip;]\" \/>\n<meta property=\"og:url\" content=\"https:\/\/hicad-help.com\/de_de\/alucobond\/\" \/>\n<meta property=\"og:site_name\" content=\"hicad-help.com\" \/>\n<meta property=\"article:modified_time\" content=\"2020-12-07T14:53:02+00:00\" \/>\n<meta name=\"twitter:card\" content=\"summary_large_image\" \/>\n<meta name=\"twitter:label1\" content=\"Gesch\u00e4tzte Lesezeit\" \/>\n\t<meta name=\"twitter:data1\" content=\"4\u00a0Minuten\" \/>\n<script type=\"application\/ld+json\" class=\"yoast-schema-graph\">{\"@context\":\"https:\\\/\\\/schema.org\",\"@graph\":[{\"@type\":\"WebPage\",\"@id\":\"https:\\\/\\\/hicad-help.com\\\/alucobond\\\/\",\"url\":\"https:\\\/\\\/hicad-help.com\\\/alucobond\\\/\",\"name\":\"ALUCOBOND\u00ae - hicad-help.com\",\"isPartOf\":{\"@id\":\"http:\\\/\\\/hicad-help.com\\\/en\\\/#website\"},\"datePublished\":\"2020-10-05T08:01:55+00:00\",\"dateModified\":\"2020-12-07T14:53:02+00:00\",\"breadcrumb\":{\"@id\":\"https:\\\/\\\/hicad-help.com\\\/alucobond\\\/#breadcrumb\"},\"inLanguage\":\"de\",\"potentialAction\":[{\"@type\":\"ReadAction\",\"target\":[\"https:\\\/\\\/hicad-help.com\\\/alucobond\\\/\"]}]},{\"@type\":\"BreadcrumbList\",\"@id\":\"https:\\\/\\\/hicad-help.com\\\/alucobond\\\/#breadcrumb\",\"itemListElement\":[{\"@type\":\"ListItem\",\"position\":1,\"name\":\"Startseite\",\"item\":\"http:\\\/\\\/hicad-help.com\\\/en\\\/\"},{\"@type\":\"ListItem\",\"position\":2,\"name\":\"ALUCOBOND\u00ae\"}]},{\"@type\":\"WebSite\",\"@id\":\"http:\\\/\\\/hicad-help.com\\\/en\\\/#website\",\"url\":\"http:\\\/\\\/hicad-help.com\\\/en\\\/\",\"name\":\"hicad-help.com\",\"description\":\"Hilfeseite f\u00fcr HiCAD\",\"potentialAction\":[{\"@type\":\"SearchAction\",\"target\":{\"@type\":\"EntryPoint\",\"urlTemplate\":\"http:\\\/\\\/hicad-help.com\\\/en\\\/?s={search_term_string}\"},\"query-input\":{\"@type\":\"PropertyValueSpecification\",\"valueRequired\":true,\"valueName\":\"search_term_string\"}}],\"inLanguage\":\"de\"}]}<\/script>\n<!-- \/ Yoast SEO plugin. -->","yoast_head_json":{"title":"ALUCOBOND\u00ae - hicad-help.com","robots":{"index":"index","follow":"follow","max-snippet":"max-snippet:-1","max-image-preview":"max-image-preview:large","max-video-preview":"max-video-preview:-1"},"canonical":"https:\/\/hicad-help.com\/de_de\/alucobond\/","og_locale":"de_DE","og_type":"article","og_title":"ALUCOBOND\u00ae - hicad-help.com","og_description":"HiCAD ALUCOBOND\u00ae Offizielles Imagevideo Aus 2D Daten soll eine hochwertige hinterl\u00fcftete ALUCOBOND\u00ae Fassade entstehen. Alle Arbeitsphasen sollen mit wenig Aufwand, einer hohen Qualit\u00e4t, BIM konform und ohne Fehler umgesetzt werden. Was unm\u00f6glich erscheint, kann ganz einfach sein. HiCAD 2020 | Arbeitsablauf HiCAD 2020 | SP2: Parametrische \u00dcbertragung der Eigenschaften bei hinterl\u00fcfteten Fassaden \u00dcber die Funktion: [&hellip;]","og_url":"https:\/\/hicad-help.com\/de_de\/alucobond\/","og_site_name":"hicad-help.com","article_modified_time":"2020-12-07T14:53:02+00:00","twitter_card":"summary_large_image","twitter_misc":{"Gesch\u00e4tzte Lesezeit":"4\u00a0Minuten"},"schema":{"@context":"https:\/\/schema.org","@graph":[{"@type":"WebPage","@id":"https:\/\/hicad-help.com\/alucobond\/","url":"https:\/\/hicad-help.com\/alucobond\/","name":"ALUCOBOND\u00ae - hicad-help.com","isPartOf":{"@id":"http:\/\/hicad-help.com\/en\/#website"},"datePublished":"2020-10-05T08:01:55+00:00","dateModified":"2020-12-07T14:53:02+00:00","breadcrumb":{"@id":"https:\/\/hicad-help.com\/alucobond\/#breadcrumb"},"inLanguage":"de","potentialAction":[{"@type":"ReadAction","target":["https:\/\/hicad-help.com\/alucobond\/"]}]},{"@type":"BreadcrumbList","@id":"https:\/\/hicad-help.com\/alucobond\/#breadcrumb","itemListElement":[{"@type":"ListItem","position":1,"name":"Startseite","item":"http:\/\/hicad-help.com\/en\/"},{"@type":"ListItem","position":2,"name":"ALUCOBOND\u00ae"}]},{"@type":"WebSite","@id":"http:\/\/hicad-help.com\/en\/#website","url":"http:\/\/hicad-help.com\/en\/","name":"hicad-help.com","description":"Hilfeseite f\u00fcr HiCAD","potentialAction":[{"@type":"SearchAction","target":{"@type":"EntryPoint","urlTemplate":"http:\/\/hicad-help.com\/en\/?s={search_term_string}"},"query-input":{"@type":"PropertyValueSpecification","valueRequired":true,"valueName":"search_term_string"}}],"inLanguage":"de"}]}},"jetpack_sharing_enabled":true,"_links":{"self":[{"href":"https:\/\/hicad-help.com\/de_de\/wp-json\/wp\/v2\/pages\/481","targetHints":{"allow":["GET"]}}],"collection":[{"href":"https:\/\/hicad-help.com\/de_de\/wp-json\/wp\/v2\/pages"}],"about":[{"href":"https:\/\/hicad-help.com\/de_de\/wp-json\/wp\/v2\/types\/page"}],"author":[{"embeddable":true,"href":"https:\/\/hicad-help.com\/de_de\/wp-json\/wp\/v2\/users\/1"}],"replies":[{"embeddable":true,"href":"https:\/\/hicad-help.com\/de_de\/wp-json\/wp\/v2\/comments?post=481"}],"version-history":[{"count":0,"href":"https:\/\/hicad-help.com\/de_de\/wp-json\/wp\/v2\/pages\/481\/revisions"}],"wp:attachment":[{"href":"https:\/\/hicad-help.com\/de_de\/wp-json\/wp\/v2\/media?parent=481"}],"curies":[{"name":"wp","href":"https:\/\/api.w.org\/{rel}","templated":true}]}}