{"id":1969,"date":"2021-04-06T20:12:00","date_gmt":"2021-04-06T18:12:00","guid":{"rendered":"https:\/\/hicad-help.com\/?post_type=product&#038;p=1969"},"modified":"2021-04-06T20:14:35","modified_gmt":"2021-04-06T18:14:35","slug":"fujitsu-p27-8-te-pro-27-quad-hd-ips-matt-weiss","status":"publish","type":"product","link":"https:\/\/hicad-help.com\/de_de\/produkt\/fujitsu-p27-8-te-pro-27-quad-hd-ips-matt-weiss\/","title":{"rendered":"Fujitsu P27 \u2013 8 TE Pro 27 &#8220;Quad HD IPS matt wei\u00df"},"content":{"rendered":"","protected":false},"excerpt":{"rendered":"<table class=\"a-normal a-spacing-micro\">\n<tbody>\n<tr class=\"a-spacing-small\">\n<td class=\"a-span3\"><span class=\"a-size-base a-text-bold\">Aufl\u00f6sung<\/span><\/td>\n<td class=\"a-span9\"><span class=\"a-size-base\">QHD Wide 1440p<\/span><\/td>\n<\/tr>\n<tr class=\"a-spacing-small\">\n<td class=\"a-span3\"><span class=\"a-size-base a-text-bold\">Bildschirmtechnologie<\/span><\/td>\n<td class=\"a-span9\"><span class=\"a-size-base\">LCD<\/span><\/td>\n<\/tr>\n<tr class=\"a-spacing-small\">\n<td class=\"a-span3\"><span class=\"a-size-base a-text-bold\">Marke<\/span><\/td>\n<td class=\"a-span9\"><span class=\"a-size-base\">Fujitsu<\/span><\/td>\n<\/tr>\n<tr class=\"a-spacing-small\">\n<td class=\"a-span3\"><span class=\"a-size-base a-text-bold\">Modell\/Serie<\/span><\/td>\n<td class=\"a-span9\"><span class=\"a-size-base\">P27-8 TE Pro<\/span><\/td>\n<\/tr>\n<tr class=\"a-spacing-small\">\n<td class=\"a-span3\"><span class=\"a-size-base a-text-bold\">Hardwareschnittstelle<\/span><\/td>\n<td class=\"a-span9\"><span class=\"a-size-base\">HDMI<\/span><\/td>\n<\/tr>\n<tr class=\"a-spacing-small\">\n<td class=\"a-span3\"><span class=\"a-size-base a-text-bold\">Aktualisierungsrate<\/span><\/td>\n<td class=\"a-span9\"><span class=\"a-size-base\">60 Hz<\/span><\/td>\n<\/tr>\n<tr class=\"a-spacing-small\">\n<td class=\"a-span3\"><span class=\"a-size-base a-text-bold\">Reaktionszeit<\/span><\/td>\n<td class=\"a-span9\"><span class=\"a-size-base\">5 Milliseconds<\/span><\/td>\n<\/tr>\n<tr class=\"a-spacing-small\">\n<td class=\"a-span3\"><span class=\"a-size-base a-text-bold\">Maximale Displayaufl\u00f6sung<\/span><\/td>\n<td class=\"a-span9\"><span class=\"a-size-base\">2560 x 1440<\/span><\/td>\n<\/tr>\n<tr class=\"a-spacing-small\">\n<td class=\"a-span3\"><span class=\"a-size-base a-text-bold\">Bildschirmaufl\u00f6sung<\/span><\/td>\n<td class=\"a-span9\"><span class=\"a-size-base\">2560 x 1440 pixels<\/span><\/td>\n<\/tr>\n<tr class=\"a-spacing-small\">\n<td class=\"a-span3\"><span class=\"a-size-base a-text-bold\">Kontrastverh\u00e4ltnis<\/span><\/td>\n<td class=\"a-span9\"><span class=\"a-size-base\">1000:1<\/span><\/td>\n<\/tr>\n<\/tbody>\n<\/table>\n","protected":false},"featured_media":1970,"comment_status":"closed","ping_status":"closed","template":"","meta":{"_bbp_topic_count":0,"_bbp_reply_count":0,"_bbp_total_topic_count":0,"_bbp_total_reply_count":0,"_bbp_voice_count":0,"_bbp_anonymous_reply_count":0,"_bbp_topic_count_hidden":0,"_bbp_reply_count_hidden":0,"_bbp_forum_subforum_count":0,"pmpro_default_level":""},"product_brand":[],"product_cat":[28],"product_tag":[],"class_list":{"0":"post-1969","1":"product","2":"type-product","3":"status-publish","4":"has-post-thumbnail","6":"product_cat-bildschirm","7":"pmpro-has-access","8":"post","9":"post-with-thumbnail","10":"post-with-thumbnail-large","12":"first","13":"instock","14":"featured","15":"shipping-taxable","16":"product-type-external"},"yoast_head":"<!-- This site is optimized with the Yoast SEO plugin v27.3 - https:\/\/yoast.com\/product\/yoast-seo-wordpress\/ -->\n<title>Fujitsu P27 \u2013 8 TE Pro 27 &quot;Quad HD IPS matt wei\u00df - hicad-help.com<\/title>\n<meta name=\"robots\" content=\"index, follow, max-snippet:-1, max-image-preview:large, max-video-preview:-1\" \/>\n<link rel=\"canonical\" href=\"https:\/\/hicad-help.com\/de_de\/product\/fujitsu-p27-8-te-pro-27-quad-hd-ips-matt-weiss\/\" \/>\n<meta property=\"og:locale\" content=\"de_DE\" \/>\n<meta property=\"og:type\" content=\"article\" \/>\n<meta property=\"og:title\" content=\"Fujitsu P27 \u2013 8 TE Pro 27 &quot;Quad HD IPS matt wei\u00df - hicad-help.com\" \/>\n<meta property=\"og:description\" content=\"Aufl\u00f6sung QHD Wide 1440p   Bildschirmtechnologie LCD   Marke Fujitsu   Modell\/Serie P27-8 TE Pro   Hardwareschnittstelle HDMI   Aktualisierungsrate 60 Hz   Reaktionszeit 5 Milliseconds   Maximale Displayaufl\u00f6sung 2560 x 1440   Bildschirmaufl\u00f6sung 2560 x 1440 pixels   Kontrastverh\u00e4ltnis 1000:1\" \/>\n<meta property=\"og:url\" content=\"https:\/\/hicad-help.com\/de_de\/product\/fujitsu-p27-8-te-pro-27-quad-hd-ips-matt-weiss\/\" \/>\n<meta property=\"og:site_name\" content=\"hicad-help.com\" \/>\n<meta property=\"article:modified_time\" content=\"2021-04-06T18:14:35+00:00\" \/>\n<meta property=\"og:image\" content=\"https:\/\/i2.wp.com\/hicad-help.com\/wp-content\/uploads\/2021\/04\/fuj1.jpg?fit=390%2C494&ssl=1\" \/>\n\t<meta property=\"og:image:width\" content=\"390\" \/>\n\t<meta property=\"og:image:height\" content=\"494\" \/>\n\t<meta property=\"og:image:type\" content=\"image\/jpeg\" \/>\n<meta name=\"twitter:card\" content=\"summary_large_image\" \/>\n<script type=\"application\/ld+json\" class=\"yoast-schema-graph\">{\"@context\":\"https:\\\/\\\/schema.org\",\"@graph\":[{\"@type\":\"WebPage\",\"@id\":\"https:\\\/\\\/hicad-help.com\\\/en\\\/product\\\/fujitsu-p27-8-te-pro-27-quad-hd-ips-matt-weiss\\\/\",\"url\":\"https:\\\/\\\/hicad-help.com\\\/en\\\/product\\\/fujitsu-p27-8-te-pro-27-quad-hd-ips-matt-weiss\\\/\",\"name\":\"Fujitsu P27 \u2013 8 TE Pro 27 \\\"Quad HD IPS matt wei\u00df - hicad-help.com\",\"isPartOf\":{\"@id\":\"https:\\\/\\\/hicad-help.com\\\/de_de\\\/#website\"},\"primaryImageOfPage\":{\"@id\":\"https:\\\/\\\/hicad-help.com\\\/en\\\/product\\\/fujitsu-p27-8-te-pro-27-quad-hd-ips-matt-weiss\\\/#primaryimage\"},\"image\":{\"@id\":\"https:\\\/\\\/hicad-help.com\\\/en\\\/product\\\/fujitsu-p27-8-te-pro-27-quad-hd-ips-matt-weiss\\\/#primaryimage\"},\"thumbnailUrl\":\"https:\\\/\\\/i0.wp.com\\\/hicad-help.com\\\/wp-content\\\/uploads\\\/2021\\\/04\\\/fuj1.jpg?fit=390%2C494&ssl=1\",\"datePublished\":\"2021-04-06T18:12:00+00:00\",\"dateModified\":\"2021-04-06T18:14:35+00:00\",\"breadcrumb\":{\"@id\":\"https:\\\/\\\/hicad-help.com\\\/en\\\/product\\\/fujitsu-p27-8-te-pro-27-quad-hd-ips-matt-weiss\\\/#breadcrumb\"},\"inLanguage\":\"de\",\"potentialAction\":[{\"@type\":\"ReadAction\",\"target\":[\"https:\\\/\\\/hicad-help.com\\\/en\\\/product\\\/fujitsu-p27-8-te-pro-27-quad-hd-ips-matt-weiss\\\/\"]}]},{\"@type\":\"ImageObject\",\"inLanguage\":\"de\",\"@id\":\"https:\\\/\\\/hicad-help.com\\\/en\\\/product\\\/fujitsu-p27-8-te-pro-27-quad-hd-ips-matt-weiss\\\/#primaryimage\",\"url\":\"https:\\\/\\\/i0.wp.com\\\/hicad-help.com\\\/wp-content\\\/uploads\\\/2021\\\/04\\\/fuj1.jpg?fit=390%2C494&ssl=1\",\"contentUrl\":\"https:\\\/\\\/i0.wp.com\\\/hicad-help.com\\\/wp-content\\\/uploads\\\/2021\\\/04\\\/fuj1.jpg?fit=390%2C494&ssl=1\",\"width\":390,\"height\":494},{\"@type\":\"BreadcrumbList\",\"@id\":\"https:\\\/\\\/hicad-help.com\\\/en\\\/product\\\/fujitsu-p27-8-te-pro-27-quad-hd-ips-matt-weiss\\\/#breadcrumb\",\"itemListElement\":[{\"@type\":\"ListItem\",\"position\":1,\"name\":\"Startseite\",\"item\":\"https:\\\/\\\/hicad-help.com\\\/\"},{\"@type\":\"ListItem\",\"position\":2,\"name\":\"Shop\",\"item\":\"https:\\\/\\\/hicad-help.com\\\/en\\\/shop\\\/\"},{\"@type\":\"ListItem\",\"position\":3,\"name\":\"Fujitsu P27 \u2013 8 TE Pro 27 &#8220;Quad HD IPS matt wei\u00df\"}]},{\"@type\":\"WebSite\",\"@id\":\"https:\\\/\\\/hicad-help.com\\\/de_de\\\/#website\",\"url\":\"https:\\\/\\\/hicad-help.com\\\/de_de\\\/\",\"name\":\"hicad-help.com\",\"description\":\"Hilfeseite f\u00fcr HiCAD\",\"potentialAction\":[{\"@type\":\"SearchAction\",\"target\":{\"@type\":\"EntryPoint\",\"urlTemplate\":\"https:\\\/\\\/hicad-help.com\\\/de_de\\\/?s={search_term_string}\"},\"query-input\":{\"@type\":\"PropertyValueSpecification\",\"valueRequired\":true,\"valueName\":\"search_term_string\"}}],\"inLanguage\":\"de\"}]}<\/script>\n<!-- \/ Yoast SEO plugin. -->","yoast_head_json":{"title":"Fujitsu P27 \u2013 8 TE Pro 27 \"Quad HD IPS matt wei\u00df - hicad-help.com","robots":{"index":"index","follow":"follow","max-snippet":"max-snippet:-1","max-image-preview":"max-image-preview:large","max-video-preview":"max-video-preview:-1"},"canonical":"https:\/\/hicad-help.com\/de_de\/product\/fujitsu-p27-8-te-pro-27-quad-hd-ips-matt-weiss\/","og_locale":"de_DE","og_type":"article","og_title":"Fujitsu P27 \u2013 8 TE Pro 27 \"Quad HD IPS matt wei\u00df - hicad-help.com","og_description":"Aufl\u00f6sung QHD Wide 1440p   Bildschirmtechnologie LCD   Marke Fujitsu   Modell\/Serie P27-8 TE Pro   Hardwareschnittstelle HDMI   Aktualisierungsrate 60 Hz   Reaktionszeit 5 Milliseconds   Maximale Displayaufl\u00f6sung 2560 x 1440   Bildschirmaufl\u00f6sung 2560 x 1440 pixels   Kontrastverh\u00e4ltnis 1000:1","og_url":"https:\/\/hicad-help.com\/de_de\/product\/fujitsu-p27-8-te-pro-27-quad-hd-ips-matt-weiss\/","og_site_name":"hicad-help.com","article_modified_time":"2021-04-06T18:14:35+00:00","og_image":[{"width":390,"height":494,"url":"https:\/\/i2.wp.com\/hicad-help.com\/wp-content\/uploads\/2021\/04\/fuj1.jpg?fit=390%2C494&ssl=1","type":"image\/jpeg"}],"twitter_card":"summary_large_image","schema":{"@context":"https:\/\/schema.org","@graph":[{"@type":"WebPage","@id":"https:\/\/hicad-help.com\/en\/product\/fujitsu-p27-8-te-pro-27-quad-hd-ips-matt-weiss\/","url":"https:\/\/hicad-help.com\/en\/product\/fujitsu-p27-8-te-pro-27-quad-hd-ips-matt-weiss\/","name":"Fujitsu P27 \u2013 8 TE Pro 27 \"Quad HD IPS matt wei\u00df - hicad-help.com","isPartOf":{"@id":"https:\/\/hicad-help.com\/de_de\/#website"},"primaryImageOfPage":{"@id":"https:\/\/hicad-help.com\/en\/product\/fujitsu-p27-8-te-pro-27-quad-hd-ips-matt-weiss\/#primaryimage"},"image":{"@id":"https:\/\/hicad-help.com\/en\/product\/fujitsu-p27-8-te-pro-27-quad-hd-ips-matt-weiss\/#primaryimage"},"thumbnailUrl":"https:\/\/i0.wp.com\/hicad-help.com\/wp-content\/uploads\/2021\/04\/fuj1.jpg?fit=390%2C494&ssl=1","datePublished":"2021-04-06T18:12:00+00:00","dateModified":"2021-04-06T18:14:35+00:00","breadcrumb":{"@id":"https:\/\/hicad-help.com\/en\/product\/fujitsu-p27-8-te-pro-27-quad-hd-ips-matt-weiss\/#breadcrumb"},"inLanguage":"de","potentialAction":[{"@type":"ReadAction","target":["https:\/\/hicad-help.com\/en\/product\/fujitsu-p27-8-te-pro-27-quad-hd-ips-matt-weiss\/"]}]},{"@type":"ImageObject","inLanguage":"de","@id":"https:\/\/hicad-help.com\/en\/product\/fujitsu-p27-8-te-pro-27-quad-hd-ips-matt-weiss\/#primaryimage","url":"https:\/\/i0.wp.com\/hicad-help.com\/wp-content\/uploads\/2021\/04\/fuj1.jpg?fit=390%2C494&ssl=1","contentUrl":"https:\/\/i0.wp.com\/hicad-help.com\/wp-content\/uploads\/2021\/04\/fuj1.jpg?fit=390%2C494&ssl=1","width":390,"height":494},{"@type":"BreadcrumbList","@id":"https:\/\/hicad-help.com\/en\/product\/fujitsu-p27-8-te-pro-27-quad-hd-ips-matt-weiss\/#breadcrumb","itemListElement":[{"@type":"ListItem","position":1,"name":"Startseite","item":"https:\/\/hicad-help.com\/"},{"@type":"ListItem","position":2,"name":"Shop","item":"https:\/\/hicad-help.com\/en\/shop\/"},{"@type":"ListItem","position":3,"name":"Fujitsu P27 \u2013 8 TE Pro 27 &#8220;Quad HD IPS matt wei\u00df"}]},{"@type":"WebSite","@id":"https:\/\/hicad-help.com\/de_de\/#website","url":"https:\/\/hicad-help.com\/de_de\/","name":"hicad-help.com","description":"Hilfeseite f\u00fcr HiCAD","potentialAction":[{"@type":"SearchAction","target":{"@type":"EntryPoint","urlTemplate":"https:\/\/hicad-help.com\/de_de\/?s={search_term_string}"},"query-input":{"@type":"PropertyValueSpecification","valueRequired":true,"valueName":"search_term_string"}}],"inLanguage":"de"}]}},"jetpack_sharing_enabled":true,"_links":{"self":[{"href":"https:\/\/hicad-help.com\/de_de\/wp-json\/wp\/v2\/product\/1969","targetHints":{"allow":["GET"]}}],"collection":[{"href":"https:\/\/hicad-help.com\/de_de\/wp-json\/wp\/v2\/product"}],"about":[{"href":"https:\/\/hicad-help.com\/de_de\/wp-json\/wp\/v2\/types\/product"}],"replies":[{"embeddable":true,"href":"https:\/\/hicad-help.com\/de_de\/wp-json\/wp\/v2\/comments?post=1969"}],"wp:featuredmedia":[{"embeddable":true,"href":"https:\/\/hicad-help.com\/de_de\/wp-json\/wp\/v2\/media\/1970"}],"wp:attachment":[{"href":"https:\/\/hicad-help.com\/de_de\/wp-json\/wp\/v2\/media?parent=1969"}],"wp:term":[{"taxonomy":"product_brand","embeddable":true,"href":"https:\/\/hicad-help.com\/de_de\/wp-json\/wp\/v2\/product_brand?post=1969"},{"taxonomy":"product_cat","embeddable":true,"href":"https:\/\/hicad-help.com\/de_de\/wp-json\/wp\/v2\/product_cat?post=1969"},{"taxonomy":"product_tag","embeddable":true,"href":"https:\/\/hicad-help.com\/de_de\/wp-json\/wp\/v2\/product_tag?post=1969"}],"curies":[{"name":"wp","href":"https:\/\/api.w.org\/{rel}","templated":true}]}}