{"id":2378,"date":"2021-10-25T13:51:11","date_gmt":"2021-10-25T11:51:11","guid":{"rendered":"https:\/\/hicad-help.com\/?post_type=product&#038;p=2378"},"modified":"2021-10-25T13:51:57","modified_gmt":"2021-10-25T11:51:57","slug":"intel-business-multimedia-pc-cad-workstation-i7-9700k-8x-3-6-ghz","status":"publish","type":"product","link":"https:\/\/hicad-help.com\/de_de\/produkt\/intel-business-multimedia-pc-cad-workstation-i7-9700k-8x-3-6-ghz\/","title":{"rendered":"Intel Business &#038; Multimedia PC CAD Workstation i7-9700K 8X 3.6 GHz"},"content":{"rendered":"<table id=\"productDetails_techSpec_section_1\" class=\"a-keyvalue prodDetTable\" role=\"presentation\">\n<tbody>\n<tr>\n<th class=\"a-color-secondary a-size-base prodDetSectionEntry\">Marke<\/th>\n<td class=\"a-size-base prodDetAttrValue\">\u200eMemory PC<\/td>\n<\/tr>\n<tr>\n<th class=\"a-color-secondary a-size-base prodDetSectionEntry\">Hersteller<\/th>\n<td class=\"a-size-base prodDetAttrValue\">\u200eMemory PC<\/td>\n<\/tr>\n<tr>\n<th class=\"a-color-secondary a-size-base prodDetSectionEntry\">Farbe<\/th>\n<td class=\"a-size-base prodDetAttrValue\">\u200eRTX 4000 \/ 480GB SSD+2TB Win10 Pro 32GB<\/td>\n<\/tr>\n<tr>\n<th class=\"a-color-secondary a-size-base prodDetSectionEntry\">Formfaktor<\/th>\n<td class=\"a-size-base prodDetAttrValue\">\u200eTower<\/td>\n<\/tr>\n<tr>\n<th class=\"a-color-secondary a-size-base prodDetSectionEntry\">L\u00f6sung<\/th>\n<td class=\"a-size-base prodDetAttrValue\">\u200e4K Ultra HD<\/td>\n<\/tr>\n<tr>\n<th class=\"a-color-secondary a-size-base prodDetSectionEntry\">Prozessormarke<\/th>\n<td class=\"a-size-base prodDetAttrValue\">\u200eIntel<\/td>\n<\/tr>\n<tr>\n<th class=\"a-color-secondary a-size-base prodDetSectionEntry\">Prozessortyp<\/th>\n<td class=\"a-size-base prodDetAttrValue\">\u200eCore i7<\/td>\n<\/tr>\n<tr>\n<th class=\"a-color-secondary a-size-base prodDetSectionEntry\">Prozessorgeschwindigkeit<\/th>\n<td class=\"a-size-base prodDetAttrValue\">\u200e3600 MHz<\/td>\n<\/tr>\n<tr>\n<th class=\"a-color-secondary a-size-base prodDetSectionEntry\">Prozessorsockel<\/th>\n<td class=\"a-size-base prodDetAttrValue\">\u200eLGA1151<\/td>\n<\/tr>\n<tr>\n<th class=\"a-color-secondary a-size-base prodDetSectionEntry\">Prozessorkerne<\/th>\n<td class=\"a-size-base prodDetAttrValue\">\u200e8<\/td>\n<\/tr>\n<tr>\n<th class=\"a-color-secondary a-size-base prodDetSectionEntry\">Gr\u00f6\u00dfe des Arbeitsspeichers<\/th>\n<td class=\"a-size-base prodDetAttrValue\">\u200e32 GB<\/td>\n<\/tr>\n<tr>\n<th class=\"a-color-secondary a-size-base prodDetSectionEntry\">Speicher-Art<\/th>\n<td class=\"a-size-base prodDetAttrValue\">\u200eDDR4 SDRAM<\/td>\n<\/tr>\n<tr>\n<th class=\"a-color-secondary a-size-base prodDetSectionEntry\">Max. unterst\u00fctzte Gr\u00f6\u00dfe<\/th>\n<td class=\"a-size-base prodDetAttrValue\">\u200e32 GB<\/td>\n<\/tr>\n<tr>\n<th class=\"a-color-secondary a-size-base prodDetSectionEntry\">Gr\u00f6\u00dfe Festplatte<\/th>\n<td class=\"a-size-base prodDetAttrValue\">\u200e480.00<\/td>\n<\/tr>\n<tr>\n<th class=\"a-color-secondary a-size-base prodDetSectionEntry\">Festplatten-Technologie<\/th>\n<td class=\"a-size-base prodDetAttrValue\">\u200eSSD<\/td>\n<\/tr>\n<tr>\n<th class=\"a-color-secondary a-size-base prodDetSectionEntry\">Festplatteninterface<\/th>\n<td class=\"a-size-base prodDetAttrValue\">\u200eSerial ATA-600<\/td>\n<\/tr>\n<tr>\n<th class=\"a-color-secondary a-size-base prodDetSectionEntry\">Zus\u00e4tzliche Laufwerke<\/th>\n<td class=\"a-size-base prodDetAttrValue\">\u200eDVD+\/-RW<\/td>\n<\/tr>\n<tr>\n<th class=\"a-color-secondary a-size-base prodDetSectionEntry\">Grafik-Coprozessor<\/th>\n<td class=\"a-size-base prodDetAttrValue\">\u200eIntel UHD Graphics 630<\/td>\n<\/tr>\n<tr>\n<th class=\"a-color-secondary a-size-base prodDetSectionEntry\">Beschreibung Grafikkarte<\/th>\n<td class=\"a-size-base prodDetAttrValue\">\u200eNVIDIA PNY Quadro RTX 4000 8GB GDDR6<\/td>\n<\/tr>\n<tr>\n<th class=\"a-color-secondary a-size-base prodDetSectionEntry\">Grafikkartenspeicher<\/th>\n<td class=\"a-size-base prodDetAttrValue\">\u200eGDDR5<\/td>\n<\/tr>\n<tr>\n<th class=\"a-color-secondary a-size-base prodDetSectionEntry\">Speichergr\u00f6\u00dfe Grafikkarte<\/th>\n<td class=\"a-size-base prodDetAttrValue\">\u200e5000 MB<\/td>\n<\/tr>\n<tr>\n<th class=\"a-color-secondary a-size-base prodDetSectionEntry\">Interface Grafikkarte<\/th>\n<td class=\"a-size-base prodDetAttrValue\">\u200eIntegriert<\/td>\n<\/tr>\n<tr>\n<th class=\"a-color-secondary a-size-base prodDetSectionEntry\">Anzahl HDMI Schnittstellen<\/th>\n<td class=\"a-size-base prodDetAttrValue\">\u200e1<\/td>\n<\/tr>\n<tr>\n<th class=\"a-color-secondary a-size-base prodDetSectionEntry\">Optischer Speicher<\/th>\n<td class=\"a-size-base prodDetAttrValue\">\u200eDVD\/CD<\/td>\n<\/tr>\n<tr>\n<th class=\"a-color-secondary a-size-base prodDetSectionEntry\">Hardware Plattform<\/th>\n<td class=\"a-size-base prodDetAttrValue\">\u200ePC<\/td>\n<\/tr>\n<tr>\n<th class=\"a-color-secondary a-size-base prodDetSectionEntry\">Betriebssystem<\/th>\n<td class=\"a-size-base prodDetAttrValue\">\u200eWindows 10 Pro<\/td>\n<\/tr>\n<\/tbody>\n<\/table>\n","protected":false},"excerpt":{"rendered":"<table class=\"a-normal a-spacing-micro\">\n<tbody>\n<tr class=\"a-spacing-small\">\n<td class=\"a-span3\"><span class=\"a-size-base a-text-bold\">Spezifische Verwendungsm\u00f6glichkeiten f\u00fcr Produkt<\/span><\/td>\n<td class=\"a-span9\"><span class=\"a-size-base\">Wirtschaft<\/span><\/td>\n<\/tr>\n<tr class=\"a-spacing-small\">\n<td class=\"a-span3\"><span class=\"a-size-base a-text-bold\">Betriebssystem<\/span><\/td>\n<td class=\"a-span9\"><span class=\"a-size-base\">Windows 10 Pro<\/span><\/td>\n<\/tr>\n<tr class=\"a-spacing-small\">\n<td class=\"a-span3\"><span class=\"a-size-base a-text-bold\">CPU-Modell<\/span><\/td>\n<td class=\"a-span9\"><span class=\"a-size-base\">Core i7<\/span><\/td>\n<\/tr>\n<tr class=\"a-spacing-small\">\n<td class=\"a-span3\"><span class=\"a-size-base a-text-bold\">Marke<\/span><\/td>\n<td class=\"a-span9\"><span class=\"a-size-base\">Memory PC<\/span><\/td>\n<\/tr>\n<tr class=\"a-spacing-small\">\n<td class=\"a-span3\"><span class=\"a-size-base a-text-bold\">CPU-Hersteller<\/span><\/td>\n<td class=\"a-span9\"><span class=\"a-size-base\">Intel<\/span><\/td>\n<\/tr>\n<tr class=\"a-spacing-small\">\n<td class=\"a-span3\"><span class=\"a-size-base a-text-bold\">Eingabe \u00fcber menschliche Schnittstelle<\/span><\/td>\n<td class=\"a-span9\"><span class=\"a-size-base\">Microphone<\/span><\/td>\n<\/tr>\n<tr class=\"a-spacing-small\">\n<td class=\"a-span3\"><span class=\"a-size-base a-text-bold\">Grafik-Coprozessor<\/span><\/td>\n<td class=\"a-span9\"><span class=\"a-size-base\">Intel UHD Graphics 630<\/span><\/td>\n<\/tr>\n<tr class=\"a-spacing-small\">\n<td class=\"a-span3\"><span class=\"a-size-base a-text-bold\">Beschreibung der Festplatte<\/span><\/td>\n<td class=\"a-span9\"><span class=\"a-size-base\">SSD<\/span><\/td>\n<\/tr>\n<tr class=\"a-spacing-small\">\n<td class=\"a-span3\"><span class=\"a-size-base a-text-bold\">Maximale Gr\u00f6\u00dfe des Arbeitsspeichers<\/span><\/td>\n<td class=\"a-span9\"><span class=\"a-size-base\">32 GB<\/span><\/td>\n<\/tr>\n<tr class=\"a-spacing-small\">\n<td class=\"a-span3\"><span class=\"a-size-base a-text-bold\">Farbe<\/span><\/td>\n<td class=\"a-span9\"><span class=\"a-size-base\">RTX 4000 \/ 480GB SSD+2TB Win10 Pro 32GB<\/span><\/td>\n<\/tr>\n<\/tbody>\n<\/table>\n","protected":false},"featured_media":2380,"comment_status":"open","ping_status":"closed","template":"","meta":{"_bbp_topic_count":0,"_bbp_reply_count":0,"_bbp_total_topic_count":0,"_bbp_total_reply_count":0,"_bbp_voice_count":0,"_bbp_anonymous_reply_count":0,"_bbp_topic_count_hidden":0,"_bbp_reply_count_hidden":0,"_bbp_forum_subforum_count":0,"pmpro_default_level":""},"product_brand":[],"product_cat":[59],"product_tag":[],"class_list":{"0":"post-2378","1":"product","2":"type-product","3":"status-publish","4":"has-post-thumbnail","6":"product_cat-workstation","7":"pmpro-has-access","8":"post","9":"post-with-thumbnail","10":"post-with-thumbnail-large","12":"first","13":"instock","14":"shipping-taxable","15":"product-type-external"},"yoast_head":"<!-- This site is optimized with the Yoast SEO plugin v27.4 - https:\/\/yoast.com\/product\/yoast-seo-wordpress\/ -->\n<title>Intel Business &amp; Multimedia PC CAD Workstation i7-9700K 8X 3.6 GHz - hicad-help.com<\/title>\n<meta name=\"robots\" content=\"index, follow, max-snippet:-1, max-image-preview:large, max-video-preview:-1\" \/>\n<link rel=\"canonical\" href=\"https:\/\/hicad-help.com\/de_de\/product\/intel-business-multimedia-pc-cad-workstation-i7-9700k-8x-3-6-ghz\/\" \/>\n<meta property=\"og:locale\" content=\"de_DE\" \/>\n<meta property=\"og:type\" content=\"article\" \/>\n<meta property=\"og:title\" content=\"Intel Business &amp; Multimedia PC CAD Workstation i7-9700K 8X 3.6 GHz - hicad-help.com\" \/>\n<meta property=\"og:description\" content=\"Spezifische Verwendungsm\u00f6glichkeiten f\u00fcr Produkt Wirtschaft   Betriebssystem Windows 10 Pro   CPU-Modell Core i7   Marke Memory PC   CPU-Hersteller Intel   Eingabe \u00fcber menschliche Schnittstelle Microphone   Grafik-Coprozessor Intel UHD Graphics 630   Beschreibung der Festplatte SSD   Maximale Gr\u00f6\u00dfe des Arbeitsspeichers 32 GB   Farbe RTX 4000 \/ 480GB SSD+2TB Win10 Pro 32GB\" \/>\n<meta property=\"og:url\" content=\"https:\/\/hicad-help.com\/de_de\/product\/intel-business-multimedia-pc-cad-workstation-i7-9700k-8x-3-6-ghz\/\" \/>\n<meta property=\"og:site_name\" content=\"hicad-help.com\" \/>\n<meta property=\"article:modified_time\" content=\"2021-10-25T11:51:57+00:00\" \/>\n<meta property=\"og:image\" content=\"https:\/\/i1.wp.com\/hicad-help.com\/wp-content\/uploads\/2021\/10\/Intel-Business-Multimedia-PC-CAD-Workstation-i7-9700K-8X-3.6-GHz_1.jpg?fit=820%2C1425&ssl=1\" \/>\n\t<meta property=\"og:image:width\" content=\"820\" \/>\n\t<meta property=\"og:image:height\" content=\"1425\" \/>\n\t<meta property=\"og:image:type\" content=\"image\/jpeg\" \/>\n<meta name=\"twitter:card\" content=\"summary_large_image\" \/>\n<meta name=\"twitter:label1\" content=\"Gesch\u00e4tzte Lesezeit\" \/>\n\t<meta name=\"twitter:data1\" content=\"1\u00a0Minute\" \/>\n<script type=\"application\/ld+json\" class=\"yoast-schema-graph\">{\"@context\":\"https:\\\/\\\/schema.org\",\"@graph\":[{\"@type\":\"WebPage\",\"@id\":\"https:\\\/\\\/hicad-help.com\\\/en\\\/product\\\/intel-business-multimedia-pc-cad-workstation-i7-9700k-8x-3-6-ghz\\\/\",\"url\":\"https:\\\/\\\/hicad-help.com\\\/en\\\/product\\\/intel-business-multimedia-pc-cad-workstation-i7-9700k-8x-3-6-ghz\\\/\",\"name\":\"Intel Business & Multimedia PC CAD Workstation i7-9700K 8X 3.6 GHz - hicad-help.com\",\"isPartOf\":{\"@id\":\"https:\\\/\\\/hicad-help.com\\\/de_de\\\/#website\"},\"primaryImageOfPage\":{\"@id\":\"https:\\\/\\\/hicad-help.com\\\/en\\\/product\\\/intel-business-multimedia-pc-cad-workstation-i7-9700k-8x-3-6-ghz\\\/#primaryimage\"},\"image\":{\"@id\":\"https:\\\/\\\/hicad-help.com\\\/en\\\/product\\\/intel-business-multimedia-pc-cad-workstation-i7-9700k-8x-3-6-ghz\\\/#primaryimage\"},\"thumbnailUrl\":\"https:\\\/\\\/i0.wp.com\\\/hicad-help.com\\\/wp-content\\\/uploads\\\/2021\\\/10\\\/Intel-Business-Multimedia-PC-CAD-Workstation-i7-9700K-8X-3.6-GHz_1.jpg?fit=820%2C1425&ssl=1\",\"datePublished\":\"2021-10-25T11:51:11+00:00\",\"dateModified\":\"2021-10-25T11:51:57+00:00\",\"breadcrumb\":{\"@id\":\"https:\\\/\\\/hicad-help.com\\\/en\\\/product\\\/intel-business-multimedia-pc-cad-workstation-i7-9700k-8x-3-6-ghz\\\/#breadcrumb\"},\"inLanguage\":\"de\",\"potentialAction\":[{\"@type\":\"ReadAction\",\"target\":[\"https:\\\/\\\/hicad-help.com\\\/en\\\/product\\\/intel-business-multimedia-pc-cad-workstation-i7-9700k-8x-3-6-ghz\\\/\"]}]},{\"@type\":\"ImageObject\",\"inLanguage\":\"de\",\"@id\":\"https:\\\/\\\/hicad-help.com\\\/en\\\/product\\\/intel-business-multimedia-pc-cad-workstation-i7-9700k-8x-3-6-ghz\\\/#primaryimage\",\"url\":\"https:\\\/\\\/i0.wp.com\\\/hicad-help.com\\\/wp-content\\\/uploads\\\/2021\\\/10\\\/Intel-Business-Multimedia-PC-CAD-Workstation-i7-9700K-8X-3.6-GHz_1.jpg?fit=820%2C1425&ssl=1\",\"contentUrl\":\"https:\\\/\\\/i0.wp.com\\\/hicad-help.com\\\/wp-content\\\/uploads\\\/2021\\\/10\\\/Intel-Business-Multimedia-PC-CAD-Workstation-i7-9700K-8X-3.6-GHz_1.jpg?fit=820%2C1425&ssl=1\",\"width\":820,\"height\":1425},{\"@type\":\"BreadcrumbList\",\"@id\":\"https:\\\/\\\/hicad-help.com\\\/en\\\/product\\\/intel-business-multimedia-pc-cad-workstation-i7-9700k-8x-3-6-ghz\\\/#breadcrumb\",\"itemListElement\":[{\"@type\":\"ListItem\",\"position\":1,\"name\":\"Startseite\",\"item\":\"https:\\\/\\\/hicad-help.com\\\/\"},{\"@type\":\"ListItem\",\"position\":2,\"name\":\"Shop\",\"item\":\"https:\\\/\\\/hicad-help.com\\\/en\\\/shop\\\/\"},{\"@type\":\"ListItem\",\"position\":3,\"name\":\"Intel Business &#038; Multimedia PC CAD Workstation i7-9700K 8X 3.6 GHz\"}]},{\"@type\":\"WebSite\",\"@id\":\"https:\\\/\\\/hicad-help.com\\\/de_de\\\/#website\",\"url\":\"https:\\\/\\\/hicad-help.com\\\/de_de\\\/\",\"name\":\"hicad-help.com\",\"description\":\"Hilfeseite f\u00fcr HiCAD\",\"potentialAction\":[{\"@type\":\"SearchAction\",\"target\":{\"@type\":\"EntryPoint\",\"urlTemplate\":\"https:\\\/\\\/hicad-help.com\\\/de_de\\\/?s={search_term_string}\"},\"query-input\":{\"@type\":\"PropertyValueSpecification\",\"valueRequired\":true,\"valueName\":\"search_term_string\"}}],\"inLanguage\":\"de\"}]}<\/script>\n<!-- \/ Yoast SEO plugin. -->","yoast_head_json":{"title":"Intel Business & Multimedia PC CAD Workstation i7-9700K 8X 3.6 GHz - hicad-help.com","robots":{"index":"index","follow":"follow","max-snippet":"max-snippet:-1","max-image-preview":"max-image-preview:large","max-video-preview":"max-video-preview:-1"},"canonical":"https:\/\/hicad-help.com\/de_de\/product\/intel-business-multimedia-pc-cad-workstation-i7-9700k-8x-3-6-ghz\/","og_locale":"de_DE","og_type":"article","og_title":"Intel Business & Multimedia PC CAD Workstation i7-9700K 8X 3.6 GHz - hicad-help.com","og_description":"Spezifische Verwendungsm\u00f6glichkeiten f\u00fcr Produkt Wirtschaft   Betriebssystem Windows 10 Pro   CPU-Modell Core i7   Marke Memory PC   CPU-Hersteller Intel   Eingabe \u00fcber menschliche Schnittstelle Microphone   Grafik-Coprozessor Intel UHD Graphics 630   Beschreibung der Festplatte SSD   Maximale Gr\u00f6\u00dfe des Arbeitsspeichers 32 GB   Farbe RTX 4000 \/ 480GB SSD+2TB Win10 Pro 32GB","og_url":"https:\/\/hicad-help.com\/de_de\/product\/intel-business-multimedia-pc-cad-workstation-i7-9700k-8x-3-6-ghz\/","og_site_name":"hicad-help.com","article_modified_time":"2021-10-25T11:51:57+00:00","og_image":[{"width":820,"height":1425,"url":"https:\/\/i1.wp.com\/hicad-help.com\/wp-content\/uploads\/2021\/10\/Intel-Business-Multimedia-PC-CAD-Workstation-i7-9700K-8X-3.6-GHz_1.jpg?fit=820%2C1425&ssl=1","type":"image\/jpeg"}],"twitter_card":"summary_large_image","twitter_misc":{"Gesch\u00e4tzte Lesezeit":"1\u00a0Minute"},"schema":{"@context":"https:\/\/schema.org","@graph":[{"@type":"WebPage","@id":"https:\/\/hicad-help.com\/en\/product\/intel-business-multimedia-pc-cad-workstation-i7-9700k-8x-3-6-ghz\/","url":"https:\/\/hicad-help.com\/en\/product\/intel-business-multimedia-pc-cad-workstation-i7-9700k-8x-3-6-ghz\/","name":"Intel Business & Multimedia PC CAD Workstation i7-9700K 8X 3.6 GHz - hicad-help.com","isPartOf":{"@id":"https:\/\/hicad-help.com\/de_de\/#website"},"primaryImageOfPage":{"@id":"https:\/\/hicad-help.com\/en\/product\/intel-business-multimedia-pc-cad-workstation-i7-9700k-8x-3-6-ghz\/#primaryimage"},"image":{"@id":"https:\/\/hicad-help.com\/en\/product\/intel-business-multimedia-pc-cad-workstation-i7-9700k-8x-3-6-ghz\/#primaryimage"},"thumbnailUrl":"https:\/\/i0.wp.com\/hicad-help.com\/wp-content\/uploads\/2021\/10\/Intel-Business-Multimedia-PC-CAD-Workstation-i7-9700K-8X-3.6-GHz_1.jpg?fit=820%2C1425&ssl=1","datePublished":"2021-10-25T11:51:11+00:00","dateModified":"2021-10-25T11:51:57+00:00","breadcrumb":{"@id":"https:\/\/hicad-help.com\/en\/product\/intel-business-multimedia-pc-cad-workstation-i7-9700k-8x-3-6-ghz\/#breadcrumb"},"inLanguage":"de","potentialAction":[{"@type":"ReadAction","target":["https:\/\/hicad-help.com\/en\/product\/intel-business-multimedia-pc-cad-workstation-i7-9700k-8x-3-6-ghz\/"]}]},{"@type":"ImageObject","inLanguage":"de","@id":"https:\/\/hicad-help.com\/en\/product\/intel-business-multimedia-pc-cad-workstation-i7-9700k-8x-3-6-ghz\/#primaryimage","url":"https:\/\/i0.wp.com\/hicad-help.com\/wp-content\/uploads\/2021\/10\/Intel-Business-Multimedia-PC-CAD-Workstation-i7-9700K-8X-3.6-GHz_1.jpg?fit=820%2C1425&ssl=1","contentUrl":"https:\/\/i0.wp.com\/hicad-help.com\/wp-content\/uploads\/2021\/10\/Intel-Business-Multimedia-PC-CAD-Workstation-i7-9700K-8X-3.6-GHz_1.jpg?fit=820%2C1425&ssl=1","width":820,"height":1425},{"@type":"BreadcrumbList","@id":"https:\/\/hicad-help.com\/en\/product\/intel-business-multimedia-pc-cad-workstation-i7-9700k-8x-3-6-ghz\/#breadcrumb","itemListElement":[{"@type":"ListItem","position":1,"name":"Startseite","item":"https:\/\/hicad-help.com\/"},{"@type":"ListItem","position":2,"name":"Shop","item":"https:\/\/hicad-help.com\/en\/shop\/"},{"@type":"ListItem","position":3,"name":"Intel Business &#038; Multimedia PC CAD Workstation i7-9700K 8X 3.6 GHz"}]},{"@type":"WebSite","@id":"https:\/\/hicad-help.com\/de_de\/#website","url":"https:\/\/hicad-help.com\/de_de\/","name":"hicad-help.com","description":"Hilfeseite f\u00fcr HiCAD","potentialAction":[{"@type":"SearchAction","target":{"@type":"EntryPoint","urlTemplate":"https:\/\/hicad-help.com\/de_de\/?s={search_term_string}"},"query-input":{"@type":"PropertyValueSpecification","valueRequired":true,"valueName":"search_term_string"}}],"inLanguage":"de"}]}},"jetpack_sharing_enabled":true,"_links":{"self":[{"href":"https:\/\/hicad-help.com\/de_de\/wp-json\/wp\/v2\/product\/2378","targetHints":{"allow":["GET"]}}],"collection":[{"href":"https:\/\/hicad-help.com\/de_de\/wp-json\/wp\/v2\/product"}],"about":[{"href":"https:\/\/hicad-help.com\/de_de\/wp-json\/wp\/v2\/types\/product"}],"replies":[{"embeddable":true,"href":"https:\/\/hicad-help.com\/de_de\/wp-json\/wp\/v2\/comments?post=2378"}],"wp:featuredmedia":[{"embeddable":true,"href":"https:\/\/hicad-help.com\/de_de\/wp-json\/wp\/v2\/media\/2380"}],"wp:attachment":[{"href":"https:\/\/hicad-help.com\/de_de\/wp-json\/wp\/v2\/media?parent=2378"}],"wp:term":[{"taxonomy":"product_brand","embeddable":true,"href":"https:\/\/hicad-help.com\/de_de\/wp-json\/wp\/v2\/product_brand?post=2378"},{"taxonomy":"product_cat","embeddable":true,"href":"https:\/\/hicad-help.com\/de_de\/wp-json\/wp\/v2\/product_cat?post=2378"},{"taxonomy":"product_tag","embeddable":true,"href":"https:\/\/hicad-help.com\/de_de\/wp-json\/wp\/v2\/product_tag?post=2378"}],"curies":[{"name":"wp","href":"https:\/\/api.w.org\/{rel}","templated":true}]}}