{"id":2758,"date":"2022-09-20T15:39:06","date_gmt":"2022-09-20T13:39:06","guid":{"rendered":"https:\/\/hicad-help.com\/?post_type=product&#038;p=2758"},"modified":"2022-09-20T15:39:07","modified_gmt":"2022-09-20T13:39:07","slug":"spacemouse-compact","status":"publish","type":"product","link":"https:\/\/hicad-help.com\/de_de\/produkt\/spacemouse-compact\/","title":{"rendered":"SpaceMouse Compact"},"content":{"rendered":"<p>Die SpaceMouse Compact wurde entwickelt, um eine intuitive, pr\u00e4zise und fortschrittliche 3D-Navigation in CAD-Anwendungen zu erm\u00f6glichen \u2013 eine Erfahrung, die mit einer herk\u00f6mmlichen Maus und Tastatur nicht m\u00f6glich ist. Sie ist das ideale Werkzeug f\u00fcr Ingenieure, Architekten und Designer, um 3D-Designs zu \u00fcberpr\u00fcfen und 3D-R\u00e4ume zu erkunden und das alles in einer angenehm kompakten Gr\u00f6\u00dfe.<\/p>\n","protected":false},"excerpt":{"rendered":"<p>Patentierte Sensortechnologie mit sechs Freiheitsgraden<br \/>\nZwei programmierbare Tasten<br \/>\nKompakte Standfl\u00e4che aus geb\u00fcrstetem Edelstahl<\/p>\n","protected":false},"featured_media":2762,"comment_status":"open","ping_status":"closed","template":"","meta":{"_bbp_topic_count":0,"_bbp_reply_count":0,"_bbp_total_topic_count":0,"_bbp_total_reply_count":0,"_bbp_voice_count":0,"_bbp_anonymous_reply_count":0,"_bbp_topic_count_hidden":0,"_bbp_reply_count_hidden":0,"_bbp_forum_subforum_count":0,"pmpro_default_level":""},"product_brand":[],"product_cat":[27],"product_tag":[],"class_list":{"0":"post-2758","1":"product","2":"type-product","3":"status-publish","4":"has-post-thumbnail","6":"product_cat-3d-maus","7":"pmpro-has-access","8":"post","9":"post-with-thumbnail","10":"post-with-thumbnail-large","12":"first","13":"instock","14":"shipping-taxable","15":"product-type-external"},"yoast_head":"<!-- This site is optimized with the Yoast SEO plugin v27.3 - https:\/\/yoast.com\/product\/yoast-seo-wordpress\/ -->\n<title>SpaceMouse Compact - hicad-help.com<\/title>\n<meta name=\"robots\" content=\"index, follow, max-snippet:-1, max-image-preview:large, max-video-preview:-1\" \/>\n<link rel=\"canonical\" href=\"https:\/\/hicad-help.com\/de_de\/produkt\/spacemouse-compact\/\" \/>\n<meta property=\"og:locale\" content=\"de_DE\" \/>\n<meta property=\"og:type\" content=\"article\" \/>\n<meta property=\"og:title\" content=\"SpaceMouse Compact - hicad-help.com\" \/>\n<meta property=\"og:description\" content=\"Patentierte Sensortechnologie mit sechs Freiheitsgraden Zwei programmierbare Tasten Kompakte Standfl\u00e4che aus geb\u00fcrstetem Edelstahl\" \/>\n<meta property=\"og:url\" content=\"https:\/\/hicad-help.com\/de_de\/produkt\/spacemouse-compact\/\" \/>\n<meta property=\"og:site_name\" content=\"hicad-help.com\" \/>\n<meta property=\"article:modified_time\" content=\"2022-09-20T13:39:07+00:00\" \/>\n<meta property=\"og:image\" content=\"http:\/\/hicad-help.com\/wp-content\/uploads\/2022\/09\/00_Webshop_Main-Image-scaled.jpg\" \/>\n\t<meta property=\"og:image:width\" content=\"2560\" \/>\n\t<meta property=\"og:image:height\" content=\"1792\" \/>\n\t<meta property=\"og:image:type\" content=\"image\/jpeg\" \/>\n<meta name=\"twitter:card\" content=\"summary_large_image\" \/>\n<script type=\"application\/ld+json\" class=\"yoast-schema-graph\">{\"@context\":\"https:\\\/\\\/schema.org\",\"@graph\":[{\"@type\":\"WebPage\",\"@id\":\"https:\\\/\\\/hicad-help.com\\\/produkt\\\/spacemouse-compact\\\/\",\"url\":\"https:\\\/\\\/hicad-help.com\\\/produkt\\\/spacemouse-compact\\\/\",\"name\":\"SpaceMouse Compact - hicad-help.com\",\"isPartOf\":{\"@id\":\"https:\\\/\\\/hicad-help.com\\\/de_de\\\/#website\"},\"primaryImageOfPage\":{\"@id\":\"https:\\\/\\\/hicad-help.com\\\/produkt\\\/spacemouse-compact\\\/#primaryimage\"},\"image\":{\"@id\":\"https:\\\/\\\/hicad-help.com\\\/produkt\\\/spacemouse-compact\\\/#primaryimage\"},\"thumbnailUrl\":\"https:\\\/\\\/i0.wp.com\\\/hicad-help.com\\\/wp-content\\\/uploads\\\/2022\\\/09\\\/00_Webshop_Main-Image-scaled.jpg?fit=2560%2C1792&ssl=1\",\"datePublished\":\"2022-09-20T13:39:06+00:00\",\"dateModified\":\"2022-09-20T13:39:07+00:00\",\"breadcrumb\":{\"@id\":\"https:\\\/\\\/hicad-help.com\\\/produkt\\\/spacemouse-compact\\\/#breadcrumb\"},\"inLanguage\":\"de\",\"potentialAction\":[{\"@type\":\"ReadAction\",\"target\":[\"https:\\\/\\\/hicad-help.com\\\/produkt\\\/spacemouse-compact\\\/\"]}]},{\"@type\":\"ImageObject\",\"inLanguage\":\"de\",\"@id\":\"https:\\\/\\\/hicad-help.com\\\/produkt\\\/spacemouse-compact\\\/#primaryimage\",\"url\":\"https:\\\/\\\/i0.wp.com\\\/hicad-help.com\\\/wp-content\\\/uploads\\\/2022\\\/09\\\/00_Webshop_Main-Image-scaled.jpg?fit=2560%2C1792&ssl=1\",\"contentUrl\":\"https:\\\/\\\/i0.wp.com\\\/hicad-help.com\\\/wp-content\\\/uploads\\\/2022\\\/09\\\/00_Webshop_Main-Image-scaled.jpg?fit=2560%2C1792&ssl=1\",\"width\":2560,\"height\":1792},{\"@type\":\"BreadcrumbList\",\"@id\":\"https:\\\/\\\/hicad-help.com\\\/produkt\\\/spacemouse-compact\\\/#breadcrumb\",\"itemListElement\":[{\"@type\":\"ListItem\",\"position\":1,\"name\":\"Startseite\",\"item\":\"https:\\\/\\\/hicad-help.com\\\/\"},{\"@type\":\"ListItem\",\"position\":2,\"name\":\"Shop\",\"item\":\"https:\\\/\\\/hicad-help.com\\\/en\\\/shop\\\/\"},{\"@type\":\"ListItem\",\"position\":3,\"name\":\"SpaceMouse Compact\"}]},{\"@type\":\"WebSite\",\"@id\":\"https:\\\/\\\/hicad-help.com\\\/de_de\\\/#website\",\"url\":\"https:\\\/\\\/hicad-help.com\\\/de_de\\\/\",\"name\":\"hicad-help.com\",\"description\":\"Hilfeseite f\u00fcr HiCAD\",\"potentialAction\":[{\"@type\":\"SearchAction\",\"target\":{\"@type\":\"EntryPoint\",\"urlTemplate\":\"https:\\\/\\\/hicad-help.com\\\/de_de\\\/?s={search_term_string}\"},\"query-input\":{\"@type\":\"PropertyValueSpecification\",\"valueRequired\":true,\"valueName\":\"search_term_string\"}}],\"inLanguage\":\"de\"}]}<\/script>\n<!-- \/ Yoast SEO plugin. -->","yoast_head_json":{"title":"SpaceMouse Compact - hicad-help.com","robots":{"index":"index","follow":"follow","max-snippet":"max-snippet:-1","max-image-preview":"max-image-preview:large","max-video-preview":"max-video-preview:-1"},"canonical":"https:\/\/hicad-help.com\/de_de\/produkt\/spacemouse-compact\/","og_locale":"de_DE","og_type":"article","og_title":"SpaceMouse Compact - hicad-help.com","og_description":"Patentierte Sensortechnologie mit sechs Freiheitsgraden Zwei programmierbare Tasten Kompakte Standfl\u00e4che aus geb\u00fcrstetem Edelstahl","og_url":"https:\/\/hicad-help.com\/de_de\/produkt\/spacemouse-compact\/","og_site_name":"hicad-help.com","article_modified_time":"2022-09-20T13:39:07+00:00","og_image":[{"width":2560,"height":1792,"url":"http:\/\/hicad-help.com\/wp-content\/uploads\/2022\/09\/00_Webshop_Main-Image-scaled.jpg","type":"image\/jpeg"}],"twitter_card":"summary_large_image","schema":{"@context":"https:\/\/schema.org","@graph":[{"@type":"WebPage","@id":"https:\/\/hicad-help.com\/produkt\/spacemouse-compact\/","url":"https:\/\/hicad-help.com\/produkt\/spacemouse-compact\/","name":"SpaceMouse Compact - hicad-help.com","isPartOf":{"@id":"https:\/\/hicad-help.com\/de_de\/#website"},"primaryImageOfPage":{"@id":"https:\/\/hicad-help.com\/produkt\/spacemouse-compact\/#primaryimage"},"image":{"@id":"https:\/\/hicad-help.com\/produkt\/spacemouse-compact\/#primaryimage"},"thumbnailUrl":"https:\/\/i0.wp.com\/hicad-help.com\/wp-content\/uploads\/2022\/09\/00_Webshop_Main-Image-scaled.jpg?fit=2560%2C1792&ssl=1","datePublished":"2022-09-20T13:39:06+00:00","dateModified":"2022-09-20T13:39:07+00:00","breadcrumb":{"@id":"https:\/\/hicad-help.com\/produkt\/spacemouse-compact\/#breadcrumb"},"inLanguage":"de","potentialAction":[{"@type":"ReadAction","target":["https:\/\/hicad-help.com\/produkt\/spacemouse-compact\/"]}]},{"@type":"ImageObject","inLanguage":"de","@id":"https:\/\/hicad-help.com\/produkt\/spacemouse-compact\/#primaryimage","url":"https:\/\/i0.wp.com\/hicad-help.com\/wp-content\/uploads\/2022\/09\/00_Webshop_Main-Image-scaled.jpg?fit=2560%2C1792&ssl=1","contentUrl":"https:\/\/i0.wp.com\/hicad-help.com\/wp-content\/uploads\/2022\/09\/00_Webshop_Main-Image-scaled.jpg?fit=2560%2C1792&ssl=1","width":2560,"height":1792},{"@type":"BreadcrumbList","@id":"https:\/\/hicad-help.com\/produkt\/spacemouse-compact\/#breadcrumb","itemListElement":[{"@type":"ListItem","position":1,"name":"Startseite","item":"https:\/\/hicad-help.com\/"},{"@type":"ListItem","position":2,"name":"Shop","item":"https:\/\/hicad-help.com\/en\/shop\/"},{"@type":"ListItem","position":3,"name":"SpaceMouse Compact"}]},{"@type":"WebSite","@id":"https:\/\/hicad-help.com\/de_de\/#website","url":"https:\/\/hicad-help.com\/de_de\/","name":"hicad-help.com","description":"Hilfeseite f\u00fcr HiCAD","potentialAction":[{"@type":"SearchAction","target":{"@type":"EntryPoint","urlTemplate":"https:\/\/hicad-help.com\/de_de\/?s={search_term_string}"},"query-input":{"@type":"PropertyValueSpecification","valueRequired":true,"valueName":"search_term_string"}}],"inLanguage":"de"}]}},"jetpack_sharing_enabled":true,"_links":{"self":[{"href":"https:\/\/hicad-help.com\/de_de\/wp-json\/wp\/v2\/product\/2758","targetHints":{"allow":["GET"]}}],"collection":[{"href":"https:\/\/hicad-help.com\/de_de\/wp-json\/wp\/v2\/product"}],"about":[{"href":"https:\/\/hicad-help.com\/de_de\/wp-json\/wp\/v2\/types\/product"}],"replies":[{"embeddable":true,"href":"https:\/\/hicad-help.com\/de_de\/wp-json\/wp\/v2\/comments?post=2758"}],"wp:featuredmedia":[{"embeddable":true,"href":"https:\/\/hicad-help.com\/de_de\/wp-json\/wp\/v2\/media\/2762"}],"wp:attachment":[{"href":"https:\/\/hicad-help.com\/de_de\/wp-json\/wp\/v2\/media?parent=2758"}],"wp:term":[{"taxonomy":"product_brand","embeddable":true,"href":"https:\/\/hicad-help.com\/de_de\/wp-json\/wp\/v2\/product_brand?post=2758"},{"taxonomy":"product_cat","embeddable":true,"href":"https:\/\/hicad-help.com\/de_de\/wp-json\/wp\/v2\/product_cat?post=2758"},{"taxonomy":"product_tag","embeddable":true,"href":"https:\/\/hicad-help.com\/de_de\/wp-json\/wp\/v2\/product_tag?post=2758"}],"curies":[{"name":"wp","href":"https:\/\/api.w.org\/{rel}","templated":true}]}}