{"id":2770,"date":"2022-09-20T15:45:27","date_gmt":"2022-09-20T13:45:27","guid":{"rendered":"https:\/\/hicad-help.com\/?post_type=product&#038;p=2770"},"modified":"2022-09-20T15:45:28","modified_gmt":"2022-09-20T13:45:28","slug":"cadmouse-pro","status":"publish","type":"product","link":"https:\/\/hicad-help.com\/de_de\/produkt\/cadmouse-pro\/","title":{"rendered":"CadMouse Pro"},"content":{"rendered":"<p>Die CadMouse Pro ist die speziell f\u00fcr Designer und Ingenieure entwickelte kabelgebundene Full-Size Maus. Dank fortschrittlicher Ergonomie und sorgsam aufeinander abgestimmter Komponenten bietet sie einen au\u00dfergew\u00f6hnlichen Komfort. Ihre ergonomischen und technologischen Eigenschaften werden kontinuierlich anhand forschungsbasierter Ergebnisse weiterentwickelt. Diese gew\u00e4hren optimale Sensitivit\u00e4t, ideales Ansprechverhalten und pr\u00e4zise Kontrolle, um ein verbessertes CAD-Erlebnis zu garantieren.<\/p>\n","protected":false},"excerpt":{"rendered":"<p>7 Tasten (5 programmierbar)<br \/>\nErgonomische Form<br \/>\nKabelgebunden<br \/>\nOptischer Sensor mit 7.200 dpi<br \/>\nMehr als 50 Millionen Tastenklicks<br \/>\nIndividualisierbares Radialmen\u00fc<br \/>\nIntelligentes Mausrad der 2. Generation<\/p>\n","protected":false},"featured_media":2771,"comment_status":"open","ping_status":"closed","template":"","meta":{"_bbp_topic_count":0,"_bbp_reply_count":0,"_bbp_total_topic_count":0,"_bbp_total_reply_count":0,"_bbp_voice_count":0,"_bbp_anonymous_reply_count":0,"_bbp_topic_count_hidden":0,"_bbp_reply_count_hidden":0,"_bbp_forum_subforum_count":0,"pmpro_default_level":""},"product_brand":[],"product_cat":[26],"product_tag":[],"class_list":{"0":"post-2770","1":"product","2":"type-product","3":"status-publish","4":"has-post-thumbnail","6":"product_cat-maus","7":"pmpro-has-access","8":"post","9":"post-with-thumbnail","10":"post-with-thumbnail-large","12":"first","13":"instock","14":"shipping-taxable","15":"product-type-simple"},"yoast_head":"<!-- This site is optimized with the Yoast SEO plugin v27.4 - https:\/\/yoast.com\/product\/yoast-seo-wordpress\/ -->\n<title>CadMouse Pro - hicad-help.com<\/title>\n<meta name=\"robots\" content=\"index, follow, max-snippet:-1, max-image-preview:large, max-video-preview:-1\" \/>\n<link rel=\"canonical\" href=\"https:\/\/hicad-help.com\/de_de\/produkt\/cadmouse-pro\/\" \/>\n<meta property=\"og:locale\" content=\"de_DE\" \/>\n<meta property=\"og:type\" content=\"article\" \/>\n<meta property=\"og:title\" content=\"CadMouse Pro - hicad-help.com\" \/>\n<meta property=\"og:description\" content=\"7 Tasten (5 programmierbar) Ergonomische Form Kabelgebunden Optischer Sensor mit 7.200 dpi Mehr als 50 Millionen Tastenklicks Individualisierbares Radialmen\u00fc Intelligentes Mausrad der 2. Generation\" \/>\n<meta property=\"og:url\" content=\"https:\/\/hicad-help.com\/de_de\/produkt\/cadmouse-pro\/\" \/>\n<meta property=\"og:site_name\" content=\"hicad-help.com\" \/>\n<meta property=\"article:modified_time\" content=\"2022-09-20T13:45:28+00:00\" \/>\n<meta property=\"og:image\" content=\"http:\/\/hicad-help.com\/wp-content\/uploads\/2022\/09\/01_Product-Gallery_Image-2-scaled.jpg\" \/>\n\t<meta property=\"og:image:width\" content=\"2560\" \/>\n\t<meta property=\"og:image:height\" content=\"1792\" \/>\n\t<meta property=\"og:image:type\" content=\"image\/jpeg\" \/>\n<meta name=\"twitter:card\" content=\"summary_large_image\" \/>\n<script type=\"application\/ld+json\" class=\"yoast-schema-graph\">{\"@context\":\"https:\\\/\\\/schema.org\",\"@graph\":[{\"@type\":\"WebPage\",\"@id\":\"https:\\\/\\\/hicad-help.com\\\/produkt\\\/cadmouse-pro\\\/\",\"url\":\"https:\\\/\\\/hicad-help.com\\\/produkt\\\/cadmouse-pro\\\/\",\"name\":\"CadMouse Pro - hicad-help.com\",\"isPartOf\":{\"@id\":\"https:\\\/\\\/hicad-help.com\\\/de_de\\\/#website\"},\"primaryImageOfPage\":{\"@id\":\"https:\\\/\\\/hicad-help.com\\\/produkt\\\/cadmouse-pro\\\/#primaryimage\"},\"image\":{\"@id\":\"https:\\\/\\\/hicad-help.com\\\/produkt\\\/cadmouse-pro\\\/#primaryimage\"},\"thumbnailUrl\":\"https:\\\/\\\/i0.wp.com\\\/hicad-help.com\\\/wp-content\\\/uploads\\\/2022\\\/09\\\/01_Product-Gallery_Image-2-scaled.jpg?fit=2560%2C1792&ssl=1\",\"datePublished\":\"2022-09-20T13:45:27+00:00\",\"dateModified\":\"2022-09-20T13:45:28+00:00\",\"breadcrumb\":{\"@id\":\"https:\\\/\\\/hicad-help.com\\\/produkt\\\/cadmouse-pro\\\/#breadcrumb\"},\"inLanguage\":\"de\",\"potentialAction\":[{\"@type\":\"ReadAction\",\"target\":[\"https:\\\/\\\/hicad-help.com\\\/produkt\\\/cadmouse-pro\\\/\"]}]},{\"@type\":\"ImageObject\",\"inLanguage\":\"de\",\"@id\":\"https:\\\/\\\/hicad-help.com\\\/produkt\\\/cadmouse-pro\\\/#primaryimage\",\"url\":\"https:\\\/\\\/i0.wp.com\\\/hicad-help.com\\\/wp-content\\\/uploads\\\/2022\\\/09\\\/01_Product-Gallery_Image-2-scaled.jpg?fit=2560%2C1792&ssl=1\",\"contentUrl\":\"https:\\\/\\\/i0.wp.com\\\/hicad-help.com\\\/wp-content\\\/uploads\\\/2022\\\/09\\\/01_Product-Gallery_Image-2-scaled.jpg?fit=2560%2C1792&ssl=1\",\"width\":2560,\"height\":1792},{\"@type\":\"BreadcrumbList\",\"@id\":\"https:\\\/\\\/hicad-help.com\\\/produkt\\\/cadmouse-pro\\\/#breadcrumb\",\"itemListElement\":[{\"@type\":\"ListItem\",\"position\":1,\"name\":\"Startseite\",\"item\":\"https:\\\/\\\/hicad-help.com\\\/\"},{\"@type\":\"ListItem\",\"position\":2,\"name\":\"Shop\",\"item\":\"https:\\\/\\\/hicad-help.com\\\/en\\\/shop\\\/\"},{\"@type\":\"ListItem\",\"position\":3,\"name\":\"CadMouse Pro\"}]},{\"@type\":\"WebSite\",\"@id\":\"https:\\\/\\\/hicad-help.com\\\/de_de\\\/#website\",\"url\":\"https:\\\/\\\/hicad-help.com\\\/de_de\\\/\",\"name\":\"hicad-help.com\",\"description\":\"Hilfeseite f\u00fcr HiCAD\",\"potentialAction\":[{\"@type\":\"SearchAction\",\"target\":{\"@type\":\"EntryPoint\",\"urlTemplate\":\"https:\\\/\\\/hicad-help.com\\\/de_de\\\/?s={search_term_string}\"},\"query-input\":{\"@type\":\"PropertyValueSpecification\",\"valueRequired\":true,\"valueName\":\"search_term_string\"}}],\"inLanguage\":\"de\"}]}<\/script>\n<!-- \/ Yoast SEO plugin. -->","yoast_head_json":{"title":"CadMouse Pro - hicad-help.com","robots":{"index":"index","follow":"follow","max-snippet":"max-snippet:-1","max-image-preview":"max-image-preview:large","max-video-preview":"max-video-preview:-1"},"canonical":"https:\/\/hicad-help.com\/de_de\/produkt\/cadmouse-pro\/","og_locale":"de_DE","og_type":"article","og_title":"CadMouse Pro - hicad-help.com","og_description":"7 Tasten (5 programmierbar) Ergonomische Form Kabelgebunden Optischer Sensor mit 7.200 dpi Mehr als 50 Millionen Tastenklicks Individualisierbares Radialmen\u00fc Intelligentes Mausrad der 2. Generation","og_url":"https:\/\/hicad-help.com\/de_de\/produkt\/cadmouse-pro\/","og_site_name":"hicad-help.com","article_modified_time":"2022-09-20T13:45:28+00:00","og_image":[{"width":2560,"height":1792,"url":"http:\/\/hicad-help.com\/wp-content\/uploads\/2022\/09\/01_Product-Gallery_Image-2-scaled.jpg","type":"image\/jpeg"}],"twitter_card":"summary_large_image","schema":{"@context":"https:\/\/schema.org","@graph":[{"@type":"WebPage","@id":"https:\/\/hicad-help.com\/produkt\/cadmouse-pro\/","url":"https:\/\/hicad-help.com\/produkt\/cadmouse-pro\/","name":"CadMouse Pro - hicad-help.com","isPartOf":{"@id":"https:\/\/hicad-help.com\/de_de\/#website"},"primaryImageOfPage":{"@id":"https:\/\/hicad-help.com\/produkt\/cadmouse-pro\/#primaryimage"},"image":{"@id":"https:\/\/hicad-help.com\/produkt\/cadmouse-pro\/#primaryimage"},"thumbnailUrl":"https:\/\/i0.wp.com\/hicad-help.com\/wp-content\/uploads\/2022\/09\/01_Product-Gallery_Image-2-scaled.jpg?fit=2560%2C1792&ssl=1","datePublished":"2022-09-20T13:45:27+00:00","dateModified":"2022-09-20T13:45:28+00:00","breadcrumb":{"@id":"https:\/\/hicad-help.com\/produkt\/cadmouse-pro\/#breadcrumb"},"inLanguage":"de","potentialAction":[{"@type":"ReadAction","target":["https:\/\/hicad-help.com\/produkt\/cadmouse-pro\/"]}]},{"@type":"ImageObject","inLanguage":"de","@id":"https:\/\/hicad-help.com\/produkt\/cadmouse-pro\/#primaryimage","url":"https:\/\/i0.wp.com\/hicad-help.com\/wp-content\/uploads\/2022\/09\/01_Product-Gallery_Image-2-scaled.jpg?fit=2560%2C1792&ssl=1","contentUrl":"https:\/\/i0.wp.com\/hicad-help.com\/wp-content\/uploads\/2022\/09\/01_Product-Gallery_Image-2-scaled.jpg?fit=2560%2C1792&ssl=1","width":2560,"height":1792},{"@type":"BreadcrumbList","@id":"https:\/\/hicad-help.com\/produkt\/cadmouse-pro\/#breadcrumb","itemListElement":[{"@type":"ListItem","position":1,"name":"Startseite","item":"https:\/\/hicad-help.com\/"},{"@type":"ListItem","position":2,"name":"Shop","item":"https:\/\/hicad-help.com\/en\/shop\/"},{"@type":"ListItem","position":3,"name":"CadMouse Pro"}]},{"@type":"WebSite","@id":"https:\/\/hicad-help.com\/de_de\/#website","url":"https:\/\/hicad-help.com\/de_de\/","name":"hicad-help.com","description":"Hilfeseite f\u00fcr HiCAD","potentialAction":[{"@type":"SearchAction","target":{"@type":"EntryPoint","urlTemplate":"https:\/\/hicad-help.com\/de_de\/?s={search_term_string}"},"query-input":{"@type":"PropertyValueSpecification","valueRequired":true,"valueName":"search_term_string"}}],"inLanguage":"de"}]}},"jetpack_sharing_enabled":true,"_links":{"self":[{"href":"https:\/\/hicad-help.com\/de_de\/wp-json\/wp\/v2\/product\/2770","targetHints":{"allow":["GET"]}}],"collection":[{"href":"https:\/\/hicad-help.com\/de_de\/wp-json\/wp\/v2\/product"}],"about":[{"href":"https:\/\/hicad-help.com\/de_de\/wp-json\/wp\/v2\/types\/product"}],"replies":[{"embeddable":true,"href":"https:\/\/hicad-help.com\/de_de\/wp-json\/wp\/v2\/comments?post=2770"}],"wp:featuredmedia":[{"embeddable":true,"href":"https:\/\/hicad-help.com\/de_de\/wp-json\/wp\/v2\/media\/2771"}],"wp:attachment":[{"href":"https:\/\/hicad-help.com\/de_de\/wp-json\/wp\/v2\/media?parent=2770"}],"wp:term":[{"taxonomy":"product_brand","embeddable":true,"href":"https:\/\/hicad-help.com\/de_de\/wp-json\/wp\/v2\/product_brand?post=2770"},{"taxonomy":"product_cat","embeddable":true,"href":"https:\/\/hicad-help.com\/de_de\/wp-json\/wp\/v2\/product_cat?post=2770"},{"taxonomy":"product_tag","embeddable":true,"href":"https:\/\/hicad-help.com\/de_de\/wp-json\/wp\/v2\/product_tag?post=2770"}],"curies":[{"name":"wp","href":"https:\/\/api.w.org\/{rel}","templated":true}]}}