{"id":392,"date":"2020-10-04T11:05:00","date_gmt":"2020-10-04T09:05:00","guid":{"rendered":"https:\/\/hicad-help.com\/?post_type=product&#038;p=392"},"modified":"2022-09-20T15:22:26","modified_gmt":"2022-09-20T13:22:26","slug":"spacemouse_enterprise","status":"publish","type":"product","link":"https:\/\/hicad-help.com\/de_de\/produkt\/spacemouse_enterprise\/","title":{"rendered":"SpaceMouse Enterprise"},"content":{"rendered":"<p>CAD-Experten ben\u00f6tigen f\u00fcr ihre t\u00e4gliche Arbeit leistungsstarke Ger\u00e4te. Die SpaceMouse Enterprise ist der Grundstein f\u00fcr effiziente Arbeit in Ingenieurteams, Architekturb\u00fcros oder Entwicklungsabteilungen.<br \/>\nZu ihren Features z\u00e4hlen unter anderem zw\u00f6lf intelligente Funktionstasten, fortschrittliche Ergonomie, welche Fingerbewegungen um 28,6 Prozent pro Stunde1 reduziert, sowie ein leistungsstarker und pr\u00e4ziser Sensor. Damit ist die SpaceMouse Enterprise das Flaggschiff im anspruchsvollen CAD-\u00d6kosystem.<\/p>\n<p>1 Quelle: Untersuchungsbericht \u201eErgonomische Bewertung der 3D-Maus\u201c vom Fraunhofer-Institut f\u00fcr Arbeitswirtschaft und Organisation (IAO)<\/p>\n","protected":false},"excerpt":{"rendered":"<p>Patentierte Sensortechnologie mit sechs Freiheitsgraden<br \/>\n12 intelligente Funktionstasten<br \/>\nLCD-Farbdisplay zur Darstellung der Tastenbelegung<br \/>\nVollst\u00e4ndiges Set an Tastaturumschaltern<br \/>\nRotation-Lock-Taste<br \/>\nGro\u00dfe, weiche Handauflage<\/p>\n","protected":false},"featured_media":2741,"comment_status":"closed","ping_status":"closed","template":"","meta":{"_bbp_topic_count":0,"_bbp_reply_count":0,"_bbp_total_topic_count":0,"_bbp_total_reply_count":0,"_bbp_voice_count":0,"_bbp_anonymous_reply_count":0,"_bbp_topic_count_hidden":0,"_bbp_reply_count_hidden":0,"_bbp_forum_subforum_count":0,"pmpro_default_level":""},"product_brand":[],"product_cat":[27],"product_tag":[],"class_list":{"0":"post-392","1":"product","2":"type-product","3":"status-publish","4":"has-post-thumbnail","6":"product_cat-3d-maus","7":"pmpro-has-access","8":"post","9":"post-with-thumbnail","10":"post-with-thumbnail-large","12":"first","13":"instock","14":"featured","15":"shipping-taxable","16":"product-type-external"},"yoast_head":"<!-- This site is optimized with the Yoast SEO plugin v27.3 - https:\/\/yoast.com\/product\/yoast-seo-wordpress\/ -->\n<title>SpaceMouse Enterprise - hicad-help.com<\/title>\n<meta name=\"robots\" content=\"index, follow, max-snippet:-1, max-image-preview:large, max-video-preview:-1\" \/>\n<link rel=\"canonical\" href=\"https:\/\/hicad-help.com\/de_de\/produkt\/spacemouse_enterprise\/\" \/>\n<meta property=\"og:locale\" content=\"de_DE\" \/>\n<meta property=\"og:type\" content=\"article\" \/>\n<meta property=\"og:title\" content=\"SpaceMouse Enterprise - hicad-help.com\" \/>\n<meta property=\"og:description\" content=\"Patentierte Sensortechnologie mit sechs Freiheitsgraden 12 intelligente Funktionstasten LCD-Farbdisplay zur Darstellung der Tastenbelegung Vollst\u00e4ndiges Set an Tastaturumschaltern Rotation-Lock-Taste Gro\u00dfe, weiche Handauflage\" \/>\n<meta property=\"og:url\" content=\"https:\/\/hicad-help.com\/de_de\/produkt\/spacemouse_enterprise\/\" \/>\n<meta property=\"og:site_name\" content=\"hicad-help.com\" \/>\n<meta property=\"article:modified_time\" content=\"2022-09-20T13:22:26+00:00\" \/>\n<meta property=\"og:image\" content=\"http:\/\/hicad-help.com\/wp-content\/uploads\/2020\/10\/00_Webshop_Main-Image-scaled.jpg\" \/>\n\t<meta property=\"og:image:width\" content=\"2560\" \/>\n\t<meta property=\"og:image:height\" content=\"1792\" \/>\n\t<meta property=\"og:image:type\" content=\"image\/jpeg\" \/>\n<meta name=\"twitter:card\" content=\"summary_large_image\" \/>\n<meta name=\"twitter:label1\" content=\"Gesch\u00e4tzte Lesezeit\" \/>\n\t<meta name=\"twitter:data1\" content=\"1\u00a0Minute\" \/>\n<script type=\"application\/ld+json\" class=\"yoast-schema-graph\">{\"@context\":\"https:\\\/\\\/schema.org\",\"@graph\":[{\"@type\":\"WebPage\",\"@id\":\"https:\\\/\\\/hicad-help.com\\\/produkt\\\/spacemouse_enterprise\\\/\",\"url\":\"https:\\\/\\\/hicad-help.com\\\/produkt\\\/spacemouse_enterprise\\\/\",\"name\":\"SpaceMouse Enterprise - hicad-help.com\",\"isPartOf\":{\"@id\":\"https:\\\/\\\/hicad-help.com\\\/de_de\\\/#website\"},\"primaryImageOfPage\":{\"@id\":\"https:\\\/\\\/hicad-help.com\\\/produkt\\\/spacemouse_enterprise\\\/#primaryimage\"},\"image\":{\"@id\":\"https:\\\/\\\/hicad-help.com\\\/produkt\\\/spacemouse_enterprise\\\/#primaryimage\"},\"thumbnailUrl\":\"https:\\\/\\\/i0.wp.com\\\/hicad-help.com\\\/wp-content\\\/uploads\\\/2020\\\/10\\\/00_Webshop_Main-Image-scaled.jpg?fit=2560%2C1792&ssl=1\",\"datePublished\":\"2020-10-04T09:05:00+00:00\",\"dateModified\":\"2022-09-20T13:22:26+00:00\",\"breadcrumb\":{\"@id\":\"https:\\\/\\\/hicad-help.com\\\/produkt\\\/spacemouse_enterprise\\\/#breadcrumb\"},\"inLanguage\":\"de\",\"potentialAction\":[{\"@type\":\"ReadAction\",\"target\":[\"https:\\\/\\\/hicad-help.com\\\/produkt\\\/spacemouse_enterprise\\\/\"]}]},{\"@type\":\"ImageObject\",\"inLanguage\":\"de\",\"@id\":\"https:\\\/\\\/hicad-help.com\\\/produkt\\\/spacemouse_enterprise\\\/#primaryimage\",\"url\":\"https:\\\/\\\/i0.wp.com\\\/hicad-help.com\\\/wp-content\\\/uploads\\\/2020\\\/10\\\/00_Webshop_Main-Image-scaled.jpg?fit=2560%2C1792&ssl=1\",\"contentUrl\":\"https:\\\/\\\/i0.wp.com\\\/hicad-help.com\\\/wp-content\\\/uploads\\\/2020\\\/10\\\/00_Webshop_Main-Image-scaled.jpg?fit=2560%2C1792&ssl=1\",\"width\":2560,\"height\":1792},{\"@type\":\"BreadcrumbList\",\"@id\":\"https:\\\/\\\/hicad-help.com\\\/produkt\\\/spacemouse_enterprise\\\/#breadcrumb\",\"itemListElement\":[{\"@type\":\"ListItem\",\"position\":1,\"name\":\"Startseite\",\"item\":\"https:\\\/\\\/hicad-help.com\\\/\"},{\"@type\":\"ListItem\",\"position\":2,\"name\":\"Shop\",\"item\":\"https:\\\/\\\/hicad-help.com\\\/en\\\/shop\\\/\"},{\"@type\":\"ListItem\",\"position\":3,\"name\":\"SpaceMouse Enterprise\"}]},{\"@type\":\"WebSite\",\"@id\":\"https:\\\/\\\/hicad-help.com\\\/de_de\\\/#website\",\"url\":\"https:\\\/\\\/hicad-help.com\\\/de_de\\\/\",\"name\":\"hicad-help.com\",\"description\":\"Hilfeseite f\u00fcr HiCAD\",\"potentialAction\":[{\"@type\":\"SearchAction\",\"target\":{\"@type\":\"EntryPoint\",\"urlTemplate\":\"https:\\\/\\\/hicad-help.com\\\/de_de\\\/?s={search_term_string}\"},\"query-input\":{\"@type\":\"PropertyValueSpecification\",\"valueRequired\":true,\"valueName\":\"search_term_string\"}}],\"inLanguage\":\"de\"}]}<\/script>\n<!-- \/ Yoast SEO plugin. -->","yoast_head_json":{"title":"SpaceMouse Enterprise - hicad-help.com","robots":{"index":"index","follow":"follow","max-snippet":"max-snippet:-1","max-image-preview":"max-image-preview:large","max-video-preview":"max-video-preview:-1"},"canonical":"https:\/\/hicad-help.com\/de_de\/produkt\/spacemouse_enterprise\/","og_locale":"de_DE","og_type":"article","og_title":"SpaceMouse Enterprise - hicad-help.com","og_description":"Patentierte Sensortechnologie mit sechs Freiheitsgraden 12 intelligente Funktionstasten LCD-Farbdisplay zur Darstellung der Tastenbelegung Vollst\u00e4ndiges Set an Tastaturumschaltern Rotation-Lock-Taste Gro\u00dfe, weiche Handauflage","og_url":"https:\/\/hicad-help.com\/de_de\/produkt\/spacemouse_enterprise\/","og_site_name":"hicad-help.com","article_modified_time":"2022-09-20T13:22:26+00:00","og_image":[{"width":2560,"height":1792,"url":"http:\/\/hicad-help.com\/wp-content\/uploads\/2020\/10\/00_Webshop_Main-Image-scaled.jpg","type":"image\/jpeg"}],"twitter_card":"summary_large_image","twitter_misc":{"Gesch\u00e4tzte Lesezeit":"1\u00a0Minute"},"schema":{"@context":"https:\/\/schema.org","@graph":[{"@type":"WebPage","@id":"https:\/\/hicad-help.com\/produkt\/spacemouse_enterprise\/","url":"https:\/\/hicad-help.com\/produkt\/spacemouse_enterprise\/","name":"SpaceMouse Enterprise - hicad-help.com","isPartOf":{"@id":"https:\/\/hicad-help.com\/de_de\/#website"},"primaryImageOfPage":{"@id":"https:\/\/hicad-help.com\/produkt\/spacemouse_enterprise\/#primaryimage"},"image":{"@id":"https:\/\/hicad-help.com\/produkt\/spacemouse_enterprise\/#primaryimage"},"thumbnailUrl":"https:\/\/i0.wp.com\/hicad-help.com\/wp-content\/uploads\/2020\/10\/00_Webshop_Main-Image-scaled.jpg?fit=2560%2C1792&ssl=1","datePublished":"2020-10-04T09:05:00+00:00","dateModified":"2022-09-20T13:22:26+00:00","breadcrumb":{"@id":"https:\/\/hicad-help.com\/produkt\/spacemouse_enterprise\/#breadcrumb"},"inLanguage":"de","potentialAction":[{"@type":"ReadAction","target":["https:\/\/hicad-help.com\/produkt\/spacemouse_enterprise\/"]}]},{"@type":"ImageObject","inLanguage":"de","@id":"https:\/\/hicad-help.com\/produkt\/spacemouse_enterprise\/#primaryimage","url":"https:\/\/i0.wp.com\/hicad-help.com\/wp-content\/uploads\/2020\/10\/00_Webshop_Main-Image-scaled.jpg?fit=2560%2C1792&ssl=1","contentUrl":"https:\/\/i0.wp.com\/hicad-help.com\/wp-content\/uploads\/2020\/10\/00_Webshop_Main-Image-scaled.jpg?fit=2560%2C1792&ssl=1","width":2560,"height":1792},{"@type":"BreadcrumbList","@id":"https:\/\/hicad-help.com\/produkt\/spacemouse_enterprise\/#breadcrumb","itemListElement":[{"@type":"ListItem","position":1,"name":"Startseite","item":"https:\/\/hicad-help.com\/"},{"@type":"ListItem","position":2,"name":"Shop","item":"https:\/\/hicad-help.com\/en\/shop\/"},{"@type":"ListItem","position":3,"name":"SpaceMouse Enterprise"}]},{"@type":"WebSite","@id":"https:\/\/hicad-help.com\/de_de\/#website","url":"https:\/\/hicad-help.com\/de_de\/","name":"hicad-help.com","description":"Hilfeseite f\u00fcr HiCAD","potentialAction":[{"@type":"SearchAction","target":{"@type":"EntryPoint","urlTemplate":"https:\/\/hicad-help.com\/de_de\/?s={search_term_string}"},"query-input":{"@type":"PropertyValueSpecification","valueRequired":true,"valueName":"search_term_string"}}],"inLanguage":"de"}]}},"jetpack_sharing_enabled":true,"_links":{"self":[{"href":"https:\/\/hicad-help.com\/de_de\/wp-json\/wp\/v2\/product\/392","targetHints":{"allow":["GET"]}}],"collection":[{"href":"https:\/\/hicad-help.com\/de_de\/wp-json\/wp\/v2\/product"}],"about":[{"href":"https:\/\/hicad-help.com\/de_de\/wp-json\/wp\/v2\/types\/product"}],"replies":[{"embeddable":true,"href":"https:\/\/hicad-help.com\/de_de\/wp-json\/wp\/v2\/comments?post=392"}],"wp:featuredmedia":[{"embeddable":true,"href":"https:\/\/hicad-help.com\/de_de\/wp-json\/wp\/v2\/media\/2741"}],"wp:attachment":[{"href":"https:\/\/hicad-help.com\/de_de\/wp-json\/wp\/v2\/media?parent=392"}],"wp:term":[{"taxonomy":"product_brand","embeddable":true,"href":"https:\/\/hicad-help.com\/de_de\/wp-json\/wp\/v2\/product_brand?post=392"},{"taxonomy":"product_cat","embeddable":true,"href":"https:\/\/hicad-help.com\/de_de\/wp-json\/wp\/v2\/product_cat?post=392"},{"taxonomy":"product_tag","embeddable":true,"href":"https:\/\/hicad-help.com\/de_de\/wp-json\/wp\/v2\/product_tag?post=392"}],"curies":[{"name":"wp","href":"https:\/\/api.w.org\/{rel}","templated":true}]}}