{"id":1124,"date":"2020-11-02T19:51:44","date_gmt":"2020-11-02T18:51:44","guid":{"rendered":"https:\/\/hicad-help.com\/?page_id=1124"},"modified":"2021-04-07T08:47:41","modified_gmt":"2021-04-07T06:47:41","slug":"hilfe-stuecklisten","status":"publish","type":"page","link":"https:\/\/hicad-help.com\/en\/hilfe-stuecklisten\/","title":{"rendered":"Parts lists"},"content":{"rendered":"<div id=\"ez-toc-container\" class=\"ez-toc-v2_0_81 counter-hierarchy ez-toc-counter ez-toc-transparent ez-toc-container-direction\">\n<p class=\"ez-toc-title\" style=\"cursor:inherit\">Inhaltsverzeichnis<\/p>\n<label for=\"ez-toc-cssicon-toggle-item-69e7e6d092b11\" class=\"ez-toc-cssicon-toggle-label\"><span class=\"\"><span class=\"eztoc-hide\" style=\"display:none;\">Toggle<\/span><span class=\"ez-toc-icon-toggle-span\"><svg style=\"fill: #000000;color:#000000\" xmlns=\"http:\/\/www.w3.org\/2000\/svg\" class=\"list-377408\" width=\"20px\" height=\"20px\" viewbox=\"0 0 24 24\" fill=\"none\"><path d=\"M6 6H4v2h2V6zm14 0H8v2h12V6zM4 11h2v2H4v-2zm16 0H8v2h12v-2zM4 16h2v2H4v-2zm16 0H8v2h12v-2z\" fill=\"currentColor\"><\/path><\/svg><svg style=\"fill: #000000;color:#000000\" class=\"arrow-unsorted-368013\" xmlns=\"http:\/\/www.w3.org\/2000\/svg\" width=\"10px\" height=\"10px\" viewbox=\"0 0 24 24\" version=\"1.2\" baseprofile=\"tiny\"><path d=\"M18.2 9.3l-6.2-6.3-6.2 6.3c-.2.2-.3.4-.3.7s.1.5.3.7c.2.2.4.3.7.3h11c.3 0 .5-.1.7-.3.2-.2.3-.5.3-.7s-.1-.5-.3-.7zM5.8 14.7l6.2 6.3 6.2-6.3c.2-.2.3-.5.3-.7s-.1-.5-.3-.7c-.2-.2-.4-.3-.7-.3h-11c-.3 0-.5.1-.7.3-.2.2-.3.5-.3.7s.1.5.3.7z\"\/><\/svg><\/span><\/span><\/label><input type=\"checkbox\"  id=\"ez-toc-cssicon-toggle-item-69e7e6d092b11\"  aria-label=\"Toggle\" \/><nav><ul class='ez-toc-list ez-toc-list-level-1' ><li class='ez-toc-page-1 ez-toc-heading-level-2'><a class=\"ez-toc-link ez-toc-heading-1\" href=\"https:\/\/hicad-help.com\/en\/hilfe-stuecklisten\/#Fixlangen-verwenden-fur-Staboptimierung\" >Fixl\u00e4ngen verwenden f\u00fcr Staboptimierung<\/a><\/li><li class='ez-toc-page-1 ez-toc-heading-level-2'><a class=\"ez-toc-link ez-toc-heading-2\" href=\"https:\/\/hicad-help.com\/en\/hilfe-stuecklisten\/#Beschichter-Liste-erzeugen\" >Beschichter Liste erzeugen<\/a><\/li><li class='ez-toc-page-1 ez-toc-heading-level-2'><a class=\"ez-toc-link ez-toc-heading-3\" href=\"https:\/\/hicad-help.com\/en\/hilfe-stuecklisten\/#Materialanforderung-fur-ERPlus\" >Materialanforderung f\u00fcr ERPlus<\/a><\/li><li class='ez-toc-page-1 ez-toc-heading-level-2'><a class=\"ez-toc-link ez-toc-heading-4\" href=\"https:\/\/hicad-help.com\/en\/hilfe-stuecklisten\/#Stuckliste-Aktives-Blatt\" >St\u00fcckliste Aktives Blatt<\/a><\/li><\/ul><\/nav><\/div>\n<p><strong>Letzte \u00c4nderung: 07.04.2021<\/strong> (Diverse Erweiterungen)<\/p><h1 class=\"has-text-align-center wp-block-heading\">HiCAD 2021 | St\u00fcckliste #1 <\/h1><h2 class=\"has-text-align-center wp-block-heading\"><span class=\"ez-toc-section\" id=\"Fixlangen-verwenden-fur-Staboptimierung\"><\/span>Fixl\u00e4ngen verwenden f\u00fcr Staboptimierung<span class=\"ez-toc-section-end\"><\/span><\/h2><hr class=\"wp-block-separator is-style-wide\"\/><p>Ab HiCAD 2021 (2600) ist es m\u00f6glich bei Profilen das Attribut der Fixl\u00e4nge zu definieren. Dies ist ein Beispiel wie man die Teileattribute Maske anpassen k\u00f6nnte um dies auszuwerten.<\/p><p>Wenn das Attribut ausgew\u00e4hlt wird, dann wird das Ausgew\u00e4hlte Profil nicht in der Staboptimierung verwendet, sondern als Fixl\u00e4nge ausgeworfen. <\/p><div class=\"wp-block-image\"><figure class=\"aligncenter size-large\"><img data-recalc-dims=\"1\" loading=\"lazy\" decoding=\"async\" width=\"696\" height=\"33\" src=\"https:\/\/i0.wp.com\/hicad-help.com\/wp-content\/uploads\/2020\/11\/Bild_2020-11-02_202020.png?resize=696%2C33&#038;ssl=1\" alt=\"\" class=\"wp-image-1135\" srcset=\"https:\/\/i0.wp.com\/hicad-help.com\/wp-content\/uploads\/2020\/11\/Bild_2020-11-02_202020.png?w=696&amp;ssl=1 696w, https:\/\/i0.wp.com\/hicad-help.com\/wp-content\/uploads\/2020\/11\/Bild_2020-11-02_202020.png?resize=300%2C14&amp;ssl=1 300w, https:\/\/i0.wp.com\/hicad-help.com\/wp-content\/uploads\/2020\/11\/Bild_2020-11-02_202020.png?resize=16%2C1&amp;ssl=1 16w, https:\/\/i0.wp.com\/hicad-help.com\/wp-content\/uploads\/2020\/11\/Bild_2020-11-02_202020.png?resize=200%2C9&amp;ssl=1 200w, https:\/\/i0.wp.com\/hicad-help.com\/wp-content\/uploads\/2020\/11\/Bild_2020-11-02_202020.png?resize=400%2C19&amp;ssl=1 400w\" sizes=\"auto, (max-width: 696px) 100vw, 696px\" \/><\/figure><\/div><p>Wenn sie dieses Attribut angelegt haben, k\u00f6nnen sie dies auch in den Teileattributen darstellen lassen und weiter auch auswerten lassen.<\/p><div class=\"wp-block-image\"><figure class=\"aligncenter size-large\"><img data-recalc-dims=\"1\" loading=\"lazy\" decoding=\"async\" width=\"579\" height=\"313\" src=\"https:\/\/i0.wp.com\/hicad-help.com\/wp-content\/uploads\/2020\/11\/Bild_2020-11-02_195739.png?resize=579%2C313\" alt=\"\" class=\"wp-image-1130\" srcset=\"https:\/\/i0.wp.com\/hicad-help.com\/wp-content\/uploads\/2020\/11\/Bild_2020-11-02_195739.png?w=579&amp;ssl=1 579w, https:\/\/i0.wp.com\/hicad-help.com\/wp-content\/uploads\/2020\/11\/Bild_2020-11-02_195739.png?resize=300%2C162&amp;ssl=1 300w, https:\/\/i0.wp.com\/hicad-help.com\/wp-content\/uploads\/2020\/11\/Bild_2020-11-02_195739.png?resize=16%2C9&amp;ssl=1 16w, https:\/\/i0.wp.com\/hicad-help.com\/wp-content\/uploads\/2020\/11\/Bild_2020-11-02_195739.png?resize=200%2C108&amp;ssl=1 200w, https:\/\/i0.wp.com\/hicad-help.com\/wp-content\/uploads\/2020\/11\/Bild_2020-11-02_195739.png?resize=400%2C216&amp;ssl=1 400w\" sizes=\"auto, (max-width: 579px) 100vw, 579px\" \/><\/figure><\/div><hr class=\"wp-block-separator is-style-wide\"\/><h1 class=\"has-text-align-center wp-block-heading\">HiCAD 2021 | St\u00fcckliste #2 <\/h1><h2 class=\"has-text-align-center wp-block-heading\"><span class=\"ez-toc-section\" id=\"Beschichter-Liste-erzeugen\"><\/span>Beschichter Liste erzeugen<span class=\"ez-toc-section-end\"><\/span><\/h2><hr class=\"wp-block-separator is-style-wide\"\/><p>In der Excel Ausgabe ist es m\u00f6glich durch das ab\u00e4ndern der Filter in der St\u00fccklistendatei, das in einer Registerkarte von Excel nur die Bilder der Beschichteten Bleche erscheint. Somit hat man auf Knopfdruck eine Fertige Liste welche man dem Beschichter mitgeben kann <\/p><hr class=\"wp-block-separator is-style-wide\"\/><h1 class=\"has-text-align-center wp-block-heading\">HiCAD 2021 | St\u00fcckliste #3 <\/h1><h2 class=\"has-text-align-center wp-block-heading\"><span class=\"ez-toc-section\" id=\"Materialanforderung-fur-ERPlus\"><\/span>Materialanforderung f\u00fcr ERPlus<span class=\"ez-toc-section-end\"><\/span><\/h2><hr class=\"wp-block-separator is-style-wide\"\/><p>Um eine \u00dcbergabedatei an ERPlus zu erzeugen muss man sich grunds\u00e4tzlich als erstes Fragen welche Attribute will man an das ERP System \u00fcbergeben.<\/p><p>Dazu muss man als erstes mal den Artikelstamm des jeweiligen Teils anschauen und sich verschiedene Werte aus dem ERP System in den HiCAD Katalog kopieren. Das wichtigste was das ERP System ben\u00f6tigt ist die Artikelnummer. Diese muss aus dem ERP System genommen werden und in eine Zelle in den Katalog kopiert werden und danach muss eine Verkn\u00fcpfung zu einem Attribut in HiCAD gemacht werden. <\/p><p>So eine Anpassung erfordert auch das Anpassen der Attribute an den Report Manager und danach weiter welche Attribute an Excel kommen und zum Schluss an welcher Stelle diese im Excel ausgewertet werden m\u00fcssen.<\/p><p>Im Gro\u00dfen und ganzen muss man dabei sagen, das dies einige Stunden an Diversen Anpassungen im HiCAD mit sich ziehen und danach m\u00fcssen die Artikel Nummern vom ERP System ins HiCAD kopiert werden. Man muss aber immer dazu sagen, das sich dieses System mit der Zeit aufbaut und man nicht alle Artikelnummern auf einmal eingetragen werden m\u00fcssen sondern nur diese welche beim Aktuellen Projekt ben\u00f6tigt werden. <\/p><div class=\"wp-block-image\"><figure class=\"aligncenter size-large\"><img data-recalc-dims=\"1\" loading=\"lazy\" decoding=\"async\" width=\"720\" height=\"95\" src=\"https:\/\/i0.wp.com\/hicad-help.com\/wp-content\/uploads\/2021\/03\/Bild_2021-03-31_080331-1024x135.png?resize=720%2C95&#038;ssl=1\" alt=\"\" class=\"wp-image-1908\" srcset=\"https:\/\/i0.wp.com\/hicad-help.com\/wp-content\/uploads\/2021\/03\/Bild_2021-03-31_080331.png?resize=1024%2C135&amp;ssl=1 1024w, https:\/\/i0.wp.com\/hicad-help.com\/wp-content\/uploads\/2021\/03\/Bild_2021-03-31_080331.png?resize=300%2C40&amp;ssl=1 300w, https:\/\/i0.wp.com\/hicad-help.com\/wp-content\/uploads\/2021\/03\/Bild_2021-03-31_080331.png?resize=768%2C101&amp;ssl=1 768w, https:\/\/i0.wp.com\/hicad-help.com\/wp-content\/uploads\/2021\/03\/Bild_2021-03-31_080331.png?resize=16%2C2&amp;ssl=1 16w, https:\/\/i0.wp.com\/hicad-help.com\/wp-content\/uploads\/2021\/03\/Bild_2021-03-31_080331.png?resize=1320%2C174&amp;ssl=1 1320w, https:\/\/i0.wp.com\/hicad-help.com\/wp-content\/uploads\/2021\/03\/Bild_2021-03-31_080331.png?resize=200%2C26&amp;ssl=1 200w, https:\/\/i0.wp.com\/hicad-help.com\/wp-content\/uploads\/2021\/03\/Bild_2021-03-31_080331.png?resize=400%2C53&amp;ssl=1 400w, https:\/\/i0.wp.com\/hicad-help.com\/wp-content\/uploads\/2021\/03\/Bild_2021-03-31_080331.png?w=1530&amp;ssl=1 1530w, https:\/\/i0.wp.com\/hicad-help.com\/wp-content\/uploads\/2021\/03\/Bild_2021-03-31_080331.png?w=1440 1440w\" sizes=\"auto, (max-width: 720px) 100vw, 720px\" \/><\/figure><\/div><hr class=\"wp-block-separator is-style-wide\"\/><h1 class=\"has-text-align-center wp-block-heading\">HiCAD 2021 | St\u00fcckliste #4 <\/h1><h2 class=\"has-text-align-center wp-block-heading\"><span class=\"ez-toc-section\" id=\"Stuckliste-Aktives-Blatt\"><\/span>St\u00fcckliste Aktives Blatt<span class=\"ez-toc-section-end\"><\/span><\/h2><hr class=\"wp-block-separator is-style-wide\"\/><p>Sehr oft ben\u00f6tigt man auf einem Zeichnungsblatt wo mehrere Teile drauf sind auch die dazugeh\u00f6rige St\u00fcckliste. Als Beispiel stellen sie sich ein Blatt vor auf dem viele Bleche oder Profile am Blatt sind. Dazu m\u00fcssen sie wie folgt vorgehen.<\/p><p>Gehen sie zu den Einstellungen der St\u00fcckliste.<\/p><div class=\"wp-block-image\"><figure class=\"aligncenter size-large\"><img data-recalc-dims=\"1\" loading=\"lazy\" decoding=\"async\" width=\"158\" height=\"329\" src=\"https:\/\/i0.wp.com\/hicad-help.com\/wp-content\/uploads\/2021\/04\/Bild_2021-04-07_084414.png?resize=158%2C329&#038;ssl=1\" alt=\"\" class=\"wp-image-1998\" srcset=\"https:\/\/i0.wp.com\/hicad-help.com\/wp-content\/uploads\/2021\/04\/Bild_2021-04-07_084414.png?w=158&amp;ssl=1 158w, https:\/\/i0.wp.com\/hicad-help.com\/wp-content\/uploads\/2021\/04\/Bild_2021-04-07_084414.png?resize=144%2C300&amp;ssl=1 144w, https:\/\/i0.wp.com\/hicad-help.com\/wp-content\/uploads\/2021\/04\/Bild_2021-04-07_084414.png?resize=6%2C12&amp;ssl=1 6w\" sizes=\"auto, (max-width: 158px) 100vw, 158px\" \/><\/figure><\/div><p>W\u00e4hlen sie folgende Option aus und schlie\u00dfen sie diesen danach. Wenn sie danach im Aktiven Blatt sind, dann wird diese Einstellung ausgewertet. Vergessen sie nicht diese Option evtl. danach wieder umzustellen sollten sie eine St\u00fcckliste von der kompletten Konstruktion haben m\u00f6chten. <\/p><div class=\"wp-block-image\"><figure class=\"aligncenter size-large\"><img data-recalc-dims=\"1\" loading=\"lazy\" decoding=\"async\" width=\"246\" height=\"440\" src=\"https:\/\/i0.wp.com\/hicad-help.com\/wp-content\/uploads\/2021\/04\/Bild_2021-04-07_084553.png?resize=246%2C440&#038;ssl=1\" alt=\"\" class=\"wp-image-1999\" srcset=\"https:\/\/i0.wp.com\/hicad-help.com\/wp-content\/uploads\/2021\/04\/Bild_2021-04-07_084553.png?w=246&amp;ssl=1 246w, https:\/\/i0.wp.com\/hicad-help.com\/wp-content\/uploads\/2021\/04\/Bild_2021-04-07_084553.png?resize=168%2C300&amp;ssl=1 168w, https:\/\/i0.wp.com\/hicad-help.com\/wp-content\/uploads\/2021\/04\/Bild_2021-04-07_084553.png?resize=7%2C12&amp;ssl=1 7w, https:\/\/i0.wp.com\/hicad-help.com\/wp-content\/uploads\/2021\/04\/Bild_2021-04-07_084553.png?resize=200%2C358&amp;ssl=1 200w\" sizes=\"auto, (max-width: 246px) 100vw, 246px\" \/><\/figure><\/div><hr class=\"wp-block-separator is-style-wide\"\/>","protected":false},"excerpt":{"rendered":"<p>Letzte \u00c4nderung: 07.04.2021 (Diverse Erweiterungen) HiCAD 2021 | St\u00fcckliste #1 Fixl\u00e4ngen verwenden f\u00fcr Staboptimierung Ab HiCAD 2021 (2600) ist es m\u00f6glich bei Profilen das Attribut der Fixl\u00e4nge zu definieren. Dies ist ein Beispiel wie man die Teileattribute Maske anpassen k\u00f6nnte um dies auszuwerten. Wenn das Attribut ausgew\u00e4hlt wird, dann wird das Ausgew\u00e4hlte Profil nicht in [&hellip;]<\/p>\n","protected":false},"author":1,"featured_media":0,"parent":0,"menu_order":0,"comment_status":"closed","ping_status":"closed","template":"","meta":{"_bbp_topic_count":0,"_bbp_reply_count":0,"_bbp_total_topic_count":0,"_bbp_total_reply_count":0,"_bbp_voice_count":0,"_bbp_anonymous_reply_count":0,"_bbp_topic_count_hidden":0,"_bbp_reply_count_hidden":0,"_bbp_forum_subforum_count":0,"pmpro_default_level":"","footnotes":""},"class_list":["post-1124","page","type-page","status-publish","hentry","pmpro-has-access","post"],"yoast_head":"<!-- This site is optimized with the Yoast SEO plugin v27.4 - https:\/\/yoast.com\/product\/yoast-seo-wordpress\/ -->\n<title>St\u00fccklisten - hicad-help.com<\/title>\n<meta name=\"robots\" content=\"index, follow, max-snippet:-1, max-image-preview:large, max-video-preview:-1\" \/>\n<link rel=\"canonical\" href=\"https:\/\/hicad-help.com\/en\/hilfe-stuecklisten\/\" \/>\n<meta property=\"og:locale\" content=\"en_US\" \/>\n<meta property=\"og:type\" content=\"article\" \/>\n<meta property=\"og:title\" content=\"St\u00fccklisten - hicad-help.com\" \/>\n<meta property=\"og:description\" content=\"Letzte \u00c4nderung: 07.04.2021 (Diverse Erweiterungen) HiCAD 2021 | St\u00fcckliste #1 Fixl\u00e4ngen verwenden f\u00fcr Staboptimierung Ab HiCAD 2021 (2600) ist es m\u00f6glich bei Profilen das Attribut der Fixl\u00e4nge zu definieren. Dies ist ein Beispiel wie man die Teileattribute Maske anpassen k\u00f6nnte um dies auszuwerten. Wenn das Attribut ausgew\u00e4hlt wird, dann wird das Ausgew\u00e4hlte Profil nicht in [&hellip;]\" \/>\n<meta property=\"og:url\" content=\"https:\/\/hicad-help.com\/en\/hilfe-stuecklisten\/\" \/>\n<meta property=\"og:site_name\" content=\"hicad-help.com\" \/>\n<meta property=\"article:modified_time\" content=\"2021-04-07T06:47:41+00:00\" \/>\n<meta property=\"og:image\" content=\"https:\/\/hicad-help.com\/wp-content\/uploads\/2020\/11\/Bild_2020-11-02_202020.png\" \/>\n<meta name=\"twitter:card\" content=\"summary_large_image\" \/>\n<meta name=\"twitter:label1\" content=\"Est. reading time\" \/>\n\t<meta name=\"twitter:data1\" content=\"3 minutes\" \/>\n<script type=\"application\/ld+json\" class=\"yoast-schema-graph\">{\"@context\":\"https:\\\/\\\/schema.org\",\"@graph\":[{\"@type\":\"WebPage\",\"@id\":\"https:\\\/\\\/hicad-help.com\\\/de_de\\\/hilfe-stuecklisten\\\/\",\"url\":\"https:\\\/\\\/hicad-help.com\\\/de_de\\\/hilfe-stuecklisten\\\/\",\"name\":\"St\u00fccklisten - hicad-help.com\",\"isPartOf\":{\"@id\":\"https:\\\/\\\/hicad-help.com\\\/de_de\\\/#website\"},\"primaryImageOfPage\":{\"@id\":\"https:\\\/\\\/hicad-help.com\\\/de_de\\\/hilfe-stuecklisten\\\/#primaryimage\"},\"image\":{\"@id\":\"https:\\\/\\\/hicad-help.com\\\/de_de\\\/hilfe-stuecklisten\\\/#primaryimage\"},\"thumbnailUrl\":\"https:\\\/\\\/hicad-help.com\\\/wp-content\\\/uploads\\\/2020\\\/11\\\/Bild_2020-11-02_202020.png\",\"datePublished\":\"2020-11-02T18:51:44+00:00\",\"dateModified\":\"2021-04-07T06:47:41+00:00\",\"breadcrumb\":{\"@id\":\"https:\\\/\\\/hicad-help.com\\\/de_de\\\/hilfe-stuecklisten\\\/#breadcrumb\"},\"inLanguage\":\"en-US\",\"potentialAction\":[{\"@type\":\"ReadAction\",\"target\":[\"https:\\\/\\\/hicad-help.com\\\/de_de\\\/hilfe-stuecklisten\\\/\"]}]},{\"@type\":\"ImageObject\",\"inLanguage\":\"en-US\",\"@id\":\"https:\\\/\\\/hicad-help.com\\\/de_de\\\/hilfe-stuecklisten\\\/#primaryimage\",\"url\":\"https:\\\/\\\/hicad-help.com\\\/wp-content\\\/uploads\\\/2020\\\/11\\\/Bild_2020-11-02_202020.png\",\"contentUrl\":\"https:\\\/\\\/hicad-help.com\\\/wp-content\\\/uploads\\\/2020\\\/11\\\/Bild_2020-11-02_202020.png\"},{\"@type\":\"BreadcrumbList\",\"@id\":\"https:\\\/\\\/hicad-help.com\\\/de_de\\\/hilfe-stuecklisten\\\/#breadcrumb\",\"itemListElement\":[{\"@type\":\"ListItem\",\"position\":1,\"name\":\"Startseite\",\"item\":\"https:\\\/\\\/hicad-help.com\\\/\"},{\"@type\":\"ListItem\",\"position\":2,\"name\":\"St\u00fccklisten\"}]},{\"@type\":\"WebSite\",\"@id\":\"https:\\\/\\\/hicad-help.com\\\/de_de\\\/#website\",\"url\":\"https:\\\/\\\/hicad-help.com\\\/de_de\\\/\",\"name\":\"hicad-help.com\",\"description\":\"Hilfeseite f\u00fcr HiCAD\",\"potentialAction\":[{\"@type\":\"SearchAction\",\"target\":{\"@type\":\"EntryPoint\",\"urlTemplate\":\"https:\\\/\\\/hicad-help.com\\\/de_de\\\/?s={search_term_string}\"},\"query-input\":{\"@type\":\"PropertyValueSpecification\",\"valueRequired\":true,\"valueName\":\"search_term_string\"}}],\"inLanguage\":\"en-US\"}]}<\/script>\n<!-- \/ Yoast SEO plugin. -->","yoast_head_json":{"title":"St\u00fccklisten - hicad-help.com","robots":{"index":"index","follow":"follow","max-snippet":"max-snippet:-1","max-image-preview":"max-image-preview:large","max-video-preview":"max-video-preview:-1"},"canonical":"https:\/\/hicad-help.com\/en\/hilfe-stuecklisten\/","og_locale":"en_US","og_type":"article","og_title":"St\u00fccklisten - hicad-help.com","og_description":"Letzte \u00c4nderung: 07.04.2021 (Diverse Erweiterungen) HiCAD 2021 | St\u00fcckliste #1 Fixl\u00e4ngen verwenden f\u00fcr Staboptimierung Ab HiCAD 2021 (2600) ist es m\u00f6glich bei Profilen das Attribut der Fixl\u00e4nge zu definieren. Dies ist ein Beispiel wie man die Teileattribute Maske anpassen k\u00f6nnte um dies auszuwerten. Wenn das Attribut ausgew\u00e4hlt wird, dann wird das Ausgew\u00e4hlte Profil nicht in [&hellip;]","og_url":"https:\/\/hicad-help.com\/en\/hilfe-stuecklisten\/","og_site_name":"hicad-help.com","article_modified_time":"2021-04-07T06:47:41+00:00","og_image":[{"url":"https:\/\/hicad-help.com\/wp-content\/uploads\/2020\/11\/Bild_2020-11-02_202020.png","type":"","width":"","height":""}],"twitter_card":"summary_large_image","twitter_misc":{"Est. reading time":"3 minutes"},"schema":{"@context":"https:\/\/schema.org","@graph":[{"@type":"WebPage","@id":"https:\/\/hicad-help.com\/de_de\/hilfe-stuecklisten\/","url":"https:\/\/hicad-help.com\/de_de\/hilfe-stuecklisten\/","name":"St\u00fccklisten - hicad-help.com","isPartOf":{"@id":"https:\/\/hicad-help.com\/de_de\/#website"},"primaryImageOfPage":{"@id":"https:\/\/hicad-help.com\/de_de\/hilfe-stuecklisten\/#primaryimage"},"image":{"@id":"https:\/\/hicad-help.com\/de_de\/hilfe-stuecklisten\/#primaryimage"},"thumbnailUrl":"https:\/\/hicad-help.com\/wp-content\/uploads\/2020\/11\/Bild_2020-11-02_202020.png","datePublished":"2020-11-02T18:51:44+00:00","dateModified":"2021-04-07T06:47:41+00:00","breadcrumb":{"@id":"https:\/\/hicad-help.com\/de_de\/hilfe-stuecklisten\/#breadcrumb"},"inLanguage":"en-US","potentialAction":[{"@type":"ReadAction","target":["https:\/\/hicad-help.com\/de_de\/hilfe-stuecklisten\/"]}]},{"@type":"ImageObject","inLanguage":"en-US","@id":"https:\/\/hicad-help.com\/de_de\/hilfe-stuecklisten\/#primaryimage","url":"https:\/\/hicad-help.com\/wp-content\/uploads\/2020\/11\/Bild_2020-11-02_202020.png","contentUrl":"https:\/\/hicad-help.com\/wp-content\/uploads\/2020\/11\/Bild_2020-11-02_202020.png"},{"@type":"BreadcrumbList","@id":"https:\/\/hicad-help.com\/de_de\/hilfe-stuecklisten\/#breadcrumb","itemListElement":[{"@type":"ListItem","position":1,"name":"Startseite","item":"https:\/\/hicad-help.com\/"},{"@type":"ListItem","position":2,"name":"St\u00fccklisten"}]},{"@type":"WebSite","@id":"https:\/\/hicad-help.com\/de_de\/#website","url":"https:\/\/hicad-help.com\/de_de\/","name":"hicad-help.com","description":"Help page for HiCAD","potentialAction":[{"@type":"SearchAction","target":{"@type":"EntryPoint","urlTemplate":"https:\/\/hicad-help.com\/de_de\/?s={search_term_string}"},"query-input":{"@type":"PropertyValueSpecification","valueRequired":true,"valueName":"search_term_string"}}],"inLanguage":"en-US"}]}},"jetpack_sharing_enabled":true,"_links":{"self":[{"href":"https:\/\/hicad-help.com\/en\/wp-json\/wp\/v2\/pages\/1124","targetHints":{"allow":["GET"]}}],"collection":[{"href":"https:\/\/hicad-help.com\/en\/wp-json\/wp\/v2\/pages"}],"about":[{"href":"https:\/\/hicad-help.com\/en\/wp-json\/wp\/v2\/types\/page"}],"author":[{"embeddable":true,"href":"https:\/\/hicad-help.com\/en\/wp-json\/wp\/v2\/users\/1"}],"replies":[{"embeddable":true,"href":"https:\/\/hicad-help.com\/en\/wp-json\/wp\/v2\/comments?post=1124"}],"version-history":[{"count":0,"href":"https:\/\/hicad-help.com\/en\/wp-json\/wp\/v2\/pages\/1124\/revisions"}],"wp:attachment":[{"href":"https:\/\/hicad-help.com\/en\/wp-json\/wp\/v2\/media?parent=1124"}],"curies":[{"name":"wp","href":"https:\/\/api.w.org\/{rel}","templated":true}]}}