{"id":1278,"date":"2020-12-01T07:43:06","date_gmt":"2020-12-01T06:43:06","guid":{"rendered":"https:\/\/hicad-help.com\/?page_id=1278"},"modified":"2025-02-20T09:25:41","modified_gmt":"2025-02-20T08:25:41","slug":"sponsoren-hicad-help","status":"publish","type":"page","link":"https:\/\/hicad-help.com\/en\/sponsoren-hicad-help\/","title":{"rendered":"Sponsors"},"content":{"rendered":"<h2 class=\"wp-block-heading has-text-align-center\" id=\"sponsoren-planungsb\u00fcro\">Planungsb\u00fcros<\/h2><hr class=\"wp-block-separator has-css-opacity is-style-wide\"\/><div style=\"height:10px\" aria-hidden=\"true\" class=\"wp-block-spacer\"><\/div><div class=\"wp-block-columns is-layout-flex wp-container-core-columns-is-layout-9d6595d7 wp-block-columns-is-layout-flex\"><div class=\"wp-block-column is-vertically-aligned-center is-layout-flow wp-block-column-is-layout-flow\"><figure class=\"wp-block-image size-large\"><img data-recalc-dims=\"1\" loading=\"lazy\" decoding=\"async\" width=\"720\" height=\"240\" src=\"https:\/\/i0.wp.com\/hicad-help.com\/wp-content\/uploads\/2025\/02\/Logo_Metall_Hallinger_finish.png?resize=720%2C240\" alt=\"\" class=\"wp-image-3762\" srcset=\"https:\/\/i0.wp.com\/hicad-help.com\/wp-content\/uploads\/2025\/02\/Logo_Metall_Hallinger_finish.png?resize=1024%2C342&amp;ssl=1 1024w, https:\/\/i0.wp.com\/hicad-help.com\/wp-content\/uploads\/2025\/02\/Logo_Metall_Hallinger_finish.png?resize=300%2C100&amp;ssl=1 300w, https:\/\/i0.wp.com\/hicad-help.com\/wp-content\/uploads\/2025\/02\/Logo_Metall_Hallinger_finish.png?resize=768%2C256&amp;ssl=1 768w, https:\/\/i0.wp.com\/hicad-help.com\/wp-content\/uploads\/2025\/02\/Logo_Metall_Hallinger_finish.png?resize=1536%2C512&amp;ssl=1 1536w, https:\/\/i0.wp.com\/hicad-help.com\/wp-content\/uploads\/2025\/02\/Logo_Metall_Hallinger_finish.png?resize=18%2C6&amp;ssl=1 18w, https:\/\/i0.wp.com\/hicad-help.com\/wp-content\/uploads\/2025\/02\/Logo_Metall_Hallinger_finish.png?resize=200%2C67&amp;ssl=1 200w, https:\/\/i0.wp.com\/hicad-help.com\/wp-content\/uploads\/2025\/02\/Logo_Metall_Hallinger_finish.png?resize=400%2C133&amp;ssl=1 400w, https:\/\/i0.wp.com\/hicad-help.com\/wp-content\/uploads\/2025\/02\/Logo_Metall_Hallinger_finish.png?w=1772&amp;ssl=1 1772w, https:\/\/i0.wp.com\/hicad-help.com\/wp-content\/uploads\/2025\/02\/Logo_Metall_Hallinger_finish.png?w=1440 1440w\" sizes=\"auto, (max-width: 720px) 100vw, 720px\" \/><\/figure><\/div>\n\n<div class=\"wp-block-column is-layout-flow wp-block-column-is-layout-flow\"><p class=\"has-text-align-right\"><strong>METALL HALLINGER GmbH<\/strong><\/p>\n\n<p class=\"has-text-align-right\">M\u00fchlbach 454<\/p>\n\n<p class=\"has-text-align-right\">5505 M\u00fchlbach am Hochk\u00f6nig I Austria<\/p>\n\n<p class=\"has-text-align-right\">+43&nbsp;676 4054047<\/p>\n\n<p class=\"has-text-align-right\"><a href=\"mailto:metall@hallinger.at\">metall@hallinger.at<\/a><\/p>\n\n<p class=\"has-text-align-right\"><a href=\"www.hallinger.at\">www.hallinger.at<\/a><\/p><\/div><\/div><div style=\"height:10px\" aria-hidden=\"true\" class=\"wp-block-spacer\"><\/div><hr class=\"wp-block-separator has-css-opacity is-style-wide\"\/><div style=\"height:10px\" aria-hidden=\"true\" class=\"wp-block-spacer\"><\/div><div class=\"wp-block-columns is-layout-flex wp-container-core-columns-is-layout-9d6595d7 wp-block-columns-is-layout-flex\"><div class=\"wp-block-column is-vertically-aligned-center is-layout-flow wp-block-column-is-layout-flow\"><figure class=\"wp-block-image alignwide size-large is-style-default\"><a href=\"http:\/\/www.mo-office.at\/\" target=\"_blank\" rel=\"noopener noreferrer\"><img data-recalc-dims=\"1\" loading=\"lazy\" decoding=\"async\" width=\"386\" height=\"193\" src=\"https:\/\/i0.wp.com\/hicad-help.com\/wp-content\/uploads\/2020\/12\/MO_386x193.png?resize=386%2C193\" alt=\"\" class=\"wp-image-1324\" srcset=\"https:\/\/i0.wp.com\/hicad-help.com\/wp-content\/uploads\/2020\/12\/MO_386x193.png?w=386&amp;ssl=1 386w, https:\/\/i0.wp.com\/hicad-help.com\/wp-content\/uploads\/2020\/12\/MO_386x193.png?resize=300%2C150&amp;ssl=1 300w, https:\/\/i0.wp.com\/hicad-help.com\/wp-content\/uploads\/2020\/12\/MO_386x193.png?resize=16%2C8&amp;ssl=1 16w, https:\/\/i0.wp.com\/hicad-help.com\/wp-content\/uploads\/2020\/12\/MO_386x193.png?resize=200%2C100&amp;ssl=1 200w\" sizes=\"auto, (max-width: 386px) 100vw, 386px\" \/><\/a><\/figure><\/div>\n\n<div class=\"wp-block-column is-vertically-aligned-center is-layout-flow wp-block-column-is-layout-flow\" style=\"flex-basis:70%\"><div class=\"wp-block-group\"><div class=\"wp-block-group__inner-container is-layout-flow wp-block-group-is-layout-flow\"><div class=\"wp-block-group\"><div class=\"wp-block-group__inner-container is-layout-flow wp-block-group-is-layout-flow\"><p class=\"has-text-align-right\"><strong>MO|Oliver M\u00fcller<\/strong><\/p><\/div><\/div>\n\n<p class=\"has-text-align-right\">Mobil: +43 (0)676 6451065<\/p>\n\n<p class=\"has-text-align-right\"><a href=\"mailto:oliver.mueller@mo-office.at\" target=\"_blank\" rel=\"noreferrer noopener\">oliver.mueller@mo-office.at<\/a><\/p>\n\n<p class=\"has-text-align-right\"><a href=\"http:\/\/www.mo-office.at\" target=\"_blank\" rel=\"noreferrer noopener\"><strong>www.mo-office.at<\/strong><\/a><\/p><\/div><\/div><\/div><\/div><div style=\"height:10px\" aria-hidden=\"true\" class=\"wp-block-spacer\"><\/div><hr class=\"wp-block-separator has-css-opacity is-style-wide\"\/><div style=\"height:10px\" aria-hidden=\"true\" class=\"wp-block-spacer\"><\/div><div class=\"wp-block-columns is-layout-flex wp-container-core-columns-is-layout-9d6595d7 wp-block-columns-is-layout-flex\"><div class=\"wp-block-column is-layout-flow wp-block-column-is-layout-flow\"><\/div>\n\n<div class=\"wp-block-column is-layout-flow wp-block-column-is-layout-flow\"><p class=\"has-text-align-right\"><strong>Peter Rieser<\/strong><\/p>\n\n<p class=\"has-text-align-right\"><em>I<\/em><strong><em>xect Consulting DWC-LLC<\/em><\/strong><\/p>\n\n<p class=\"has-text-align-right\">DWC Business Center, Building A3, 3rd floor<\/p>\n\n<p class=\"has-text-align-right\">Dubai Aviation City, P. O. Box: 390667, Dubai, U.A.E.<\/p><\/div><\/div><div style=\"height:10px\" aria-hidden=\"true\" class=\"wp-block-spacer\"><\/div><hr class=\"wp-block-separator has-css-opacity is-style-wide\"\/><div style=\"height:10px\" aria-hidden=\"true\" class=\"wp-block-spacer\"><\/div><h2 class=\"wp-block-heading has-text-align-center\" id=\"sponsoren-planungsb\u00fcro\">Fertigungsbetriebe<\/h2><div style=\"height:10px\" aria-hidden=\"true\" class=\"wp-block-spacer\"><\/div><hr class=\"wp-block-separator has-css-opacity is-style-wide\"\/><div class=\"wp-block-columns is-layout-flex wp-container-core-columns-is-layout-9d6595d7 wp-block-columns-is-layout-flex\"><div class=\"wp-block-column is-vertically-aligned-center is-layout-flow wp-block-column-is-layout-flow\"><figure class=\"wp-block-image alignwide size-large is-style-default\"><a href=\"http:\/\/www.metallform.it\/\" target=\"_blank\" rel=\"noopener noreferrer\"><img data-recalc-dims=\"1\" loading=\"lazy\" decoding=\"async\" width=\"204\" height=\"71\" src=\"https:\/\/i0.wp.com\/hicad-help.com\/wp-content\/uploads\/2020\/12\/Pezzei.jpg?resize=204%2C71\" alt=\"\" class=\"wp-image-1664\" srcset=\"https:\/\/i0.wp.com\/hicad-help.com\/wp-content\/uploads\/2020\/12\/Pezzei.jpg?w=204&amp;ssl=1 204w, https:\/\/i0.wp.com\/hicad-help.com\/wp-content\/uploads\/2020\/12\/Pezzei.jpg?resize=16%2C6&amp;ssl=1 16w, https:\/\/i0.wp.com\/hicad-help.com\/wp-content\/uploads\/2020\/12\/Pezzei.jpg?resize=200%2C70&amp;ssl=1 200w\" sizes=\"auto, (max-width: 204px) 100vw, 204px\" \/><\/a><\/figure><\/div>\n\n<div class=\"wp-block-column is-vertically-aligned-center is-layout-flow wp-block-column-is-layout-flow\" style=\"flex-basis:70%\"><div class=\"wp-block-group\"><div class=\"wp-block-group__inner-container is-layout-flow wp-block-group-is-layout-flow\"><div class=\"wp-block-group\"><div class=\"wp-block-group__inner-container is-layout-flow wp-block-group-is-layout-flow\"><p class=\"has-text-align-right\"><strong>Martin Pezzei<\/strong><\/p><\/div><\/div>\n\n<p class=\"has-text-align-right\"><a href=\"mailto:pezzei@metallform.it\" target=\"_blank\" rel=\"noreferrer noopener\">pezzei@metallform.it<\/a><\/p>\n\n<p class=\"has-text-align-right\"><a href=\"http:\/\/www.metallform.it\/\" target=\"_blank\" rel=\"noreferrer noopener\"><strong>www.metallform.it<\/strong><\/a><\/p><\/div><\/div><\/div><\/div><hr class=\"wp-block-separator has-css-opacity is-style-wide\"\/><div class=\"wp-block-group\"><div class=\"wp-block-group__inner-container is-layout-flow wp-block-group-is-layout-flow\"><p><\/p><\/div><\/div><div class=\"wp-block-columns is-layout-flex wp-container-core-columns-is-layout-9d6595d7 wp-block-columns-is-layout-flex\"><div class=\"wp-block-column is-vertically-aligned-center is-layout-flow wp-block-column-is-layout-flow\"><figure class=\"wp-block-image alignwide size-full is-style-default\"><img data-recalc-dims=\"1\" loading=\"lazy\" decoding=\"async\" width=\"192\" height=\"110\" src=\"https:\/\/i0.wp.com\/hicad-help.com\/wp-content\/uploads\/2021\/12\/Bild_2021-12-30_164257.png?resize=192%2C110&#038;ssl=1\" alt=\"\" class=\"wp-image-2456\" srcset=\"https:\/\/i0.wp.com\/hicad-help.com\/wp-content\/uploads\/2021\/12\/Bild_2021-12-30_164257.png?w=192&amp;ssl=1 192w, https:\/\/i0.wp.com\/hicad-help.com\/wp-content\/uploads\/2021\/12\/Bild_2021-12-30_164257.png?resize=18%2C10&amp;ssl=1 18w\" sizes=\"auto, (max-width: 192px) 100vw, 192px\" \/><\/figure><\/div>\n\n<div class=\"wp-block-column is-vertically-aligned-center is-layout-flow wp-block-column-is-layout-flow\" style=\"flex-basis:70%\"><div class=\"wp-block-group\"><div class=\"wp-block-group__inner-container is-layout-flow wp-block-group-is-layout-flow\"><div class=\"wp-block-group\"><div class=\"wp-block-group__inner-container is-layout-flow wp-block-group-is-layout-flow\"><p class=\"has-text-align-right\"><strong>Schlosserei Wenger<\/strong><\/p>\n\n<p class=\"has-text-align-right\">Ganshofstra\u00dfe 21<\/p>\n\n<p class=\"has-text-align-right\">5020 Salzburg<\/p><\/div><\/div>\n\n<p class=\"has-text-align-right\"><a href=\"mailto:buero@schlosserei-wenger.at\">buero@schlosserei-wenger.at<\/a><\/p>\n\n<p class=\"has-text-align-right\"><a href=\"http:\/\/www.schlosserei-wenger.at\" target=\"_blank\" rel=\"noreferrer noopener\"><strong>www.schlosserei-wenger.at<\/strong><\/a><\/p><\/div><\/div><\/div><\/div><hr class=\"wp-block-separator has-css-opacity is-style-wide\"\/>","protected":false},"excerpt":{"rendered":"<p>Planungsb\u00fcros METALL HALLINGER GmbH M\u00fchlbach 454 5505 M\u00fchlbach am Hochk\u00f6nig I Austria +43&nbsp;676 4054047 metall@hallinger.at www.hallinger.at MO|Oliver M\u00fcller Mobil: +43 (0)676 6451065 oliver.mueller@mo-office.at www.mo-office.at Peter Rieser Ixect Consulting DWC-LLC DWC Business Center, Building A3, 3rd floor Dubai Aviation City, P. O. Box: 390667, Dubai, U.A.E. Fertigungsbetriebe Martin Pezzei pezzei@metallform.it www.metallform.it Schlosserei Wenger Ganshofstra\u00dfe 21 5020 [&hellip;]<\/p>\n","protected":false},"author":1,"featured_media":0,"parent":0,"menu_order":0,"comment_status":"closed","ping_status":"closed","template":"","meta":{"_bbp_topic_count":0,"_bbp_reply_count":0,"_bbp_total_topic_count":0,"_bbp_total_reply_count":0,"_bbp_voice_count":0,"_bbp_anonymous_reply_count":0,"_bbp_topic_count_hidden":0,"_bbp_reply_count_hidden":0,"_bbp_forum_subforum_count":0,"pmpro_default_level":"","footnotes":""},"class_list":["post-1278","page","type-page","status-publish","hentry","pmpro-has-access","post"],"yoast_head":"<!-- This site is optimized with the Yoast SEO plugin v27.4 - https:\/\/yoast.com\/product\/yoast-seo-wordpress\/ -->\n<title>Sponsoren - hicad-help.com<\/title>\n<meta name=\"description\" content=\"Ich m\u00f6chte mich bei meinen Sponsoren bedanken. Es ist extrem Hilfreich wenn ich so eine Tatkr\u00e4ftige Unterst\u00fctzung habe. Es hilft mir auch absolut die Finanzielle Last zu tragen welche ich aus komplett privaten Mitteln trage\" \/>\n<meta name=\"robots\" content=\"index, follow, max-snippet:-1, max-image-preview:large, max-video-preview:-1\" \/>\n<link rel=\"canonical\" href=\"https:\/\/hicad-help.com\/en\/sponsoren-hicad-help\/\" \/>\n<meta property=\"og:locale\" content=\"en_US\" \/>\n<meta property=\"og:type\" content=\"article\" \/>\n<meta property=\"og:title\" content=\"Sponsoren - hicad-help.com\" \/>\n<meta property=\"og:description\" content=\"Ich m\u00f6chte mich bei meinen Sponsoren bedanken. Es ist extrem Hilfreich wenn ich so eine Tatkr\u00e4ftige Unterst\u00fctzung habe. Es hilft mir auch absolut die Finanzielle Last zu tragen welche ich aus komplett privaten Mitteln trage\" \/>\n<meta property=\"og:url\" content=\"https:\/\/hicad-help.com\/en\/sponsoren-hicad-help\/\" \/>\n<meta property=\"og:site_name\" content=\"hicad-help.com\" \/>\n<meta property=\"article:modified_time\" content=\"2025-02-20T08:25:41+00:00\" \/>\n<meta property=\"og:image\" content=\"http:\/\/hicad-help.com\/wp-content\/uploads\/2025\/02\/Logo_Metall_Hallinger_finish-1024x342.png\" \/>\n<meta name=\"twitter:card\" content=\"summary_large_image\" \/>\n<meta name=\"twitter:label1\" content=\"Est. reading time\" \/>\n\t<meta name=\"twitter:data1\" content=\"2 minutes\" \/>\n<script type=\"application\/ld+json\" class=\"yoast-schema-graph\">{\"@context\":\"https:\\\/\\\/schema.org\",\"@graph\":[{\"@type\":\"WebPage\",\"@id\":\"https:\\\/\\\/hicad-help.com\\\/sponsoren-hicad-help\\\/\",\"url\":\"https:\\\/\\\/hicad-help.com\\\/sponsoren-hicad-help\\\/\",\"name\":\"Sponsoren - hicad-help.com\",\"isPartOf\":{\"@id\":\"https:\\\/\\\/hicad-help.com\\\/de_de\\\/#website\"},\"primaryImageOfPage\":{\"@id\":\"https:\\\/\\\/hicad-help.com\\\/sponsoren-hicad-help\\\/#primaryimage\"},\"image\":{\"@id\":\"https:\\\/\\\/hicad-help.com\\\/sponsoren-hicad-help\\\/#primaryimage\"},\"thumbnailUrl\":\"http:\\\/\\\/hicad-help.com\\\/wp-content\\\/uploads\\\/2025\\\/02\\\/Logo_Metall_Hallinger_finish-1024x342.png\",\"datePublished\":\"2020-12-01T06:43:06+00:00\",\"dateModified\":\"2025-02-20T08:25:41+00:00\",\"description\":\"Ich m\u00f6chte mich bei meinen Sponsoren bedanken. Es ist extrem Hilfreich wenn ich so eine Tatkr\u00e4ftige Unterst\u00fctzung habe. Es hilft mir auch absolut die Finanzielle Last zu tragen welche ich aus komplett privaten Mitteln trage\",\"breadcrumb\":{\"@id\":\"https:\\\/\\\/hicad-help.com\\\/sponsoren-hicad-help\\\/#breadcrumb\"},\"inLanguage\":\"en-US\",\"potentialAction\":[{\"@type\":\"ReadAction\",\"target\":[\"https:\\\/\\\/hicad-help.com\\\/sponsoren-hicad-help\\\/\"]}]},{\"@type\":\"ImageObject\",\"inLanguage\":\"en-US\",\"@id\":\"https:\\\/\\\/hicad-help.com\\\/sponsoren-hicad-help\\\/#primaryimage\",\"url\":\"http:\\\/\\\/hicad-help.com\\\/wp-content\\\/uploads\\\/2025\\\/02\\\/Logo_Metall_Hallinger_finish-1024x342.png\",\"contentUrl\":\"http:\\\/\\\/hicad-help.com\\\/wp-content\\\/uploads\\\/2025\\\/02\\\/Logo_Metall_Hallinger_finish-1024x342.png\"},{\"@type\":\"BreadcrumbList\",\"@id\":\"https:\\\/\\\/hicad-help.com\\\/sponsoren-hicad-help\\\/#breadcrumb\",\"itemListElement\":[{\"@type\":\"ListItem\",\"position\":1,\"name\":\"Startseite\",\"item\":\"https:\\\/\\\/hicad-help.com\\\/\"},{\"@type\":\"ListItem\",\"position\":2,\"name\":\"Sponsoren\"}]},{\"@type\":\"WebSite\",\"@id\":\"https:\\\/\\\/hicad-help.com\\\/de_de\\\/#website\",\"url\":\"https:\\\/\\\/hicad-help.com\\\/de_de\\\/\",\"name\":\"hicad-help.com\",\"description\":\"Hilfeseite f\u00fcr HiCAD\",\"potentialAction\":[{\"@type\":\"SearchAction\",\"target\":{\"@type\":\"EntryPoint\",\"urlTemplate\":\"https:\\\/\\\/hicad-help.com\\\/de_de\\\/?s={search_term_string}\"},\"query-input\":{\"@type\":\"PropertyValueSpecification\",\"valueRequired\":true,\"valueName\":\"search_term_string\"}}],\"inLanguage\":\"en-US\"}]}<\/script>\n<!-- \/ Yoast SEO plugin. -->","yoast_head_json":{"title":"Sponsoren - hicad-help.com","description":"Ich m\u00f6chte mich bei meinen Sponsoren bedanken. Es ist extrem Hilfreich wenn ich so eine Tatkr\u00e4ftige Unterst\u00fctzung habe. Es hilft mir auch absolut die Finanzielle Last zu tragen welche ich aus komplett privaten Mitteln trage","robots":{"index":"index","follow":"follow","max-snippet":"max-snippet:-1","max-image-preview":"max-image-preview:large","max-video-preview":"max-video-preview:-1"},"canonical":"https:\/\/hicad-help.com\/en\/sponsoren-hicad-help\/","og_locale":"en_US","og_type":"article","og_title":"Sponsoren - hicad-help.com","og_description":"Ich m\u00f6chte mich bei meinen Sponsoren bedanken. Es ist extrem Hilfreich wenn ich so eine Tatkr\u00e4ftige Unterst\u00fctzung habe. Es hilft mir auch absolut die Finanzielle Last zu tragen welche ich aus komplett privaten Mitteln trage","og_url":"https:\/\/hicad-help.com\/en\/sponsoren-hicad-help\/","og_site_name":"hicad-help.com","article_modified_time":"2025-02-20T08:25:41+00:00","og_image":[{"url":"http:\/\/hicad-help.com\/wp-content\/uploads\/2025\/02\/Logo_Metall_Hallinger_finish-1024x342.png","type":"","width":"","height":""}],"twitter_card":"summary_large_image","twitter_misc":{"Est. reading time":"2 minutes"},"schema":{"@context":"https:\/\/schema.org","@graph":[{"@type":"WebPage","@id":"https:\/\/hicad-help.com\/sponsoren-hicad-help\/","url":"https:\/\/hicad-help.com\/sponsoren-hicad-help\/","name":"Sponsoren - hicad-help.com","isPartOf":{"@id":"https:\/\/hicad-help.com\/de_de\/#website"},"primaryImageOfPage":{"@id":"https:\/\/hicad-help.com\/sponsoren-hicad-help\/#primaryimage"},"image":{"@id":"https:\/\/hicad-help.com\/sponsoren-hicad-help\/#primaryimage"},"thumbnailUrl":"http:\/\/hicad-help.com\/wp-content\/uploads\/2025\/02\/Logo_Metall_Hallinger_finish-1024x342.png","datePublished":"2020-12-01T06:43:06+00:00","dateModified":"2025-02-20T08:25:41+00:00","description":"Ich m\u00f6chte mich bei meinen Sponsoren bedanken. Es ist extrem Hilfreich wenn ich so eine Tatkr\u00e4ftige Unterst\u00fctzung habe. Es hilft mir auch absolut die Finanzielle Last zu tragen welche ich aus komplett privaten Mitteln trage","breadcrumb":{"@id":"https:\/\/hicad-help.com\/sponsoren-hicad-help\/#breadcrumb"},"inLanguage":"en-US","potentialAction":[{"@type":"ReadAction","target":["https:\/\/hicad-help.com\/sponsoren-hicad-help\/"]}]},{"@type":"ImageObject","inLanguage":"en-US","@id":"https:\/\/hicad-help.com\/sponsoren-hicad-help\/#primaryimage","url":"http:\/\/hicad-help.com\/wp-content\/uploads\/2025\/02\/Logo_Metall_Hallinger_finish-1024x342.png","contentUrl":"http:\/\/hicad-help.com\/wp-content\/uploads\/2025\/02\/Logo_Metall_Hallinger_finish-1024x342.png"},{"@type":"BreadcrumbList","@id":"https:\/\/hicad-help.com\/sponsoren-hicad-help\/#breadcrumb","itemListElement":[{"@type":"ListItem","position":1,"name":"Startseite","item":"https:\/\/hicad-help.com\/"},{"@type":"ListItem","position":2,"name":"Sponsoren"}]},{"@type":"WebSite","@id":"https:\/\/hicad-help.com\/de_de\/#website","url":"https:\/\/hicad-help.com\/de_de\/","name":"hicad-help.com","description":"Help page for HiCAD","potentialAction":[{"@type":"SearchAction","target":{"@type":"EntryPoint","urlTemplate":"https:\/\/hicad-help.com\/de_de\/?s={search_term_string}"},"query-input":{"@type":"PropertyValueSpecification","valueRequired":true,"valueName":"search_term_string"}}],"inLanguage":"en-US"}]}},"jetpack_sharing_enabled":true,"_links":{"self":[{"href":"https:\/\/hicad-help.com\/en\/wp-json\/wp\/v2\/pages\/1278","targetHints":{"allow":["GET"]}}],"collection":[{"href":"https:\/\/hicad-help.com\/en\/wp-json\/wp\/v2\/pages"}],"about":[{"href":"https:\/\/hicad-help.com\/en\/wp-json\/wp\/v2\/types\/page"}],"author":[{"embeddable":true,"href":"https:\/\/hicad-help.com\/en\/wp-json\/wp\/v2\/users\/1"}],"replies":[{"embeddable":true,"href":"https:\/\/hicad-help.com\/en\/wp-json\/wp\/v2\/comments?post=1278"}],"version-history":[{"count":0,"href":"https:\/\/hicad-help.com\/en\/wp-json\/wp\/v2\/pages\/1278\/revisions"}],"wp:attachment":[{"href":"https:\/\/hicad-help.com\/en\/wp-json\/wp\/v2\/media?parent=1278"}],"curies":[{"name":"wp","href":"https:\/\/api.w.org\/{rel}","templated":true}]}}