{"id":2514,"date":"2022-02-21T19:33:18","date_gmt":"2022-02-21T18:33:18","guid":{"rendered":"https:\/\/hicad-help.com\/?page_id=2514"},"modified":"2022-02-21T20:37:06","modified_gmt":"2022-02-21T19:37:06","slug":"metallbau","status":"publish","type":"page","link":"https:\/\/hicad-help.com\/en\/metallbau\/","title":{"rendered":"Metal construction"},"content":{"rendered":"<div id=\"ez-toc-container\" class=\"ez-toc-v2_0_81 counter-hierarchy ez-toc-counter ez-toc-transparent ez-toc-container-direction\">\n<p class=\"ez-toc-title\" style=\"cursor:inherit\">Inhaltsverzeichnis<\/p>\n<label for=\"ez-toc-cssicon-toggle-item-69e785446953b\" class=\"ez-toc-cssicon-toggle-label\"><span class=\"\"><span class=\"eztoc-hide\" style=\"display:none;\">Toggle<\/span><span class=\"ez-toc-icon-toggle-span\"><svg style=\"fill: #000000;color:#000000\" xmlns=\"http:\/\/www.w3.org\/2000\/svg\" class=\"list-377408\" width=\"20px\" height=\"20px\" viewbox=\"0 0 24 24\" fill=\"none\"><path d=\"M6 6H4v2h2V6zm14 0H8v2h12V6zM4 11h2v2H4v-2zm16 0H8v2h12v-2zM4 16h2v2H4v-2zm16 0H8v2h12v-2z\" fill=\"currentColor\"><\/path><\/svg><svg style=\"fill: #000000;color:#000000\" class=\"arrow-unsorted-368013\" xmlns=\"http:\/\/www.w3.org\/2000\/svg\" width=\"10px\" height=\"10px\" viewbox=\"0 0 24 24\" version=\"1.2\" baseprofile=\"tiny\"><path d=\"M18.2 9.3l-6.2-6.3-6.2 6.3c-.2.2-.3.4-.3.7s.1.5.3.7c.2.2.4.3.7.3h11c.3 0 .5-.1.7-.3.2-.2.3-.5.3-.7s-.1-.5-.3-.7zM5.8 14.7l6.2 6.3 6.2-6.3c.2-.2.3-.5.3-.7s-.1-.5-.3-.7c-.2-.2-.4-.3-.7-.3h-11c-.3 0-.5.1-.7.3-.2.2-.3.5-.3.7s.1.5.3.7z\"\/><\/svg><\/span><\/span><\/label><input type=\"checkbox\"  id=\"ez-toc-cssicon-toggle-item-69e785446953b\"  aria-label=\"Toggle\" \/><nav><ul class='ez-toc-list ez-toc-list-level-1' ><li class='ez-toc-page-1 ez-toc-heading-level-2'><a class=\"ez-toc-link ez-toc-heading-1\" href=\"https:\/\/hicad-help.com\/en\/metallbau\/#Konfigurator-fur-Treppen-und-Gelander\" >Konfigurator f\u00fcr Treppen und Gel\u00e4nder<\/a><\/li><li class='ez-toc-page-1 ez-toc-heading-level-2'><a class=\"ez-toc-link ez-toc-heading-2\" href=\"https:\/\/hicad-help.com\/en\/metallbau\/#Automatisierte-Stahlbauanschlusse\" >Automatisierte Stahlbauanschl\u00fcsse<\/a><\/li><li class='ez-toc-page-1 ez-toc-heading-level-2'><a class=\"ez-toc-link ez-toc-heading-3\" href=\"https:\/\/hicad-help.com\/en\/metallbau\/#Kantblech-Vom-Modell-in-die-Produktion\" >Kantblech Vom Modell in die Produktion<\/a><\/li><li class='ez-toc-page-1 ez-toc-heading-level-2'><a class=\"ez-toc-link ez-toc-heading-4\" href=\"https:\/\/hicad-help.com\/en\/metallbau\/#Werkstattzeichnungen-und-Stucklisten-automatisch-auf-Knopfdruck\" >Werkstattzeichnungen und St\u00fccklisten automatisch auf Knopfdruck<\/a><\/li><\/ul><\/nav><\/div>\n<p><strong>Last change: 21.2.2022<\/strong> (video added, headline expanded)<\/p><hr class=\"wp-block-separator is-style-wide\"\/><h2 class=\"has-text-align-center wp-block-heading\"><span class=\"ez-toc-section\" id=\"Konfigurator-fur-Treppen-und-Gelander\"><\/span>Konfigurator f\u00fcr Treppen und Gel\u00e4nder<span class=\"ez-toc-section-end\"><\/span><\/h2><hr class=\"wp-block-separator is-style-wide\"\/><iframe loading=\"lazy\"  style=\"display: block; margin: 0px auto;\"  id=\"_ytid_12571\"  width=\"720\" height=\"405\"  data-origwidth=\"720\" data-origheight=\"405\" src=\"https:\/\/www.youtube.com\/embed\/aO7zPXhJaNU?enablejsapi=1&#038;autoplay=0&#038;cc_load_policy=0&#038;cc_lang_pref=&#038;iv_load_policy=1&#038;loop=0&#038;rel=1&#038;fs=1&#038;playsinline=0&#038;autohide=2&#038;hl=en_US&#038;theme=dark&#038;color=red&#038;controls=1&#038;disablekb=0&#038;\" class=\"__youtube_prefs__  no-lazyload\" title=\"YouTube player\"  allow=\"fullscreen; accelerometer; autoplay; clipboard-write; encrypted-media; gyroscope; picture-in-picture; web-share\" referrerpolicy=\"strict-origin-when-cross-origin\" allowfullscreen data-no-lazy=\"1\" data-skipgform_ajax_framebjll=\"\"><\/iframe><hr class=\"wp-block-separator is-style-wide\"\/><h2 class=\"has-text-align-center wp-block-heading\"><span class=\"ez-toc-section\" id=\"Automatisierte-Stahlbauanschlusse\"><\/span>Automatisierte Stahlbauanschl\u00fcsse<span class=\"ez-toc-section-end\"><\/span><\/h2><hr class=\"wp-block-separator is-style-wide\"\/><iframe loading=\"lazy\"  style=\"display: block; margin: 0px auto;\"  id=\"_ytid_48797\"  width=\"720\" height=\"405\"  data-origwidth=\"720\" data-origheight=\"405\" src=\"https:\/\/www.youtube.com\/embed\/2jyVjf05uvY?enablejsapi=1&#038;autoplay=0&#038;cc_load_policy=0&#038;cc_lang_pref=&#038;iv_load_policy=1&#038;loop=0&#038;rel=1&#038;fs=1&#038;playsinline=0&#038;autohide=2&#038;hl=en_US&#038;theme=dark&#038;color=red&#038;controls=1&#038;disablekb=0&#038;\" class=\"__youtube_prefs__  no-lazyload\" title=\"YouTube player\"  allow=\"fullscreen; accelerometer; autoplay; clipboard-write; encrypted-media; gyroscope; picture-in-picture; web-share\" referrerpolicy=\"strict-origin-when-cross-origin\" allowfullscreen data-no-lazy=\"1\" data-skipgform_ajax_framebjll=\"\"><\/iframe><hr class=\"wp-block-separator is-style-wide\"\/><h2 class=\"has-text-align-center wp-block-heading\"><span class=\"ez-toc-section\" id=\"Kantblech-Vom-Modell-in-die-Produktion\"><\/span>Kantblech Vom Modell in die Produktion<span class=\"ez-toc-section-end\"><\/span><\/h2><hr class=\"wp-block-separator is-style-wide\"\/><iframe loading=\"lazy\"  style=\"display: block; margin: 0px auto;\"  id=\"_ytid_13579\"  width=\"720\" height=\"405\"  data-origwidth=\"720\" data-origheight=\"405\" src=\"https:\/\/www.youtube.com\/embed\/sbrkuYCGnXc?enablejsapi=1&#038;autoplay=0&#038;cc_load_policy=0&#038;cc_lang_pref=&#038;iv_load_policy=1&#038;loop=0&#038;rel=1&#038;fs=1&#038;playsinline=0&#038;autohide=2&#038;hl=en_US&#038;theme=dark&#038;color=red&#038;controls=1&#038;disablekb=0&#038;\" class=\"__youtube_prefs__  no-lazyload\" title=\"YouTube player\"  allow=\"fullscreen; accelerometer; autoplay; clipboard-write; encrypted-media; gyroscope; picture-in-picture; web-share\" referrerpolicy=\"strict-origin-when-cross-origin\" allowfullscreen data-no-lazy=\"1\" data-skipgform_ajax_framebjll=\"\"><\/iframe><hr class=\"wp-block-separator is-style-wide\"\/><h2 class=\"has-text-align-center wp-block-heading\"><span class=\"ez-toc-section\" id=\"Werkstattzeichnungen-und-Stucklisten-automatisch-auf-Knopfdruck\"><\/span>Werkstattzeichnungen und St\u00fccklisten automatisch auf Knopfdruck<span class=\"ez-toc-section-end\"><\/span><\/h2><hr class=\"wp-block-separator is-style-wide\"\/><iframe loading=\"lazy\"  style=\"display: block; margin: 0px auto;\"  id=\"_ytid_26273\"  width=\"720\" height=\"405\"  data-origwidth=\"720\" data-origheight=\"405\" src=\"https:\/\/www.youtube.com\/embed\/jzcD7U1Q4lc?enablejsapi=1&#038;autoplay=0&#038;cc_load_policy=0&#038;cc_lang_pref=&#038;iv_load_policy=1&#038;loop=0&#038;rel=1&#038;fs=1&#038;playsinline=0&#038;autohide=2&#038;hl=en_US&#038;theme=dark&#038;color=red&#038;controls=1&#038;disablekb=0&#038;\" class=\"__youtube_prefs__  no-lazyload\" title=\"YouTube player\"  allow=\"fullscreen; accelerometer; autoplay; clipboard-write; encrypted-media; gyroscope; picture-in-picture; web-share\" referrerpolicy=\"strict-origin-when-cross-origin\" allowfullscreen data-no-lazy=\"1\" data-skipgform_ajax_framebjll=\"\"><\/iframe><hr class=\"wp-block-separator is-style-wide\"\/>","protected":false},"excerpt":{"rendered":"<p>Letzte \u00c4nderung: 21.2.2022 (Video erg\u00e4nzt, \u00dcberschrift erweitert) Konfigurator f\u00fcr Treppen und Gel\u00e4nder Automatisierte Stahlbauanschl\u00fcsse Kantblech Vom Modell in die Produktion Werkstattzeichnungen und St\u00fccklisten automatisch auf Knopfdruck<\/p>","protected":false},"author":1,"featured_media":0,"parent":0,"menu_order":0,"comment_status":"closed","ping_status":"closed","template":"","meta":{"_bbp_topic_count":0,"_bbp_reply_count":0,"_bbp_total_topic_count":0,"_bbp_total_reply_count":0,"_bbp_voice_count":0,"_bbp_anonymous_reply_count":0,"_bbp_topic_count_hidden":0,"_bbp_reply_count_hidden":0,"_bbp_forum_subforum_count":0,"pmpro_default_level":"","footnotes":""},"class_list":["post-2514","page","type-page","status-publish","hentry","pmpro-has-access","post"],"yoast_head":"<!-- This site is optimized with the Yoast SEO plugin v27.4 - https:\/\/yoast.com\/product\/yoast-seo-wordpress\/ -->\n<title>Metallbau - hicad-help.com<\/title>\n<meta name=\"robots\" content=\"index, follow, max-snippet:-1, max-image-preview:large, max-video-preview:-1\" \/>\n<link rel=\"canonical\" href=\"https:\/\/hicad-help.com\/en\/metallbau\/\" \/>\n<meta property=\"og:locale\" content=\"en_US\" \/>\n<meta property=\"og:type\" content=\"article\" \/>\n<meta property=\"og:title\" content=\"Metallbau - hicad-help.com\" \/>\n<meta property=\"og:description\" content=\"Letzte \u00c4nderung: 21.2.2022 (Video erg\u00e4nzt, \u00dcberschrift erweitert) Konfigurator f\u00fcr Treppen und Gel\u00e4nder Automatisierte Stahlbauanschl\u00fcsse Kantblech Vom Modell in die Produktion Werkstattzeichnungen und St\u00fccklisten automatisch auf Knopfdruck\" \/>\n<meta property=\"og:url\" content=\"https:\/\/hicad-help.com\/en\/metallbau\/\" \/>\n<meta property=\"og:site_name\" content=\"hicad-help.com\" \/>\n<meta property=\"article:modified_time\" content=\"2022-02-21T19:37:06+00:00\" \/>\n<meta name=\"twitter:card\" content=\"summary_large_image\" \/>\n<meta name=\"twitter:label1\" content=\"Est. reading time\" \/>\n\t<meta name=\"twitter:data1\" content=\"1 minute\" \/>\n<script type=\"application\/ld+json\" class=\"yoast-schema-graph\">{\"@context\":\"https:\\\/\\\/schema.org\",\"@graph\":[{\"@type\":\"WebPage\",\"@id\":\"https:\\\/\\\/hicad-help.com\\\/metallbau\\\/\",\"url\":\"https:\\\/\\\/hicad-help.com\\\/metallbau\\\/\",\"name\":\"Metallbau - hicad-help.com\",\"isPartOf\":{\"@id\":\"https:\\\/\\\/hicad-help.com\\\/de_de\\\/#website\"},\"datePublished\":\"2022-02-21T18:33:18+00:00\",\"dateModified\":\"2022-02-21T19:37:06+00:00\",\"breadcrumb\":{\"@id\":\"https:\\\/\\\/hicad-help.com\\\/metallbau\\\/#breadcrumb\"},\"inLanguage\":\"en-US\",\"potentialAction\":[{\"@type\":\"ReadAction\",\"target\":[\"https:\\\/\\\/hicad-help.com\\\/metallbau\\\/\"]}]},{\"@type\":\"BreadcrumbList\",\"@id\":\"https:\\\/\\\/hicad-help.com\\\/metallbau\\\/#breadcrumb\",\"itemListElement\":[{\"@type\":\"ListItem\",\"position\":1,\"name\":\"Startseite\",\"item\":\"https:\\\/\\\/hicad-help.com\\\/\"},{\"@type\":\"ListItem\",\"position\":2,\"name\":\"Metallbau\"}]},{\"@type\":\"WebSite\",\"@id\":\"https:\\\/\\\/hicad-help.com\\\/de_de\\\/#website\",\"url\":\"https:\\\/\\\/hicad-help.com\\\/de_de\\\/\",\"name\":\"hicad-help.com\",\"description\":\"Hilfeseite f\u00fcr HiCAD\",\"potentialAction\":[{\"@type\":\"SearchAction\",\"target\":{\"@type\":\"EntryPoint\",\"urlTemplate\":\"https:\\\/\\\/hicad-help.com\\\/de_de\\\/?s={search_term_string}\"},\"query-input\":{\"@type\":\"PropertyValueSpecification\",\"valueRequired\":true,\"valueName\":\"search_term_string\"}}],\"inLanguage\":\"en-US\"}]}<\/script>\n<!-- \/ Yoast SEO plugin. -->","yoast_head_json":{"title":"Metallbau - hicad-help.com","robots":{"index":"index","follow":"follow","max-snippet":"max-snippet:-1","max-image-preview":"max-image-preview:large","max-video-preview":"max-video-preview:-1"},"canonical":"https:\/\/hicad-help.com\/en\/metallbau\/","og_locale":"en_US","og_type":"article","og_title":"Metallbau - hicad-help.com","og_description":"Letzte \u00c4nderung: 21.2.2022 (Video erg\u00e4nzt, \u00dcberschrift erweitert) Konfigurator f\u00fcr Treppen und Gel\u00e4nder Automatisierte Stahlbauanschl\u00fcsse Kantblech Vom Modell in die Produktion Werkstattzeichnungen und St\u00fccklisten automatisch auf Knopfdruck","og_url":"https:\/\/hicad-help.com\/en\/metallbau\/","og_site_name":"hicad-help.com","article_modified_time":"2022-02-21T19:37:06+00:00","twitter_card":"summary_large_image","twitter_misc":{"Est. reading time":"1 minute"},"schema":{"@context":"https:\/\/schema.org","@graph":[{"@type":"WebPage","@id":"https:\/\/hicad-help.com\/metallbau\/","url":"https:\/\/hicad-help.com\/metallbau\/","name":"Metallbau - hicad-help.com","isPartOf":{"@id":"https:\/\/hicad-help.com\/de_de\/#website"},"datePublished":"2022-02-21T18:33:18+00:00","dateModified":"2022-02-21T19:37:06+00:00","breadcrumb":{"@id":"https:\/\/hicad-help.com\/metallbau\/#breadcrumb"},"inLanguage":"en-US","potentialAction":[{"@type":"ReadAction","target":["https:\/\/hicad-help.com\/metallbau\/"]}]},{"@type":"BreadcrumbList","@id":"https:\/\/hicad-help.com\/metallbau\/#breadcrumb","itemListElement":[{"@type":"ListItem","position":1,"name":"Startseite","item":"https:\/\/hicad-help.com\/"},{"@type":"ListItem","position":2,"name":"Metallbau"}]},{"@type":"WebSite","@id":"https:\/\/hicad-help.com\/de_de\/#website","url":"https:\/\/hicad-help.com\/de_de\/","name":"hicad-help.com","description":"Help page for HiCAD","potentialAction":[{"@type":"SearchAction","target":{"@type":"EntryPoint","urlTemplate":"https:\/\/hicad-help.com\/de_de\/?s={search_term_string}"},"query-input":{"@type":"PropertyValueSpecification","valueRequired":true,"valueName":"search_term_string"}}],"inLanguage":"en-US"}]}},"jetpack_sharing_enabled":true,"_links":{"self":[{"href":"https:\/\/hicad-help.com\/en\/wp-json\/wp\/v2\/pages\/2514","targetHints":{"allow":["GET"]}}],"collection":[{"href":"https:\/\/hicad-help.com\/en\/wp-json\/wp\/v2\/pages"}],"about":[{"href":"https:\/\/hicad-help.com\/en\/wp-json\/wp\/v2\/types\/page"}],"author":[{"embeddable":true,"href":"https:\/\/hicad-help.com\/en\/wp-json\/wp\/v2\/users\/1"}],"replies":[{"embeddable":true,"href":"https:\/\/hicad-help.com\/en\/wp-json\/wp\/v2\/comments?post=2514"}],"version-history":[{"count":0,"href":"https:\/\/hicad-help.com\/en\/wp-json\/wp\/v2\/pages\/2514\/revisions"}],"wp:attachment":[{"href":"https:\/\/hicad-help.com\/en\/wp-json\/wp\/v2\/media?parent=2514"}],"curies":[{"name":"wp","href":"https:\/\/api.w.org\/{rel}","templated":true}]}}