{"id":278,"date":"2020-09-29T19:53:55","date_gmt":"2020-09-29T17:53:55","guid":{"rendered":"http:\/\/hicad-help.com\/?page_id=278"},"modified":"2020-10-16T11:59:18","modified_gmt":"2020-10-16T09:59:18","slug":"anleitung-abhaengige-baugruppe","status":"publish","type":"page","link":"https:\/\/hicad-help.com\/en\/anleitung-abhaengige-baugruppe\/","title":{"rendered":"Dependent Part"},"content":{"rendered":"<hr class=\"wp-block-separator is-style-wide\"\/><h2 class=\"has-text-align-center wp-block-heading\">HiCAD 2020 - display of different variants <\/h2><iframe loading=\"lazy\"  style=\"display: block; margin: 0px auto;\"  id=\"_ytid_30896\"  width=\"720\" height=\"405\"  data-origwidth=\"720\" data-origheight=\"405\" src=\"https:\/\/www.youtube.com\/embed\/jASY4FQyN0c?enablejsapi=1&#038;autoplay=0&#038;cc_load_policy=0&#038;cc_lang_pref=&#038;iv_load_policy=1&#038;loop=0&#038;rel=1&#038;fs=1&#038;playsinline=0&#038;autohide=2&#038;hl=en_US&#038;theme=dark&#038;color=red&#038;controls=1&#038;disablekb=0&#038;\" class=\"__youtube_prefs__  no-lazyload\" title=\"YouTube player\"  allow=\"fullscreen; accelerometer; autoplay; clipboard-write; encrypted-media; gyroscope; picture-in-picture; web-share\" referrerpolicy=\"strict-origin-when-cross-origin\" allowfullscreen data-no-lazy=\"1\" data-skipgform_ajax_framebjll=\"\"><\/iframe><hr class=\"wp-block-separator is-style-wide\"\/><p>This function allows you to create a dependent part or assembly based on a single part or an assembly. The original part can be replaced by the dependent part in the model drawing.<\/p><p>A general introduction to dependent parts and their differences to referenced parts can be found here.&nbsp;<a href=\"https:\/\/help.isdgroup.com\/help\/1031\/2020\/hicad\/hicad.html#..\/Subsystems\/hicadfea\/Content\/Feature\/AbhaengigesTeil\/abhaengige_baugruppe.htm\" target=\"_blank\" rel=\"noreferrer noopener\">hier.<\/a><\/p><p>The Dependent assembly function can only be used with original parts, which are<\/p><ul class=\"wp-block-list\"><li>externally referenced and<\/li><li>not located in a locked assembly<\/li><\/ul><p>In BIM projects this function is not available, i.e. it is greyed out.<\/p><hr class=\"wp-block-separator is-style-wide\"\/><h2 class=\"has-text-align-center wp-block-heading\">Offizielles Video Abh\u00e4ngige Baugruppe<\/h2><iframe loading=\"lazy\"  style=\"display: block; margin: 0px auto;\"  id=\"_ytid_73277\"  width=\"720\" height=\"405\"  data-origwidth=\"720\" data-origheight=\"405\" src=\"https:\/\/www.youtube.com\/embed\/688EJUYU3xo?enablejsapi=1&#038;autoplay=0&#038;cc_load_policy=0&#038;cc_lang_pref=&#038;iv_load_policy=1&#038;loop=0&#038;rel=1&#038;fs=1&#038;playsinline=0&#038;autohide=2&#038;hl=en_US&#038;theme=dark&#038;color=red&#038;controls=1&#038;disablekb=0&#038;\" class=\"__youtube_prefs__  no-lazyload\" title=\"YouTube player\"  allow=\"fullscreen; accelerometer; autoplay; clipboard-write; encrypted-media; gyroscope; picture-in-picture; web-share\" referrerpolicy=\"strict-origin-when-cross-origin\" allowfullscreen data-no-lazy=\"1\" data-skipgform_ajax_framebjll=\"\"><\/iframe><hr class=\"wp-block-separator is-style-wide\"\/><p class=\"has-text-align-left\">Mit der neuen Abh\u00e4ngigen Baugruppe k\u00f6nnen unterschiedliche Fertigungsst\u00e4nde dargestellt werden. Die Funktionen Abh\u00e4ngiges Teil und Abh\u00e4ngige Baugruppe wurden zusammengelegt. So ist nun nur noch die Funktion Abh\u00e4ngiges Teil verf\u00fcgbar, die sich jedoch im Allgemeinen wie die bisherige Funktion Abh\u00e4ngige Baugruppe verh\u00e4lt.<\/p><hr class=\"wp-block-separator is-style-wide\"\/>","protected":false},"excerpt":{"rendered":"<p>HiCAD 2020 &#8211; Darstellen von unterschiedlichen Varianten Mit dieser Funktion l\u00e4sst sich ein&nbsp;abh\u00e4ngiges&nbsp;Teil oder eine abh\u00e4ngige Baugruppe auf Basis eines einzigen Teils oder einer Baugruppe erzeugen. Dabei kann das Ursprungsbauteil in der Konstruktion durch das abh\u00e4ngige Teil ersetzt werden. Eine generelle Einf\u00fchrung in abh\u00e4ngige Teile und ihre Unterschiede zu referenzierten Teilen finden Sie&nbsp;hier. Die Funktion [&hellip;]<\/p>\n","protected":false},"author":1,"featured_media":0,"parent":0,"menu_order":0,"comment_status":"open","ping_status":"closed","template":"","meta":{"_bbp_topic_count":0,"_bbp_reply_count":0,"_bbp_total_topic_count":0,"_bbp_total_reply_count":0,"_bbp_voice_count":0,"_bbp_anonymous_reply_count":0,"_bbp_topic_count_hidden":0,"_bbp_reply_count_hidden":0,"_bbp_forum_subforum_count":0,"pmpro_default_level":"","footnotes":""},"class_list":["post-278","page","type-page","status-publish","hentry","pmpro-has-access","post"],"yoast_head":"<!-- This site is optimized with the Yoast SEO plugin v27.3 - https:\/\/yoast.com\/product\/yoast-seo-wordpress\/ -->\n<title>Abh\u00e4ngige Baugruppe - hicad-help.com<\/title>\n<meta name=\"robots\" content=\"index, follow, max-snippet:-1, max-image-preview:large, max-video-preview:-1\" \/>\n<link rel=\"canonical\" href=\"https:\/\/hicad-help.com\/en\/anleitung-abhaengige-baugruppe\/\" \/>\n<meta property=\"og:locale\" content=\"en_US\" \/>\n<meta property=\"og:type\" content=\"article\" \/>\n<meta property=\"og:title\" content=\"Abh\u00e4ngige Baugruppe - hicad-help.com\" \/>\n<meta property=\"og:description\" content=\"HiCAD 2020 &#8211; Darstellen von unterschiedlichen Varianten Mit dieser Funktion l\u00e4sst sich ein&nbsp;abh\u00e4ngiges&nbsp;Teil oder eine abh\u00e4ngige Baugruppe auf Basis eines einzigen Teils oder einer Baugruppe erzeugen. Dabei kann das Ursprungsbauteil in der Konstruktion durch das abh\u00e4ngige Teil ersetzt werden. Eine generelle Einf\u00fchrung in abh\u00e4ngige Teile und ihre Unterschiede zu referenzierten Teilen finden Sie&nbsp;hier. Die Funktion [&hellip;]\" \/>\n<meta property=\"og:url\" content=\"https:\/\/hicad-help.com\/en\/anleitung-abhaengige-baugruppe\/\" \/>\n<meta property=\"og:site_name\" content=\"hicad-help.com\" \/>\n<meta property=\"article:modified_time\" content=\"2020-10-16T09:59:18+00:00\" \/>\n<meta name=\"twitter:card\" content=\"summary_large_image\" \/>\n<meta name=\"twitter:label1\" content=\"Est. reading time\" \/>\n\t<meta name=\"twitter:data1\" content=\"1 minute\" \/>\n<script type=\"application\/ld+json\" class=\"yoast-schema-graph\">{\"@context\":\"https:\\\/\\\/schema.org\",\"@graph\":[{\"@type\":\"WebPage\",\"@id\":\"https:\\\/\\\/hicad-help.com\\\/de_de\\\/anleitung-abhaengige-baugruppe\\\/\",\"url\":\"https:\\\/\\\/hicad-help.com\\\/de_de\\\/anleitung-abhaengige-baugruppe\\\/\",\"name\":\"Abh\u00e4ngige Baugruppe - hicad-help.com\",\"isPartOf\":{\"@id\":\"https:\\\/\\\/hicad-help.com\\\/de_de\\\/#website\"},\"datePublished\":\"2020-09-29T17:53:55+00:00\",\"dateModified\":\"2020-10-16T09:59:18+00:00\",\"breadcrumb\":{\"@id\":\"https:\\\/\\\/hicad-help.com\\\/de_de\\\/anleitung-abhaengige-baugruppe\\\/#breadcrumb\"},\"inLanguage\":\"en-US\",\"potentialAction\":[{\"@type\":\"ReadAction\",\"target\":[\"https:\\\/\\\/hicad-help.com\\\/de_de\\\/anleitung-abhaengige-baugruppe\\\/\"]}]},{\"@type\":\"BreadcrumbList\",\"@id\":\"https:\\\/\\\/hicad-help.com\\\/de_de\\\/anleitung-abhaengige-baugruppe\\\/#breadcrumb\",\"itemListElement\":[{\"@type\":\"ListItem\",\"position\":1,\"name\":\"Startseite\",\"item\":\"https:\\\/\\\/hicad-help.com\\\/\"},{\"@type\":\"ListItem\",\"position\":2,\"name\":\"Abh\u00e4ngige Baugruppe\"}]},{\"@type\":\"WebSite\",\"@id\":\"https:\\\/\\\/hicad-help.com\\\/de_de\\\/#website\",\"url\":\"https:\\\/\\\/hicad-help.com\\\/de_de\\\/\",\"name\":\"hicad-help.com\",\"description\":\"Hilfeseite f\u00fcr HiCAD\",\"potentialAction\":[{\"@type\":\"SearchAction\",\"target\":{\"@type\":\"EntryPoint\",\"urlTemplate\":\"https:\\\/\\\/hicad-help.com\\\/de_de\\\/?s={search_term_string}\"},\"query-input\":{\"@type\":\"PropertyValueSpecification\",\"valueRequired\":true,\"valueName\":\"search_term_string\"}}],\"inLanguage\":\"en-US\"}]}<\/script>\n<!-- \/ Yoast SEO plugin. -->","yoast_head_json":{"title":"Abh\u00e4ngige Baugruppe - hicad-help.com","robots":{"index":"index","follow":"follow","max-snippet":"max-snippet:-1","max-image-preview":"max-image-preview:large","max-video-preview":"max-video-preview:-1"},"canonical":"https:\/\/hicad-help.com\/en\/anleitung-abhaengige-baugruppe\/","og_locale":"en_US","og_type":"article","og_title":"Abh\u00e4ngige Baugruppe - hicad-help.com","og_description":"HiCAD 2020 &#8211; Darstellen von unterschiedlichen Varianten Mit dieser Funktion l\u00e4sst sich ein&nbsp;abh\u00e4ngiges&nbsp;Teil oder eine abh\u00e4ngige Baugruppe auf Basis eines einzigen Teils oder einer Baugruppe erzeugen. Dabei kann das Ursprungsbauteil in der Konstruktion durch das abh\u00e4ngige Teil ersetzt werden. Eine generelle Einf\u00fchrung in abh\u00e4ngige Teile und ihre Unterschiede zu referenzierten Teilen finden Sie&nbsp;hier. Die Funktion [&hellip;]","og_url":"https:\/\/hicad-help.com\/en\/anleitung-abhaengige-baugruppe\/","og_site_name":"hicad-help.com","article_modified_time":"2020-10-16T09:59:18+00:00","twitter_card":"summary_large_image","twitter_misc":{"Est. reading time":"1 minute"},"schema":{"@context":"https:\/\/schema.org","@graph":[{"@type":"WebPage","@id":"https:\/\/hicad-help.com\/de_de\/anleitung-abhaengige-baugruppe\/","url":"https:\/\/hicad-help.com\/de_de\/anleitung-abhaengige-baugruppe\/","name":"Abh\u00e4ngige Baugruppe - hicad-help.com","isPartOf":{"@id":"https:\/\/hicad-help.com\/de_de\/#website"},"datePublished":"2020-09-29T17:53:55+00:00","dateModified":"2020-10-16T09:59:18+00:00","breadcrumb":{"@id":"https:\/\/hicad-help.com\/de_de\/anleitung-abhaengige-baugruppe\/#breadcrumb"},"inLanguage":"en-US","potentialAction":[{"@type":"ReadAction","target":["https:\/\/hicad-help.com\/de_de\/anleitung-abhaengige-baugruppe\/"]}]},{"@type":"BreadcrumbList","@id":"https:\/\/hicad-help.com\/de_de\/anleitung-abhaengige-baugruppe\/#breadcrumb","itemListElement":[{"@type":"ListItem","position":1,"name":"Startseite","item":"https:\/\/hicad-help.com\/"},{"@type":"ListItem","position":2,"name":"Abh\u00e4ngige Baugruppe"}]},{"@type":"WebSite","@id":"https:\/\/hicad-help.com\/de_de\/#website","url":"https:\/\/hicad-help.com\/de_de\/","name":"hicad-help.com","description":"Help page for HiCAD","potentialAction":[{"@type":"SearchAction","target":{"@type":"EntryPoint","urlTemplate":"https:\/\/hicad-help.com\/de_de\/?s={search_term_string}"},"query-input":{"@type":"PropertyValueSpecification","valueRequired":true,"valueName":"search_term_string"}}],"inLanguage":"en-US"}]}},"jetpack_sharing_enabled":true,"_links":{"self":[{"href":"https:\/\/hicad-help.com\/en\/wp-json\/wp\/v2\/pages\/278","targetHints":{"allow":["GET"]}}],"collection":[{"href":"https:\/\/hicad-help.com\/en\/wp-json\/wp\/v2\/pages"}],"about":[{"href":"https:\/\/hicad-help.com\/en\/wp-json\/wp\/v2\/types\/page"}],"author":[{"embeddable":true,"href":"https:\/\/hicad-help.com\/en\/wp-json\/wp\/v2\/users\/1"}],"replies":[{"embeddable":true,"href":"https:\/\/hicad-help.com\/en\/wp-json\/wp\/v2\/comments?post=278"}],"version-history":[{"count":0,"href":"https:\/\/hicad-help.com\/en\/wp-json\/wp\/v2\/pages\/278\/revisions"}],"wp:attachment":[{"href":"https:\/\/hicad-help.com\/en\/wp-json\/wp\/v2\/media?parent=278"}],"curies":[{"name":"wp","href":"https:\/\/api.w.org\/{rel}","templated":true}]}}