{"id":310,"date":"2020-09-29T21:59:48","date_gmt":"2020-09-29T19:59:48","guid":{"rendered":"http:\/\/hicad-help.com\/?page_id=310"},"modified":"2020-10-15T22:39:13","modified_gmt":"2020-10-15T20:39:13","slug":"anleitung-parametrisierung","status":"publish","type":"page","link":"https:\/\/hicad-help.com\/en\/anleitung-parametrisierung\/","title":{"rendered":"Parameterization"},"content":{"rendered":"<hr class=\"wp-block-separator is-style-wide\"\/><h1 class=\"wp-block-heading\" id=\"block-6adf4e86-f39a-4cac-ace3-30166144ee29\">Parameterization<\/h1><h2 class=\"has-text-align-center wp-block-heading\">HiCAD 2020 (SP2) - parameterization of a sheet metal cassette with welding studs for the element facade<\/h2><iframe loading=\"lazy\"  style=\"display: block; margin: 0px auto;\"  id=\"_ytid_31364\"  width=\"720\" height=\"405\"  data-origwidth=\"720\" data-origheight=\"405\" src=\"https:\/\/www.youtube.com\/embed\/GULx8_UYZWU?enablejsapi=1&#038;autoplay=0&#038;cc_load_policy=0&#038;cc_lang_pref=&#038;iv_load_policy=1&#038;loop=0&#038;rel=1&#038;fs=1&#038;playsinline=0&#038;autohide=2&#038;hl=en_US&#038;theme=dark&#038;color=red&#038;controls=1&#038;disablekb=0&#038;\" class=\"__youtube_prefs__  no-lazyload\" title=\"YouTube player\"  allow=\"fullscreen; accelerometer; autoplay; clipboard-write; encrypted-media; gyroscope; picture-in-picture; web-share\" referrerpolicy=\"strict-origin-when-cross-origin\" allowfullscreen data-no-lazy=\"1\" data-skipgform_ajax_framebjll=\"\"><\/iframe><hr class=\"wp-block-separator is-style-wide\"\/><p>The installation of elements is an efficient aid when it comes to areas such as To cover facades, walls, floors etc. with the same parts of a HiCAD catalog. These can be sheet metal cassettes, glass, gratings or any other catalog elements such as doors or window openings.<\/p><p>The functions of the HiCAD Constraint Manager (HCM) are available in HiCAD as an aid for the parametric processing of component drawings.<\/p><hr class=\"wp-block-separator is-style-wide\"\/><h2 class=\"has-text-align-center wp-block-heading\">HiCAD 2020 - How do I parameterize a wall connection?<\/h2><iframe loading=\"lazy\"  style=\"display: block; margin: 0px auto;\"  id=\"_ytid_98852\"  width=\"720\" height=\"405\"  data-origwidth=\"720\" data-origheight=\"405\" src=\"https:\/\/www.youtube.com\/embed\/GpVSSowj0xg?enablejsapi=1&#038;autoplay=0&#038;cc_load_policy=0&#038;cc_lang_pref=&#038;iv_load_policy=1&#038;loop=0&#038;rel=1&#038;fs=1&#038;playsinline=0&#038;autohide=2&#038;hl=en_US&#038;theme=dark&#038;color=red&#038;controls=1&#038;disablekb=0&#038;\" class=\"__youtube_prefs__  no-lazyload\" title=\"YouTube player\"  allow=\"fullscreen; accelerometer; autoplay; clipboard-write; encrypted-media; gyroscope; picture-in-picture; web-share\" referrerpolicy=\"strict-origin-when-cross-origin\" allowfullscreen data-no-lazy=\"1\" data-skipgform_ajax_framebjll=\"\"><\/iframe><hr class=\"wp-block-separator is-style-wide\"\/><p>In this video, I parameterize a facade connection which I can then automatically install.<\/p><hr class=\"wp-block-separator is-style-wide\"\/><h2 class=\"has-text-align-center wp-block-heading\">HiCAD 2020 - automatic facade connection with the element installation<\/h2><iframe loading=\"lazy\"  style=\"display: block; margin: 0px auto;\"  id=\"_ytid_31022\"  width=\"720\" height=\"405\"  data-origwidth=\"720\" data-origheight=\"405\" src=\"https:\/\/www.youtube.com\/embed\/nTUXjmcGT5g?enablejsapi=1&#038;autoplay=0&#038;cc_load_policy=0&#038;cc_lang_pref=&#038;iv_load_policy=1&#038;loop=0&#038;rel=1&#038;fs=1&#038;playsinline=0&#038;autohide=2&#038;hl=en_US&#038;theme=dark&#038;color=red&#038;controls=1&#038;disablekb=0&#038;\" class=\"__youtube_prefs__  no-lazyload\" title=\"YouTube player\"  allow=\"fullscreen; accelerometer; autoplay; clipboard-write; encrypted-media; gyroscope; picture-in-picture; web-share\" referrerpolicy=\"strict-origin-when-cross-origin\" allowfullscreen data-no-lazy=\"1\" data-skipgform_ajax_framebjll=\"\"><\/iframe><hr class=\"wp-block-separator is-style-wide\"\/><p>The installation of elements is an efficient aid when it comes to areas such as To cover facades, walls, floors etc. with the same parts of a HiCAD catalog. These can be sheet metal cassettes, glass, gratings or any other catalog elements such as doors or window openings.<\/p><hr class=\"wp-block-separator is-style-wide\"\/><h2 class=\"has-text-align-center wp-block-heading\">HiCAD 2017 - define variables<\/h2><iframe loading=\"lazy\"  style=\"display: block; margin: 0px auto;\"  id=\"_ytid_44257\"  width=\"720\" height=\"405\"  data-origwidth=\"720\" data-origheight=\"405\" src=\"https:\/\/www.youtube.com\/embed\/j7WtteBUzCs?enablejsapi=1&#038;autoplay=0&#038;cc_load_policy=0&#038;cc_lang_pref=&#038;iv_load_policy=1&#038;loop=0&#038;rel=1&#038;fs=1&#038;playsinline=0&#038;autohide=2&#038;hl=en_US&#038;theme=dark&#038;color=red&#038;controls=1&#038;disablekb=0&#038;\" class=\"__youtube_prefs__  no-lazyload\" title=\"YouTube player\"  allow=\"fullscreen; accelerometer; autoplay; clipboard-write; encrypted-media; gyroscope; picture-in-picture; web-share\" referrerpolicy=\"strict-origin-when-cross-origin\" allowfullscreen data-no-lazy=\"1\" data-skipgform_ajax_framebjll=\"\"><\/iframe><hr class=\"wp-block-separator is-style-wide\"\/><p>In this video I show how you can define the first variables and then control them.<\/p><hr class=\"wp-block-separator is-style-wide\"\/><h2 class=\"has-text-align-center wp-block-heading\">HiCAD 2017 - Activate external purchases<\/h2><iframe loading=\"lazy\"  style=\"display: block; margin: 0px auto;\"  id=\"_ytid_23159\"  width=\"720\" height=\"405\"  data-origwidth=\"720\" data-origheight=\"405\" src=\"https:\/\/www.youtube.com\/embed\/zWEwWnFusKw?enablejsapi=1&#038;autoplay=0&#038;cc_load_policy=0&#038;cc_lang_pref=&#038;iv_load_policy=1&#038;loop=0&#038;rel=1&#038;fs=1&#038;playsinline=0&#038;autohide=2&#038;hl=en_US&#038;theme=dark&#038;color=red&#038;controls=1&#038;disablekb=0&#038;\" class=\"__youtube_prefs__  no-lazyload\" title=\"YouTube player\"  allow=\"fullscreen; accelerometer; autoplay; clipboard-write; encrypted-media; gyroscope; picture-in-picture; web-share\" referrerpolicy=\"strict-origin-when-cross-origin\" allowfullscreen data-no-lazy=\"1\" data-skipgform_ajax_framebjll=\"\"><\/iframe><hr class=\"wp-block-separator is-style-wide\"\/><p>During design, reference is often made to other design objects when installing and positioning parts, such as when installing a hole relative to the center of a hole in another part. This relationship between two parts is called an external relationship.<\/p><hr class=\"wp-block-separator is-style-wide\"\/><h2 class=\"has-text-align-center wp-block-heading\">HiCAD 2017 - part positioning<\/h2><iframe loading=\"lazy\"  style=\"display: block; margin: 0px auto;\"  id=\"_ytid_48178\"  width=\"720\" height=\"405\"  data-origwidth=\"720\" data-origheight=\"405\" src=\"https:\/\/www.youtube.com\/embed\/y8U5hgXU4rk?enablejsapi=1&#038;autoplay=0&#038;cc_load_policy=0&#038;cc_lang_pref=&#038;iv_load_policy=1&#038;loop=0&#038;rel=1&#038;fs=1&#038;playsinline=0&#038;autohide=2&#038;hl=en_US&#038;theme=dark&#038;color=red&#038;controls=1&#038;disablekb=0&#038;\" class=\"__youtube_prefs__  no-lazyload\" title=\"YouTube player\"  allow=\"fullscreen; accelerometer; autoplay; clipboard-write; encrypted-media; gyroscope; picture-in-picture; web-share\" referrerpolicy=\"strict-origin-when-cross-origin\" allowfullscreen data-no-lazy=\"1\" data-skipgform_ajax_framebjll=\"\"><\/iframe><hr class=\"wp-block-separator is-style-wide\"\/><p>Part positioning is important when working with isolated points with parametrics<\/p><hr class=\"wp-block-separator is-style-wide\"\/><h2 class=\"has-text-align-center wp-block-heading\">HiCAD 2017 - set screws<\/h2><iframe loading=\"lazy\"  style=\"display: block; margin: 0px auto;\"  id=\"_ytid_15451\"  width=\"720\" height=\"405\"  data-origwidth=\"720\" data-origheight=\"405\" src=\"https:\/\/www.youtube.com\/embed\/MqGxz8sgYRc?enablejsapi=1&#038;autoplay=0&#038;cc_load_policy=0&#038;cc_lang_pref=&#038;iv_load_policy=1&#038;loop=0&#038;rel=1&#038;fs=1&#038;playsinline=0&#038;autohide=2&#038;hl=en_US&#038;theme=dark&#038;color=red&#038;controls=1&#038;disablekb=0&#038;\" class=\"__youtube_prefs__  no-lazyload\" title=\"YouTube player\"  allow=\"fullscreen; accelerometer; autoplay; clipboard-write; encrypted-media; gyroscope; picture-in-picture; web-share\" referrerpolicy=\"strict-origin-when-cross-origin\" allowfullscreen data-no-lazy=\"1\" data-skipgform_ajax_framebjll=\"\"><\/iframe><hr class=\"wp-block-separator is-style-wide\"\/><p>In this video I show how you can parameterize a screw connection. Only one small but very important point is necessary for this. You have to enter the body generation feature and you can use it to control the screw connections as you wish<\/p><hr class=\"wp-block-separator is-style-wide\"\/><h2 class=\"has-text-align-center wp-block-heading\">HiCAD 2017 - Define edge distances<\/h2><iframe loading=\"lazy\"  style=\"display: block; margin: 0px auto;\"  id=\"_ytid_93324\"  width=\"720\" height=\"405\"  data-origwidth=\"720\" data-origheight=\"405\" src=\"https:\/\/www.youtube.com\/embed\/h9IBGuTqwbU?enablejsapi=1&#038;autoplay=0&#038;cc_load_policy=0&#038;cc_lang_pref=&#038;iv_load_policy=1&#038;loop=0&#038;rel=1&#038;fs=1&#038;playsinline=0&#038;autohide=2&#038;hl=en_US&#038;theme=dark&#038;color=red&#038;controls=1&#038;disablekb=0&#038;\" class=\"__youtube_prefs__  no-lazyload\" title=\"YouTube player\"  allow=\"fullscreen; accelerometer; autoplay; clipboard-write; encrypted-media; gyroscope; picture-in-picture; web-share\" referrerpolicy=\"strict-origin-when-cross-origin\" allowfullscreen data-no-lazy=\"1\" data-skipgform_ajax_framebjll=\"\"><\/iframe><hr class=\"wp-block-separator is-style-wide\"\/><p>In this video I refine the version of the upright around the edge distance so that this can also be designed more meaningfully for practice.<\/p><hr class=\"wp-block-separator is-style-wide\"\/><h2 class=\"has-text-align-center wp-block-heading\">HiCAD 2017 - parameterize tabs on posts<\/h2><iframe loading=\"lazy\"  style=\"display: block; margin: 0px auto;\"  id=\"_ytid_89890\"  width=\"720\" height=\"405\"  data-origwidth=\"720\" data-origheight=\"405\" src=\"https:\/\/www.youtube.com\/embed\/lk6xNQWzxww?enablejsapi=1&#038;autoplay=0&#038;cc_load_policy=0&#038;cc_lang_pref=&#038;iv_load_policy=1&#038;loop=0&#038;rel=1&#038;fs=1&#038;playsinline=0&#038;autohide=2&#038;hl=en_US&#038;theme=dark&#038;color=red&#038;controls=1&#038;disablekb=0&#038;\" class=\"__youtube_prefs__  no-lazyload\" title=\"YouTube player\"  allow=\"fullscreen; accelerometer; autoplay; clipboard-write; encrypted-media; gyroscope; picture-in-picture; web-share\" referrerpolicy=\"strict-origin-when-cross-origin\" allowfullscreen data-no-lazy=\"1\" data-skipgform_ajax_framebjll=\"\"><\/iframe><hr class=\"wp-block-separator is-style-wide\"\/><p>In this video I use different options from the previous videos and create a tab which is brought to the correct position on the post by means of part positioning. <\/p><p>Then I will also explain how you can use conditions to create the possibility of defining different variants so that parts can be installed and removed.<\/p><hr class=\"wp-block-separator is-style-wide\"\/><h2 class=\"has-text-align-center wp-block-heading\">HiCAD 2017 - Splitting the dowels for a screed angle<\/h2><iframe loading=\"lazy\"  style=\"display: block; margin: 0px auto;\"  id=\"_ytid_77093\"  width=\"720\" height=\"405\"  data-origwidth=\"720\" data-origheight=\"405\" src=\"https:\/\/www.youtube.com\/embed\/j1MEIX2WOLw?enablejsapi=1&#038;autoplay=0&#038;cc_load_policy=0&#038;cc_lang_pref=&#038;iv_load_policy=1&#038;loop=0&#038;rel=1&#038;fs=1&#038;playsinline=0&#038;autohide=2&#038;hl=en_US&#038;theme=dark&#038;color=red&#038;controls=1&#038;disablekb=0&#038;\" class=\"__youtube_prefs__  no-lazyload\" title=\"YouTube player\"  allow=\"fullscreen; accelerometer; autoplay; clipboard-write; encrypted-media; gyroscope; picture-in-picture; web-share\" referrerpolicy=\"strict-origin-when-cross-origin\" allowfullscreen data-no-lazy=\"1\" data-skipgform_ajax_framebjll=\"\"><\/iframe><hr class=\"wp-block-separator is-style-wide\"\/><p>In this video I show how you can divide the dowels with variables for a screed angle so that they can be re-divided after a change in length<\/p><hr class=\"wp-block-separator is-style-wide\"\/>","protected":false},"excerpt":{"rendered":"<p>Parametrisierung HiCAD 2020 (SP2) &#8211; Parametrisierung einer Blechkassette mit Schwei\u00dfbolzen f\u00fcr die Elementfassade Die Elementverlegung ist ein effizientes Hilfsmittel, wenn es darum geht, Bereiche wie z.B. Fassaden, W\u00e4nde, B\u00f6den etc. mit den gleichen Teilen eines HiCAD-Kataloges zu belegen. Dies k\u00f6nnen beispielsweise Blechkassetten, Glas, Gitterroste oder beliebige andere Katalog-Elemente wie T\u00fcren oder Fenster\u00f6ffnungen sein. Zur parametrischen [&hellip;]<\/p>\n","protected":false},"author":1,"featured_media":0,"parent":0,"menu_order":0,"comment_status":"open","ping_status":"closed","template":"","meta":{"_bbp_topic_count":0,"_bbp_reply_count":0,"_bbp_total_topic_count":0,"_bbp_total_reply_count":0,"_bbp_voice_count":0,"_bbp_anonymous_reply_count":0,"_bbp_topic_count_hidden":0,"_bbp_reply_count_hidden":0,"_bbp_forum_subforum_count":0,"pmpro_default_level":"","footnotes":""},"class_list":["post-310","page","type-page","status-publish","hentry","pmpro-has-access","post"],"yoast_head":"<!-- This site is optimized with the Yoast SEO plugin v27.4 - https:\/\/yoast.com\/product\/yoast-seo-wordpress\/ -->\n<title>Parametrisierung - hicad-help.com<\/title>\n<meta name=\"robots\" content=\"index, follow, max-snippet:-1, max-image-preview:large, max-video-preview:-1\" \/>\n<link rel=\"canonical\" href=\"https:\/\/hicad-help.com\/en\/anleitung-parametrisierung\/\" \/>\n<meta property=\"og:locale\" content=\"en_US\" \/>\n<meta property=\"og:type\" content=\"article\" \/>\n<meta property=\"og:title\" content=\"Parametrisierung - hicad-help.com\" \/>\n<meta property=\"og:description\" content=\"Parametrisierung HiCAD 2020 (SP2) &#8211; Parametrisierung einer Blechkassette mit Schwei\u00dfbolzen f\u00fcr die Elementfassade Die Elementverlegung ist ein effizientes Hilfsmittel, wenn es darum geht, Bereiche wie z.B. Fassaden, W\u00e4nde, B\u00f6den etc. mit den gleichen Teilen eines HiCAD-Kataloges zu belegen. Dies k\u00f6nnen beispielsweise Blechkassetten, Glas, Gitterroste oder beliebige andere Katalog-Elemente wie T\u00fcren oder Fenster\u00f6ffnungen sein. Zur parametrischen [&hellip;]\" \/>\n<meta property=\"og:url\" content=\"https:\/\/hicad-help.com\/en\/anleitung-parametrisierung\/\" \/>\n<meta property=\"og:site_name\" content=\"hicad-help.com\" \/>\n<meta property=\"article:modified_time\" content=\"2020-10-15T20:39:13+00:00\" \/>\n<meta name=\"twitter:card\" content=\"summary_large_image\" \/>\n<meta name=\"twitter:label1\" content=\"Est. reading time\" \/>\n\t<meta name=\"twitter:data1\" content=\"3 minutes\" \/>\n<script type=\"application\/ld+json\" class=\"yoast-schema-graph\">{\"@context\":\"https:\\\/\\\/schema.org\",\"@graph\":[{\"@type\":\"WebPage\",\"@id\":\"https:\\\/\\\/hicad-help.com\\\/en\\\/anleitung-parametrisierung\\\/\",\"url\":\"https:\\\/\\\/hicad-help.com\\\/en\\\/anleitung-parametrisierung\\\/\",\"name\":\"Parametrisierung - hicad-help.com\",\"isPartOf\":{\"@id\":\"https:\\\/\\\/hicad-help.com\\\/de_de\\\/#website\"},\"datePublished\":\"2020-09-29T19:59:48+00:00\",\"dateModified\":\"2020-10-15T20:39:13+00:00\",\"breadcrumb\":{\"@id\":\"https:\\\/\\\/hicad-help.com\\\/en\\\/anleitung-parametrisierung\\\/#breadcrumb\"},\"inLanguage\":\"en-US\",\"potentialAction\":[{\"@type\":\"ReadAction\",\"target\":[\"https:\\\/\\\/hicad-help.com\\\/en\\\/anleitung-parametrisierung\\\/\"]}]},{\"@type\":\"BreadcrumbList\",\"@id\":\"https:\\\/\\\/hicad-help.com\\\/en\\\/anleitung-parametrisierung\\\/#breadcrumb\",\"itemListElement\":[{\"@type\":\"ListItem\",\"position\":1,\"name\":\"Startseite\",\"item\":\"https:\\\/\\\/hicad-help.com\\\/\"},{\"@type\":\"ListItem\",\"position\":2,\"name\":\"Parametrisierung\"}]},{\"@type\":\"WebSite\",\"@id\":\"https:\\\/\\\/hicad-help.com\\\/de_de\\\/#website\",\"url\":\"https:\\\/\\\/hicad-help.com\\\/de_de\\\/\",\"name\":\"hicad-help.com\",\"description\":\"Hilfeseite f\u00fcr HiCAD\",\"potentialAction\":[{\"@type\":\"SearchAction\",\"target\":{\"@type\":\"EntryPoint\",\"urlTemplate\":\"https:\\\/\\\/hicad-help.com\\\/de_de\\\/?s={search_term_string}\"},\"query-input\":{\"@type\":\"PropertyValueSpecification\",\"valueRequired\":true,\"valueName\":\"search_term_string\"}}],\"inLanguage\":\"en-US\"}]}<\/script>\n<!-- \/ Yoast SEO plugin. -->","yoast_head_json":{"title":"Parametrisierung - hicad-help.com","robots":{"index":"index","follow":"follow","max-snippet":"max-snippet:-1","max-image-preview":"max-image-preview:large","max-video-preview":"max-video-preview:-1"},"canonical":"https:\/\/hicad-help.com\/en\/anleitung-parametrisierung\/","og_locale":"en_US","og_type":"article","og_title":"Parametrisierung - hicad-help.com","og_description":"Parametrisierung HiCAD 2020 (SP2) &#8211; Parametrisierung einer Blechkassette mit Schwei\u00dfbolzen f\u00fcr die Elementfassade Die Elementverlegung ist ein effizientes Hilfsmittel, wenn es darum geht, Bereiche wie z.B. Fassaden, W\u00e4nde, B\u00f6den etc. mit den gleichen Teilen eines HiCAD-Kataloges zu belegen. Dies k\u00f6nnen beispielsweise Blechkassetten, Glas, Gitterroste oder beliebige andere Katalog-Elemente wie T\u00fcren oder Fenster\u00f6ffnungen sein. Zur parametrischen [&hellip;]","og_url":"https:\/\/hicad-help.com\/en\/anleitung-parametrisierung\/","og_site_name":"hicad-help.com","article_modified_time":"2020-10-15T20:39:13+00:00","twitter_card":"summary_large_image","twitter_misc":{"Est. reading time":"3 minutes"},"schema":{"@context":"https:\/\/schema.org","@graph":[{"@type":"WebPage","@id":"https:\/\/hicad-help.com\/en\/anleitung-parametrisierung\/","url":"https:\/\/hicad-help.com\/en\/anleitung-parametrisierung\/","name":"Parametrisierung - hicad-help.com","isPartOf":{"@id":"https:\/\/hicad-help.com\/de_de\/#website"},"datePublished":"2020-09-29T19:59:48+00:00","dateModified":"2020-10-15T20:39:13+00:00","breadcrumb":{"@id":"https:\/\/hicad-help.com\/en\/anleitung-parametrisierung\/#breadcrumb"},"inLanguage":"en-US","potentialAction":[{"@type":"ReadAction","target":["https:\/\/hicad-help.com\/en\/anleitung-parametrisierung\/"]}]},{"@type":"BreadcrumbList","@id":"https:\/\/hicad-help.com\/en\/anleitung-parametrisierung\/#breadcrumb","itemListElement":[{"@type":"ListItem","position":1,"name":"Startseite","item":"https:\/\/hicad-help.com\/"},{"@type":"ListItem","position":2,"name":"Parametrisierung"}]},{"@type":"WebSite","@id":"https:\/\/hicad-help.com\/de_de\/#website","url":"https:\/\/hicad-help.com\/de_de\/","name":"hicad-help.com","description":"Help page for HiCAD","potentialAction":[{"@type":"SearchAction","target":{"@type":"EntryPoint","urlTemplate":"https:\/\/hicad-help.com\/de_de\/?s={search_term_string}"},"query-input":{"@type":"PropertyValueSpecification","valueRequired":true,"valueName":"search_term_string"}}],"inLanguage":"en-US"}]}},"jetpack_sharing_enabled":true,"_links":{"self":[{"href":"https:\/\/hicad-help.com\/en\/wp-json\/wp\/v2\/pages\/310","targetHints":{"allow":["GET"]}}],"collection":[{"href":"https:\/\/hicad-help.com\/en\/wp-json\/wp\/v2\/pages"}],"about":[{"href":"https:\/\/hicad-help.com\/en\/wp-json\/wp\/v2\/types\/page"}],"author":[{"embeddable":true,"href":"https:\/\/hicad-help.com\/en\/wp-json\/wp\/v2\/users\/1"}],"replies":[{"embeddable":true,"href":"https:\/\/hicad-help.com\/en\/wp-json\/wp\/v2\/comments?post=310"}],"version-history":[{"count":0,"href":"https:\/\/hicad-help.com\/en\/wp-json\/wp\/v2\/pages\/310\/revisions"}],"wp:attachment":[{"href":"https:\/\/hicad-help.com\/en\/wp-json\/wp\/v2\/media?parent=310"}],"curies":[{"name":"wp","href":"https:\/\/api.w.org\/{rel}","templated":true}]}}