{"id":481,"date":"2020-10-05T10:01:55","date_gmt":"2020-10-05T08:01:55","guid":{"rendered":"https:\/\/hicad-help.com\/?page_id=481"},"modified":"2020-12-07T15:53:02","modified_gmt":"2020-12-07T14:53:02","slug":"alucobond","status":"publish","type":"page","link":"https:\/\/hicad-help.com\/en\/alucobond\/","title":{"rendered":"ALUCOBOND\u00ae"},"content":{"rendered":"<h1 class=\"wp-block-heading\" id=\"block-ea55252b-e73a-415e-a4be-dbcc09ce01d4\">HiCAD ALUCOBOND\u00ae<\/h1><hr class=\"wp-block-separator is-style-wide\"\/><h2 class=\"wp-block-heading\" id=\"block-a0427028-9a86-482b-a113-aba9a34ea879\">Official image video <\/h2><p>A high-quality rear-ventilated ALUCOBOND\u00ae facade is to be created from 2D data. All work phases should be implemented with little effort, high quality, BIM compliant and without errors. What seems impossible can be very simple.<\/p><hr class=\"wp-block-separator is-style-wide\"\/><iframe loading=\"lazy\"  style=\"display: block; margin: 0px auto;\"  id=\"_ytid_69412\"  width=\"720\" height=\"405\"  data-origwidth=\"720\" data-origheight=\"405\" src=\"https:\/\/www.youtube.com\/embed\/mbZMf0W-71A?enablejsapi=1&#038;autoplay=0&#038;cc_load_policy=0&#038;cc_lang_pref=&#038;iv_load_policy=1&#038;loop=0&#038;rel=1&#038;fs=1&#038;playsinline=0&#038;autohide=2&#038;hl=en_US&#038;theme=dark&#038;color=red&#038;controls=1&#038;disablekb=0&#038;\" class=\"__youtube_prefs__  no-lazyload\" title=\"YouTube player\"  allow=\"fullscreen; accelerometer; autoplay; clipboard-write; encrypted-media; gyroscope; picture-in-picture; web-share\" referrerpolicy=\"strict-origin-when-cross-origin\" allowfullscreen data-no-lazy=\"1\" data-skipgform_ajax_framebjll=\"\"><\/iframe><hr class=\"wp-block-separator is-style-wide\"\/><h2 class=\"has-text-align-center wp-block-heading\">HiCAD 2020 | Arbeitsablauf<\/h2><hr class=\"wp-block-separator is-style-wide\"\/><iframe loading=\"lazy\"  style=\"display: block; margin: 0px auto;\"  id=\"_ytid_42511\"  width=\"720\" height=\"405\"  data-origwidth=\"720\" data-origheight=\"405\" src=\"https:\/\/www.youtube.com\/embed\/wM3KgzQbjU0?enablejsapi=1&#038;autoplay=0&#038;cc_load_policy=0&#038;cc_lang_pref=&#038;iv_load_policy=1&#038;loop=0&#038;rel=1&#038;fs=1&#038;playsinline=0&#038;autohide=2&#038;hl=en_US&#038;theme=dark&#038;color=red&#038;controls=1&#038;disablekb=0&#038;\" class=\"__youtube_prefs__  no-lazyload\" title=\"YouTube player\"  allow=\"fullscreen; accelerometer; autoplay; clipboard-write; encrypted-media; gyroscope; picture-in-picture; web-share\" referrerpolicy=\"strict-origin-when-cross-origin\" allowfullscreen data-no-lazy=\"1\" data-skipgform_ajax_framebjll=\"\"><\/iframe><hr class=\"wp-block-separator is-style-wide\"\/><h2 class=\"has-text-align-center wp-block-heading\">HiCAD 2020 | SP2: Parametric transfer of the properties for rear-ventilated facades<\/h2><hr class=\"wp-block-separator is-style-wide\"\/><iframe loading=\"lazy\"  style=\"display: block; margin: 0px auto;\"  id=\"_ytid_50864\"  width=\"720\" height=\"405\"  data-origwidth=\"720\" data-origheight=\"405\" src=\"https:\/\/www.youtube.com\/embed\/W6J10FosVqM?enablejsapi=1&#038;autoplay=0&#038;cc_load_policy=0&#038;cc_lang_pref=&#038;iv_load_policy=1&#038;loop=0&#038;rel=1&#038;fs=1&#038;playsinline=0&#038;autohide=2&#038;hl=en_US&#038;theme=dark&#038;color=red&#038;controls=1&#038;disablekb=0&#038;\" class=\"__youtube_prefs__  no-lazyload\" title=\"YouTube player\"  allow=\"fullscreen; accelerometer; autoplay; clipboard-write; encrypted-media; gyroscope; picture-in-picture; web-share\" referrerpolicy=\"strict-origin-when-cross-origin\" allowfullscreen data-no-lazy=\"1\" data-skipgform_ajax_framebjll=\"\"><\/iframe><hr class=\"wp-block-separator is-style-wide\"\/><p class=\"has-text-align-center\">The \"Transfer parameterization\" function is used to transfer the properties and parameters of a template element to the other elements within a construction. However, this is only possible if the installation elements are based on the same variant. Elements can be marked and updated not only from one, but also from different facade construction sections individually or via multiple selection.<\/p><hr class=\"wp-block-separator is-style-wide\"\/><h2 class=\"has-text-align-center wp-block-heading\">HiCAD 2020 | SP2: Corner connection for SZ20 ALUCOBOND\u00ae cassette<\/h2><iframe loading=\"lazy\"  style=\"display: block; margin: 0px auto;\"  id=\"_ytid_46792\"  width=\"720\" height=\"405\"  data-origwidth=\"720\" data-origheight=\"405\" src=\"https:\/\/www.youtube.com\/embed\/-NkY5T4Vsw8?enablejsapi=1&#038;autoplay=0&#038;cc_load_policy=0&#038;cc_lang_pref=&#038;iv_load_policy=1&#038;loop=0&#038;rel=1&#038;fs=1&#038;playsinline=0&#038;autohide=2&#038;hl=en_US&#038;theme=dark&#038;color=red&#038;controls=1&#038;disablekb=0&#038;\" class=\"__youtube_prefs__  no-lazyload\" title=\"YouTube player\"  allow=\"fullscreen; accelerometer; autoplay; clipboard-write; encrypted-media; gyroscope; picture-in-picture; web-share\" referrerpolicy=\"strict-origin-when-cross-origin\" allowfullscreen data-no-lazy=\"1\" data-skipgform_ajax_framebjll=\"\"><\/iframe><hr class=\"wp-block-separator is-style-wide\"\/><p class=\"has-text-align-center\">When using the ALUCOBOND\u00ae SZ20 facade, there is often a need to extend a corner connection. From HiCAD 2020 SP2 this can be implemented with the help of the DV: \"Lasche f\u00fcr SZ20\". By executing the design variant, all relevant purchased parts as well as \"S\" and \"Z\" profiles are generated and assigned to the new connection of the cassette. This means that the corner formation of an SZ20 facade can be expanded very flexibly.<\/p><hr class=\"wp-block-separator is-style-wide\"\/><h2 class=\"wp-block-heading\">Adoption of 2D \/ 3D (BIM)<\/h2><iframe loading=\"lazy\"  style=\"display: block; margin: 0px auto;\"  id=\"_ytid_67671\"  width=\"720\" height=\"405\"  data-origwidth=\"720\" data-origheight=\"405\" src=\"https:\/\/www.youtube.com\/embed\/aXqnphEPapc?enablejsapi=1&#038;autoplay=0&#038;cc_load_policy=0&#038;cc_lang_pref=&#038;iv_load_policy=1&#038;loop=0&#038;rel=1&#038;fs=1&#038;playsinline=0&#038;autohide=2&#038;hl=en_US&#038;theme=dark&#038;color=red&#038;controls=1&#038;disablekb=0&#038;\" class=\"__youtube_prefs__  no-lazyload\" title=\"YouTube player\"  allow=\"fullscreen; accelerometer; autoplay; clipboard-write; encrypted-media; gyroscope; picture-in-picture; web-share\" referrerpolicy=\"strict-origin-when-cross-origin\" allowfullscreen data-no-lazy=\"1\" data-skipgform_ajax_framebjll=\"\"><\/iframe><hr class=\"wp-block-separator is-style-wide\"\/><p>Existing 2D data can be transferred to HiCAD with just a few clicks. A direct import of 2D DWG and DXF data is possible. Extensive construction functions are available for your own construction. Complete integration into modern openBIM processes.<\/p><hr class=\"wp-block-separator is-style-wide\"\/><h2 class=\"wp-block-heading\">HiCAD ALUCOBOND\u00ae: parts lists<\/h2><iframe loading=\"lazy\"  style=\"display: block; margin: 0px auto;\"  id=\"_ytid_40522\"  width=\"720\" height=\"405\"  data-origwidth=\"720\" data-origheight=\"405\" src=\"https:\/\/www.youtube.com\/embed\/CtLKCoL_qrc?enablejsapi=1&#038;autoplay=0&#038;cc_load_policy=0&#038;cc_lang_pref=&#038;iv_load_policy=1&#038;loop=0&#038;rel=1&#038;fs=1&#038;playsinline=0&#038;autohide=2&#038;hl=en_US&#038;theme=dark&#038;color=red&#038;controls=1&#038;disablekb=0&#038;\" class=\"__youtube_prefs__  no-lazyload\" title=\"YouTube player\"  allow=\"fullscreen; accelerometer; autoplay; clipboard-write; encrypted-media; gyroscope; picture-in-picture; web-share\" referrerpolicy=\"strict-origin-when-cross-origin\" allowfullscreen data-no-lazy=\"1\" data-skipgform_ajax_framebjll=\"\"><\/iframe><hr class=\"wp-block-separator is-style-wide\"\/><p>Labels, dimensions and the search for identical parts are described. Parts lists, saw lists, material lists, mailing lists and much more.<\/p><hr class=\"wp-block-separator is-style-wide\"\/><h2 class=\"wp-block-heading\">HiCAD ALUCOBOND\u00ae: Creation of drawings<\/h2><iframe loading=\"lazy\"  style=\"display: block; margin: 0px auto;\"  id=\"_ytid_74373\"  width=\"720\" height=\"405\"  data-origwidth=\"720\" data-origheight=\"405\" src=\"https:\/\/www.youtube.com\/embed\/XQ4Imy5kyMc?enablejsapi=1&#038;autoplay=0&#038;cc_load_policy=0&#038;cc_lang_pref=&#038;iv_load_policy=1&#038;loop=0&#038;rel=1&#038;fs=1&#038;playsinline=0&#038;autohide=2&#038;hl=en_US&#038;theme=dark&#038;color=red&#038;controls=1&#038;disablekb=0&#038;\" class=\"__youtube_prefs__  no-lazyload\" title=\"YouTube player\"  allow=\"fullscreen; accelerometer; autoplay; clipboard-write; encrypted-media; gyroscope; picture-in-picture; web-share\" referrerpolicy=\"strict-origin-when-cross-origin\" allowfullscreen data-no-lazy=\"1\" data-skipgform_ajax_framebjll=\"\"><\/iframe><hr class=\"wp-block-separator is-style-wide\"\/><p>All views, sections and details are derived directly from the 3D model in accordance with BIM and are always up-to-date and linked to the 3D. Individual 2D \/ 3D sections and details make complex information understandable for customers, production and assembly. All labels and dimensions are taken directly from the 3D model and are always correct, even with design changes.<\/p><hr class=\"wp-block-separator is-style-wide\"\/><h2 class=\"wp-block-heading\">HiCAD ALUCOBOND\u00ae 3D - cassette installation<\/h2><iframe loading=\"lazy\"  style=\"display: block; margin: 0px auto;\"  id=\"_ytid_70546\"  width=\"720\" height=\"405\"  data-origwidth=\"720\" data-origheight=\"405\" src=\"https:\/\/www.youtube.com\/embed\/P2vFFgJ9IZw?enablejsapi=1&#038;autoplay=0&#038;cc_load_policy=0&#038;cc_lang_pref=&#038;iv_load_policy=1&#038;loop=0&#038;rel=1&#038;fs=1&#038;playsinline=0&#038;autohide=2&#038;hl=en_US&#038;theme=dark&#038;color=red&#038;controls=1&#038;disablekb=0&#038;\" class=\"__youtube_prefs__  no-lazyload\" title=\"YouTube player\"  allow=\"fullscreen; accelerometer; autoplay; clipboard-write; encrypted-media; gyroscope; picture-in-picture; web-share\" referrerpolicy=\"strict-origin-when-cross-origin\" allowfullscreen data-no-lazy=\"1\" data-skipgform_ajax_framebjll=\"\"><\/iframe><hr class=\"wp-block-separator is-style-wide\"\/><p>Laying an entire facade. The grid is the basis and can be adopted or created yourself. Then place the desired cassettes on the grid. All important parameters can be set. Not only material, colors or protrusions can be quickly adapted and planned. All important parameters are available for reliable planning.<\/p><hr class=\"wp-block-separator is-style-wide\"\/><h2 class=\"wp-block-heading\">HiCAD ALUCOBOND\u00ae: substructure<\/h2><iframe loading=\"lazy\"  style=\"display: block; margin: 0px auto;\"  id=\"_ytid_27876\"  width=\"720\" height=\"405\"  data-origwidth=\"720\" data-origheight=\"405\" src=\"https:\/\/www.youtube.com\/embed\/sRGV-WPFLUE?enablejsapi=1&#038;autoplay=0&#038;cc_load_policy=0&#038;cc_lang_pref=&#038;iv_load_policy=1&#038;loop=0&#038;rel=1&#038;fs=1&#038;playsinline=0&#038;autohide=2&#038;hl=en_US&#038;theme=dark&#038;color=red&#038;controls=1&#038;disablekb=0&#038;\" class=\"__youtube_prefs__  no-lazyload\" title=\"YouTube player\"  allow=\"fullscreen; accelerometer; autoplay; clipboard-write; encrypted-media; gyroscope; picture-in-picture; web-share\" referrerpolicy=\"strict-origin-when-cross-origin\" allowfullscreen data-no-lazy=\"1\" data-skipgform_ajax_framebjll=\"\"><\/iframe><hr class=\"wp-block-separator is-style-wide\"\/><p>Substructures can be created or adopted by yourself. Clear and reliable planning in 3D by working in the detailed view. Intelligent routing directly on the axis grid from 2D drawing or 3D BIM model. Extensive setting options for consoles and profiles for exact adaptation to buildings and cassettes. Automatic output of parts lists and drawings based on an intelligent search for common parts and positioning.<\/p><hr class=\"wp-block-separator is-style-wide\"\/><h2 class=\"wp-block-heading\">HiCAD ALUCOBOND\u00ae: Individual changes<\/h2><iframe loading=\"lazy\"  style=\"display: block; margin: 0px auto;\"  id=\"_ytid_21977\"  width=\"720\" height=\"405\"  data-origwidth=\"720\" data-origheight=\"405\" src=\"https:\/\/www.youtube.com\/embed\/wEd-Iws0tu0?enablejsapi=1&#038;autoplay=0&#038;cc_load_policy=0&#038;cc_lang_pref=&#038;iv_load_policy=1&#038;loop=0&#038;rel=1&#038;fs=1&#038;playsinline=0&#038;autohide=2&#038;hl=en_US&#038;theme=dark&#038;color=red&#038;controls=1&#038;disablekb=0&#038;\" class=\"__youtube_prefs__  no-lazyload\" title=\"YouTube player\"  allow=\"fullscreen; accelerometer; autoplay; clipboard-write; encrypted-media; gyroscope; picture-in-picture; web-share\" referrerpolicy=\"strict-origin-when-cross-origin\" allowfullscreen data-no-lazy=\"1\" data-skipgform_ajax_framebjll=\"\"><\/iframe><hr class=\"wp-block-separator is-style-wide\"\/><p>Changing joint widths or the grid is child's play. Automatic updates of all attached documents such as dimensions, texts, parts lists. All derived information is changed automatically. Adapted to your way of working, you are, with individual constructions and also your own adjustments, e.g. own cassettes, flexible with HiCAD ALUCOBOND\u00ae.<\/p><hr class=\"wp-block-separator is-style-wide\"\/><h2 class=\"wp-block-heading\">HiCAD ALUCOBOND\u00ae: ALUCOBOND\u00ae suspended<\/h2><iframe loading=\"lazy\"  style=\"display: block; margin: 0px auto;\"  id=\"_ytid_31085\"  width=\"720\" height=\"405\"  data-origwidth=\"720\" data-origheight=\"405\" src=\"https:\/\/www.youtube.com\/embed\/3HphzuKlrR8?enablejsapi=1&#038;autoplay=0&#038;cc_load_policy=0&#038;cc_lang_pref=&#038;iv_load_policy=1&#038;loop=0&#038;rel=1&#038;fs=1&#038;playsinline=0&#038;autohide=2&#038;hl=en_US&#038;theme=dark&#038;color=red&#038;controls=1&#038;disablekb=0&#038;\" class=\"__youtube_prefs__  no-lazyload\" title=\"YouTube player\"  allow=\"fullscreen; accelerometer; autoplay; clipboard-write; encrypted-media; gyroscope; picture-in-picture; web-share\" referrerpolicy=\"strict-origin-when-cross-origin\" allowfullscreen data-no-lazy=\"1\" data-skipgform_ajax_framebjll=\"\"><\/iframe><hr class=\"wp-block-separator is-style-wide\"\/><p>In addition to its own cassette variants, suspended cassettes - riveted \/ glued variants from 3A Composites are supported. Simple selection via the catalog, also possible with parapet designs. Processors and planners with optimized constructions, matching the specifications.<\/p><hr class=\"wp-block-separator is-style-wide\"\/><h2 class=\"wp-block-heading\">HiCAD ALUCOBOND\u00ae: ALUCOBOND\u00ae SZ20<\/h2><iframe loading=\"lazy\"  style=\"display: block; margin: 0px auto;\"  id=\"_ytid_57357\"  width=\"720\" height=\"405\"  data-origwidth=\"720\" data-origheight=\"405\" src=\"https:\/\/www.youtube.com\/embed\/439UFuRNc6U?enablejsapi=1&#038;autoplay=0&#038;cc_load_policy=0&#038;cc_lang_pref=&#038;iv_load_policy=1&#038;loop=0&#038;rel=1&#038;fs=1&#038;playsinline=0&#038;autohide=2&#038;hl=en_US&#038;theme=dark&#038;color=red&#038;controls=1&#038;disablekb=0&#038;\" class=\"__youtube_prefs__  no-lazyload\" title=\"YouTube player\"  allow=\"fullscreen; accelerometer; autoplay; clipboard-write; encrypted-media; gyroscope; picture-in-picture; web-share\" referrerpolicy=\"strict-origin-when-cross-origin\" allowfullscreen data-no-lazy=\"1\" data-skipgform_ajax_framebjll=\"\"><\/iframe><hr class=\"wp-block-separator is-style-wide\"\/><p>Simple and safe installation of SZ20 cassettes in grids. Using an example for an SZ20 cassette, you can integrate directly selectable ALUCOBOND materials. Correct parts lists and exact cuts for NC production ensure reliable planning. Despite adjustments, processes, parts lists and drawings can be output automatically.<\/p><hr class=\"wp-block-separator is-style-wide\"\/>","protected":false},"excerpt":{"rendered":"<p>HiCAD ALUCOBOND\u00ae Offizielles Imagevideo Aus 2D Daten soll eine hochwertige hinterl\u00fcftete ALUCOBOND\u00ae Fassade entstehen. Alle Arbeitsphasen sollen mit wenig Aufwand, einer hohen Qualit\u00e4t, BIM konform und ohne Fehler umgesetzt werden. Was unm\u00f6glich erscheint, kann ganz einfach sein. HiCAD 2020 | Arbeitsablauf HiCAD 2020 | SP2: Parametrische \u00dcbertragung der Eigenschaften bei hinterl\u00fcfteten Fassaden \u00dcber die Funktion: [&hellip;]<\/p>\n","protected":false},"author":1,"featured_media":0,"parent":0,"menu_order":0,"comment_status":"closed","ping_status":"closed","template":"","meta":{"_bbp_topic_count":0,"_bbp_reply_count":0,"_bbp_total_topic_count":0,"_bbp_total_reply_count":0,"_bbp_voice_count":0,"_bbp_anonymous_reply_count":0,"_bbp_topic_count_hidden":0,"_bbp_reply_count_hidden":0,"_bbp_forum_subforum_count":0,"pmpro_default_level":"","footnotes":""},"class_list":["post-481","page","type-page","status-publish","hentry","pmpro-has-access","post"],"yoast_head":"<!-- This site is optimized with the Yoast SEO plugin v27.6 - https:\/\/yoast.com\/product\/yoast-seo-wordpress\/ -->\n<title>ALUCOBOND\u00ae - hicad-help.com<\/title>\n<meta name=\"robots\" content=\"index, follow, max-snippet:-1, max-image-preview:large, max-video-preview:-1\" \/>\n<link rel=\"canonical\" href=\"https:\/\/hicad-help.com\/en\/alucobond\/\" \/>\n<meta property=\"og:locale\" content=\"en_US\" \/>\n<meta property=\"og:type\" content=\"article\" \/>\n<meta property=\"og:title\" content=\"ALUCOBOND\u00ae - hicad-help.com\" \/>\n<meta property=\"og:description\" content=\"HiCAD ALUCOBOND\u00ae Offizielles Imagevideo Aus 2D Daten soll eine hochwertige hinterl\u00fcftete ALUCOBOND\u00ae Fassade entstehen. Alle Arbeitsphasen sollen mit wenig Aufwand, einer hohen Qualit\u00e4t, BIM konform und ohne Fehler umgesetzt werden. Was unm\u00f6glich erscheint, kann ganz einfach sein. HiCAD 2020 | Arbeitsablauf HiCAD 2020 | SP2: Parametrische \u00dcbertragung der Eigenschaften bei hinterl\u00fcfteten Fassaden \u00dcber die Funktion: [&hellip;]\" \/>\n<meta property=\"og:url\" content=\"https:\/\/hicad-help.com\/en\/alucobond\/\" \/>\n<meta property=\"og:site_name\" content=\"hicad-help.com\" \/>\n<meta property=\"article:modified_time\" content=\"2020-12-07T14:53:02+00:00\" \/>\n<meta name=\"twitter:card\" content=\"summary_large_image\" \/>\n<meta name=\"twitter:label1\" content=\"Est. reading time\" \/>\n\t<meta name=\"twitter:data1\" content=\"4 minutes\" \/>\n<script type=\"application\/ld+json\" class=\"yoast-schema-graph\">{\"@context\":\"https:\\\/\\\/schema.org\",\"@graph\":[{\"@type\":\"WebPage\",\"@id\":\"https:\\\/\\\/hicad-help.com\\\/alucobond\\\/\",\"url\":\"https:\\\/\\\/hicad-help.com\\\/alucobond\\\/\",\"name\":\"ALUCOBOND\u00ae - hicad-help.com\",\"isPartOf\":{\"@id\":\"http:\\\/\\\/hicad-help.com\\\/en\\\/#website\"},\"datePublished\":\"2020-10-05T08:01:55+00:00\",\"dateModified\":\"2020-12-07T14:53:02+00:00\",\"breadcrumb\":{\"@id\":\"https:\\\/\\\/hicad-help.com\\\/alucobond\\\/#breadcrumb\"},\"inLanguage\":\"en-US\",\"potentialAction\":[{\"@type\":\"ReadAction\",\"target\":[\"https:\\\/\\\/hicad-help.com\\\/alucobond\\\/\"]}]},{\"@type\":\"BreadcrumbList\",\"@id\":\"https:\\\/\\\/hicad-help.com\\\/alucobond\\\/#breadcrumb\",\"itemListElement\":[{\"@type\":\"ListItem\",\"position\":1,\"name\":\"Startseite\",\"item\":\"http:\\\/\\\/hicad-help.com\\\/en\\\/\"},{\"@type\":\"ListItem\",\"position\":2,\"name\":\"ALUCOBOND\u00ae\"}]},{\"@type\":\"WebSite\",\"@id\":\"http:\\\/\\\/hicad-help.com\\\/en\\\/#website\",\"url\":\"http:\\\/\\\/hicad-help.com\\\/en\\\/\",\"name\":\"hicad-help.com\",\"description\":\"Hilfeseite f\u00fcr HiCAD\",\"potentialAction\":[{\"@type\":\"SearchAction\",\"target\":{\"@type\":\"EntryPoint\",\"urlTemplate\":\"http:\\\/\\\/hicad-help.com\\\/en\\\/?s={search_term_string}\"},\"query-input\":{\"@type\":\"PropertyValueSpecification\",\"valueRequired\":true,\"valueName\":\"search_term_string\"}}],\"inLanguage\":\"en-US\"}]}<\/script>\n<!-- \/ Yoast SEO plugin. -->","yoast_head_json":{"title":"ALUCOBOND\u00ae - hicad-help.com","robots":{"index":"index","follow":"follow","max-snippet":"max-snippet:-1","max-image-preview":"max-image-preview:large","max-video-preview":"max-video-preview:-1"},"canonical":"https:\/\/hicad-help.com\/en\/alucobond\/","og_locale":"en_US","og_type":"article","og_title":"ALUCOBOND\u00ae - hicad-help.com","og_description":"HiCAD ALUCOBOND\u00ae Offizielles Imagevideo Aus 2D Daten soll eine hochwertige hinterl\u00fcftete ALUCOBOND\u00ae Fassade entstehen. Alle Arbeitsphasen sollen mit wenig Aufwand, einer hohen Qualit\u00e4t, BIM konform und ohne Fehler umgesetzt werden. Was unm\u00f6glich erscheint, kann ganz einfach sein. HiCAD 2020 | Arbeitsablauf HiCAD 2020 | SP2: Parametrische \u00dcbertragung der Eigenschaften bei hinterl\u00fcfteten Fassaden \u00dcber die Funktion: [&hellip;]","og_url":"https:\/\/hicad-help.com\/en\/alucobond\/","og_site_name":"hicad-help.com","article_modified_time":"2020-12-07T14:53:02+00:00","twitter_card":"summary_large_image","twitter_misc":{"Est. reading time":"4 minutes"},"schema":{"@context":"https:\/\/schema.org","@graph":[{"@type":"WebPage","@id":"https:\/\/hicad-help.com\/alucobond\/","url":"https:\/\/hicad-help.com\/alucobond\/","name":"ALUCOBOND\u00ae - hicad-help.com","isPartOf":{"@id":"http:\/\/hicad-help.com\/en\/#website"},"datePublished":"2020-10-05T08:01:55+00:00","dateModified":"2020-12-07T14:53:02+00:00","breadcrumb":{"@id":"https:\/\/hicad-help.com\/alucobond\/#breadcrumb"},"inLanguage":"en-US","potentialAction":[{"@type":"ReadAction","target":["https:\/\/hicad-help.com\/alucobond\/"]}]},{"@type":"BreadcrumbList","@id":"https:\/\/hicad-help.com\/alucobond\/#breadcrumb","itemListElement":[{"@type":"ListItem","position":1,"name":"Startseite","item":"http:\/\/hicad-help.com\/en\/"},{"@type":"ListItem","position":2,"name":"ALUCOBOND\u00ae"}]},{"@type":"WebSite","@id":"http:\/\/hicad-help.com\/en\/#website","url":"http:\/\/hicad-help.com\/en\/","name":"hicad-help.com","description":"Help page for HiCAD","potentialAction":[{"@type":"SearchAction","target":{"@type":"EntryPoint","urlTemplate":"http:\/\/hicad-help.com\/en\/?s={search_term_string}"},"query-input":{"@type":"PropertyValueSpecification","valueRequired":true,"valueName":"search_term_string"}}],"inLanguage":"en-US"}]}},"jetpack_sharing_enabled":true,"_links":{"self":[{"href":"https:\/\/hicad-help.com\/en\/wp-json\/wp\/v2\/pages\/481","targetHints":{"allow":["GET"]}}],"collection":[{"href":"https:\/\/hicad-help.com\/en\/wp-json\/wp\/v2\/pages"}],"about":[{"href":"https:\/\/hicad-help.com\/en\/wp-json\/wp\/v2\/types\/page"}],"author":[{"embeddable":true,"href":"https:\/\/hicad-help.com\/en\/wp-json\/wp\/v2\/users\/1"}],"replies":[{"embeddable":true,"href":"https:\/\/hicad-help.com\/en\/wp-json\/wp\/v2\/comments?post=481"}],"version-history":[{"count":0,"href":"https:\/\/hicad-help.com\/en\/wp-json\/wp\/v2\/pages\/481\/revisions"}],"wp:attachment":[{"href":"https:\/\/hicad-help.com\/en\/wp-json\/wp\/v2\/media?parent=481"}],"curies":[{"name":"wp","href":"https:\/\/api.w.org\/{rel}","templated":true}]}}