{"id":784,"date":"2020-10-12T23:44:43","date_gmt":"2020-10-12T21:44:43","guid":{"rendered":"https:\/\/hicad-help.com\/?page_id=784"},"modified":"2020-10-13T16:53:35","modified_gmt":"2020-10-13T14:53:35","slug":"hicad-2018-service-pack-1","status":"publish","type":"page","link":"https:\/\/hicad-help.com\/en\/hicad-2018-service-pack-1\/","title":{"rendered":"HiCAD 2018 SP1"},"content":{"rendered":"<h2 class=\"has-text-align-center wp-block-heading\">HiCAD 2018 SP1 | ShortClips: Neuerungen im Blechbereich<\/h2><iframe loading=\"lazy\"  style=\"display: block; margin: 0px auto;\"  id=\"_ytid_92911\"  width=\"720\" height=\"405\"  data-origwidth=\"720\" data-origheight=\"405\" src=\"https:\/\/www.youtube.com\/embed\/hpEK0lPqzAQ?enablejsapi=1&#038;autoplay=0&#038;cc_load_policy=0&#038;cc_lang_pref=&#038;iv_load_policy=1&#038;loop=0&#038;rel=1&#038;fs=1&#038;playsinline=0&#038;autohide=2&#038;hl=en_US&#038;theme=dark&#038;color=red&#038;controls=1&#038;disablekb=0&#038;\" class=\"__youtube_prefs__  no-lazyload\" title=\"YouTube player\"  allow=\"fullscreen; accelerometer; autoplay; clipboard-write; encrypted-media; gyroscope; picture-in-picture; web-share\" referrerpolicy=\"strict-origin-when-cross-origin\" allowfullscreen data-no-lazy=\"1\" data-skipgform_ajax_framebjll=\"\"><\/iframe><hr class=\"wp-block-separator is-style-wide\"\/><p>HiCAD 2018 SP1 enth\u00e4lt zahlreiche Neuerungen f\u00fcr die Blechbearbeitung. Beispiele sind die freie Konfiguration der Sachnummer von Grundblechen, die winkelabh\u00e4ngige L\u00e4ngenangabe beim Ankanten, das Schneiden zweier Bleche auf Gehrung sowie die b\u00fcndige Platzierung von Lochmustern und die Anwendung von Lochmustern \u00fcber alle Laschen eines Bleches hinweg.<\/p><hr class=\"wp-block-separator is-style-wide\"\/><h2 class=\"has-text-align-center wp-block-heading\">HiCAD 2018 SP1 &#8211; Textposition auf Abwicklung (Signierung\/Gravur<\/h2><iframe loading=\"lazy\"  style=\"display: block; margin: 0px auto;\"  id=\"_ytid_76791\"  width=\"720\" height=\"405\"  data-origwidth=\"720\" data-origheight=\"405\" src=\"https:\/\/www.youtube.com\/embed\/eFFRpgd5smM?enablejsapi=1&#038;autoplay=0&#038;cc_load_policy=0&#038;cc_lang_pref=&#038;iv_load_policy=1&#038;loop=0&#038;rel=1&#038;fs=1&#038;playsinline=0&#038;autohide=2&#038;hl=en_US&#038;theme=dark&#038;color=red&#038;controls=1&#038;disablekb=0&#038;\" class=\"__youtube_prefs__  no-lazyload\" title=\"YouTube player\"  allow=\"fullscreen; accelerometer; autoplay; clipboard-write; encrypted-media; gyroscope; picture-in-picture; web-share\" referrerpolicy=\"strict-origin-when-cross-origin\" allowfullscreen data-no-lazy=\"1\" data-skipgform_ajax_framebjll=\"\"><\/iframe><hr class=\"wp-block-separator is-style-wide\"\/><p>Mit der Textpositionierung legen Sie die Position und Richtung des Zusatztextes in der Blechabwicklung fest. Um die Textpositon auszuwerten, m\u00fcssen Sie im Dialog der Abwicklung den Zusatztext aktivieren und bei der Platzierung Innerhalb w\u00e4hlen. Ist Innerhalb gew\u00e4hlt, aber kein Positionierungssymbol gesetzt, wird die Beschriftung wie bisher gesetzt, automatische Suche nach einen freien Bereich innerhalb der Abwicklung.<\/p><hr class=\"wp-block-separator is-style-wide\"\/><h2 class=\"has-text-align-center wp-block-heading\">HiCAD 2018 SP1 &#8211; Funktionen zu Schnittansichten<\/h2><iframe loading=\"lazy\"  style=\"display: block; margin: 0px auto;\"  id=\"_ytid_41170\"  width=\"720\" height=\"405\"  data-origwidth=\"720\" data-origheight=\"405\" src=\"https:\/\/www.youtube.com\/embed\/kfBGG82RiXU?enablejsapi=1&#038;autoplay=0&#038;cc_load_policy=0&#038;cc_lang_pref=&#038;iv_load_policy=1&#038;loop=0&#038;rel=1&#038;fs=1&#038;playsinline=0&#038;autohide=2&#038;hl=en_US&#038;theme=dark&#038;color=red&#038;controls=1&#038;disablekb=0&#038;\" class=\"__youtube_prefs__  no-lazyload\" title=\"YouTube player\"  allow=\"fullscreen; accelerometer; autoplay; clipboard-write; encrypted-media; gyroscope; picture-in-picture; web-share\" referrerpolicy=\"strict-origin-when-cross-origin\" allowfullscreen data-no-lazy=\"1\" data-skipgform_ajax_framebjll=\"\"><\/iframe><hr class=\"wp-block-separator is-style-wide\"\/><p>Diese Funktionen nun nicht mehr im Metallbau-Ribbon im Bereich 3D-Schnitt zu finden. Stattdessen befinden sie sich nun im Andockfenster Bauwesen-Funktionen unter Bauwesen allgemein &#8211; Bauwesen &#8211; Schnittansichten 3D. Hinweise: Zum Verwenden einer dieser Funktionen, m\u00fcssen Sie sich in einer aktiven 3D Schnittansicht befinden. <\/p><p>Nach der Erzeugung werden die Teile in der Schnittansicht automatisch aktualisiert und geschnitten dargestellt. Die Parameter f\u00fcr Beschriftungen werden dabei automatisiert aus den Teileattributen ausgelesen. <\/p><p>Anschlusselemente, die mit den Funktionen unter Bauwesen-Funktionen &#8211; Bauwesen allgemein &#8211; Bauwesen &#8211; Schnittansichten (3D) erzeugt wurden, werden in der Werkstattzeichnung nicht ber\u00fccksichtigt. Dies gilt auch dann, wenn diese Elemente st\u00fccklistenrelevant sind.<\/p><hr class=\"wp-block-separator is-style-wide\"\/><h2 class=\"has-text-align-center wp-block-heading\">HiCAD 2018 SP1 &#8211; Verbundglas<\/h2><iframe loading=\"lazy\"  style=\"display: block; margin: 0px auto;\"  id=\"_ytid_60187\"  width=\"720\" height=\"405\"  data-origwidth=\"720\" data-origheight=\"405\" src=\"https:\/\/www.youtube.com\/embed\/O0LES2hPW2I?enablejsapi=1&#038;autoplay=0&#038;cc_load_policy=0&#038;cc_lang_pref=&#038;iv_load_policy=1&#038;loop=0&#038;rel=1&#038;fs=1&#038;playsinline=0&#038;autohide=2&#038;hl=en_US&#038;theme=dark&#038;color=red&#038;controls=1&#038;disablekb=0&#038;\" class=\"__youtube_prefs__  no-lazyload\" title=\"YouTube player\"  allow=\"fullscreen; accelerometer; autoplay; clipboard-write; encrypted-media; gyroscope; picture-in-picture; web-share\" referrerpolicy=\"strict-origin-when-cross-origin\" allowfullscreen data-no-lazy=\"1\" data-skipgform_ajax_framebjll=\"\"><\/iframe><hr class=\"wp-block-separator is-style-wide\"\/><p>in diesen Video wird die Neuentwicklung des Verbundglases gezeigt. Wie man den Befehl anwenden kann und welche M\u00f6glichkeiten er bietet<\/p><hr class=\"wp-block-separator is-style-wide\"\/>","protected":false},"excerpt":{"rendered":"<p>HiCAD 2018 SP1 | ShortClips: Neuerungen im Blechbereich HiCAD 2018 SP1 enth\u00e4lt zahlreiche Neuerungen f\u00fcr die Blechbearbeitung. Beispiele sind die freie Konfiguration der Sachnummer von Grundblechen, die winkelabh\u00e4ngige L\u00e4ngenangabe beim Ankanten, das Schneiden zweier Bleche auf Gehrung sowie die b\u00fcndige Platzierung von Lochmustern und die Anwendung von Lochmustern \u00fcber alle Laschen eines Bleches hinweg. HiCAD [&hellip;]<\/p>\n","protected":false},"author":1,"featured_media":0,"parent":0,"menu_order":0,"comment_status":"closed","ping_status":"closed","template":"","meta":{"_bbp_topic_count":0,"_bbp_reply_count":0,"_bbp_total_topic_count":0,"_bbp_total_reply_count":0,"_bbp_voice_count":0,"_bbp_anonymous_reply_count":0,"_bbp_topic_count_hidden":0,"_bbp_reply_count_hidden":0,"_bbp_forum_subforum_count":0,"pmpro_default_level":"","footnotes":""},"class_list":["post-784","page","type-page","status-publish","hentry","pmpro-has-access","post"],"yoast_head":"<!-- This site is optimized with the Yoast SEO plugin v27.3 - https:\/\/yoast.com\/product\/yoast-seo-wordpress\/ -->\n<title>Hilfeseite - Neuerungen - HiCAD 2018 SP1 - hicad-help.com<\/title>\n<meta name=\"description\" content=\"Eine Zusammenfassung der Neuerungen in HiCAD 2018 SP1. Zusammengefasst in vielen Videos um die Neuerungen einfacher zu erkennen.\" \/>\n<meta name=\"robots\" content=\"index, follow, max-snippet:-1, max-image-preview:large, max-video-preview:-1\" \/>\n<link rel=\"canonical\" href=\"https:\/\/hicad-help.com\/en\/hicad-2018-service-pack-1\/\" \/>\n<meta property=\"og:locale\" content=\"en_US\" \/>\n<meta property=\"og:type\" content=\"article\" \/>\n<meta property=\"og:title\" content=\"Hilfeseite - Neuerungen - HiCAD 2018 SP1 - hicad-help.com\" \/>\n<meta property=\"og:description\" content=\"Eine Zusammenfassung der Neuerungen in HiCAD 2018 SP1. Zusammengefasst in vielen Videos um die Neuerungen einfacher zu erkennen.\" \/>\n<meta property=\"og:url\" content=\"https:\/\/hicad-help.com\/en\/hicad-2018-service-pack-1\/\" \/>\n<meta property=\"og:site_name\" content=\"hicad-help.com\" \/>\n<meta property=\"article:modified_time\" content=\"2020-10-13T14:53:35+00:00\" \/>\n<meta name=\"twitter:card\" content=\"summary_large_image\" \/>\n<meta name=\"twitter:label1\" content=\"Est. reading time\" \/>\n\t<meta name=\"twitter:data1\" content=\"2 minutes\" \/>\n<script type=\"application\/ld+json\" class=\"yoast-schema-graph\">{\"@context\":\"https:\\\/\\\/schema.org\",\"@graph\":[{\"@type\":\"WebPage\",\"@id\":\"https:\\\/\\\/hicad-help.com\\\/en\\\/hicad-2018-service-pack-1\\\/\",\"url\":\"https:\\\/\\\/hicad-help.com\\\/en\\\/hicad-2018-service-pack-1\\\/\",\"name\":\"Hilfeseite - Neuerungen - HiCAD 2018 SP1 - hicad-help.com\",\"isPartOf\":{\"@id\":\"https:\\\/\\\/hicad-help.com\\\/de_de\\\/#website\"},\"datePublished\":\"2020-10-12T21:44:43+00:00\",\"dateModified\":\"2020-10-13T14:53:35+00:00\",\"description\":\"Eine Zusammenfassung der Neuerungen in HiCAD 2018 SP1. Zusammengefasst in vielen Videos um die Neuerungen einfacher zu erkennen.\",\"breadcrumb\":{\"@id\":\"https:\\\/\\\/hicad-help.com\\\/en\\\/hicad-2018-service-pack-1\\\/#breadcrumb\"},\"inLanguage\":\"en-US\",\"potentialAction\":[{\"@type\":\"ReadAction\",\"target\":[\"https:\\\/\\\/hicad-help.com\\\/en\\\/hicad-2018-service-pack-1\\\/\"]}]},{\"@type\":\"BreadcrumbList\",\"@id\":\"https:\\\/\\\/hicad-help.com\\\/en\\\/hicad-2018-service-pack-1\\\/#breadcrumb\",\"itemListElement\":[{\"@type\":\"ListItem\",\"position\":1,\"name\":\"Startseite\",\"item\":\"https:\\\/\\\/hicad-help.com\\\/\"},{\"@type\":\"ListItem\",\"position\":2,\"name\":\"HiCAD 2018 SP1\"}]},{\"@type\":\"WebSite\",\"@id\":\"https:\\\/\\\/hicad-help.com\\\/de_de\\\/#website\",\"url\":\"https:\\\/\\\/hicad-help.com\\\/de_de\\\/\",\"name\":\"hicad-help.com\",\"description\":\"Hilfeseite f\u00fcr HiCAD\",\"potentialAction\":[{\"@type\":\"SearchAction\",\"target\":{\"@type\":\"EntryPoint\",\"urlTemplate\":\"https:\\\/\\\/hicad-help.com\\\/de_de\\\/?s={search_term_string}\"},\"query-input\":{\"@type\":\"PropertyValueSpecification\",\"valueRequired\":true,\"valueName\":\"search_term_string\"}}],\"inLanguage\":\"en-US\"}]}<\/script>\n<!-- \/ Yoast SEO plugin. -->","yoast_head_json":{"title":"Hilfeseite - Neuerungen - HiCAD 2018 SP1 - hicad-help.com","description":"Eine Zusammenfassung der Neuerungen in HiCAD 2018 SP1. Zusammengefasst in vielen Videos um die Neuerungen einfacher zu erkennen.","robots":{"index":"index","follow":"follow","max-snippet":"max-snippet:-1","max-image-preview":"max-image-preview:large","max-video-preview":"max-video-preview:-1"},"canonical":"https:\/\/hicad-help.com\/en\/hicad-2018-service-pack-1\/","og_locale":"en_US","og_type":"article","og_title":"Hilfeseite - Neuerungen - HiCAD 2018 SP1 - hicad-help.com","og_description":"Eine Zusammenfassung der Neuerungen in HiCAD 2018 SP1. Zusammengefasst in vielen Videos um die Neuerungen einfacher zu erkennen.","og_url":"https:\/\/hicad-help.com\/en\/hicad-2018-service-pack-1\/","og_site_name":"hicad-help.com","article_modified_time":"2020-10-13T14:53:35+00:00","twitter_card":"summary_large_image","twitter_misc":{"Est. reading time":"2 minutes"},"schema":{"@context":"https:\/\/schema.org","@graph":[{"@type":"WebPage","@id":"https:\/\/hicad-help.com\/en\/hicad-2018-service-pack-1\/","url":"https:\/\/hicad-help.com\/en\/hicad-2018-service-pack-1\/","name":"Hilfeseite - Neuerungen - HiCAD 2018 SP1 - hicad-help.com","isPartOf":{"@id":"https:\/\/hicad-help.com\/de_de\/#website"},"datePublished":"2020-10-12T21:44:43+00:00","dateModified":"2020-10-13T14:53:35+00:00","description":"Eine Zusammenfassung der Neuerungen in HiCAD 2018 SP1. Zusammengefasst in vielen Videos um die Neuerungen einfacher zu erkennen.","breadcrumb":{"@id":"https:\/\/hicad-help.com\/en\/hicad-2018-service-pack-1\/#breadcrumb"},"inLanguage":"en-US","potentialAction":[{"@type":"ReadAction","target":["https:\/\/hicad-help.com\/en\/hicad-2018-service-pack-1\/"]}]},{"@type":"BreadcrumbList","@id":"https:\/\/hicad-help.com\/en\/hicad-2018-service-pack-1\/#breadcrumb","itemListElement":[{"@type":"ListItem","position":1,"name":"Startseite","item":"https:\/\/hicad-help.com\/"},{"@type":"ListItem","position":2,"name":"HiCAD 2018 SP1"}]},{"@type":"WebSite","@id":"https:\/\/hicad-help.com\/de_de\/#website","url":"https:\/\/hicad-help.com\/de_de\/","name":"hicad-help.com","description":"Help page for HiCAD","potentialAction":[{"@type":"SearchAction","target":{"@type":"EntryPoint","urlTemplate":"https:\/\/hicad-help.com\/de_de\/?s={search_term_string}"},"query-input":{"@type":"PropertyValueSpecification","valueRequired":true,"valueName":"search_term_string"}}],"inLanguage":"en-US"}]}},"jetpack_sharing_enabled":true,"_links":{"self":[{"href":"https:\/\/hicad-help.com\/en\/wp-json\/wp\/v2\/pages\/784","targetHints":{"allow":["GET"]}}],"collection":[{"href":"https:\/\/hicad-help.com\/en\/wp-json\/wp\/v2\/pages"}],"about":[{"href":"https:\/\/hicad-help.com\/en\/wp-json\/wp\/v2\/types\/page"}],"author":[{"embeddable":true,"href":"https:\/\/hicad-help.com\/en\/wp-json\/wp\/v2\/users\/1"}],"replies":[{"embeddable":true,"href":"https:\/\/hicad-help.com\/en\/wp-json\/wp\/v2\/comments?post=784"}],"version-history":[{"count":0,"href":"https:\/\/hicad-help.com\/en\/wp-json\/wp\/v2\/pages\/784\/revisions"}],"wp:attachment":[{"href":"https:\/\/hicad-help.com\/en\/wp-json\/wp\/v2\/media?parent=784"}],"curies":[{"name":"wp","href":"https:\/\/api.w.org\/{rel}","templated":true}]}}