{"id":1528,"date":"2020-12-20T16:52:33","date_gmt":"2020-12-20T15:52:33","guid":{"rendered":"https:\/\/hicad-help.com\/?post_type=product&#038;p=1528"},"modified":"2020-12-20T16:52:33","modified_gmt":"2020-12-20T15:52:33","slug":"notebook-inspiron-17-3793","status":"publish","type":"product","link":"https:\/\/hicad-help.com\/en\/product\/notebook-inspiron-17-3793\/","title":{"rendered":"Notebook INSPIRON 17 3793"},"content":{"rendered":"<p>Marke\tLaptopia.de<br \/>\nBetriebssystem\tWindows 10 Pro<br \/>\nCPU-Hersteller\tIntel<br \/>\nBildschirmgr\u00f6\u00dfe\t17.3 Zoll<br \/>\nRAM-Gr\u00f6\u00dfe\t64 GB<br \/>\nFestplattengr\u00f6\u00dfe\t4000.00, 4001.00 GB<br \/>\nProzessorkerne\t4<br \/>\nChipsatzhersteller\tNvidia<br \/>\nModell\/Serie\tDell Inspiron<br \/>\nCPU-Modell\tCore i7<\/p>","protected":false},"excerpt":{"rendered":"<p>Marke\tLaptopia.de<br \/>\nHersteller\tLaptopia.de<br \/>\nModell\/Serie\tDell Inspiron<br \/>\nArtikelgewicht\t2.9 Kilogramm<br \/>\nDisplay-Gr\u00f6\u00dfe\t17.3 Zoll<br \/>\nNotebook Display Technologie\tIPS<br \/>\nBildschirmaufl\u00f6sung\t1920 x 1080 Pixel<br \/>\nL\u00f6sung\t1080p Full HD<br \/>\nProzessormarke\tIntel<br \/>\nProzessortyp\tCore i7<br \/>\nProzessorgeschwindigkeit\t3900 MHz<br \/>\nProzessorkerne\t4<br \/>\nGr\u00f6\u00dfe des Arbeitsspeichers\t64 GB<br \/>\nSpeicher-Art\tDDR4 SDRAM<br \/>\nSpeichergeschwindigkeit\t2400 MHz<br \/>\nGr\u00f6\u00dfe Festplatte\t4000.00, 4001.00 GB<br \/>\nFestplatten-Technologie\tSSD + HDD<br \/>\nFestplatteninterface\tATA-4<br \/>\nChipsatzhersteller\tNvidia<br \/>\nBeschreibung Grafikkarte\tNVIDIA GeForce MX230<br \/>\nSpeichergr\u00f6\u00dfe Grafikkarte\t2<br \/>\nConnectivity Type\tBluetooth, WLAN<br \/>\nWLAN Typ\tBluetooth<br \/>\nOptischer Speicher\tDVD\/CD<br \/>\nHardware Plattform\tPC<br \/>\nBetriebssystem\tWindows 10 Pro<br \/>\nDurchschnittliche Batterielaufzeit\t6 Stunden<br \/>\nArtikelgewicht\t2.9 kg<\/p>","protected":false},"featured_media":1529,"comment_status":"open","ping_status":"closed","template":"","meta":{"_bbp_topic_count":0,"_bbp_reply_count":0,"_bbp_total_topic_count":0,"_bbp_total_reply_count":0,"_bbp_voice_count":0,"_bbp_anonymous_reply_count":0,"_bbp_topic_count_hidden":0,"_bbp_reply_count_hidden":0,"_bbp_forum_subforum_count":0,"pmpro_default_level":""},"product_brand":[],"product_cat":[29],"product_tag":[],"class_list":{"0":"post-1528","1":"product","2":"type-product","3":"status-publish","4":"has-post-thumbnail","6":"product_cat-laptop","7":"pmpro-has-access","8":"post","9":"post-with-thumbnail","10":"post-with-thumbnail-large","12":"first","13":"instock","14":"shipping-taxable","15":"product-type-external"},"yoast_head":"<!-- This site is optimized with the Yoast SEO plugin v27.3 - https:\/\/yoast.com\/product\/yoast-seo-wordpress\/ -->\n<title>Notebook INSPIRON 17 3793 - hicad-help.com<\/title>\n<meta name=\"robots\" content=\"index, follow, max-snippet:-1, max-image-preview:large, max-video-preview:-1\" \/>\n<link rel=\"canonical\" href=\"https:\/\/hicad-help.com\/en\/product\/notebook-inspiron-17-3793\/\" \/>\n<meta property=\"og:locale\" content=\"en_US\" \/>\n<meta property=\"og:type\" content=\"article\" \/>\n<meta property=\"og:title\" content=\"Notebook INSPIRON 17 3793 - hicad-help.com\" \/>\n<meta property=\"og:description\" content=\"Marke Laptopia.de Hersteller Laptopia.de Modell\/Serie Dell Inspiron Artikelgewicht 2.9 Kilogramm Display-Gr\u00f6\u00dfe 17.3 Zoll Notebook Display Technologie IPS Bildschirmaufl\u00f6sung 1920 x 1080 Pixel L\u00f6sung 1080p Full HD Prozessormarke Intel Prozessortyp Core i7 Prozessorgeschwindigkeit 3900 MHz Prozessorkerne 4 Gr\u00f6\u00dfe des Arbeitsspeichers 64 GB Speicher-Art DDR4 SDRAM Speichergeschwindigkeit 2400 MHz Gr\u00f6\u00dfe Festplatte 4000.00, 4001.00 GB Festplatten-Technologie SSD + HDD Festplatteninterface ATA-4 Chipsatzhersteller Nvidia Beschreibung Grafikkarte NVIDIA GeForce MX230 Speichergr\u00f6\u00dfe Grafikkarte 2 Connectivity Type Bluetooth, WLAN WLAN Typ Bluetooth Optischer Speicher DVD\/CD Hardware Plattform PC Betriebssystem Windows 10 Pro Durchschnittliche Batterielaufzeit 6 Stunden Artikelgewicht 2.9 kg\" \/>\n<meta property=\"og:url\" content=\"https:\/\/hicad-help.com\/en\/product\/notebook-inspiron-17-3793\/\" \/>\n<meta property=\"og:site_name\" content=\"hicad-help.com\" \/>\n<meta property=\"og:image\" content=\"https:\/\/i0.wp.com\/hicad-help.com\/wp-content\/uploads\/2020\/12\/Bild_2020-12-20_165141.png?fit=1135%2C770&ssl=1\" \/>\n\t<meta property=\"og:image:width\" content=\"1135\" \/>\n\t<meta property=\"og:image:height\" content=\"770\" \/>\n\t<meta property=\"og:image:type\" content=\"image\/png\" \/>\n<meta name=\"twitter:card\" content=\"summary_large_image\" \/>\n<script type=\"application\/ld+json\" class=\"yoast-schema-graph\">{\"@context\":\"https:\\\/\\\/schema.org\",\"@graph\":[{\"@type\":\"WebPage\",\"@id\":\"https:\\\/\\\/hicad-help.com\\\/en\\\/product\\\/notebook-inspiron-17-3793\\\/\",\"url\":\"https:\\\/\\\/hicad-help.com\\\/en\\\/product\\\/notebook-inspiron-17-3793\\\/\",\"name\":\"Notebook INSPIRON 17 3793 - hicad-help.com\",\"isPartOf\":{\"@id\":\"https:\\\/\\\/hicad-help.com\\\/de_de\\\/#website\"},\"primaryImageOfPage\":{\"@id\":\"https:\\\/\\\/hicad-help.com\\\/en\\\/product\\\/notebook-inspiron-17-3793\\\/#primaryimage\"},\"image\":{\"@id\":\"https:\\\/\\\/hicad-help.com\\\/en\\\/product\\\/notebook-inspiron-17-3793\\\/#primaryimage\"},\"thumbnailUrl\":\"https:\\\/\\\/i0.wp.com\\\/hicad-help.com\\\/wp-content\\\/uploads\\\/2020\\\/12\\\/Bild_2020-12-20_165141.png?fit=1135%2C770&ssl=1\",\"datePublished\":\"2020-12-20T15:52:33+00:00\",\"breadcrumb\":{\"@id\":\"https:\\\/\\\/hicad-help.com\\\/en\\\/product\\\/notebook-inspiron-17-3793\\\/#breadcrumb\"},\"inLanguage\":\"en-US\",\"potentialAction\":[{\"@type\":\"ReadAction\",\"target\":[\"https:\\\/\\\/hicad-help.com\\\/en\\\/product\\\/notebook-inspiron-17-3793\\\/\"]}]},{\"@type\":\"ImageObject\",\"inLanguage\":\"en-US\",\"@id\":\"https:\\\/\\\/hicad-help.com\\\/en\\\/product\\\/notebook-inspiron-17-3793\\\/#primaryimage\",\"url\":\"https:\\\/\\\/i0.wp.com\\\/hicad-help.com\\\/wp-content\\\/uploads\\\/2020\\\/12\\\/Bild_2020-12-20_165141.png?fit=1135%2C770&ssl=1\",\"contentUrl\":\"https:\\\/\\\/i0.wp.com\\\/hicad-help.com\\\/wp-content\\\/uploads\\\/2020\\\/12\\\/Bild_2020-12-20_165141.png?fit=1135%2C770&ssl=1\",\"width\":1135,\"height\":770},{\"@type\":\"BreadcrumbList\",\"@id\":\"https:\\\/\\\/hicad-help.com\\\/en\\\/product\\\/notebook-inspiron-17-3793\\\/#breadcrumb\",\"itemListElement\":[{\"@type\":\"ListItem\",\"position\":1,\"name\":\"Startseite\",\"item\":\"https:\\\/\\\/hicad-help.com\\\/\"},{\"@type\":\"ListItem\",\"position\":2,\"name\":\"Shop\",\"item\":\"https:\\\/\\\/hicad-help.com\\\/en\\\/shop\\\/\"},{\"@type\":\"ListItem\",\"position\":3,\"name\":\"Notebook INSPIRON 17 3793\"}]},{\"@type\":\"WebSite\",\"@id\":\"https:\\\/\\\/hicad-help.com\\\/de_de\\\/#website\",\"url\":\"https:\\\/\\\/hicad-help.com\\\/de_de\\\/\",\"name\":\"hicad-help.com\",\"description\":\"Hilfeseite f\u00fcr HiCAD\",\"potentialAction\":[{\"@type\":\"SearchAction\",\"target\":{\"@type\":\"EntryPoint\",\"urlTemplate\":\"https:\\\/\\\/hicad-help.com\\\/de_de\\\/?s={search_term_string}\"},\"query-input\":{\"@type\":\"PropertyValueSpecification\",\"valueRequired\":true,\"valueName\":\"search_term_string\"}}],\"inLanguage\":\"en-US\"}]}<\/script>\n<!-- \/ Yoast SEO plugin. -->","yoast_head_json":{"title":"Notebook INSPIRON 17 3793 - hicad-help.com","robots":{"index":"index","follow":"follow","max-snippet":"max-snippet:-1","max-image-preview":"max-image-preview:large","max-video-preview":"max-video-preview:-1"},"canonical":"https:\/\/hicad-help.com\/en\/product\/notebook-inspiron-17-3793\/","og_locale":"en_US","og_type":"article","og_title":"Notebook INSPIRON 17 3793 - hicad-help.com","og_description":"Marke Laptopia.de Hersteller Laptopia.de Modell\/Serie Dell Inspiron Artikelgewicht 2.9 Kilogramm Display-Gr\u00f6\u00dfe 17.3 Zoll Notebook Display Technologie IPS Bildschirmaufl\u00f6sung 1920 x 1080 Pixel L\u00f6sung 1080p Full HD Prozessormarke Intel Prozessortyp Core i7 Prozessorgeschwindigkeit 3900 MHz Prozessorkerne 4 Gr\u00f6\u00dfe des Arbeitsspeichers 64 GB Speicher-Art DDR4 SDRAM Speichergeschwindigkeit 2400 MHz Gr\u00f6\u00dfe Festplatte 4000.00, 4001.00 GB Festplatten-Technologie SSD + HDD Festplatteninterface ATA-4 Chipsatzhersteller Nvidia Beschreibung Grafikkarte NVIDIA GeForce MX230 Speichergr\u00f6\u00dfe Grafikkarte 2 Connectivity Type Bluetooth, WLAN WLAN Typ Bluetooth Optischer Speicher DVD\/CD Hardware Plattform PC Betriebssystem Windows 10 Pro Durchschnittliche Batterielaufzeit 6 Stunden Artikelgewicht 2.9 kg","og_url":"https:\/\/hicad-help.com\/en\/product\/notebook-inspiron-17-3793\/","og_site_name":"hicad-help.com","og_image":[{"width":1135,"height":770,"url":"https:\/\/i0.wp.com\/hicad-help.com\/wp-content\/uploads\/2020\/12\/Bild_2020-12-20_165141.png?fit=1135%2C770&ssl=1","type":"image\/png"}],"twitter_card":"summary_large_image","schema":{"@context":"https:\/\/schema.org","@graph":[{"@type":"WebPage","@id":"https:\/\/hicad-help.com\/en\/product\/notebook-inspiron-17-3793\/","url":"https:\/\/hicad-help.com\/en\/product\/notebook-inspiron-17-3793\/","name":"Notebook INSPIRON 17 3793 - hicad-help.com","isPartOf":{"@id":"https:\/\/hicad-help.com\/de_de\/#website"},"primaryImageOfPage":{"@id":"https:\/\/hicad-help.com\/en\/product\/notebook-inspiron-17-3793\/#primaryimage"},"image":{"@id":"https:\/\/hicad-help.com\/en\/product\/notebook-inspiron-17-3793\/#primaryimage"},"thumbnailUrl":"https:\/\/i0.wp.com\/hicad-help.com\/wp-content\/uploads\/2020\/12\/Bild_2020-12-20_165141.png?fit=1135%2C770&ssl=1","datePublished":"2020-12-20T15:52:33+00:00","breadcrumb":{"@id":"https:\/\/hicad-help.com\/en\/product\/notebook-inspiron-17-3793\/#breadcrumb"},"inLanguage":"en-US","potentialAction":[{"@type":"ReadAction","target":["https:\/\/hicad-help.com\/en\/product\/notebook-inspiron-17-3793\/"]}]},{"@type":"ImageObject","inLanguage":"en-US","@id":"https:\/\/hicad-help.com\/en\/product\/notebook-inspiron-17-3793\/#primaryimage","url":"https:\/\/i0.wp.com\/hicad-help.com\/wp-content\/uploads\/2020\/12\/Bild_2020-12-20_165141.png?fit=1135%2C770&ssl=1","contentUrl":"https:\/\/i0.wp.com\/hicad-help.com\/wp-content\/uploads\/2020\/12\/Bild_2020-12-20_165141.png?fit=1135%2C770&ssl=1","width":1135,"height":770},{"@type":"BreadcrumbList","@id":"https:\/\/hicad-help.com\/en\/product\/notebook-inspiron-17-3793\/#breadcrumb","itemListElement":[{"@type":"ListItem","position":1,"name":"Startseite","item":"https:\/\/hicad-help.com\/"},{"@type":"ListItem","position":2,"name":"Shop","item":"https:\/\/hicad-help.com\/en\/shop\/"},{"@type":"ListItem","position":3,"name":"Notebook INSPIRON 17 3793"}]},{"@type":"WebSite","@id":"https:\/\/hicad-help.com\/de_de\/#website","url":"https:\/\/hicad-help.com\/de_de\/","name":"hicad-help.com","description":"Help page for HiCAD","potentialAction":[{"@type":"SearchAction","target":{"@type":"EntryPoint","urlTemplate":"https:\/\/hicad-help.com\/de_de\/?s={search_term_string}"},"query-input":{"@type":"PropertyValueSpecification","valueRequired":true,"valueName":"search_term_string"}}],"inLanguage":"en-US"}]}},"jetpack_sharing_enabled":true,"_links":{"self":[{"href":"https:\/\/hicad-help.com\/en\/wp-json\/wp\/v2\/product\/1528","targetHints":{"allow":["GET"]}}],"collection":[{"href":"https:\/\/hicad-help.com\/en\/wp-json\/wp\/v2\/product"}],"about":[{"href":"https:\/\/hicad-help.com\/en\/wp-json\/wp\/v2\/types\/product"}],"replies":[{"embeddable":true,"href":"https:\/\/hicad-help.com\/en\/wp-json\/wp\/v2\/comments?post=1528"}],"wp:featuredmedia":[{"embeddable":true,"href":"https:\/\/hicad-help.com\/en\/wp-json\/wp\/v2\/media\/1529"}],"wp:attachment":[{"href":"https:\/\/hicad-help.com\/en\/wp-json\/wp\/v2\/media?parent=1528"}],"wp:term":[{"taxonomy":"product_brand","embeddable":true,"href":"https:\/\/hicad-help.com\/en\/wp-json\/wp\/v2\/product_brand?post=1528"},{"taxonomy":"product_cat","embeddable":true,"href":"https:\/\/hicad-help.com\/en\/wp-json\/wp\/v2\/product_cat?post=1528"},{"taxonomy":"product_tag","embeddable":true,"href":"https:\/\/hicad-help.com\/en\/wp-json\/wp\/v2\/product_tag?post=1528"}],"curies":[{"name":"wp","href":"https:\/\/api.w.org\/{rel}","templated":true}]}}