{"id":2365,"date":"2021-10-25T09:01:31","date_gmt":"2021-10-25T07:01:31","guid":{"rendered":"https:\/\/hicad-help.com\/?post_type=product&#038;p=2365"},"modified":"2022-03-31T10:10:51","modified_gmt":"2022-03-31T08:10:51","slug":"hp-zbook-fury-g7-17-3-notebook-core-i7-10850h","status":"publish","type":"product","link":"https:\/\/hicad-help.com\/en\/product\/hp-zbook-fury-g7-17-3-notebook-core-i7-10850h\/","title":{"rendered":"HP ZBook Fury G7 17.3&#8243; Notebook Core i7 10850H)"},"content":{"rendered":"<table id=\"productDetails_techSpec_section_1\" class=\"a-keyvalue prodDetTable\" role=\"presentation\">\n<tbody>\n<tr>\n<th class=\"a-color-secondary a-size-base prodDetSectionEntry\">Marke<\/th>\n<td class=\"a-size-base prodDetAttrValue\">\u200eHP<\/td>\n<\/tr>\n<tr>\n<th class=\"a-color-secondary a-size-base prodDetSectionEntry\">Hersteller<\/th>\n<td class=\"a-size-base prodDetAttrValue\">\u200eHP Inc.<\/td>\n<\/tr>\n<tr>\n<th class=\"a-color-secondary a-size-base prodDetSectionEntry\">Modell\/Serie<\/th>\n<td class=\"a-size-base prodDetAttrValue\">\u200eZBook Fury 17 G8<\/td>\n<\/tr>\n<tr>\n<th class=\"a-color-secondary a-size-base prodDetSectionEntry\">Verpackungsabmessungen<\/th>\n<td class=\"a-size-base prodDetAttrValue\">\u200e60 x 34.6 x 7 cm; 2.75 Kilogramm<\/td>\n<\/tr>\n<tr>\n<th class=\"a-color-secondary a-size-base prodDetSectionEntry\">Modellnummer<\/th>\n<td class=\"a-size-base prodDetAttrValue\">\u200e4A6B5EA#ABD<\/td>\n<\/tr>\n<tr>\n<th class=\"a-color-secondary a-size-base prodDetSectionEntry\">Display-Gr\u00f6\u00dfe<\/th>\n<td class=\"a-size-base prodDetAttrValue\">\u200e17<\/td>\n<\/tr>\n<tr>\n<th class=\"a-color-secondary a-size-base prodDetSectionEntry\">Bildschirmaufl\u00f6sung<\/th>\n<td class=\"a-size-base prodDetAttrValue\">\u200e1920 x 1080 Pixel<\/td>\n<\/tr>\n<tr>\n<th class=\"a-color-secondary a-size-base prodDetSectionEntry\">Prozessormarke<\/th>\n<td class=\"a-size-base prodDetAttrValue\">\u200eIntel<\/td>\n<\/tr>\n<tr>\n<th class=\"a-color-secondary a-size-base prodDetSectionEntry\">Prozessortyp<\/th>\n<td class=\"a-size-base prodDetAttrValue\">\u200e5X86<\/td>\n<\/tr>\n<tr>\n<th class=\"a-color-secondary a-size-base prodDetSectionEntry\">Prozessorgeschwindigkeit<\/th>\n<td class=\"a-size-base prodDetAttrValue\">\u200e3<\/td>\n<\/tr>\n<tr>\n<th class=\"a-color-secondary a-size-base prodDetSectionEntry\">Prozessorkerne<\/th>\n<td class=\"a-size-base prodDetAttrValue\">\u200e1<\/td>\n<\/tr>\n<tr>\n<th class=\"a-color-secondary a-size-base prodDetSectionEntry\">Gr\u00f6\u00dfe des Arbeitsspeichers<\/th>\n<td class=\"a-size-base prodDetAttrValue\">\u200e32 GB<\/td>\n<\/tr>\n<tr>\n<th class=\"a-color-secondary a-size-base prodDetSectionEntry\">Speichertechnik<\/th>\n<td class=\"a-size-base prodDetAttrValue\">\u200eDDR4<\/td>\n<\/tr>\n<tr>\n<th class=\"a-color-secondary a-size-base prodDetSectionEntry\">Max. unterst\u00fctzte Gr\u00f6\u00dfe<\/th>\n<td class=\"a-size-base prodDetAttrValue\">\u200e64 GB<\/td>\n<\/tr>\n<tr>\n<th class=\"a-color-secondary a-size-base prodDetSectionEntry\">Festplatten-Technologie<\/th>\n<td class=\"a-size-base prodDetAttrValue\">\u200eSSD<\/td>\n<\/tr>\n<tr>\n<th class=\"a-color-secondary a-size-base prodDetSectionEntry\">Festplatteninterface<\/th>\n<td class=\"a-size-base prodDetAttrValue\">\u200eThunderbolt<\/td>\n<\/tr>\n<tr>\n<th class=\"a-color-secondary a-size-base prodDetSectionEntry\">Chipsatzhersteller<\/th>\n<td class=\"a-size-base prodDetAttrValue\">\u200eNVIDIA<\/td>\n<\/tr>\n<tr>\n<th class=\"a-color-secondary a-size-base prodDetSectionEntry\">Beschreibung Grafikkarte<\/th>\n<td class=\"a-size-base prodDetAttrValue\">\u200eDedicated<\/td>\n<\/tr>\n<tr>\n<th class=\"a-color-secondary a-size-base prodDetSectionEntry\">Grafikkartenspeicher<\/th>\n<td class=\"a-size-base prodDetAttrValue\">\u200eGDDR6<\/td>\n<\/tr>\n<tr>\n<th class=\"a-color-secondary a-size-base prodDetSectionEntry\">Interface Grafikkarte<\/th>\n<td class=\"a-size-base prodDetAttrValue\">\u200ePCI-Express x16<\/td>\n<\/tr>\n<tr>\n<th class=\"a-color-secondary a-size-base prodDetSectionEntry\">Connectivity Type<\/th>\n<td class=\"a-size-base prodDetAttrValue\">\u200eWLAN<\/td>\n<\/tr>\n<tr>\n<th class=\"a-color-secondary a-size-base prodDetSectionEntry\">Anzahl USB 3.0 Schnittstellen<\/th>\n<td class=\"a-size-base prodDetAttrValue\">\u200e4<\/td>\n<\/tr>\n<tr>\n<th class=\"a-color-secondary a-size-base prodDetSectionEntry\">Betriebssystem<\/th>\n<td class=\"a-size-base prodDetAttrValue\">\u200eWindows 10 Pro<\/td>\n<\/tr>\n<tr>\n<th class=\"a-color-secondary a-size-base prodDetSectionEntry\">Artikelgewicht<\/th>\n<td class=\"a-size-base prodDetAttrValue\">\u200e2.75 kg<\/td>\n<\/tr>\n<\/tbody>\n<\/table>\n<p>&nbsp;<\/p>","protected":false},"excerpt":{"rendered":"<table id=\"productDetails_techSpec_section_1\" class=\"a-keyvalue prodDetTable\" role=\"presentation\">\n<tbody>\n<tr>\n<th class=\"a-color-secondary a-size-base prodDetSectionEntry\">Marke<\/th>\n<td class=\"a-size-base prodDetAttrValue\">\u200eHP<\/td>\n<\/tr>\n<tr>\n<th class=\"a-color-secondary a-size-base prodDetSectionEntry\">Hersteller<\/th>\n<td class=\"a-size-base prodDetAttrValue\">\u200eHP Inc.<\/td>\n<\/tr>\n<tr>\n<th class=\"a-color-secondary a-size-base prodDetSectionEntry\">Modell\/Serie<\/th>\n<td class=\"a-size-base prodDetAttrValue\">\u200eZBook Fury 17 G8<\/td>\n<\/tr>\n<tr>\n<th class=\"a-color-secondary a-size-base prodDetSectionEntry\">Verpackungsabmessungen<\/th>\n<td class=\"a-size-base prodDetAttrValue\">\u200e60 x 34.6 x 7 cm; 2.75 Kilogramm<\/td>\n<\/tr>\n<tr>\n<th class=\"a-color-secondary a-size-base prodDetSectionEntry\">Modellnummer<\/th>\n<td class=\"a-size-base prodDetAttrValue\">\u200e4A6B5EA#ABD<\/td>\n<\/tr>\n<tr>\n<th class=\"a-color-secondary a-size-base prodDetSectionEntry\">Display-Gr\u00f6\u00dfe<\/th>\n<td class=\"a-size-base prodDetAttrValue\">\u200e17<\/td>\n<\/tr>\n<tr>\n<th class=\"a-color-secondary a-size-base prodDetSectionEntry\">Bildschirmaufl\u00f6sung<\/th>\n<td class=\"a-size-base prodDetAttrValue\">\u200e1920 x 1080 Pixel<\/td>\n<\/tr>\n<tr>\n<th class=\"a-color-secondary a-size-base prodDetSectionEntry\">Prozessormarke<\/th>\n<td class=\"a-size-base prodDetAttrValue\">\u200eIntel<\/td>\n<\/tr>\n<tr>\n<th class=\"a-color-secondary a-size-base prodDetSectionEntry\">Prozessortyp<\/th>\n<td class=\"a-size-base prodDetAttrValue\">\u200e5X86<\/td>\n<\/tr>\n<tr>\n<th class=\"a-color-secondary a-size-base prodDetSectionEntry\">Prozessorgeschwindigkeit<\/th>\n<td class=\"a-size-base prodDetAttrValue\">\u200e3<\/td>\n<\/tr>\n<tr>\n<th class=\"a-color-secondary a-size-base prodDetSectionEntry\">Prozessorkerne<\/th>\n<td class=\"a-size-base prodDetAttrValue\">\u200e1<\/td>\n<\/tr>\n<tr>\n<th class=\"a-color-secondary a-size-base prodDetSectionEntry\">Gr\u00f6\u00dfe des Arbeitsspeichers<\/th>\n<td class=\"a-size-base prodDetAttrValue\">\u200e32 GB<\/td>\n<\/tr>\n<tr>\n<th class=\"a-color-secondary a-size-base prodDetSectionEntry\">Speichertechnik<\/th>\n<td class=\"a-size-base prodDetAttrValue\">\u200eDDR4<\/td>\n<\/tr>\n<tr>\n<th class=\"a-color-secondary a-size-base prodDetSectionEntry\">Max. unterst\u00fctzte Gr\u00f6\u00dfe<\/th>\n<td class=\"a-size-base prodDetAttrValue\">\u200e64 GB<\/td>\n<\/tr>\n<tr>\n<th class=\"a-color-secondary a-size-base prodDetSectionEntry\">Festplatten-Technologie<\/th>\n<td class=\"a-size-base prodDetAttrValue\">\u200eSSD<\/td>\n<\/tr>\n<tr>\n<th class=\"a-color-secondary a-size-base prodDetSectionEntry\">Festplatteninterface<\/th>\n<td class=\"a-size-base prodDetAttrValue\">\u200eThunderbolt<\/td>\n<\/tr>\n<tr>\n<th class=\"a-color-secondary a-size-base prodDetSectionEntry\">Chipsatzhersteller<\/th>\n<td class=\"a-size-base prodDetAttrValue\">\u200eNVIDIA<\/td>\n<\/tr>\n<tr>\n<th class=\"a-color-secondary a-size-base prodDetSectionEntry\">Beschreibung Grafikkarte<\/th>\n<td class=\"a-size-base prodDetAttrValue\">\u200eDedicated<\/td>\n<\/tr>\n<tr>\n<th class=\"a-color-secondary a-size-base prodDetSectionEntry\">Grafikkartenspeicher<\/th>\n<td class=\"a-size-base prodDetAttrValue\">\u200eGDDR6<\/td>\n<\/tr>\n<tr>\n<th class=\"a-color-secondary a-size-base prodDetSectionEntry\">Interface Grafikkarte<\/th>\n<td class=\"a-size-base prodDetAttrValue\">\u200ePCI-Express x16<\/td>\n<\/tr>\n<tr>\n<th class=\"a-color-secondary a-size-base prodDetSectionEntry\">Connectivity Type<\/th>\n<td class=\"a-size-base prodDetAttrValue\">\u200eWLAN<\/td>\n<\/tr>\n<tr>\n<th class=\"a-color-secondary a-size-base prodDetSectionEntry\">Anzahl USB 3.0 Schnittstellen<\/th>\n<td class=\"a-size-base prodDetAttrValue\">\u200e4<\/td>\n<\/tr>\n<tr>\n<th class=\"a-color-secondary a-size-base prodDetSectionEntry\">Betriebssystem<\/th>\n<td class=\"a-size-base prodDetAttrValue\">\u200eWindows 10 Pro<\/td>\n<\/tr>\n<tr>\n<th class=\"a-color-secondary a-size-base prodDetSectionEntry\">Artikelgewicht<\/th>\n<td class=\"a-size-base prodDetAttrValue\">\u200e2.75 kg<\/td>\n<\/tr>\n<\/tbody>\n<\/table>","protected":false},"featured_media":2368,"comment_status":"open","ping_status":"closed","template":"","meta":{"_bbp_topic_count":0,"_bbp_reply_count":0,"_bbp_total_topic_count":0,"_bbp_total_reply_count":0,"_bbp_voice_count":0,"_bbp_anonymous_reply_count":0,"_bbp_topic_count_hidden":0,"_bbp_reply_count_hidden":0,"_bbp_forum_subforum_count":0,"pmpro_default_level":""},"product_brand":[],"product_cat":[29],"product_tag":[],"class_list":{"0":"post-2365","1":"product","2":"type-product","3":"status-publish","4":"has-post-thumbnail","6":"product_cat-laptop","7":"pmpro-has-access","8":"post","9":"post-with-thumbnail","10":"post-with-thumbnail-large","12":"first","13":"instock","14":"shipping-taxable","15":"product-type-external"},"yoast_head":"<!-- This site is optimized with the Yoast SEO plugin v27.3 - https:\/\/yoast.com\/product\/yoast-seo-wordpress\/ -->\n<title>HP ZBook Fury G7 17.3&quot; Notebook Core i7 10850H) - hicad-help.com<\/title>\n<meta name=\"robots\" content=\"index, follow, max-snippet:-1, max-image-preview:large, max-video-preview:-1\" \/>\n<link rel=\"canonical\" href=\"https:\/\/hicad-help.com\/en\/product\/hp-zbook-fury-g7-17-3-notebook-core-i7-10850h\/\" \/>\n<meta property=\"og:locale\" content=\"en_US\" \/>\n<meta property=\"og:type\" content=\"article\" \/>\n<meta property=\"og:title\" content=\"HP ZBook Fury G7 17.3&quot; Notebook Core i7 10850H) - hicad-help.com\" \/>\n<meta property=\"og:description\" content=\"Marke \u200eHP   Hersteller \u200eHP Inc.   Modell\/Serie \u200eZBook Fury 17 G8   Verpackungsabmessungen \u200e60 x 34.6 x 7 cm; 2.75 Kilogramm   Modellnummer \u200e4A6B5EA#ABD   Display-Gr\u00f6\u00dfe \u200e17   Bildschirmaufl\u00f6sung \u200e1920 x 1080 Pixel   Prozessormarke \u200eIntel   Prozessortyp \u200e5X86   Prozessorgeschwindigkeit \u200e3   Prozessorkerne \u200e1   Gr\u00f6\u00dfe des Arbeitsspeichers \u200e32 GB   Speichertechnik \u200eDDR4   Max. unterst\u00fctzte Gr\u00f6\u00dfe \u200e64 GB   Festplatten-Technologie \u200eSSD   Festplatteninterface \u200eThunderbolt   Chipsatzhersteller \u200eNVIDIA   Beschreibung Grafikkarte \u200eDedicated   Grafikkartenspeicher \u200eGDDR6   Interface Grafikkarte \u200ePCI-Express x16   Connectivity Type \u200eWLAN   Anzahl USB 3.0 Schnittstellen \u200e4   Betriebssystem \u200eWindows 10 Pro   Artikelgewicht \u200e2.75 kg\" \/>\n<meta property=\"og:url\" content=\"https:\/\/hicad-help.com\/en\/product\/hp-zbook-fury-g7-17-3-notebook-core-i7-10850h\/\" \/>\n<meta property=\"og:site_name\" content=\"hicad-help.com\" \/>\n<meta property=\"article:modified_time\" content=\"2022-03-31T08:10:51+00:00\" \/>\n<meta property=\"og:image\" content=\"http:\/\/hicad-help.com\/wp-content\/uploads\/2021\/10\/HP-ZBook-15G7_1.jpg\" \/>\n\t<meta property=\"og:image:width\" content=\"1500\" \/>\n\t<meta property=\"og:image:height\" content=\"1016\" \/>\n\t<meta property=\"og:image:type\" content=\"image\/jpeg\" \/>\n<meta name=\"twitter:card\" content=\"summary_large_image\" \/>\n<meta name=\"twitter:label1\" content=\"Est. reading time\" \/>\n\t<meta name=\"twitter:data1\" content=\"1 minute\" \/>\n<script type=\"application\/ld+json\" class=\"yoast-schema-graph\">{\"@context\":\"https:\\\/\\\/schema.org\",\"@graph\":[{\"@type\":\"WebPage\",\"@id\":\"https:\\\/\\\/hicad-help.com\\\/produkt\\\/hp-zbook-fury-g7-17-3-notebook-core-i7-10850h\\\/\",\"url\":\"https:\\\/\\\/hicad-help.com\\\/produkt\\\/hp-zbook-fury-g7-17-3-notebook-core-i7-10850h\\\/\",\"name\":\"HP ZBook Fury G7 17.3\\\" Notebook Core i7 10850H) - hicad-help.com\",\"isPartOf\":{\"@id\":\"https:\\\/\\\/hicad-help.com\\\/de_de\\\/#website\"},\"primaryImageOfPage\":{\"@id\":\"https:\\\/\\\/hicad-help.com\\\/produkt\\\/hp-zbook-fury-g7-17-3-notebook-core-i7-10850h\\\/#primaryimage\"},\"image\":{\"@id\":\"https:\\\/\\\/hicad-help.com\\\/produkt\\\/hp-zbook-fury-g7-17-3-notebook-core-i7-10850h\\\/#primaryimage\"},\"thumbnailUrl\":\"https:\\\/\\\/i0.wp.com\\\/hicad-help.com\\\/wp-content\\\/uploads\\\/2021\\\/10\\\/HP-ZBook-15G7_1.jpg?fit=1500%2C1016&ssl=1\",\"datePublished\":\"2021-10-25T07:01:31+00:00\",\"dateModified\":\"2022-03-31T08:10:51+00:00\",\"breadcrumb\":{\"@id\":\"https:\\\/\\\/hicad-help.com\\\/produkt\\\/hp-zbook-fury-g7-17-3-notebook-core-i7-10850h\\\/#breadcrumb\"},\"inLanguage\":\"en-US\",\"potentialAction\":[{\"@type\":\"ReadAction\",\"target\":[\"https:\\\/\\\/hicad-help.com\\\/produkt\\\/hp-zbook-fury-g7-17-3-notebook-core-i7-10850h\\\/\"]}]},{\"@type\":\"ImageObject\",\"inLanguage\":\"en-US\",\"@id\":\"https:\\\/\\\/hicad-help.com\\\/produkt\\\/hp-zbook-fury-g7-17-3-notebook-core-i7-10850h\\\/#primaryimage\",\"url\":\"https:\\\/\\\/i0.wp.com\\\/hicad-help.com\\\/wp-content\\\/uploads\\\/2021\\\/10\\\/HP-ZBook-15G7_1.jpg?fit=1500%2C1016&ssl=1\",\"contentUrl\":\"https:\\\/\\\/i0.wp.com\\\/hicad-help.com\\\/wp-content\\\/uploads\\\/2021\\\/10\\\/HP-ZBook-15G7_1.jpg?fit=1500%2C1016&ssl=1\",\"width\":1500,\"height\":1016},{\"@type\":\"BreadcrumbList\",\"@id\":\"https:\\\/\\\/hicad-help.com\\\/produkt\\\/hp-zbook-fury-g7-17-3-notebook-core-i7-10850h\\\/#breadcrumb\",\"itemListElement\":[{\"@type\":\"ListItem\",\"position\":1,\"name\":\"Startseite\",\"item\":\"https:\\\/\\\/hicad-help.com\\\/\"},{\"@type\":\"ListItem\",\"position\":2,\"name\":\"Shop\",\"item\":\"https:\\\/\\\/hicad-help.com\\\/en\\\/shop\\\/\"},{\"@type\":\"ListItem\",\"position\":3,\"name\":\"HP ZBook Fury G7 17.3&#8243; Notebook Core i7 10850H)\"}]},{\"@type\":\"WebSite\",\"@id\":\"https:\\\/\\\/hicad-help.com\\\/de_de\\\/#website\",\"url\":\"https:\\\/\\\/hicad-help.com\\\/de_de\\\/\",\"name\":\"hicad-help.com\",\"description\":\"Hilfeseite f\u00fcr HiCAD\",\"potentialAction\":[{\"@type\":\"SearchAction\",\"target\":{\"@type\":\"EntryPoint\",\"urlTemplate\":\"https:\\\/\\\/hicad-help.com\\\/de_de\\\/?s={search_term_string}\"},\"query-input\":{\"@type\":\"PropertyValueSpecification\",\"valueRequired\":true,\"valueName\":\"search_term_string\"}}],\"inLanguage\":\"en-US\"}]}<\/script>\n<!-- \/ Yoast SEO plugin. -->","yoast_head_json":{"title":"HP ZBook Fury G7 17.3\" Notebook Core i7 10850H) - hicad-help.com","robots":{"index":"index","follow":"follow","max-snippet":"max-snippet:-1","max-image-preview":"max-image-preview:large","max-video-preview":"max-video-preview:-1"},"canonical":"https:\/\/hicad-help.com\/en\/product\/hp-zbook-fury-g7-17-3-notebook-core-i7-10850h\/","og_locale":"en_US","og_type":"article","og_title":"HP ZBook Fury G7 17.3\" Notebook Core i7 10850H) - hicad-help.com","og_description":"Marke \u200eHP   Hersteller \u200eHP Inc.   Modell\/Serie \u200eZBook Fury 17 G8   Verpackungsabmessungen \u200e60 x 34.6 x 7 cm; 2.75 Kilogramm   Modellnummer \u200e4A6B5EA#ABD   Display-Gr\u00f6\u00dfe \u200e17   Bildschirmaufl\u00f6sung \u200e1920 x 1080 Pixel   Prozessormarke \u200eIntel   Prozessortyp \u200e5X86   Prozessorgeschwindigkeit \u200e3   Prozessorkerne \u200e1   Gr\u00f6\u00dfe des Arbeitsspeichers \u200e32 GB   Speichertechnik \u200eDDR4   Max. unterst\u00fctzte Gr\u00f6\u00dfe \u200e64 GB   Festplatten-Technologie \u200eSSD   Festplatteninterface \u200eThunderbolt   Chipsatzhersteller \u200eNVIDIA   Beschreibung Grafikkarte \u200eDedicated   Grafikkartenspeicher \u200eGDDR6   Interface Grafikkarte \u200ePCI-Express x16   Connectivity Type \u200eWLAN   Anzahl USB 3.0 Schnittstellen \u200e4   Betriebssystem \u200eWindows 10 Pro   Artikelgewicht \u200e2.75 kg","og_url":"https:\/\/hicad-help.com\/en\/product\/hp-zbook-fury-g7-17-3-notebook-core-i7-10850h\/","og_site_name":"hicad-help.com","article_modified_time":"2022-03-31T08:10:51+00:00","og_image":[{"width":1500,"height":1016,"url":"http:\/\/hicad-help.com\/wp-content\/uploads\/2021\/10\/HP-ZBook-15G7_1.jpg","type":"image\/jpeg"}],"twitter_card":"summary_large_image","twitter_misc":{"Est. reading time":"1 minute"},"schema":{"@context":"https:\/\/schema.org","@graph":[{"@type":"WebPage","@id":"https:\/\/hicad-help.com\/produkt\/hp-zbook-fury-g7-17-3-notebook-core-i7-10850h\/","url":"https:\/\/hicad-help.com\/produkt\/hp-zbook-fury-g7-17-3-notebook-core-i7-10850h\/","name":"HP ZBook Fury G7 17.3\" Notebook Core i7 10850H) - hicad-help.com","isPartOf":{"@id":"https:\/\/hicad-help.com\/de_de\/#website"},"primaryImageOfPage":{"@id":"https:\/\/hicad-help.com\/produkt\/hp-zbook-fury-g7-17-3-notebook-core-i7-10850h\/#primaryimage"},"image":{"@id":"https:\/\/hicad-help.com\/produkt\/hp-zbook-fury-g7-17-3-notebook-core-i7-10850h\/#primaryimage"},"thumbnailUrl":"https:\/\/i0.wp.com\/hicad-help.com\/wp-content\/uploads\/2021\/10\/HP-ZBook-15G7_1.jpg?fit=1500%2C1016&ssl=1","datePublished":"2021-10-25T07:01:31+00:00","dateModified":"2022-03-31T08:10:51+00:00","breadcrumb":{"@id":"https:\/\/hicad-help.com\/produkt\/hp-zbook-fury-g7-17-3-notebook-core-i7-10850h\/#breadcrumb"},"inLanguage":"en-US","potentialAction":[{"@type":"ReadAction","target":["https:\/\/hicad-help.com\/produkt\/hp-zbook-fury-g7-17-3-notebook-core-i7-10850h\/"]}]},{"@type":"ImageObject","inLanguage":"en-US","@id":"https:\/\/hicad-help.com\/produkt\/hp-zbook-fury-g7-17-3-notebook-core-i7-10850h\/#primaryimage","url":"https:\/\/i0.wp.com\/hicad-help.com\/wp-content\/uploads\/2021\/10\/HP-ZBook-15G7_1.jpg?fit=1500%2C1016&ssl=1","contentUrl":"https:\/\/i0.wp.com\/hicad-help.com\/wp-content\/uploads\/2021\/10\/HP-ZBook-15G7_1.jpg?fit=1500%2C1016&ssl=1","width":1500,"height":1016},{"@type":"BreadcrumbList","@id":"https:\/\/hicad-help.com\/produkt\/hp-zbook-fury-g7-17-3-notebook-core-i7-10850h\/#breadcrumb","itemListElement":[{"@type":"ListItem","position":1,"name":"Startseite","item":"https:\/\/hicad-help.com\/"},{"@type":"ListItem","position":2,"name":"Shop","item":"https:\/\/hicad-help.com\/en\/shop\/"},{"@type":"ListItem","position":3,"name":"HP ZBook Fury G7 17.3&#8243; Notebook Core i7 10850H)"}]},{"@type":"WebSite","@id":"https:\/\/hicad-help.com\/de_de\/#website","url":"https:\/\/hicad-help.com\/de_de\/","name":"hicad-help.com","description":"Help page for HiCAD","potentialAction":[{"@type":"SearchAction","target":{"@type":"EntryPoint","urlTemplate":"https:\/\/hicad-help.com\/de_de\/?s={search_term_string}"},"query-input":{"@type":"PropertyValueSpecification","valueRequired":true,"valueName":"search_term_string"}}],"inLanguage":"en-US"}]}},"jetpack_sharing_enabled":true,"_links":{"self":[{"href":"https:\/\/hicad-help.com\/en\/wp-json\/wp\/v2\/product\/2365","targetHints":{"allow":["GET"]}}],"collection":[{"href":"https:\/\/hicad-help.com\/en\/wp-json\/wp\/v2\/product"}],"about":[{"href":"https:\/\/hicad-help.com\/en\/wp-json\/wp\/v2\/types\/product"}],"replies":[{"embeddable":true,"href":"https:\/\/hicad-help.com\/en\/wp-json\/wp\/v2\/comments?post=2365"}],"wp:featuredmedia":[{"embeddable":true,"href":"https:\/\/hicad-help.com\/en\/wp-json\/wp\/v2\/media\/2368"}],"wp:attachment":[{"href":"https:\/\/hicad-help.com\/en\/wp-json\/wp\/v2\/media?parent=2365"}],"wp:term":[{"taxonomy":"product_brand","embeddable":true,"href":"https:\/\/hicad-help.com\/en\/wp-json\/wp\/v2\/product_brand?post=2365"},{"taxonomy":"product_cat","embeddable":true,"href":"https:\/\/hicad-help.com\/en\/wp-json\/wp\/v2\/product_cat?post=2365"},{"taxonomy":"product_tag","embeddable":true,"href":"https:\/\/hicad-help.com\/en\/wp-json\/wp\/v2\/product_tag?post=2365"}],"curies":[{"name":"wp","href":"https:\/\/api.w.org\/{rel}","templated":true}]}}