{"id":2381,"date":"2021-10-25T14:00:20","date_gmt":"2021-10-25T12:00:20","guid":{"rendered":"https:\/\/hicad-help.com\/?post_type=product&#038;p=2381"},"modified":"2021-10-25T14:00:20","modified_gmt":"2021-10-25T12:00:20","slug":"memory-pc-high-end-computer-amd-ryzen-7-5800x-8x-3-80ghz-rtx-3090-24gb-4k","status":"publish","type":"product","link":"https:\/\/hicad-help.com\/en\/product\/memory-pc-high-end-computer-amd-ryzen-7-5800x-8x-3-80ghz-rtx-3090-24gb-4k\/","title":{"rendered":"Memory PC High End Computer AMD Ryzen 7 5800X, 8X 3.80GHz| RTX 3090 24GB 4K"},"content":{"rendered":"<table id=\"productDetails_techSpec_section_1\" class=\"a-keyvalue prodDetTable\" role=\"presentation\">\n<tbody>\n<tr>\n<th class=\"a-color-secondary a-size-base prodDetSectionEntry\">Marke<\/th>\n<td class=\"a-size-base prodDetAttrValue\">\u200eMemory PC<\/td>\n<\/tr>\n<tr>\n<th class=\"a-color-secondary a-size-base prodDetSectionEntry\">Hersteller<\/th>\n<td class=\"a-size-base prodDetAttrValue\">\u200eMemory PC<\/td>\n<\/tr>\n<tr>\n<th class=\"a-color-secondary a-size-base prodDetSectionEntry\">Farbe<\/th>\n<td class=\"a-size-base prodDetAttrValue\">\u200eRTX 3090 \/ 64GB DDR4 \/ 1000GB SSD<\/td>\n<\/tr>\n<tr>\n<th class=\"a-color-secondary a-size-base prodDetSectionEntry\">L\u00f6sung<\/th>\n<td class=\"a-size-base prodDetAttrValue\">\u200e4K Ultra HD<\/td>\n<\/tr>\n<tr>\n<th class=\"a-color-secondary a-size-base prodDetSectionEntry\">Prozessormarke<\/th>\n<td class=\"a-size-base prodDetAttrValue\">\u200eAMD<\/td>\n<\/tr>\n<tr>\n<th class=\"a-color-secondary a-size-base prodDetSectionEntry\">Prozessortyp<\/th>\n<td class=\"a-size-base prodDetAttrValue\">\u200ePowerPC<\/td>\n<\/tr>\n<tr>\n<th class=\"a-color-secondary a-size-base prodDetSectionEntry\">Prozessorgeschwindigkeit<\/th>\n<td class=\"a-size-base prodDetAttrValue\">\u200e3800 MHz<\/td>\n<\/tr>\n<tr>\n<th class=\"a-color-secondary a-size-base prodDetSectionEntry\">Prozessorsockel<\/th>\n<td class=\"a-size-base prodDetAttrValue\">\u200eLGA1151<\/td>\n<\/tr>\n<tr>\n<th class=\"a-color-secondary a-size-base prodDetSectionEntry\">Prozessorkerne<\/th>\n<td class=\"a-size-base prodDetAttrValue\">\u200e8<\/td>\n<\/tr>\n<tr>\n<th class=\"a-color-secondary a-size-base prodDetSectionEntry\">Gr\u00f6\u00dfe des Arbeitsspeichers<\/th>\n<td class=\"a-size-base prodDetAttrValue\">\u200e64 GB<\/td>\n<\/tr>\n<tr>\n<th class=\"a-color-secondary a-size-base prodDetSectionEntry\">Speicher-Art<\/th>\n<td class=\"a-size-base prodDetAttrValue\">\u200eDDR4 SDRAM<\/td>\n<\/tr>\n<tr>\n<th class=\"a-color-secondary a-size-base prodDetSectionEntry\">Max. unterst\u00fctzte Gr\u00f6\u00dfe<\/th>\n<td class=\"a-size-base prodDetAttrValue\">\u200e64 GB<\/td>\n<\/tr>\n<tr>\n<th class=\"a-color-secondary a-size-base prodDetSectionEntry\">Gr\u00f6\u00dfe Festplatte<\/th>\n<td class=\"a-size-base prodDetAttrValue\">\u200e1000.00<\/td>\n<\/tr>\n<tr>\n<th class=\"a-color-secondary a-size-base prodDetSectionEntry\">Festplatten-Technologie<\/th>\n<td class=\"a-size-base prodDetAttrValue\">\u200eSATA<\/td>\n<\/tr>\n<tr>\n<th class=\"a-color-secondary a-size-base prodDetSectionEntry\">Festplatteninterface<\/th>\n<td class=\"a-size-base prodDetAttrValue\">\u200eSerial ATA-600<\/td>\n<\/tr>\n<tr>\n<th class=\"a-color-secondary a-size-base prodDetSectionEntry\">Beschreibung Grafikkarte<\/th>\n<td class=\"a-size-base prodDetAttrValue\">\u200eNVIDIA GeForce RTX 3090 24GB<\/td>\n<\/tr>\n<tr>\n<th class=\"a-color-secondary a-size-base prodDetSectionEntry\">Speichergr\u00f6\u00dfe Grafikkarte<\/th>\n<td class=\"a-size-base prodDetAttrValue\">\u200e24000 MB<\/td>\n<\/tr>\n<tr>\n<th class=\"a-color-secondary a-size-base prodDetSectionEntry\">Interface Grafikkarte<\/th>\n<td class=\"a-size-base prodDetAttrValue\">\u200ePCI-E<\/td>\n<\/tr>\n<tr>\n<th class=\"a-color-secondary a-size-base prodDetSectionEntry\">Connectivity Type<\/th>\n<td class=\"a-size-base prodDetAttrValue\">\u200eWLAN<\/td>\n<\/tr>\n<tr>\n<th class=\"a-color-secondary a-size-base prodDetSectionEntry\">Hardware Plattform<\/th>\n<td class=\"a-size-base prodDetAttrValue\">\u200ePC<\/td>\n<\/tr>\n<tr>\n<th class=\"a-color-secondary a-size-base prodDetSectionEntry\">Betriebssystem<\/th>\n<td class=\"a-size-base prodDetAttrValue\">\u200eWindows 10 Pro<\/td>\n<\/tr>\n<\/tbody>\n<\/table>","protected":false},"excerpt":{"rendered":"<table class=\"a-normal a-spacing-micro\">\n<tbody>\n<tr class=\"a-spacing-small\">\n<td class=\"a-span3\"><span class=\"a-size-base a-text-bold\">Betriebssystem<\/span><\/td>\n<td class=\"a-span9\"><span class=\"a-size-base\">Windows 10 Pro<\/span><\/td>\n<\/tr>\n<tr class=\"a-spacing-small\">\n<td class=\"a-span3\"><span class=\"a-size-base a-text-bold\">CPU-Modell<\/span><\/td>\n<td class=\"a-span9\"><span class=\"a-size-base\">PowerPC<\/span><\/td>\n<\/tr>\n<tr class=\"a-spacing-small\">\n<td class=\"a-span3\"><span class=\"a-size-base a-text-bold\">Marke<\/span><\/td>\n<td class=\"a-span9\"><span class=\"a-size-base\">Memory PC<\/span><\/td>\n<\/tr>\n<tr class=\"a-spacing-small\">\n<td class=\"a-span3\"><span class=\"a-size-base a-text-bold\">CPU-Hersteller<\/span><\/td>\n<td class=\"a-span9\"><span class=\"a-size-base\">AMD<\/span><\/td>\n<\/tr>\n<tr class=\"a-spacing-small\">\n<td class=\"a-span3\"><span class=\"a-size-base a-text-bold\">Eingabe \u00fcber menschliche Schnittstelle<\/span><\/td>\n<td class=\"a-span9\"><span class=\"a-size-base\">Microphone<\/span><\/td>\n<\/tr>\n<tr class=\"a-spacing-small\">\n<td class=\"a-span3\"><span class=\"a-size-base a-text-bold\">Beschreibung der Festplatte<\/span><\/td>\n<td class=\"a-span9\"><span class=\"a-size-base\">SATA<\/span><\/td>\n<\/tr>\n<tr class=\"a-spacing-small\">\n<td class=\"a-span3\"><span class=\"a-size-base a-text-bold\">Maximale Gr\u00f6\u00dfe des Arbeitsspeichers<\/span><\/td>\n<td class=\"a-span9\"><span class=\"a-size-base\">64 GB<\/span><\/td>\n<\/tr>\n<tr class=\"a-spacing-small\">\n<td class=\"a-span3\"><span class=\"a-size-base a-text-bold\">Farbe<\/span><\/td>\n<td class=\"a-span9\"><span class=\"a-size-base\">RTX 3090 \/ 64GB DDR4 \/ 1000GB SSD<\/span><\/td>\n<\/tr>\n<tr class=\"a-spacing-small\">\n<td class=\"a-span3\"><span class=\"a-size-base a-text-bold\">Aufl\u00f6sung<\/span><\/td>\n<td class=\"a-span9\"><span class=\"a-size-base\">3840 x 2160<\/span><\/td>\n<\/tr>\n<tr class=\"a-spacing-small\">\n<td class=\"a-span3\"><span class=\"a-size-base a-text-bold\">RAM-Gr\u00f6\u00dfe der Grafikkarte<\/span><\/td>\n<td class=\"a-span9\"><span class=\"a-size-base\">24000 MB<\/span><\/td>\n<\/tr>\n<\/tbody>\n<\/table>","protected":false},"featured_media":2384,"comment_status":"open","ping_status":"closed","template":"","meta":{"_bbp_topic_count":0,"_bbp_reply_count":0,"_bbp_total_topic_count":0,"_bbp_total_reply_count":0,"_bbp_voice_count":0,"_bbp_anonymous_reply_count":0,"_bbp_topic_count_hidden":0,"_bbp_reply_count_hidden":0,"_bbp_forum_subforum_count":0,"pmpro_default_level":""},"product_brand":[],"product_cat":[59],"product_tag":[],"class_list":{"0":"post-2381","1":"product","2":"type-product","3":"status-publish","4":"has-post-thumbnail","6":"product_cat-workstation","7":"pmpro-has-access","8":"post","9":"post-with-thumbnail","10":"post-with-thumbnail-large","12":"first","13":"instock","14":"shipping-taxable","15":"product-type-external"},"yoast_head":"<!-- This site is optimized with the Yoast SEO plugin v27.4 - https:\/\/yoast.com\/product\/yoast-seo-wordpress\/ -->\n<title>Memory PC High End Computer AMD Ryzen 7 5800X, 8X 3.80GHz| RTX 3090 24GB 4K - hicad-help.com<\/title>\n<meta name=\"robots\" content=\"index, follow, max-snippet:-1, max-image-preview:large, max-video-preview:-1\" \/>\n<link rel=\"canonical\" href=\"https:\/\/hicad-help.com\/en\/product\/memory-pc-high-end-computer-amd-ryzen-7-5800x-8x-3-80ghz-rtx-3090-24gb-4k\/\" \/>\n<meta property=\"og:locale\" content=\"en_US\" \/>\n<meta property=\"og:type\" content=\"article\" \/>\n<meta property=\"og:title\" content=\"Memory PC High End Computer AMD Ryzen 7 5800X, 8X 3.80GHz| RTX 3090 24GB 4K - hicad-help.com\" \/>\n<meta property=\"og:description\" content=\"Betriebssystem Windows 10 Pro   CPU-Modell PowerPC   Marke Memory PC   CPU-Hersteller AMD   Eingabe \u00fcber menschliche Schnittstelle Microphone   Beschreibung der Festplatte SATA   Maximale Gr\u00f6\u00dfe des Arbeitsspeichers 64 GB   Farbe RTX 3090 \/ 64GB DDR4 \/ 1000GB SSD   Aufl\u00f6sung 3840 x 2160   RAM-Gr\u00f6\u00dfe der Grafikkarte 24000 MB\" \/>\n<meta property=\"og:url\" content=\"https:\/\/hicad-help.com\/en\/product\/memory-pc-high-end-computer-amd-ryzen-7-5800x-8x-3-80ghz-rtx-3090-24gb-4k\/\" \/>\n<meta property=\"og:site_name\" content=\"hicad-help.com\" \/>\n<meta property=\"og:image\" content=\"https:\/\/i1.wp.com\/hicad-help.com\/wp-content\/uploads\/2021\/10\/Memory-PC-High-End-Computer-AMD-Ryzen-7-5800X-8X-3.80GHz_1.jpg?fit=972%2C1407&ssl=1\" \/>\n\t<meta property=\"og:image:width\" content=\"972\" \/>\n\t<meta property=\"og:image:height\" content=\"1407\" \/>\n\t<meta property=\"og:image:type\" content=\"image\/jpeg\" \/>\n<meta name=\"twitter:card\" content=\"summary_large_image\" \/>\n<meta name=\"twitter:label1\" content=\"Est. reading time\" \/>\n\t<meta name=\"twitter:data1\" content=\"1 minute\" \/>\n<script type=\"application\/ld+json\" class=\"yoast-schema-graph\">{\"@context\":\"https:\\\/\\\/schema.org\",\"@graph\":[{\"@type\":\"WebPage\",\"@id\":\"https:\\\/\\\/hicad-help.com\\\/en\\\/product\\\/memory-pc-high-end-computer-amd-ryzen-7-5800x-8x-3-80ghz-rtx-3090-24gb-4k\\\/\",\"url\":\"https:\\\/\\\/hicad-help.com\\\/en\\\/product\\\/memory-pc-high-end-computer-amd-ryzen-7-5800x-8x-3-80ghz-rtx-3090-24gb-4k\\\/\",\"name\":\"Memory PC High End Computer AMD Ryzen 7 5800X, 8X 3.80GHz| RTX 3090 24GB 4K - hicad-help.com\",\"isPartOf\":{\"@id\":\"https:\\\/\\\/hicad-help.com\\\/de_de\\\/#website\"},\"primaryImageOfPage\":{\"@id\":\"https:\\\/\\\/hicad-help.com\\\/en\\\/product\\\/memory-pc-high-end-computer-amd-ryzen-7-5800x-8x-3-80ghz-rtx-3090-24gb-4k\\\/#primaryimage\"},\"image\":{\"@id\":\"https:\\\/\\\/hicad-help.com\\\/en\\\/product\\\/memory-pc-high-end-computer-amd-ryzen-7-5800x-8x-3-80ghz-rtx-3090-24gb-4k\\\/#primaryimage\"},\"thumbnailUrl\":\"https:\\\/\\\/i0.wp.com\\\/hicad-help.com\\\/wp-content\\\/uploads\\\/2021\\\/10\\\/Memory-PC-High-End-Computer-AMD-Ryzen-7-5800X-8X-3.80GHz_1.jpg?fit=972%2C1407&ssl=1\",\"datePublished\":\"2021-10-25T12:00:20+00:00\",\"breadcrumb\":{\"@id\":\"https:\\\/\\\/hicad-help.com\\\/en\\\/product\\\/memory-pc-high-end-computer-amd-ryzen-7-5800x-8x-3-80ghz-rtx-3090-24gb-4k\\\/#breadcrumb\"},\"inLanguage\":\"en-US\",\"potentialAction\":[{\"@type\":\"ReadAction\",\"target\":[\"https:\\\/\\\/hicad-help.com\\\/en\\\/product\\\/memory-pc-high-end-computer-amd-ryzen-7-5800x-8x-3-80ghz-rtx-3090-24gb-4k\\\/\"]}]},{\"@type\":\"ImageObject\",\"inLanguage\":\"en-US\",\"@id\":\"https:\\\/\\\/hicad-help.com\\\/en\\\/product\\\/memory-pc-high-end-computer-amd-ryzen-7-5800x-8x-3-80ghz-rtx-3090-24gb-4k\\\/#primaryimage\",\"url\":\"https:\\\/\\\/i0.wp.com\\\/hicad-help.com\\\/wp-content\\\/uploads\\\/2021\\\/10\\\/Memory-PC-High-End-Computer-AMD-Ryzen-7-5800X-8X-3.80GHz_1.jpg?fit=972%2C1407&ssl=1\",\"contentUrl\":\"https:\\\/\\\/i0.wp.com\\\/hicad-help.com\\\/wp-content\\\/uploads\\\/2021\\\/10\\\/Memory-PC-High-End-Computer-AMD-Ryzen-7-5800X-8X-3.80GHz_1.jpg?fit=972%2C1407&ssl=1\",\"width\":972,\"height\":1407},{\"@type\":\"BreadcrumbList\",\"@id\":\"https:\\\/\\\/hicad-help.com\\\/en\\\/product\\\/memory-pc-high-end-computer-amd-ryzen-7-5800x-8x-3-80ghz-rtx-3090-24gb-4k\\\/#breadcrumb\",\"itemListElement\":[{\"@type\":\"ListItem\",\"position\":1,\"name\":\"Startseite\",\"item\":\"https:\\\/\\\/hicad-help.com\\\/\"},{\"@type\":\"ListItem\",\"position\":2,\"name\":\"Shop\",\"item\":\"https:\\\/\\\/hicad-help.com\\\/en\\\/shop\\\/\"},{\"@type\":\"ListItem\",\"position\":3,\"name\":\"Memory PC High End Computer AMD Ryzen 7 5800X, 8X 3.80GHz| RTX 3090 24GB 4K\"}]},{\"@type\":\"WebSite\",\"@id\":\"https:\\\/\\\/hicad-help.com\\\/de_de\\\/#website\",\"url\":\"https:\\\/\\\/hicad-help.com\\\/de_de\\\/\",\"name\":\"hicad-help.com\",\"description\":\"Hilfeseite f\u00fcr HiCAD\",\"potentialAction\":[{\"@type\":\"SearchAction\",\"target\":{\"@type\":\"EntryPoint\",\"urlTemplate\":\"https:\\\/\\\/hicad-help.com\\\/de_de\\\/?s={search_term_string}\"},\"query-input\":{\"@type\":\"PropertyValueSpecification\",\"valueRequired\":true,\"valueName\":\"search_term_string\"}}],\"inLanguage\":\"en-US\"}]}<\/script>\n<!-- \/ Yoast SEO plugin. -->","yoast_head_json":{"title":"Memory PC High End Computer AMD Ryzen 7 5800X, 8X 3.80GHz| RTX 3090 24GB 4K - hicad-help.com","robots":{"index":"index","follow":"follow","max-snippet":"max-snippet:-1","max-image-preview":"max-image-preview:large","max-video-preview":"max-video-preview:-1"},"canonical":"https:\/\/hicad-help.com\/en\/product\/memory-pc-high-end-computer-amd-ryzen-7-5800x-8x-3-80ghz-rtx-3090-24gb-4k\/","og_locale":"en_US","og_type":"article","og_title":"Memory PC High End Computer AMD Ryzen 7 5800X, 8X 3.80GHz| RTX 3090 24GB 4K - hicad-help.com","og_description":"Betriebssystem Windows 10 Pro   CPU-Modell PowerPC   Marke Memory PC   CPU-Hersteller AMD   Eingabe \u00fcber menschliche Schnittstelle Microphone   Beschreibung der Festplatte SATA   Maximale Gr\u00f6\u00dfe des Arbeitsspeichers 64 GB   Farbe RTX 3090 \/ 64GB DDR4 \/ 1000GB SSD   Aufl\u00f6sung 3840 x 2160   RAM-Gr\u00f6\u00dfe der Grafikkarte 24000 MB","og_url":"https:\/\/hicad-help.com\/en\/product\/memory-pc-high-end-computer-amd-ryzen-7-5800x-8x-3-80ghz-rtx-3090-24gb-4k\/","og_site_name":"hicad-help.com","og_image":[{"width":972,"height":1407,"url":"https:\/\/i1.wp.com\/hicad-help.com\/wp-content\/uploads\/2021\/10\/Memory-PC-High-End-Computer-AMD-Ryzen-7-5800X-8X-3.80GHz_1.jpg?fit=972%2C1407&ssl=1","type":"image\/jpeg"}],"twitter_card":"summary_large_image","twitter_misc":{"Est. reading time":"1 minute"},"schema":{"@context":"https:\/\/schema.org","@graph":[{"@type":"WebPage","@id":"https:\/\/hicad-help.com\/en\/product\/memory-pc-high-end-computer-amd-ryzen-7-5800x-8x-3-80ghz-rtx-3090-24gb-4k\/","url":"https:\/\/hicad-help.com\/en\/product\/memory-pc-high-end-computer-amd-ryzen-7-5800x-8x-3-80ghz-rtx-3090-24gb-4k\/","name":"Memory PC High End Computer AMD Ryzen 7 5800X, 8X 3.80GHz| RTX 3090 24GB 4K - hicad-help.com","isPartOf":{"@id":"https:\/\/hicad-help.com\/de_de\/#website"},"primaryImageOfPage":{"@id":"https:\/\/hicad-help.com\/en\/product\/memory-pc-high-end-computer-amd-ryzen-7-5800x-8x-3-80ghz-rtx-3090-24gb-4k\/#primaryimage"},"image":{"@id":"https:\/\/hicad-help.com\/en\/product\/memory-pc-high-end-computer-amd-ryzen-7-5800x-8x-3-80ghz-rtx-3090-24gb-4k\/#primaryimage"},"thumbnailUrl":"https:\/\/i0.wp.com\/hicad-help.com\/wp-content\/uploads\/2021\/10\/Memory-PC-High-End-Computer-AMD-Ryzen-7-5800X-8X-3.80GHz_1.jpg?fit=972%2C1407&ssl=1","datePublished":"2021-10-25T12:00:20+00:00","breadcrumb":{"@id":"https:\/\/hicad-help.com\/en\/product\/memory-pc-high-end-computer-amd-ryzen-7-5800x-8x-3-80ghz-rtx-3090-24gb-4k\/#breadcrumb"},"inLanguage":"en-US","potentialAction":[{"@type":"ReadAction","target":["https:\/\/hicad-help.com\/en\/product\/memory-pc-high-end-computer-amd-ryzen-7-5800x-8x-3-80ghz-rtx-3090-24gb-4k\/"]}]},{"@type":"ImageObject","inLanguage":"en-US","@id":"https:\/\/hicad-help.com\/en\/product\/memory-pc-high-end-computer-amd-ryzen-7-5800x-8x-3-80ghz-rtx-3090-24gb-4k\/#primaryimage","url":"https:\/\/i0.wp.com\/hicad-help.com\/wp-content\/uploads\/2021\/10\/Memory-PC-High-End-Computer-AMD-Ryzen-7-5800X-8X-3.80GHz_1.jpg?fit=972%2C1407&ssl=1","contentUrl":"https:\/\/i0.wp.com\/hicad-help.com\/wp-content\/uploads\/2021\/10\/Memory-PC-High-End-Computer-AMD-Ryzen-7-5800X-8X-3.80GHz_1.jpg?fit=972%2C1407&ssl=1","width":972,"height":1407},{"@type":"BreadcrumbList","@id":"https:\/\/hicad-help.com\/en\/product\/memory-pc-high-end-computer-amd-ryzen-7-5800x-8x-3-80ghz-rtx-3090-24gb-4k\/#breadcrumb","itemListElement":[{"@type":"ListItem","position":1,"name":"Startseite","item":"https:\/\/hicad-help.com\/"},{"@type":"ListItem","position":2,"name":"Shop","item":"https:\/\/hicad-help.com\/en\/shop\/"},{"@type":"ListItem","position":3,"name":"Memory PC High End Computer AMD Ryzen 7 5800X, 8X 3.80GHz| RTX 3090 24GB 4K"}]},{"@type":"WebSite","@id":"https:\/\/hicad-help.com\/de_de\/#website","url":"https:\/\/hicad-help.com\/de_de\/","name":"hicad-help.com","description":"Help page for HiCAD","potentialAction":[{"@type":"SearchAction","target":{"@type":"EntryPoint","urlTemplate":"https:\/\/hicad-help.com\/de_de\/?s={search_term_string}"},"query-input":{"@type":"PropertyValueSpecification","valueRequired":true,"valueName":"search_term_string"}}],"inLanguage":"en-US"}]}},"jetpack_sharing_enabled":true,"_links":{"self":[{"href":"https:\/\/hicad-help.com\/en\/wp-json\/wp\/v2\/product\/2381","targetHints":{"allow":["GET"]}}],"collection":[{"href":"https:\/\/hicad-help.com\/en\/wp-json\/wp\/v2\/product"}],"about":[{"href":"https:\/\/hicad-help.com\/en\/wp-json\/wp\/v2\/types\/product"}],"replies":[{"embeddable":true,"href":"https:\/\/hicad-help.com\/en\/wp-json\/wp\/v2\/comments?post=2381"}],"wp:featuredmedia":[{"embeddable":true,"href":"https:\/\/hicad-help.com\/en\/wp-json\/wp\/v2\/media\/2384"}],"wp:attachment":[{"href":"https:\/\/hicad-help.com\/en\/wp-json\/wp\/v2\/media?parent=2381"}],"wp:term":[{"taxonomy":"product_brand","embeddable":true,"href":"https:\/\/hicad-help.com\/en\/wp-json\/wp\/v2\/product_brand?post=2381"},{"taxonomy":"product_cat","embeddable":true,"href":"https:\/\/hicad-help.com\/en\/wp-json\/wp\/v2\/product_cat?post=2381"},{"taxonomy":"product_tag","embeddable":true,"href":"https:\/\/hicad-help.com\/en\/wp-json\/wp\/v2\/product_tag?post=2381"}],"curies":[{"name":"wp","href":"https:\/\/api.w.org\/{rel}","templated":true}]}}