{"id":2389,"date":"2021-10-25T14:09:07","date_gmt":"2021-10-25T12:09:07","guid":{"rendered":"https:\/\/hicad-help.com\/?post_type=product&#038;p=2389"},"modified":"2021-10-25T14:09:07","modified_gmt":"2021-10-25T12:09:07","slug":"samsung-c49j890-12446-cm-49-zoll-premium-curved-business-monitor","status":"publish","type":"product","link":"https:\/\/hicad-help.com\/en\/product\/samsung-c49j890-12446-cm-49-zoll-premium-curved-business-monitor\/","title":{"rendered":"Samsung C49J890 124,46 cm (49 Zoll) Premium Curved Business Monitor"},"content":{"rendered":"<table id=\"productDetails_techSpec_section_1\" class=\"a-keyvalue prodDetTable\" role=\"presentation\">\n<tbody>\n<tr>\n<th class=\"a-color-secondary a-size-base prodDetSectionEntry\">Marke<\/th>\n<td class=\"a-size-base prodDetAttrValue\">\u200eSamsung<\/td>\n<\/tr>\n<tr>\n<th class=\"a-color-secondary a-size-base prodDetSectionEntry\">Hersteller<\/th>\n<td class=\"a-size-base prodDetAttrValue\">\u200eSamsung<\/td>\n<\/tr>\n<tr>\n<th class=\"a-color-secondary a-size-base prodDetSectionEntry\">Modell\/Serie<\/th>\n<td class=\"a-size-base prodDetAttrValue\">\u200eC49J890DKR<\/td>\n<\/tr>\n<tr>\n<th class=\"a-color-secondary a-size-base prodDetSectionEntry\">Produktabmessungen<\/th>\n<td class=\"a-size-base prodDetAttrValue\">\u200e120.3 x 38.1 x 52.5 cm; 15.1 Kilogramm<\/td>\n<\/tr>\n<tr>\n<th class=\"a-color-secondary a-size-base prodDetSectionEntry\">Modellnummer<\/th>\n<td class=\"a-size-base prodDetAttrValue\">\u200eLC49J890DKUXEN<\/td>\n<\/tr>\n<tr>\n<th class=\"a-color-secondary a-size-base prodDetSectionEntry\">Auslaufartikel (Produktion durch Hersteller eingestellt)<\/th>\n<td class=\"a-size-base prodDetAttrValue\">\u200eNein<\/td>\n<\/tr>\n<tr>\n<th class=\"a-color-secondary a-size-base prodDetSectionEntry\">Farbe<\/th>\n<td class=\"a-size-base prodDetAttrValue\">\u200eCharcoal Schwarz<\/td>\n<\/tr>\n<tr>\n<th class=\"a-color-secondary a-size-base prodDetSectionEntry\">Display-Gr\u00f6\u00dfe<\/th>\n<td class=\"a-size-base prodDetAttrValue\">\u200e49 Zoll<\/td>\n<\/tr>\n<tr>\n<th class=\"a-color-secondary a-size-base prodDetSectionEntry\">Bildschirmaufl\u00f6sung<\/th>\n<td class=\"a-size-base prodDetAttrValue\">\u200e3840 x 1080 Pixel<\/td>\n<\/tr>\n<tr>\n<th class=\"a-color-secondary a-size-base prodDetSectionEntry\">L\u00f6sung<\/th>\n<td class=\"a-size-base prodDetAttrValue\">\u200e3840 x 1080 Pixel<\/td>\n<\/tr>\n<tr>\n<th class=\"a-color-secondary a-size-base prodDetSectionEntry\">Prozessorkerne<\/th>\n<td class=\"a-size-base prodDetAttrValue\">\u200e1<\/td>\n<\/tr>\n<tr>\n<th class=\"a-color-secondary a-size-base prodDetSectionEntry\">Anzahl USB 3.0 Schnittstellen<\/th>\n<td class=\"a-size-base prodDetAttrValue\">\u200e1<\/td>\n<\/tr>\n<tr>\n<th class=\"a-color-secondary a-size-base prodDetSectionEntry\">Anzahl HDMI Schnittstellen<\/th>\n<td class=\"a-size-base prodDetAttrValue\">\u200e1<\/td>\n<\/tr>\n<tr>\n<th class=\"a-color-secondary a-size-base prodDetSectionEntry\">Watt<\/th>\n<td class=\"a-size-base prodDetAttrValue\">\u200e62 Watt<\/td>\n<\/tr>\n<tr>\n<th class=\"a-color-secondary a-size-base prodDetSectionEntry\">Batterien enthalten<\/th>\n<td class=\"a-size-base prodDetAttrValue\">\u200eNein<\/td>\n<\/tr>\n<tr>\n<th class=\"a-color-secondary a-size-base prodDetSectionEntry\">Artikelgewicht<\/th>\n<td class=\"a-size-base prodDetAttrValue\">\u200e15.1 kg<\/td>\n<\/tr>\n<\/tbody>\n<\/table>","protected":false},"excerpt":{"rendered":"<h1 class=\"a-size-base-plus a-text-bold\">Info zu diesem Artikel<\/h1>\n<ul class=\"a-unordered-list a-vertical a-spacing-mini\">\n<li><span class=\"a-list-item\"> Premium Curved Business Monitor, 3,840 x 1,080 Pixel, KVM-Switch <\/span><\/li>\n<li><span class=\"a-list-item\"> Eye Saver Mode, Smart Eco Saving, Flicker Free, Bildwiederholungsrate 144 Hz.Betrachtungswinkel (h\/v): 178\u00b0\/178\u00b0 <\/span><\/li>\n<li><span class=\"a-list-item\"> Kontrast 3000:1, Helligkeit 300 cd\/m\u00b2 <\/span><\/li>\n<li><span class=\"a-list-item\"> HDMI (1x), Display Port (1x), USB Type-C (2x, 95W \/ 15W), USB Hub 3.0 (1 up \/ 3 down), Kopfh\u00f6rer (1x), Wandmontage (VESA 100&#215;100), H\u00f6henverstellbarer Fu\u00df <\/span><\/li>\n<li><span class=\"a-list-item\"> Lieferumfang: Netzteil, Netzkabel, Display Port Kabel, USB Type-C Kabel, Installations-CD, Quick Setup Guide <\/span><\/li>\n<\/ul>","protected":false},"featured_media":2392,"comment_status":"open","ping_status":"closed","template":"","meta":{"_bbp_topic_count":0,"_bbp_reply_count":0,"_bbp_total_topic_count":0,"_bbp_total_reply_count":0,"_bbp_voice_count":0,"_bbp_anonymous_reply_count":0,"_bbp_topic_count_hidden":0,"_bbp_reply_count_hidden":0,"_bbp_forum_subforum_count":0,"pmpro_default_level":""},"product_brand":[],"product_cat":[28],"product_tag":[],"class_list":{"0":"post-2389","1":"product","2":"type-product","3":"status-publish","4":"has-post-thumbnail","6":"product_cat-bildschirm","7":"pmpro-has-access","8":"post","9":"post-with-thumbnail","10":"post-with-thumbnail-large","12":"first","13":"instock","14":"shipping-taxable","15":"product-type-external"},"yoast_head":"<!-- This site is optimized with the Yoast SEO plugin v27.3 - https:\/\/yoast.com\/product\/yoast-seo-wordpress\/ -->\n<title>Samsung C49J890 124,46 cm (49 Zoll) Premium Curved Business Monitor - hicad-help.com<\/title>\n<meta name=\"robots\" content=\"index, follow, max-snippet:-1, max-image-preview:large, max-video-preview:-1\" \/>\n<link rel=\"canonical\" href=\"https:\/\/hicad-help.com\/en\/product\/samsung-c49j890-12446-cm-49-zoll-premium-curved-business-monitor\/\" \/>\n<meta property=\"og:locale\" content=\"en_US\" \/>\n<meta property=\"og:type\" content=\"article\" \/>\n<meta property=\"og:title\" content=\"Samsung C49J890 124,46 cm (49 Zoll) Premium Curved Business Monitor - hicad-help.com\" \/>\n<meta property=\"og:description\" content=\"Info zu diesem Artikel    Premium Curved Business Monitor, 3,840 x 1,080 Pixel, KVM-Switch   Eye Saver Mode, Smart Eco Saving, Flicker Free, Bildwiederholungsrate 144 Hz.Betrachtungswinkel (h\/v): 178\u00b0\/178\u00b0   Kontrast 3000:1, Helligkeit 300 cd\/m\u00b2   HDMI (1x), Display Port (1x), USB Type-C (2x, 95W \/ 15W), USB Hub 3.0 (1 up \/ 3 down), Kopfh\u00f6rer (1x), Wandmontage (VESA 100x100), H\u00f6henverstellbarer Fu\u00df   Lieferumfang: Netzteil, Netzkabel, Display Port Kabel, USB Type-C Kabel, Installations-CD, Quick Setup Guide\" \/>\n<meta property=\"og:url\" content=\"https:\/\/hicad-help.com\/en\/product\/samsung-c49j890-12446-cm-49-zoll-premium-curved-business-monitor\/\" \/>\n<meta property=\"og:site_name\" content=\"hicad-help.com\" \/>\n<meta property=\"og:image\" content=\"https:\/\/i2.wp.com\/hicad-help.com\/wp-content\/uploads\/2021\/10\/Samsung-C49J890-12446-cm-49-Zoll-Premium-Curved-Business-Monitor_1.jpg?fit=1500%2C633&ssl=1\" \/>\n\t<meta property=\"og:image:width\" content=\"1500\" \/>\n\t<meta property=\"og:image:height\" content=\"633\" \/>\n\t<meta property=\"og:image:type\" content=\"image\/jpeg\" \/>\n<meta name=\"twitter:card\" content=\"summary_large_image\" \/>\n<meta name=\"twitter:label1\" content=\"Est. reading time\" \/>\n\t<meta name=\"twitter:data1\" content=\"1 minute\" \/>\n<script type=\"application\/ld+json\" class=\"yoast-schema-graph\">{\"@context\":\"https:\\\/\\\/schema.org\",\"@graph\":[{\"@type\":\"WebPage\",\"@id\":\"https:\\\/\\\/hicad-help.com\\\/en\\\/product\\\/samsung-c49j890-12446-cm-49-zoll-premium-curved-business-monitor\\\/\",\"url\":\"https:\\\/\\\/hicad-help.com\\\/en\\\/product\\\/samsung-c49j890-12446-cm-49-zoll-premium-curved-business-monitor\\\/\",\"name\":\"Samsung C49J890 124,46 cm (49 Zoll) Premium Curved Business Monitor - hicad-help.com\",\"isPartOf\":{\"@id\":\"https:\\\/\\\/hicad-help.com\\\/de_de\\\/#website\"},\"primaryImageOfPage\":{\"@id\":\"https:\\\/\\\/hicad-help.com\\\/en\\\/product\\\/samsung-c49j890-12446-cm-49-zoll-premium-curved-business-monitor\\\/#primaryimage\"},\"image\":{\"@id\":\"https:\\\/\\\/hicad-help.com\\\/en\\\/product\\\/samsung-c49j890-12446-cm-49-zoll-premium-curved-business-monitor\\\/#primaryimage\"},\"thumbnailUrl\":\"https:\\\/\\\/i0.wp.com\\\/hicad-help.com\\\/wp-content\\\/uploads\\\/2021\\\/10\\\/Samsung-C49J890-12446-cm-49-Zoll-Premium-Curved-Business-Monitor_1.jpg?fit=1500%2C633&ssl=1\",\"datePublished\":\"2021-10-25T12:09:07+00:00\",\"breadcrumb\":{\"@id\":\"https:\\\/\\\/hicad-help.com\\\/en\\\/product\\\/samsung-c49j890-12446-cm-49-zoll-premium-curved-business-monitor\\\/#breadcrumb\"},\"inLanguage\":\"en-US\",\"potentialAction\":[{\"@type\":\"ReadAction\",\"target\":[\"https:\\\/\\\/hicad-help.com\\\/en\\\/product\\\/samsung-c49j890-12446-cm-49-zoll-premium-curved-business-monitor\\\/\"]}]},{\"@type\":\"ImageObject\",\"inLanguage\":\"en-US\",\"@id\":\"https:\\\/\\\/hicad-help.com\\\/en\\\/product\\\/samsung-c49j890-12446-cm-49-zoll-premium-curved-business-monitor\\\/#primaryimage\",\"url\":\"https:\\\/\\\/i0.wp.com\\\/hicad-help.com\\\/wp-content\\\/uploads\\\/2021\\\/10\\\/Samsung-C49J890-12446-cm-49-Zoll-Premium-Curved-Business-Monitor_1.jpg?fit=1500%2C633&ssl=1\",\"contentUrl\":\"https:\\\/\\\/i0.wp.com\\\/hicad-help.com\\\/wp-content\\\/uploads\\\/2021\\\/10\\\/Samsung-C49J890-12446-cm-49-Zoll-Premium-Curved-Business-Monitor_1.jpg?fit=1500%2C633&ssl=1\",\"width\":1500,\"height\":633},{\"@type\":\"BreadcrumbList\",\"@id\":\"https:\\\/\\\/hicad-help.com\\\/en\\\/product\\\/samsung-c49j890-12446-cm-49-zoll-premium-curved-business-monitor\\\/#breadcrumb\",\"itemListElement\":[{\"@type\":\"ListItem\",\"position\":1,\"name\":\"Startseite\",\"item\":\"https:\\\/\\\/hicad-help.com\\\/\"},{\"@type\":\"ListItem\",\"position\":2,\"name\":\"Shop\",\"item\":\"https:\\\/\\\/hicad-help.com\\\/en\\\/shop\\\/\"},{\"@type\":\"ListItem\",\"position\":3,\"name\":\"Samsung C49J890 124,46 cm (49 Zoll) Premium Curved Business Monitor\"}]},{\"@type\":\"WebSite\",\"@id\":\"https:\\\/\\\/hicad-help.com\\\/de_de\\\/#website\",\"url\":\"https:\\\/\\\/hicad-help.com\\\/de_de\\\/\",\"name\":\"hicad-help.com\",\"description\":\"Hilfeseite f\u00fcr HiCAD\",\"potentialAction\":[{\"@type\":\"SearchAction\",\"target\":{\"@type\":\"EntryPoint\",\"urlTemplate\":\"https:\\\/\\\/hicad-help.com\\\/de_de\\\/?s={search_term_string}\"},\"query-input\":{\"@type\":\"PropertyValueSpecification\",\"valueRequired\":true,\"valueName\":\"search_term_string\"}}],\"inLanguage\":\"en-US\"}]}<\/script>\n<!-- \/ Yoast SEO plugin. -->","yoast_head_json":{"title":"Samsung C49J890 124,46 cm (49 Zoll) Premium Curved Business Monitor - hicad-help.com","robots":{"index":"index","follow":"follow","max-snippet":"max-snippet:-1","max-image-preview":"max-image-preview:large","max-video-preview":"max-video-preview:-1"},"canonical":"https:\/\/hicad-help.com\/en\/product\/samsung-c49j890-12446-cm-49-zoll-premium-curved-business-monitor\/","og_locale":"en_US","og_type":"article","og_title":"Samsung C49J890 124,46 cm (49 Zoll) Premium Curved Business Monitor - hicad-help.com","og_description":"Info zu diesem Artikel    Premium Curved Business Monitor, 3,840 x 1,080 Pixel, KVM-Switch   Eye Saver Mode, Smart Eco Saving, Flicker Free, Bildwiederholungsrate 144 Hz.Betrachtungswinkel (h\/v): 178\u00b0\/178\u00b0   Kontrast 3000:1, Helligkeit 300 cd\/m\u00b2   HDMI (1x), Display Port (1x), USB Type-C (2x, 95W \/ 15W), USB Hub 3.0 (1 up \/ 3 down), Kopfh\u00f6rer (1x), Wandmontage (VESA 100x100), H\u00f6henverstellbarer Fu\u00df   Lieferumfang: Netzteil, Netzkabel, Display Port Kabel, USB Type-C Kabel, Installations-CD, Quick Setup Guide","og_url":"https:\/\/hicad-help.com\/en\/product\/samsung-c49j890-12446-cm-49-zoll-premium-curved-business-monitor\/","og_site_name":"hicad-help.com","og_image":[{"width":1500,"height":633,"url":"https:\/\/i2.wp.com\/hicad-help.com\/wp-content\/uploads\/2021\/10\/Samsung-C49J890-12446-cm-49-Zoll-Premium-Curved-Business-Monitor_1.jpg?fit=1500%2C633&ssl=1","type":"image\/jpeg"}],"twitter_card":"summary_large_image","twitter_misc":{"Est. reading time":"1 minute"},"schema":{"@context":"https:\/\/schema.org","@graph":[{"@type":"WebPage","@id":"https:\/\/hicad-help.com\/en\/product\/samsung-c49j890-12446-cm-49-zoll-premium-curved-business-monitor\/","url":"https:\/\/hicad-help.com\/en\/product\/samsung-c49j890-12446-cm-49-zoll-premium-curved-business-monitor\/","name":"Samsung C49J890 124,46 cm (49 Zoll) Premium Curved Business Monitor - hicad-help.com","isPartOf":{"@id":"https:\/\/hicad-help.com\/de_de\/#website"},"primaryImageOfPage":{"@id":"https:\/\/hicad-help.com\/en\/product\/samsung-c49j890-12446-cm-49-zoll-premium-curved-business-monitor\/#primaryimage"},"image":{"@id":"https:\/\/hicad-help.com\/en\/product\/samsung-c49j890-12446-cm-49-zoll-premium-curved-business-monitor\/#primaryimage"},"thumbnailUrl":"https:\/\/i0.wp.com\/hicad-help.com\/wp-content\/uploads\/2021\/10\/Samsung-C49J890-12446-cm-49-Zoll-Premium-Curved-Business-Monitor_1.jpg?fit=1500%2C633&ssl=1","datePublished":"2021-10-25T12:09:07+00:00","breadcrumb":{"@id":"https:\/\/hicad-help.com\/en\/product\/samsung-c49j890-12446-cm-49-zoll-premium-curved-business-monitor\/#breadcrumb"},"inLanguage":"en-US","potentialAction":[{"@type":"ReadAction","target":["https:\/\/hicad-help.com\/en\/product\/samsung-c49j890-12446-cm-49-zoll-premium-curved-business-monitor\/"]}]},{"@type":"ImageObject","inLanguage":"en-US","@id":"https:\/\/hicad-help.com\/en\/product\/samsung-c49j890-12446-cm-49-zoll-premium-curved-business-monitor\/#primaryimage","url":"https:\/\/i0.wp.com\/hicad-help.com\/wp-content\/uploads\/2021\/10\/Samsung-C49J890-12446-cm-49-Zoll-Premium-Curved-Business-Monitor_1.jpg?fit=1500%2C633&ssl=1","contentUrl":"https:\/\/i0.wp.com\/hicad-help.com\/wp-content\/uploads\/2021\/10\/Samsung-C49J890-12446-cm-49-Zoll-Premium-Curved-Business-Monitor_1.jpg?fit=1500%2C633&ssl=1","width":1500,"height":633},{"@type":"BreadcrumbList","@id":"https:\/\/hicad-help.com\/en\/product\/samsung-c49j890-12446-cm-49-zoll-premium-curved-business-monitor\/#breadcrumb","itemListElement":[{"@type":"ListItem","position":1,"name":"Startseite","item":"https:\/\/hicad-help.com\/"},{"@type":"ListItem","position":2,"name":"Shop","item":"https:\/\/hicad-help.com\/en\/shop\/"},{"@type":"ListItem","position":3,"name":"Samsung C49J890 124,46 cm (49 Zoll) Premium Curved Business Monitor"}]},{"@type":"WebSite","@id":"https:\/\/hicad-help.com\/de_de\/#website","url":"https:\/\/hicad-help.com\/de_de\/","name":"hicad-help.com","description":"Help page for HiCAD","potentialAction":[{"@type":"SearchAction","target":{"@type":"EntryPoint","urlTemplate":"https:\/\/hicad-help.com\/de_de\/?s={search_term_string}"},"query-input":{"@type":"PropertyValueSpecification","valueRequired":true,"valueName":"search_term_string"}}],"inLanguage":"en-US"}]}},"jetpack_sharing_enabled":true,"_links":{"self":[{"href":"https:\/\/hicad-help.com\/en\/wp-json\/wp\/v2\/product\/2389","targetHints":{"allow":["GET"]}}],"collection":[{"href":"https:\/\/hicad-help.com\/en\/wp-json\/wp\/v2\/product"}],"about":[{"href":"https:\/\/hicad-help.com\/en\/wp-json\/wp\/v2\/types\/product"}],"replies":[{"embeddable":true,"href":"https:\/\/hicad-help.com\/en\/wp-json\/wp\/v2\/comments?post=2389"}],"wp:featuredmedia":[{"embeddable":true,"href":"https:\/\/hicad-help.com\/en\/wp-json\/wp\/v2\/media\/2392"}],"wp:attachment":[{"href":"https:\/\/hicad-help.com\/en\/wp-json\/wp\/v2\/media?parent=2389"}],"wp:term":[{"taxonomy":"product_brand","embeddable":true,"href":"https:\/\/hicad-help.com\/en\/wp-json\/wp\/v2\/product_brand?post=2389"},{"taxonomy":"product_cat","embeddable":true,"href":"https:\/\/hicad-help.com\/en\/wp-json\/wp\/v2\/product_cat?post=2389"},{"taxonomy":"product_tag","embeddable":true,"href":"https:\/\/hicad-help.com\/en\/wp-json\/wp\/v2\/product_tag?post=2389"}],"curies":[{"name":"wp","href":"https:\/\/api.w.org\/{rel}","templated":true}]}}