{"id":411,"date":"2020-10-04T16:01:16","date_gmt":"2020-10-04T14:01:16","guid":{"rendered":"https:\/\/hicad-help.com\/?post_type=product&#038;p=411"},"modified":"2022-09-20T15:35:19","modified_gmt":"2022-09-20T13:35:19","slug":"411","status":"publish","type":"product","link":"https:\/\/hicad-help.com\/en\/product\/411\/","title":{"rendered":"SpaceMouse Pro"},"content":{"rendered":"<p>Die SpaceMouse Pro ist das perfekte Werkzeug f\u00fcr Ingenieure, Designer und Architekten, um 3D-Designs f\u00fcr die verschiedensten Branchen zu erstellen. Die intuitive, m\u00fchelose und pr\u00e4zise 3D-Navigation in CAD-Anwendungen, die komfortablen und leicht zug\u00e4nglichen Modifikationstasten und das besonders ergonomische Design machen die Anwendung mit der SpaceMouse Pro zu einer Erfahrung, die so mit einer herk\u00f6mmlichen Maus und Tastatur nicht m\u00f6glich ist.<\/p>","protected":false},"excerpt":{"rendered":"<p>Patentierte Sensortechnologie mit sechs Freiheitsgraden<br \/>\n15 gro\u00dfe und ergonomisch geformte Tasten<br \/>\nWeiche, ergonomisch geformte Handauflage<br \/>\nRotation-Lock-Taste<br \/>\nOn-Screen Display<br \/>\nOn-Screen Numpad<\/p>","protected":false},"featured_media":2753,"comment_status":"closed","ping_status":"closed","template":"","meta":{"_bbp_topic_count":0,"_bbp_reply_count":0,"_bbp_total_topic_count":0,"_bbp_total_reply_count":0,"_bbp_voice_count":0,"_bbp_anonymous_reply_count":0,"_bbp_topic_count_hidden":0,"_bbp_reply_count_hidden":0,"_bbp_forum_subforum_count":0,"pmpro_default_level":""},"product_brand":[],"product_cat":[27],"product_tag":[],"class_list":{"0":"post-411","1":"product","2":"type-product","3":"status-publish","4":"has-post-thumbnail","6":"product_cat-3d-maus","7":"pmpro-has-access","8":"post","9":"post-with-thumbnail","10":"post-with-thumbnail-large","12":"first","13":"instock","14":"shipping-taxable","15":"product-type-external"},"yoast_head":"<!-- This site is optimized with the Yoast SEO plugin v27.3 - https:\/\/yoast.com\/product\/yoast-seo-wordpress\/ -->\n<title>SpaceMouse Pro - hicad-help.com<\/title>\n<meta name=\"robots\" content=\"index, follow, max-snippet:-1, max-image-preview:large, max-video-preview:-1\" \/>\n<link rel=\"canonical\" href=\"https:\/\/hicad-help.com\/en\/product\/411\/\" \/>\n<meta property=\"og:locale\" content=\"en_US\" \/>\n<meta property=\"og:type\" content=\"article\" \/>\n<meta property=\"og:title\" content=\"SpaceMouse Pro - hicad-help.com\" \/>\n<meta property=\"og:description\" content=\"Patentierte Sensortechnologie mit sechs Freiheitsgraden 15 gro\u00dfe und ergonomisch geformte Tasten Weiche, ergonomisch geformte Handauflage Rotation-Lock-Taste On-Screen Display On-Screen Numpad\" \/>\n<meta property=\"og:url\" content=\"https:\/\/hicad-help.com\/en\/product\/411\/\" \/>\n<meta property=\"og:site_name\" content=\"hicad-help.com\" \/>\n<meta property=\"article:modified_time\" content=\"2022-09-20T13:35:19+00:00\" \/>\n<meta property=\"og:image\" content=\"http:\/\/hicad-help.com\/wp-content\/uploads\/2020\/10\/00_Webshop_Main-Image-2-scaled.jpg\" \/>\n\t<meta property=\"og:image:width\" content=\"2560\" \/>\n\t<meta property=\"og:image:height\" content=\"1792\" \/>\n\t<meta property=\"og:image:type\" content=\"image\/jpeg\" \/>\n<meta name=\"twitter:card\" content=\"summary_large_image\" \/>\n<meta name=\"twitter:label1\" content=\"Est. reading time\" \/>\n\t<meta name=\"twitter:data1\" content=\"1 minute\" \/>\n<script type=\"application\/ld+json\" class=\"yoast-schema-graph\">{\"@context\":\"https:\\\/\\\/schema.org\",\"@graph\":[{\"@type\":\"WebPage\",\"@id\":\"https:\\\/\\\/hicad-help.com\\\/produkt\\\/411\\\/\",\"url\":\"https:\\\/\\\/hicad-help.com\\\/produkt\\\/411\\\/\",\"name\":\"SpaceMouse Pro - hicad-help.com\",\"isPartOf\":{\"@id\":\"https:\\\/\\\/hicad-help.com\\\/de_de\\\/#website\"},\"primaryImageOfPage\":{\"@id\":\"https:\\\/\\\/hicad-help.com\\\/produkt\\\/411\\\/#primaryimage\"},\"image\":{\"@id\":\"https:\\\/\\\/hicad-help.com\\\/produkt\\\/411\\\/#primaryimage\"},\"thumbnailUrl\":\"https:\\\/\\\/i0.wp.com\\\/hicad-help.com\\\/wp-content\\\/uploads\\\/2020\\\/10\\\/00_Webshop_Main-Image-2-scaled.jpg?fit=2560%2C1792&ssl=1\",\"datePublished\":\"2020-10-04T14:01:16+00:00\",\"dateModified\":\"2022-09-20T13:35:19+00:00\",\"breadcrumb\":{\"@id\":\"https:\\\/\\\/hicad-help.com\\\/produkt\\\/411\\\/#breadcrumb\"},\"inLanguage\":\"en-US\",\"potentialAction\":[{\"@type\":\"ReadAction\",\"target\":[\"https:\\\/\\\/hicad-help.com\\\/produkt\\\/411\\\/\"]}]},{\"@type\":\"ImageObject\",\"inLanguage\":\"en-US\",\"@id\":\"https:\\\/\\\/hicad-help.com\\\/produkt\\\/411\\\/#primaryimage\",\"url\":\"https:\\\/\\\/i0.wp.com\\\/hicad-help.com\\\/wp-content\\\/uploads\\\/2020\\\/10\\\/00_Webshop_Main-Image-2-scaled.jpg?fit=2560%2C1792&ssl=1\",\"contentUrl\":\"https:\\\/\\\/i0.wp.com\\\/hicad-help.com\\\/wp-content\\\/uploads\\\/2020\\\/10\\\/00_Webshop_Main-Image-2-scaled.jpg?fit=2560%2C1792&ssl=1\",\"width\":2560,\"height\":1792},{\"@type\":\"BreadcrumbList\",\"@id\":\"https:\\\/\\\/hicad-help.com\\\/produkt\\\/411\\\/#breadcrumb\",\"itemListElement\":[{\"@type\":\"ListItem\",\"position\":1,\"name\":\"Startseite\",\"item\":\"https:\\\/\\\/hicad-help.com\\\/\"},{\"@type\":\"ListItem\",\"position\":2,\"name\":\"Shop\",\"item\":\"https:\\\/\\\/hicad-help.com\\\/en\\\/shop\\\/\"},{\"@type\":\"ListItem\",\"position\":3,\"name\":\"SpaceMouse Pro\"}]},{\"@type\":\"WebSite\",\"@id\":\"https:\\\/\\\/hicad-help.com\\\/de_de\\\/#website\",\"url\":\"https:\\\/\\\/hicad-help.com\\\/de_de\\\/\",\"name\":\"hicad-help.com\",\"description\":\"Hilfeseite f\u00fcr HiCAD\",\"potentialAction\":[{\"@type\":\"SearchAction\",\"target\":{\"@type\":\"EntryPoint\",\"urlTemplate\":\"https:\\\/\\\/hicad-help.com\\\/de_de\\\/?s={search_term_string}\"},\"query-input\":{\"@type\":\"PropertyValueSpecification\",\"valueRequired\":true,\"valueName\":\"search_term_string\"}}],\"inLanguage\":\"en-US\"}]}<\/script>\n<!-- \/ Yoast SEO plugin. -->","yoast_head_json":{"title":"SpaceMouse Pro - hicad-help.com","robots":{"index":"index","follow":"follow","max-snippet":"max-snippet:-1","max-image-preview":"max-image-preview:large","max-video-preview":"max-video-preview:-1"},"canonical":"https:\/\/hicad-help.com\/en\/product\/411\/","og_locale":"en_US","og_type":"article","og_title":"SpaceMouse Pro - hicad-help.com","og_description":"Patentierte Sensortechnologie mit sechs Freiheitsgraden 15 gro\u00dfe und ergonomisch geformte Tasten Weiche, ergonomisch geformte Handauflage Rotation-Lock-Taste On-Screen Display On-Screen Numpad","og_url":"https:\/\/hicad-help.com\/en\/product\/411\/","og_site_name":"hicad-help.com","article_modified_time":"2022-09-20T13:35:19+00:00","og_image":[{"width":2560,"height":1792,"url":"http:\/\/hicad-help.com\/wp-content\/uploads\/2020\/10\/00_Webshop_Main-Image-2-scaled.jpg","type":"image\/jpeg"}],"twitter_card":"summary_large_image","twitter_misc":{"Est. reading time":"1 minute"},"schema":{"@context":"https:\/\/schema.org","@graph":[{"@type":"WebPage","@id":"https:\/\/hicad-help.com\/produkt\/411\/","url":"https:\/\/hicad-help.com\/produkt\/411\/","name":"SpaceMouse Pro - hicad-help.com","isPartOf":{"@id":"https:\/\/hicad-help.com\/de_de\/#website"},"primaryImageOfPage":{"@id":"https:\/\/hicad-help.com\/produkt\/411\/#primaryimage"},"image":{"@id":"https:\/\/hicad-help.com\/produkt\/411\/#primaryimage"},"thumbnailUrl":"https:\/\/i0.wp.com\/hicad-help.com\/wp-content\/uploads\/2020\/10\/00_Webshop_Main-Image-2-scaled.jpg?fit=2560%2C1792&ssl=1","datePublished":"2020-10-04T14:01:16+00:00","dateModified":"2022-09-20T13:35:19+00:00","breadcrumb":{"@id":"https:\/\/hicad-help.com\/produkt\/411\/#breadcrumb"},"inLanguage":"en-US","potentialAction":[{"@type":"ReadAction","target":["https:\/\/hicad-help.com\/produkt\/411\/"]}]},{"@type":"ImageObject","inLanguage":"en-US","@id":"https:\/\/hicad-help.com\/produkt\/411\/#primaryimage","url":"https:\/\/i0.wp.com\/hicad-help.com\/wp-content\/uploads\/2020\/10\/00_Webshop_Main-Image-2-scaled.jpg?fit=2560%2C1792&ssl=1","contentUrl":"https:\/\/i0.wp.com\/hicad-help.com\/wp-content\/uploads\/2020\/10\/00_Webshop_Main-Image-2-scaled.jpg?fit=2560%2C1792&ssl=1","width":2560,"height":1792},{"@type":"BreadcrumbList","@id":"https:\/\/hicad-help.com\/produkt\/411\/#breadcrumb","itemListElement":[{"@type":"ListItem","position":1,"name":"Startseite","item":"https:\/\/hicad-help.com\/"},{"@type":"ListItem","position":2,"name":"Shop","item":"https:\/\/hicad-help.com\/en\/shop\/"},{"@type":"ListItem","position":3,"name":"SpaceMouse Pro"}]},{"@type":"WebSite","@id":"https:\/\/hicad-help.com\/de_de\/#website","url":"https:\/\/hicad-help.com\/de_de\/","name":"hicad-help.com","description":"Help page for HiCAD","potentialAction":[{"@type":"SearchAction","target":{"@type":"EntryPoint","urlTemplate":"https:\/\/hicad-help.com\/de_de\/?s={search_term_string}"},"query-input":{"@type":"PropertyValueSpecification","valueRequired":true,"valueName":"search_term_string"}}],"inLanguage":"en-US"}]}},"jetpack_sharing_enabled":true,"_links":{"self":[{"href":"https:\/\/hicad-help.com\/en\/wp-json\/wp\/v2\/product\/411","targetHints":{"allow":["GET"]}}],"collection":[{"href":"https:\/\/hicad-help.com\/en\/wp-json\/wp\/v2\/product"}],"about":[{"href":"https:\/\/hicad-help.com\/en\/wp-json\/wp\/v2\/types\/product"}],"replies":[{"embeddable":true,"href":"https:\/\/hicad-help.com\/en\/wp-json\/wp\/v2\/comments?post=411"}],"wp:featuredmedia":[{"embeddable":true,"href":"https:\/\/hicad-help.com\/en\/wp-json\/wp\/v2\/media\/2753"}],"wp:attachment":[{"href":"https:\/\/hicad-help.com\/en\/wp-json\/wp\/v2\/media?parent=411"}],"wp:term":[{"taxonomy":"product_brand","embeddable":true,"href":"https:\/\/hicad-help.com\/en\/wp-json\/wp\/v2\/product_brand?post=411"},{"taxonomy":"product_cat","embeddable":true,"href":"https:\/\/hicad-help.com\/en\/wp-json\/wp\/v2\/product_cat?post=411"},{"taxonomy":"product_tag","embeddable":true,"href":"https:\/\/hicad-help.com\/en\/wp-json\/wp\/v2\/product_tag?post=411"}],"curies":[{"name":"wp","href":"https:\/\/api.w.org\/{rel}","templated":true}]}}