{"id":505,"date":"2020-10-05T13:24:58","date_gmt":"2020-10-05T11:24:58","guid":{"rendered":"https:\/\/hicad-help.com\/?post_type=product&#038;p=505"},"modified":"2020-10-21T20:32:25","modified_gmt":"2020-10-21T18:32:25","slug":"lg-49wl95c-w-12446-cm-49-zoll","status":"publish","type":"product","link":"https:\/\/hicad-help.com\/en\/product\/lg-49wl95c-w-12446-cm-49-zoll\/","title":{"rendered":"LG 49WL95C-W 124,46 cm (49 Zoll)"},"content":{"rendered":"<table class=\"a-normal a-spacing-micro\">\n<tbody>\n<tr class=\"a-spacing-small\">\n<td class=\"a-span3\"><span class=\"a-size-base a-text-bold\">Display Size<\/span><\/td>\n<td class=\"a-span9\"><span class=\"a-size-base\">49 Zoll<\/span><\/td>\n<\/tr>\n<tr class=\"a-spacing-small\">\n<td class=\"a-span3\"><span class=\"a-size-base a-text-bold\">Marke<\/span><\/td>\n<td class=\"a-span9\"><span class=\"a-size-base\">LG<\/span><\/td>\n<\/tr>\n<tr class=\"a-spacing-small\">\n<td class=\"a-span3\"><span class=\"a-size-base a-text-bold\">Modell\/Serie<\/span><\/td>\n<td class=\"a-span9\"><span class=\"a-size-base\">49WL95C-W<\/span><\/td>\n<\/tr>\n<tr class=\"a-spacing-small\">\n<td class=\"a-span3\"><span class=\"a-size-base a-text-bold\">Resolution<\/span><\/td>\n<td class=\"a-span9\"><span class=\"a-size-base\">QHD Ultra Wide 1440p<\/span><\/td>\n<\/tr>\n<tr class=\"a-spacing-small\">\n<td class=\"a-span3\"><span class=\"a-size-base a-text-bold\">Hardware Schnittstelle<\/span><\/td>\n<td class=\"a-span9\"><span class=\"a-size-base\">HDMI, USB 3.0, USB-C<\/span><\/td>\n<\/tr>\n<tr class=\"a-spacing-small\">\n<td class=\"a-span3\"><span class=\"a-size-base a-text-bold\">Anzeigetechnologie<\/span><\/td>\n<td class=\"a-span9\"><span class=\"a-size-base\">LED<\/span><\/td>\n<\/tr>\n<tr class=\"a-spacing-small\">\n<td class=\"a-span3\"><span class=\"a-size-base a-text-bold\">Reaktionszeit<\/span><\/td>\n<td class=\"a-span9\"><span class=\"a-size-base\">5 Milliseconds<\/span><\/td>\n<\/tr>\n<tr class=\"a-spacing-small\">\n<td class=\"a-span3\"><span class=\"a-size-base a-text-bold\">Refresh Rate<\/span><\/td>\n<td class=\"a-span9\"><span class=\"a-size-base\">60 Hz<\/span><\/td>\n<\/tr>\n<tr class=\"a-spacing-small\">\n<td class=\"a-span3\"><span class=\"a-size-base a-text-bold\">Image Contrast Ratio<\/span><\/td>\n<td class=\"a-span9\"><span class=\"a-size-base\">1000:1<\/span><\/td>\n<\/tr>\n<tr class=\"a-spacing-small\">\n<td class=\"a-span3\"><span class=\"a-size-base a-text-bold\">Farbe<\/span><\/td>\n<td class=\"a-span9\"><span class=\"a-size-base\">Schwarz<\/span><\/td>\n<\/tr>\n<\/tbody>\n<\/table>","protected":false},"excerpt":{"rendered":"<table id=\"productDetails_techSpec_section_1\" class=\"a-keyvalue prodDetTable\" role=\"presentation\">\n<tbody>\n<tr>\n<th class=\"a-color-secondary a-size-base prodDetSectionEntry\">Marke<\/th>\n<td class=\"a-size-base\">LG<\/td>\n<\/tr>\n<tr>\n<th class=\"a-color-secondary a-size-base prodDetSectionEntry\">Hersteller<\/th>\n<td class=\"a-size-base\">LG<\/td>\n<\/tr>\n<tr>\n<th class=\"a-color-secondary a-size-base prodDetSectionEntry\">Modell\/Serie<\/th>\n<td class=\"a-size-base\">49WL95C-W<\/td>\n<\/tr>\n<tr>\n<th class=\"a-color-secondary a-size-base prodDetSectionEntry\">Produktabmessungen<\/th>\n<td class=\"a-size-base\">121.51 x 11.42 x 36.57 cm; 15.2 Kilogramm<\/td>\n<\/tr>\n<tr>\n<th class=\"a-color-secondary a-size-base prodDetSectionEntry\">Modellnummer<\/th>\n<td class=\"a-size-base\">49WL95C-W<\/td>\n<\/tr>\n<tr>\n<th class=\"a-color-secondary a-size-base prodDetSectionEntry\">Farbe<\/th>\n<td class=\"a-size-base\">Schwarz<\/td>\n<\/tr>\n<tr>\n<th class=\"a-color-secondary a-size-base prodDetSectionEntry\">Display-Gr\u00f6\u00dfe<\/th>\n<td class=\"a-size-base\">49 Zoll<\/td>\n<\/tr>\n<tr>\n<th class=\"a-color-secondary a-size-base prodDetSectionEntry\">Bildschirmaufl\u00f6sung<\/th>\n<td class=\"a-size-base\">5120 x 1440 Pixel<\/td>\n<\/tr>\n<tr>\n<th class=\"a-color-secondary a-size-base prodDetSectionEntry\">L\u00f6sung<\/th>\n<td class=\"a-size-base\">5120&#215;1440<\/td>\n<\/tr>\n<tr>\n<th class=\"a-color-secondary a-size-base prodDetSectionEntry\">Anzahl HDMI Schnittstellen<\/th>\n<td class=\"a-size-base\">2<\/td>\n<\/tr>\n<tr>\n<th class=\"a-color-secondary a-size-base prodDetSectionEntry\">Watt<\/th>\n<td class=\"a-size-base\">80 Watt<\/td>\n<\/tr>\n<tr>\n<th class=\"a-color-secondary a-size-base prodDetSectionEntry\">Artikelgewicht<\/th>\n<td class=\"a-size-base\">15.2 kg<\/td>\n<\/tr>\n<\/tbody>\n<\/table>","protected":false},"featured_media":506,"comment_status":"closed","ping_status":"closed","template":"","meta":{"_bbp_topic_count":0,"_bbp_reply_count":0,"_bbp_total_topic_count":0,"_bbp_total_reply_count":0,"_bbp_voice_count":0,"_bbp_anonymous_reply_count":0,"_bbp_topic_count_hidden":0,"_bbp_reply_count_hidden":0,"_bbp_forum_subforum_count":0,"pmpro_default_level":""},"product_brand":[],"product_cat":[28],"product_tag":[],"class_list":{"0":"post-505","1":"product","2":"type-product","3":"status-publish","4":"has-post-thumbnail","6":"product_cat-bildschirm","7":"pmpro-has-access","8":"post","9":"post-with-thumbnail","10":"post-with-thumbnail-large","12":"first","13":"instock","14":"featured","15":"shipping-taxable","16":"product-type-external"},"yoast_head":"<!-- This site is optimized with the Yoast SEO plugin v27.3 - https:\/\/yoast.com\/product\/yoast-seo-wordpress\/ -->\n<title>LG 49WL95C-W 124,46 cm (49 Zoll) - hicad-help.com<\/title>\n<meta name=\"robots\" content=\"index, follow, max-snippet:-1, max-image-preview:large, max-video-preview:-1\" \/>\n<link rel=\"canonical\" href=\"https:\/\/hicad-help.com\/en\/product\/lg-49wl95c-w-12446-cm-49-zoll\/\" \/>\n<meta property=\"og:locale\" content=\"en_US\" \/>\n<meta property=\"og:type\" content=\"article\" \/>\n<meta property=\"og:title\" content=\"LG 49WL95C-W 124,46 cm (49 Zoll) - hicad-help.com\" \/>\n<meta property=\"og:description\" content=\"Marke LG   Hersteller LG   Modell\/Serie 49WL95C-W   Produktabmessungen 121.51 x 11.42 x 36.57 cm; 15.2 Kilogramm   Modellnummer 49WL95C-W   Farbe Schwarz   Display-Gr\u00f6\u00dfe 49 Zoll   Bildschirmaufl\u00f6sung 5120 x 1440 Pixel   L\u00f6sung 5120x1440   Anzahl HDMI Schnittstellen 2   Watt 80 Watt   Artikelgewicht 15.2 kg\" \/>\n<meta property=\"og:url\" content=\"https:\/\/hicad-help.com\/en\/product\/lg-49wl95c-w-12446-cm-49-zoll\/\" \/>\n<meta property=\"og:site_name\" content=\"hicad-help.com\" \/>\n<meta property=\"article:modified_time\" content=\"2020-10-21T18:32:25+00:00\" \/>\n<meta property=\"og:image\" content=\"https:\/\/i1.wp.com\/hicad-help.com\/wp-content\/uploads\/2020\/10\/LG49WL95C-W.jpg?fit=1500%2C612&ssl=1\" \/>\n\t<meta property=\"og:image:width\" content=\"1500\" \/>\n\t<meta property=\"og:image:height\" content=\"612\" \/>\n\t<meta property=\"og:image:type\" content=\"image\/jpeg\" \/>\n<meta name=\"twitter:card\" content=\"summary_large_image\" \/>\n<script type=\"application\/ld+json\" class=\"yoast-schema-graph\">{\"@context\":\"https:\\\/\\\/schema.org\",\"@graph\":[{\"@type\":\"WebPage\",\"@id\":\"https:\\\/\\\/hicad-help.com\\\/en\\\/product\\\/lg-49wl95c-w-12446-cm-49-zoll\\\/\",\"url\":\"https:\\\/\\\/hicad-help.com\\\/en\\\/product\\\/lg-49wl95c-w-12446-cm-49-zoll\\\/\",\"name\":\"LG 49WL95C-W 124,46 cm (49 Zoll) - hicad-help.com\",\"isPartOf\":{\"@id\":\"https:\\\/\\\/hicad-help.com\\\/de_de\\\/#website\"},\"primaryImageOfPage\":{\"@id\":\"https:\\\/\\\/hicad-help.com\\\/en\\\/product\\\/lg-49wl95c-w-12446-cm-49-zoll\\\/#primaryimage\"},\"image\":{\"@id\":\"https:\\\/\\\/hicad-help.com\\\/en\\\/product\\\/lg-49wl95c-w-12446-cm-49-zoll\\\/#primaryimage\"},\"thumbnailUrl\":\"https:\\\/\\\/i0.wp.com\\\/hicad-help.com\\\/wp-content\\\/uploads\\\/2020\\\/10\\\/LG49WL95C-W.jpg?fit=1500%2C612&ssl=1\",\"datePublished\":\"2020-10-05T11:24:58+00:00\",\"dateModified\":\"2020-10-21T18:32:25+00:00\",\"breadcrumb\":{\"@id\":\"https:\\\/\\\/hicad-help.com\\\/en\\\/product\\\/lg-49wl95c-w-12446-cm-49-zoll\\\/#breadcrumb\"},\"inLanguage\":\"en-US\",\"potentialAction\":[{\"@type\":\"ReadAction\",\"target\":[\"https:\\\/\\\/hicad-help.com\\\/en\\\/product\\\/lg-49wl95c-w-12446-cm-49-zoll\\\/\"]}]},{\"@type\":\"ImageObject\",\"inLanguage\":\"en-US\",\"@id\":\"https:\\\/\\\/hicad-help.com\\\/en\\\/product\\\/lg-49wl95c-w-12446-cm-49-zoll\\\/#primaryimage\",\"url\":\"https:\\\/\\\/i0.wp.com\\\/hicad-help.com\\\/wp-content\\\/uploads\\\/2020\\\/10\\\/LG49WL95C-W.jpg?fit=1500%2C612&ssl=1\",\"contentUrl\":\"https:\\\/\\\/i0.wp.com\\\/hicad-help.com\\\/wp-content\\\/uploads\\\/2020\\\/10\\\/LG49WL95C-W.jpg?fit=1500%2C612&ssl=1\",\"width\":1500,\"height\":612},{\"@type\":\"BreadcrumbList\",\"@id\":\"https:\\\/\\\/hicad-help.com\\\/en\\\/product\\\/lg-49wl95c-w-12446-cm-49-zoll\\\/#breadcrumb\",\"itemListElement\":[{\"@type\":\"ListItem\",\"position\":1,\"name\":\"Startseite\",\"item\":\"https:\\\/\\\/hicad-help.com\\\/\"},{\"@type\":\"ListItem\",\"position\":2,\"name\":\"Shop\",\"item\":\"https:\\\/\\\/hicad-help.com\\\/en\\\/shop\\\/\"},{\"@type\":\"ListItem\",\"position\":3,\"name\":\"LG 49WL95C-W 124,46 cm (49 Zoll)\"}]},{\"@type\":\"WebSite\",\"@id\":\"https:\\\/\\\/hicad-help.com\\\/de_de\\\/#website\",\"url\":\"https:\\\/\\\/hicad-help.com\\\/de_de\\\/\",\"name\":\"hicad-help.com\",\"description\":\"Hilfeseite f\u00fcr HiCAD\",\"potentialAction\":[{\"@type\":\"SearchAction\",\"target\":{\"@type\":\"EntryPoint\",\"urlTemplate\":\"https:\\\/\\\/hicad-help.com\\\/de_de\\\/?s={search_term_string}\"},\"query-input\":{\"@type\":\"PropertyValueSpecification\",\"valueRequired\":true,\"valueName\":\"search_term_string\"}}],\"inLanguage\":\"en-US\"}]}<\/script>\n<!-- \/ Yoast SEO plugin. -->","yoast_head_json":{"title":"LG 49WL95C-W 124,46 cm (49 Zoll) - hicad-help.com","robots":{"index":"index","follow":"follow","max-snippet":"max-snippet:-1","max-image-preview":"max-image-preview:large","max-video-preview":"max-video-preview:-1"},"canonical":"https:\/\/hicad-help.com\/en\/product\/lg-49wl95c-w-12446-cm-49-zoll\/","og_locale":"en_US","og_type":"article","og_title":"LG 49WL95C-W 124,46 cm (49 Zoll) - hicad-help.com","og_description":"Marke LG   Hersteller LG   Modell\/Serie 49WL95C-W   Produktabmessungen 121.51 x 11.42 x 36.57 cm; 15.2 Kilogramm   Modellnummer 49WL95C-W   Farbe Schwarz   Display-Gr\u00f6\u00dfe 49 Zoll   Bildschirmaufl\u00f6sung 5120 x 1440 Pixel   L\u00f6sung 5120x1440   Anzahl HDMI Schnittstellen 2   Watt 80 Watt   Artikelgewicht 15.2 kg","og_url":"https:\/\/hicad-help.com\/en\/product\/lg-49wl95c-w-12446-cm-49-zoll\/","og_site_name":"hicad-help.com","article_modified_time":"2020-10-21T18:32:25+00:00","og_image":[{"width":1500,"height":612,"url":"https:\/\/i1.wp.com\/hicad-help.com\/wp-content\/uploads\/2020\/10\/LG49WL95C-W.jpg?fit=1500%2C612&ssl=1","type":"image\/jpeg"}],"twitter_card":"summary_large_image","schema":{"@context":"https:\/\/schema.org","@graph":[{"@type":"WebPage","@id":"https:\/\/hicad-help.com\/en\/product\/lg-49wl95c-w-12446-cm-49-zoll\/","url":"https:\/\/hicad-help.com\/en\/product\/lg-49wl95c-w-12446-cm-49-zoll\/","name":"LG 49WL95C-W 124,46 cm (49 Zoll) - hicad-help.com","isPartOf":{"@id":"https:\/\/hicad-help.com\/de_de\/#website"},"primaryImageOfPage":{"@id":"https:\/\/hicad-help.com\/en\/product\/lg-49wl95c-w-12446-cm-49-zoll\/#primaryimage"},"image":{"@id":"https:\/\/hicad-help.com\/en\/product\/lg-49wl95c-w-12446-cm-49-zoll\/#primaryimage"},"thumbnailUrl":"https:\/\/i0.wp.com\/hicad-help.com\/wp-content\/uploads\/2020\/10\/LG49WL95C-W.jpg?fit=1500%2C612&ssl=1","datePublished":"2020-10-05T11:24:58+00:00","dateModified":"2020-10-21T18:32:25+00:00","breadcrumb":{"@id":"https:\/\/hicad-help.com\/en\/product\/lg-49wl95c-w-12446-cm-49-zoll\/#breadcrumb"},"inLanguage":"en-US","potentialAction":[{"@type":"ReadAction","target":["https:\/\/hicad-help.com\/en\/product\/lg-49wl95c-w-12446-cm-49-zoll\/"]}]},{"@type":"ImageObject","inLanguage":"en-US","@id":"https:\/\/hicad-help.com\/en\/product\/lg-49wl95c-w-12446-cm-49-zoll\/#primaryimage","url":"https:\/\/i0.wp.com\/hicad-help.com\/wp-content\/uploads\/2020\/10\/LG49WL95C-W.jpg?fit=1500%2C612&ssl=1","contentUrl":"https:\/\/i0.wp.com\/hicad-help.com\/wp-content\/uploads\/2020\/10\/LG49WL95C-W.jpg?fit=1500%2C612&ssl=1","width":1500,"height":612},{"@type":"BreadcrumbList","@id":"https:\/\/hicad-help.com\/en\/product\/lg-49wl95c-w-12446-cm-49-zoll\/#breadcrumb","itemListElement":[{"@type":"ListItem","position":1,"name":"Startseite","item":"https:\/\/hicad-help.com\/"},{"@type":"ListItem","position":2,"name":"Shop","item":"https:\/\/hicad-help.com\/en\/shop\/"},{"@type":"ListItem","position":3,"name":"LG 49WL95C-W 124,46 cm (49 Zoll)"}]},{"@type":"WebSite","@id":"https:\/\/hicad-help.com\/de_de\/#website","url":"https:\/\/hicad-help.com\/de_de\/","name":"hicad-help.com","description":"Help page for HiCAD","potentialAction":[{"@type":"SearchAction","target":{"@type":"EntryPoint","urlTemplate":"https:\/\/hicad-help.com\/de_de\/?s={search_term_string}"},"query-input":{"@type":"PropertyValueSpecification","valueRequired":true,"valueName":"search_term_string"}}],"inLanguage":"en-US"}]}},"jetpack_sharing_enabled":true,"_links":{"self":[{"href":"https:\/\/hicad-help.com\/en\/wp-json\/wp\/v2\/product\/505","targetHints":{"allow":["GET"]}}],"collection":[{"href":"https:\/\/hicad-help.com\/en\/wp-json\/wp\/v2\/product"}],"about":[{"href":"https:\/\/hicad-help.com\/en\/wp-json\/wp\/v2\/types\/product"}],"replies":[{"embeddable":true,"href":"https:\/\/hicad-help.com\/en\/wp-json\/wp\/v2\/comments?post=505"}],"wp:featuredmedia":[{"embeddable":true,"href":"https:\/\/hicad-help.com\/en\/wp-json\/wp\/v2\/media\/506"}],"wp:attachment":[{"href":"https:\/\/hicad-help.com\/en\/wp-json\/wp\/v2\/media?parent=505"}],"wp:term":[{"taxonomy":"product_brand","embeddable":true,"href":"https:\/\/hicad-help.com\/en\/wp-json\/wp\/v2\/product_brand?post=505"},{"taxonomy":"product_cat","embeddable":true,"href":"https:\/\/hicad-help.com\/en\/wp-json\/wp\/v2\/product_cat?post=505"},{"taxonomy":"product_tag","embeddable":true,"href":"https:\/\/hicad-help.com\/en\/wp-json\/wp\/v2\/product_tag?post=505"}],"curies":[{"name":"wp","href":"https:\/\/api.w.org\/{rel}","templated":true}]}}