{"id":653,"date":"2020-10-12T14:01:40","date_gmt":"2020-10-12T12:01:40","guid":{"rendered":"https:\/\/hicad-help.com\/?post_type=product&#038;p=653"},"modified":"2020-10-12T14:01:40","modified_gmt":"2020-10-12T12:01:40","slug":"notebook-470-g7-core-i7-10510u-1000gb","status":"publish","type":"product","link":"https:\/\/hicad-help.com\/en\/product\/notebook-470-g7-core-i7-10510u-1000gb\/","title":{"rendered":"Notebook 470 G7 &#8211; Core i7-10510U, 1000GB"},"content":{"rendered":"<div id=\"productOverview_feature_div\" class=\"celwidget\" data-feature-name=\"productOverview\" data-csa-c-id=\"tkk4er-63hg4b-xd5i4t-pomd7l\" data-cel-widget=\"productOverview_feature_div\">\n<div id=\"poExpander\" class=\"a-expander-collapsed-height a-row a-expander-container a-spacing-none a-expander-partial-collapse-container\" aria-live=\"polite\" data-a-expander-name=\"product_overview\" data-a-expander-collapsed-height=\"210\">\n<div class=\"a-expander-content a-expander-partial-collapse-content a-expander-content-expanded\" aria-expanded=\"true\">\n<div class=\"a-section a-spacing-small a-spacing-top-small\">\n<table class=\"a-normal a-spacing-micro\">\n<tbody>\n<tr class=\"a-spacing-small\">\n<td class=\"a-span3\"><span class=\"a-size-base a-text-bold\">Marke<\/span><\/td>\n<td class=\"a-span9\"><span class=\"a-size-base\">LAPTOPIA<\/span><\/td>\n<\/tr>\n<tr class=\"a-spacing-small\">\n<td class=\"a-span3\"><span class=\"a-size-base a-text-bold\">Display Size<\/span><\/td>\n<td class=\"a-span9\"><span class=\"a-size-base\">17.3 Zoll<\/span><\/td>\n<\/tr>\n<tr class=\"a-spacing-small\">\n<td class=\"a-span3\"><span class=\"a-size-base a-text-bold\">Betriebssystem<\/span><\/td>\n<td class=\"a-span9\"><span class=\"a-size-base\">Windows 10 Pro<\/span><\/td>\n<\/tr>\n<tr class=\"a-spacing-small\">\n<td class=\"a-span3\"><span class=\"a-size-base a-text-bold\">Prozessorkerne<\/span><\/td>\n<td class=\"a-span9\"><span class=\"a-size-base\">4<\/span><\/td>\n<\/tr>\n<tr class=\"a-spacing-small\">\n<td class=\"a-span3\"><span class=\"a-size-base a-text-bold\">CPU-Hersteller<\/span><\/td>\n<td class=\"a-span9\"><span class=\"a-size-base\">Intel<\/span><\/td>\n<\/tr>\n<tr class=\"a-spacing-small\">\n<td class=\"a-span3\"><span class=\"a-size-base a-text-bold\">Memory Size<\/span><\/td>\n<td class=\"a-span9\"><span class=\"a-size-base\">32 GB<\/span><\/td>\n<\/tr>\n<tr class=\"a-spacing-small\">\n<td class=\"a-span3\"><span class=\"a-size-base a-text-bold\">Chipsatzhersteller<\/span><\/td>\n<td class=\"a-span9\"><span class=\"a-size-base\">Nvidia<\/span><\/td>\n<\/tr>\n<tr class=\"a-spacing-small\">\n<td class=\"a-span3\"><span class=\"a-size-base a-text-bold\">Hard Disk Size<\/span><\/td>\n<td class=\"a-span9\"><span class=\"a-size-base\">1000.00, 1001.00 GB<\/span><\/td>\n<\/tr>\n<tr class=\"a-spacing-small\">\n<td class=\"a-span3\"><span class=\"a-size-base a-text-bold\">Artikelgewicht<\/span><\/td>\n<td class=\"a-span9\"><span class=\"a-size-base\">2.5 Kilogramm<\/span><\/td>\n<\/tr>\n<tr class=\"a-spacing-small\">\n<td class=\"a-span3\"><span class=\"a-size-base a-text-bold\">Connectivity Type<\/span><\/td>\n<td class=\"a-span9\"><span class=\"a-size-base\">Bluetooth, WLAN<\/span><\/td>\n<\/tr>\n<\/tbody>\n<\/table>\n<\/div>\n<\/div>\n<div id=\"poToggleButton\" class=\"a-expander-header a-expander-partial-collapse-header\"><a class=\"a-declarative\" data-action=\"a-expander-toggle\" data-a-expander-toggle=\"{&quot;allowLinkDefault&quot;:true, &quot;expand_prompt&quot;:&quot;Mehr anzeigen&quot;, &quot;collapse_prompt&quot;:&quot;Weniger anzeigen&quot;}\"><i class=\"a-icon a-icon-extender-collapse\"><\/i><span class=\"a-expander-prompt\">Weniger anzeigen<\/span><\/a><\/div>\n<\/div>\n<\/div>\n<div id=\"featurebullets_feature_div\" class=\"celwidget\" data-feature-name=\"featurebullets\" data-csa-c-id=\"74hp2i-49mzlt-cs5tgz-55f3q0\" data-cel-widget=\"featurebullets_feature_div\">\n<div id=\"feature-bullets\" class=\"a-section a-spacing-medium a-spacing-top-small\">\n<hr \/>\n<h1 class=\"a-size-base-plus a-text-bold\">Info zu diesem Artikel<\/h1>\n<ul class=\"a-unordered-list a-vertical a-spacing-mini\">\n<li><span class=\"a-list-item\">Intel Core i7-10510U mit 4x 1.80GHz &#8211; TurboBoost bis zu 4.90GHz<\/span><\/li>\n<li><span class=\"a-list-item\">44cm (17.3&#8243;) Full HD IPS TFT 1920&#215;1080 Pixel &lt; matt nicht gl\u00e4nzend !<\/span><\/li>\n<li><span class=\"a-list-item\">32GB DDR4-RAM, 1000GB SSD + 1000GB HDD, USB 3.1, USB 2.0<\/span><\/li>\n<li><span class=\"a-list-item\">Beleuchtete Tastatur, AMD Radeon 530 mit 2GB GDDR5 SDRAM<\/span><\/li>\n<li><span class=\"a-list-item\">Software (vorinstalliert): Microsoft Windows 10 Professional 64 Bit<\/span><\/li>\n<\/ul>\n<\/div>\n<\/div>","protected":false},"excerpt":{"rendered":"<table id=\"productDetails_techSpec_section_1\" class=\"a-keyvalue prodDetTable\" role=\"presentation\">\n<tbody>\n<tr>\n<th class=\"a-color-secondary a-size-base prodDetSectionEntry\">Marke<\/th>\n<td class=\"a-size-base\">LAPTOPIA<\/td>\n<\/tr>\n<tr>\n<th class=\"a-color-secondary a-size-base prodDetSectionEntry\">Hersteller<\/th>\n<td class=\"a-size-base\">Laptopia<\/td>\n<\/tr>\n<tr>\n<th class=\"a-color-secondary a-size-base prodDetSectionEntry\">Artikelgewicht<\/th>\n<td class=\"a-size-base\">2.5 Kilogramm<\/td>\n<\/tr>\n<tr>\n<th class=\"a-color-secondary a-size-base prodDetSectionEntry\">Auslaufartikel (Produktion durch Hersteller eingestellt)<\/th>\n<td class=\"a-size-base\">Nein<\/td>\n<\/tr>\n<tr>\n<th class=\"a-color-secondary a-size-base prodDetSectionEntry\">Farbe<\/th>\n<td class=\"a-size-base\">Silber<\/td>\n<\/tr>\n<tr>\n<th class=\"a-color-secondary a-size-base prodDetSectionEntry\">Formfaktor<\/th>\n<td class=\"a-size-base\">Notebook<\/td>\n<\/tr>\n<tr>\n<th class=\"a-color-secondary a-size-base prodDetSectionEntry\">Display-Gr\u00f6\u00dfe<\/th>\n<td class=\"a-size-base\">17.3 Zoll<\/td>\n<\/tr>\n<tr>\n<th class=\"a-color-secondary a-size-base prodDetSectionEntry\">Notebook Display Technologie<\/th>\n<td class=\"a-size-base\">LED<\/td>\n<\/tr>\n<tr>\n<th class=\"a-color-secondary a-size-base prodDetSectionEntry\">Bildschirmaufl\u00f6sung<\/th>\n<td class=\"a-size-base\">1920 x 1080 Pixel<\/td>\n<\/tr>\n<tr>\n<th class=\"a-color-secondary a-size-base prodDetSectionEntry\">L\u00f6sung<\/th>\n<td class=\"a-size-base\">1080p Full HD Pixels<\/td>\n<\/tr>\n<tr>\n<th class=\"a-color-secondary a-size-base prodDetSectionEntry\">Prozessormarke<\/th>\n<td class=\"a-size-base\">Intel<\/td>\n<\/tr>\n<tr>\n<th class=\"a-color-secondary a-size-base prodDetSectionEntry\">Prozessortyp<\/th>\n<td class=\"a-size-base\">Core i7<\/td>\n<\/tr>\n<tr>\n<th class=\"a-color-secondary a-size-base prodDetSectionEntry\">Prozessorgeschwindigkeit<\/th>\n<td class=\"a-size-base\">4.9 GHz<\/td>\n<\/tr>\n<tr>\n<th class=\"a-color-secondary a-size-base prodDetSectionEntry\">Prozessorkerne<\/th>\n<td class=\"a-size-base\">4<\/td>\n<\/tr>\n<tr>\n<th class=\"a-color-secondary a-size-base prodDetSectionEntry\">Gr\u00f6\u00dfe des Arbeitsspeichers<\/th>\n<td class=\"a-size-base\">32 GB<\/td>\n<\/tr>\n<tr>\n<th class=\"a-color-secondary a-size-base prodDetSectionEntry\">Speichertechnik<\/th>\n<td class=\"a-size-base\">SDRAM<\/td>\n<\/tr>\n<tr>\n<th class=\"a-color-secondary a-size-base prodDetSectionEntry\">Speicher-Art<\/th>\n<td class=\"a-size-base\">DDR4 SDRAM<\/td>\n<\/tr>\n<tr>\n<th class=\"a-color-secondary a-size-base prodDetSectionEntry\">Speichergeschwindigkeit<\/th>\n<td class=\"a-size-base\">2666 MHz<\/td>\n<\/tr>\n<tr>\n<th class=\"a-color-secondary a-size-base prodDetSectionEntry\">Gr\u00f6\u00dfe Festplatte<\/th>\n<td class=\"a-size-base\">1000.00, 1001.00 GB<\/td>\n<\/tr>\n<tr>\n<th class=\"a-color-secondary a-size-base prodDetSectionEntry\">Festplatten-Technologie<\/th>\n<td class=\"a-size-base\">SSD + HDD<\/td>\n<\/tr>\n<tr>\n<th class=\"a-color-secondary a-size-base prodDetSectionEntry\">Festplatteninterface<\/th>\n<td class=\"a-size-base\">ATA-4<\/td>\n<\/tr>\n<tr>\n<th class=\"a-color-secondary a-size-base prodDetSectionEntry\">Graphics Coprocessor<\/th>\n<td class=\"a-size-base\">AMD Radeon\u2122 530 mit 2GB GDDR5 SDRAM<\/td>\n<\/tr>\n<tr>\n<th class=\"a-color-secondary a-size-base prodDetSectionEntry\">Chipsatzhersteller<\/th>\n<td class=\"a-size-base\">Nvidia<\/td>\n<\/tr>\n<tr>\n<th class=\"a-color-secondary a-size-base prodDetSectionEntry\">Beschreibung Grafikkarte<\/th>\n<td class=\"a-size-base\">NVIDIA GeForce GT 930MX<\/td>\n<\/tr>\n<tr>\n<th class=\"a-color-secondary a-size-base prodDetSectionEntry\">Speichergr\u00f6\u00dfe Grafikkarte<\/th>\n<td class=\"a-size-base\">2 GB<\/td>\n<\/tr>\n<tr>\n<th class=\"a-color-secondary a-size-base prodDetSectionEntry\">Connectivity Type<\/th>\n<td class=\"a-size-base\">Bluetooth, WLAN<\/td>\n<\/tr>\n<tr>\n<th class=\"a-color-secondary a-size-base prodDetSectionEntry\">WLAN Typ<\/th>\n<td class=\"a-size-base\">Bluetooth<\/td>\n<\/tr>\n<tr>\n<th class=\"a-color-secondary a-size-base prodDetSectionEntry\">Optischer Speicher<\/th>\n<td class=\"a-size-base\">Ohne<\/td>\n<\/tr>\n<tr>\n<th class=\"a-color-secondary a-size-base prodDetSectionEntry\">Hardware Plattform<\/th>\n<td class=\"a-size-base\">PC<\/td>\n<\/tr>\n<tr>\n<th class=\"a-color-secondary a-size-base prodDetSectionEntry\">Betriebssystem<\/th>\n<td class=\"a-size-base\">Windows 10 Pro<\/td>\n<\/tr>\n<tr>\n<th class=\"a-color-secondary a-size-base prodDetSectionEntry\">Durchschnittliche Batterielaufzeit<\/th>\n<td class=\"a-size-base\">6 Stunden<\/td>\n<\/tr>\n<tr>\n<th class=\"a-color-secondary a-size-base prodDetSectionEntry\">Batterien enthalten<\/th>\n<td class=\"a-size-base\">Nein<\/td>\n<\/tr>\n<tr>\n<th class=\"a-color-secondary a-size-base prodDetSectionEntry\">Artikelgewicht<\/th>\n<td class=\"a-size-base\">2.5 kg<\/td>\n<\/tr>\n<\/tbody>\n<\/table>","protected":false},"featured_media":650,"comment_status":"closed","ping_status":"closed","template":"","meta":{"_bbp_topic_count":0,"_bbp_reply_count":0,"_bbp_total_topic_count":0,"_bbp_total_reply_count":0,"_bbp_voice_count":0,"_bbp_anonymous_reply_count":0,"_bbp_topic_count_hidden":0,"_bbp_reply_count_hidden":0,"_bbp_forum_subforum_count":0,"pmpro_default_level":""},"product_brand":[],"product_cat":[29],"product_tag":[],"class_list":{"0":"post-653","1":"product","2":"type-product","3":"status-publish","4":"has-post-thumbnail","6":"product_cat-laptop","7":"pmpro-has-access","8":"post","9":"post-with-thumbnail","10":"post-with-thumbnail-large","12":"first","13":"instock","14":"shipping-taxable","15":"product-type-external"},"yoast_head":"<!-- This site is optimized with the Yoast SEO plugin v27.3 - https:\/\/yoast.com\/product\/yoast-seo-wordpress\/ -->\n<title>Notebook 470 G7 - Core i7-10510U, 1000GB - hicad-help.com<\/title>\n<meta name=\"robots\" content=\"index, follow, max-snippet:-1, max-image-preview:large, max-video-preview:-1\" \/>\n<link rel=\"canonical\" href=\"https:\/\/hicad-help.com\/en\/product\/notebook-470-g7-core-i7-10510u-1000gb\/\" \/>\n<meta property=\"og:locale\" content=\"en_US\" \/>\n<meta property=\"og:type\" content=\"article\" \/>\n<meta property=\"og:title\" content=\"Notebook 470 G7 - Core i7-10510U, 1000GB - hicad-help.com\" \/>\n<meta property=\"og:description\" content=\"Marke LAPTOPIA   Hersteller Laptopia   Artikelgewicht 2.5 Kilogramm   Auslaufartikel (Produktion durch Hersteller eingestellt) Nein   Farbe Silber   Formfaktor Notebook   Display-Gr\u00f6\u00dfe 17.3 Zoll   Notebook Display Technologie LED   Bildschirmaufl\u00f6sung 1920 x 1080 Pixel   L\u00f6sung 1080p Full HD Pixels   Prozessormarke Intel   Prozessortyp Core i7   Prozessorgeschwindigkeit 4.9 GHz   Prozessorkerne 4   Gr\u00f6\u00dfe des Arbeitsspeichers 32 GB   Speichertechnik SDRAM   Speicher-Art DDR4 SDRAM   Speichergeschwindigkeit 2666 MHz   Gr\u00f6\u00dfe Festplatte 1000.00, 1001.00 GB   Festplatten-Technologie SSD + HDD   Festplatteninterface ATA-4   Graphics Coprocessor AMD Radeon\u2122 530 mit 2GB GDDR5 SDRAM   Chipsatzhersteller Nvidia   Beschreibung Grafikkarte NVIDIA GeForce GT 930MX   Speichergr\u00f6\u00dfe Grafikkarte 2 GB   Connectivity Type Bluetooth, WLAN   WLAN Typ Bluetooth   Optischer Speicher Ohne   Hardware Plattform PC   Betriebssystem Windows 10 Pro   Durchschnittliche Batterielaufzeit 6 Stunden   Batterien enthalten Nein   Artikelgewicht 2.5 kg\" \/>\n<meta property=\"og:url\" content=\"https:\/\/hicad-help.com\/en\/product\/notebook-470-g7-core-i7-10510u-1000gb\/\" \/>\n<meta property=\"og:site_name\" content=\"hicad-help.com\" \/>\n<meta property=\"og:image\" content=\"https:\/\/i1.wp.com\/hicad-help.com\/wp-content\/uploads\/2020\/10\/Notbook-470G7-1.jpg?fit=1200%2C780&ssl=1\" \/>\n\t<meta property=\"og:image:width\" content=\"1200\" \/>\n\t<meta property=\"og:image:height\" content=\"780\" \/>\n\t<meta property=\"og:image:type\" content=\"image\/jpeg\" \/>\n<meta name=\"twitter:card\" content=\"summary_large_image\" \/>\n<script type=\"application\/ld+json\" class=\"yoast-schema-graph\">{\"@context\":\"https:\\\/\\\/schema.org\",\"@graph\":[{\"@type\":\"WebPage\",\"@id\":\"https:\\\/\\\/hicad-help.com\\\/en\\\/product\\\/notebook-470-g7-core-i7-10510u-1000gb\\\/\",\"url\":\"https:\\\/\\\/hicad-help.com\\\/en\\\/product\\\/notebook-470-g7-core-i7-10510u-1000gb\\\/\",\"name\":\"Notebook 470 G7 - Core i7-10510U, 1000GB - hicad-help.com\",\"isPartOf\":{\"@id\":\"https:\\\/\\\/hicad-help.com\\\/de_de\\\/#website\"},\"primaryImageOfPage\":{\"@id\":\"https:\\\/\\\/hicad-help.com\\\/en\\\/product\\\/notebook-470-g7-core-i7-10510u-1000gb\\\/#primaryimage\"},\"image\":{\"@id\":\"https:\\\/\\\/hicad-help.com\\\/en\\\/product\\\/notebook-470-g7-core-i7-10510u-1000gb\\\/#primaryimage\"},\"thumbnailUrl\":\"https:\\\/\\\/i0.wp.com\\\/hicad-help.com\\\/wp-content\\\/uploads\\\/2020\\\/10\\\/Notbook-470G7-1.jpg?fit=1200%2C780&ssl=1\",\"datePublished\":\"2020-10-12T12:01:40+00:00\",\"breadcrumb\":{\"@id\":\"https:\\\/\\\/hicad-help.com\\\/en\\\/product\\\/notebook-470-g7-core-i7-10510u-1000gb\\\/#breadcrumb\"},\"inLanguage\":\"en-US\",\"potentialAction\":[{\"@type\":\"ReadAction\",\"target\":[\"https:\\\/\\\/hicad-help.com\\\/en\\\/product\\\/notebook-470-g7-core-i7-10510u-1000gb\\\/\"]}]},{\"@type\":\"ImageObject\",\"inLanguage\":\"en-US\",\"@id\":\"https:\\\/\\\/hicad-help.com\\\/en\\\/product\\\/notebook-470-g7-core-i7-10510u-1000gb\\\/#primaryimage\",\"url\":\"https:\\\/\\\/i0.wp.com\\\/hicad-help.com\\\/wp-content\\\/uploads\\\/2020\\\/10\\\/Notbook-470G7-1.jpg?fit=1200%2C780&ssl=1\",\"contentUrl\":\"https:\\\/\\\/i0.wp.com\\\/hicad-help.com\\\/wp-content\\\/uploads\\\/2020\\\/10\\\/Notbook-470G7-1.jpg?fit=1200%2C780&ssl=1\",\"width\":1200,\"height\":780},{\"@type\":\"BreadcrumbList\",\"@id\":\"https:\\\/\\\/hicad-help.com\\\/en\\\/product\\\/notebook-470-g7-core-i7-10510u-1000gb\\\/#breadcrumb\",\"itemListElement\":[{\"@type\":\"ListItem\",\"position\":1,\"name\":\"Startseite\",\"item\":\"https:\\\/\\\/hicad-help.com\\\/\"},{\"@type\":\"ListItem\",\"position\":2,\"name\":\"Shop\",\"item\":\"https:\\\/\\\/hicad-help.com\\\/en\\\/shop\\\/\"},{\"@type\":\"ListItem\",\"position\":3,\"name\":\"Notebook 470 G7 &#8211; Core i7-10510U, 1000GB\"}]},{\"@type\":\"WebSite\",\"@id\":\"https:\\\/\\\/hicad-help.com\\\/de_de\\\/#website\",\"url\":\"https:\\\/\\\/hicad-help.com\\\/de_de\\\/\",\"name\":\"hicad-help.com\",\"description\":\"Hilfeseite f\u00fcr HiCAD\",\"potentialAction\":[{\"@type\":\"SearchAction\",\"target\":{\"@type\":\"EntryPoint\",\"urlTemplate\":\"https:\\\/\\\/hicad-help.com\\\/de_de\\\/?s={search_term_string}\"},\"query-input\":{\"@type\":\"PropertyValueSpecification\",\"valueRequired\":true,\"valueName\":\"search_term_string\"}}],\"inLanguage\":\"en-US\"}]}<\/script>\n<!-- \/ Yoast SEO plugin. -->","yoast_head_json":{"title":"Notebook 470 G7 - Core i7-10510U, 1000GB - hicad-help.com","robots":{"index":"index","follow":"follow","max-snippet":"max-snippet:-1","max-image-preview":"max-image-preview:large","max-video-preview":"max-video-preview:-1"},"canonical":"https:\/\/hicad-help.com\/en\/product\/notebook-470-g7-core-i7-10510u-1000gb\/","og_locale":"en_US","og_type":"article","og_title":"Notebook 470 G7 - Core i7-10510U, 1000GB - hicad-help.com","og_description":"Marke LAPTOPIA   Hersteller Laptopia   Artikelgewicht 2.5 Kilogramm   Auslaufartikel (Produktion durch Hersteller eingestellt) Nein   Farbe Silber   Formfaktor Notebook   Display-Gr\u00f6\u00dfe 17.3 Zoll   Notebook Display Technologie LED   Bildschirmaufl\u00f6sung 1920 x 1080 Pixel   L\u00f6sung 1080p Full HD Pixels   Prozessormarke Intel   Prozessortyp Core i7   Prozessorgeschwindigkeit 4.9 GHz   Prozessorkerne 4   Gr\u00f6\u00dfe des Arbeitsspeichers 32 GB   Speichertechnik SDRAM   Speicher-Art DDR4 SDRAM   Speichergeschwindigkeit 2666 MHz   Gr\u00f6\u00dfe Festplatte 1000.00, 1001.00 GB   Festplatten-Technologie SSD + HDD   Festplatteninterface ATA-4   Graphics Coprocessor AMD Radeon\u2122 530 mit 2GB GDDR5 SDRAM   Chipsatzhersteller Nvidia   Beschreibung Grafikkarte NVIDIA GeForce GT 930MX   Speichergr\u00f6\u00dfe Grafikkarte 2 GB   Connectivity Type Bluetooth, WLAN   WLAN Typ Bluetooth   Optischer Speicher Ohne   Hardware Plattform PC   Betriebssystem Windows 10 Pro   Durchschnittliche Batterielaufzeit 6 Stunden   Batterien enthalten Nein   Artikelgewicht 2.5 kg","og_url":"https:\/\/hicad-help.com\/en\/product\/notebook-470-g7-core-i7-10510u-1000gb\/","og_site_name":"hicad-help.com","og_image":[{"width":1200,"height":780,"url":"https:\/\/i1.wp.com\/hicad-help.com\/wp-content\/uploads\/2020\/10\/Notbook-470G7-1.jpg?fit=1200%2C780&ssl=1","type":"image\/jpeg"}],"twitter_card":"summary_large_image","schema":{"@context":"https:\/\/schema.org","@graph":[{"@type":"WebPage","@id":"https:\/\/hicad-help.com\/en\/product\/notebook-470-g7-core-i7-10510u-1000gb\/","url":"https:\/\/hicad-help.com\/en\/product\/notebook-470-g7-core-i7-10510u-1000gb\/","name":"Notebook 470 G7 - Core i7-10510U, 1000GB - hicad-help.com","isPartOf":{"@id":"https:\/\/hicad-help.com\/de_de\/#website"},"primaryImageOfPage":{"@id":"https:\/\/hicad-help.com\/en\/product\/notebook-470-g7-core-i7-10510u-1000gb\/#primaryimage"},"image":{"@id":"https:\/\/hicad-help.com\/en\/product\/notebook-470-g7-core-i7-10510u-1000gb\/#primaryimage"},"thumbnailUrl":"https:\/\/i0.wp.com\/hicad-help.com\/wp-content\/uploads\/2020\/10\/Notbook-470G7-1.jpg?fit=1200%2C780&ssl=1","datePublished":"2020-10-12T12:01:40+00:00","breadcrumb":{"@id":"https:\/\/hicad-help.com\/en\/product\/notebook-470-g7-core-i7-10510u-1000gb\/#breadcrumb"},"inLanguage":"en-US","potentialAction":[{"@type":"ReadAction","target":["https:\/\/hicad-help.com\/en\/product\/notebook-470-g7-core-i7-10510u-1000gb\/"]}]},{"@type":"ImageObject","inLanguage":"en-US","@id":"https:\/\/hicad-help.com\/en\/product\/notebook-470-g7-core-i7-10510u-1000gb\/#primaryimage","url":"https:\/\/i0.wp.com\/hicad-help.com\/wp-content\/uploads\/2020\/10\/Notbook-470G7-1.jpg?fit=1200%2C780&ssl=1","contentUrl":"https:\/\/i0.wp.com\/hicad-help.com\/wp-content\/uploads\/2020\/10\/Notbook-470G7-1.jpg?fit=1200%2C780&ssl=1","width":1200,"height":780},{"@type":"BreadcrumbList","@id":"https:\/\/hicad-help.com\/en\/product\/notebook-470-g7-core-i7-10510u-1000gb\/#breadcrumb","itemListElement":[{"@type":"ListItem","position":1,"name":"Startseite","item":"https:\/\/hicad-help.com\/"},{"@type":"ListItem","position":2,"name":"Shop","item":"https:\/\/hicad-help.com\/en\/shop\/"},{"@type":"ListItem","position":3,"name":"Notebook 470 G7 &#8211; Core i7-10510U, 1000GB"}]},{"@type":"WebSite","@id":"https:\/\/hicad-help.com\/de_de\/#website","url":"https:\/\/hicad-help.com\/de_de\/","name":"hicad-help.com","description":"Help page for HiCAD","potentialAction":[{"@type":"SearchAction","target":{"@type":"EntryPoint","urlTemplate":"https:\/\/hicad-help.com\/de_de\/?s={search_term_string}"},"query-input":{"@type":"PropertyValueSpecification","valueRequired":true,"valueName":"search_term_string"}}],"inLanguage":"en-US"}]}},"jetpack_sharing_enabled":true,"_links":{"self":[{"href":"https:\/\/hicad-help.com\/en\/wp-json\/wp\/v2\/product\/653","targetHints":{"allow":["GET"]}}],"collection":[{"href":"https:\/\/hicad-help.com\/en\/wp-json\/wp\/v2\/product"}],"about":[{"href":"https:\/\/hicad-help.com\/en\/wp-json\/wp\/v2\/types\/product"}],"replies":[{"embeddable":true,"href":"https:\/\/hicad-help.com\/en\/wp-json\/wp\/v2\/comments?post=653"}],"wp:featuredmedia":[{"embeddable":true,"href":"https:\/\/hicad-help.com\/en\/wp-json\/wp\/v2\/media\/650"}],"wp:attachment":[{"href":"https:\/\/hicad-help.com\/en\/wp-json\/wp\/v2\/media?parent=653"}],"wp:term":[{"taxonomy":"product_brand","embeddable":true,"href":"https:\/\/hicad-help.com\/en\/wp-json\/wp\/v2\/product_brand?post=653"},{"taxonomy":"product_cat","embeddable":true,"href":"https:\/\/hicad-help.com\/en\/wp-json\/wp\/v2\/product_cat?post=653"},{"taxonomy":"product_tag","embeddable":true,"href":"https:\/\/hicad-help.com\/en\/wp-json\/wp\/v2\/product_tag?post=653"}],"curies":[{"name":"wp","href":"https:\/\/api.w.org\/{rel}","templated":true}]}}