{"id":662,"date":"2020-10-12T14:09:52","date_gmt":"2020-10-12T12:09:52","guid":{"rendered":"https:\/\/hicad-help.com\/?post_type=product&#038;p=662"},"modified":"2020-10-27T22:00:10","modified_gmt":"2020-10-27T21:00:10","slug":"asus-rog-strix-scar-17-g732lxs-439-cm","status":"publish","type":"product","link":"https:\/\/hicad-help.com\/en\/product\/asus-rog-strix-scar-17-g732lxs-439-cm\/","title":{"rendered":"ASUS ROG Strix SCAR 17 G732LXS (32Gb Ram)"},"content":{"rendered":"<div id=\"productOverview_feature_div\" class=\"celwidget\" data-feature-name=\"productOverview\" data-csa-c-id=\"w4awdx-cpe5vr-qw0akj-yndx23\" data-cel-widget=\"productOverview_feature_div\">\n<div id=\"poExpander\" class=\"a-expander-collapsed-height a-row a-expander-container a-spacing-none a-expander-partial-collapse-container\" aria-live=\"polite\" data-a-expander-name=\"product_overview\" data-a-expander-collapsed-height=\"210\">\n<div class=\"a-expander-content a-expander-partial-collapse-content a-expander-content-expanded\" aria-expanded=\"true\">\n<div class=\"a-section a-spacing-small a-spacing-top-small\">\n<table class=\"a-normal a-spacing-micro\">\n<tbody>\n<tr class=\"a-spacing-small\">\n<td class=\"a-span3\"><span class=\"a-size-base a-text-bold\">Marke<\/span><\/td>\n<td class=\"a-span9\"><span class=\"a-size-base\">ASUS Computer<\/span><\/td>\n<\/tr>\n<tr class=\"a-spacing-small\">\n<td class=\"a-span3\"><span class=\"a-size-base a-text-bold\">Modell\/Serie<\/span><\/td>\n<td class=\"a-span9\"><span class=\"a-size-base\">G732LXS-HG018T<\/span><\/td>\n<\/tr>\n<tr class=\"a-spacing-small\">\n<td class=\"a-span3\"><span class=\"a-size-base a-text-bold\">Display Size<\/span><\/td>\n<td class=\"a-span9\"><span class=\"a-size-base\">17.3 Zoll<\/span><\/td>\n<\/tr>\n<tr class=\"a-spacing-small\">\n<td class=\"a-span3\"><span class=\"a-size-base a-text-bold\">Betriebssystem<\/span><\/td>\n<td class=\"a-span9\"><span class=\"a-size-base\">Windows 10 Home<\/span><\/td>\n<\/tr>\n<tr class=\"a-spacing-small\">\n<td class=\"a-span3\"><span class=\"a-size-base a-text-bold\">Prozessorkerne<\/span><\/td>\n<td class=\"a-span9\"><span class=\"a-size-base\">8<\/span><\/td>\n<\/tr>\n<tr class=\"a-spacing-small\">\n<td class=\"a-span3\"><span class=\"a-size-base a-text-bold\">CPU-Hersteller<\/span><\/td>\n<td class=\"a-span9\"><span class=\"a-size-base\">Intel<\/span><\/td>\n<\/tr>\n<tr class=\"a-spacing-small\">\n<td class=\"a-span3\"><span class=\"a-size-base a-text-bold\">Memory Size<\/span><\/td>\n<td class=\"a-span9\"><span class=\"a-size-base\">32 GB<\/span><\/td>\n<\/tr>\n<tr class=\"a-spacing-small\">\n<td class=\"a-span3\"><span class=\"a-size-base a-text-bold\">Chipsatzhersteller<\/span><\/td>\n<td class=\"a-span9\"><span class=\"a-size-base\">Nvidia<\/span><\/td>\n<\/tr>\n<tr class=\"a-spacing-small\">\n<td class=\"a-span3\"><span class=\"a-size-base a-text-bold\">Hard Disk Size<\/span><\/td>\n<td class=\"a-span9\"><span class=\"a-size-base\">512 GB<\/span><\/td>\n<\/tr>\n<tr class=\"a-spacing-small\">\n<td class=\"a-span3\"><span class=\"a-size-base a-text-bold\">Festplattenbeschreibung<\/span><\/td>\n<td class=\"a-span9\"><span class=\"a-size-base\">Flash-Speicher-basierte SSD<\/span><\/td>\n<\/tr>\n<\/tbody>\n<\/table>\n<\/div>\n<\/div>\n<div id=\"poToggleButton\" class=\"a-expander-header a-expander-partial-collapse-header\"><a class=\"a-declarative\" data-action=\"a-expander-toggle\" data-a-expander-toggle=\"{&quot;allowLinkDefault&quot;:true, &quot;expand_prompt&quot;:&quot;Mehr anzeigen&quot;, &quot;collapse_prompt&quot;:&quot;Weniger anzeigen&quot;}\"><i class=\"a-icon a-icon-extender-collapse\"><\/i><span class=\"a-expander-prompt\">Weniger anzeigen<\/span><\/a><\/div>\n<\/div>\n<\/div>\n<div id=\"featurebullets_feature_div\" class=\"celwidget\" data-feature-name=\"featurebullets\" data-csa-c-id=\"qx88lj-mkbes8-ej73eh-yvlueq\" data-cel-widget=\"featurebullets_feature_div\">\n<div id=\"feature-bullets\" class=\"a-section a-spacing-medium a-spacing-top-small\">\n<hr \/>\n<h1 class=\"a-size-base-plus a-text-bold\">Info zu diesem Artikel<\/h1>\n<ul class=\"a-unordered-list a-vertical a-spacing-mini\">\n<li><span class=\"a-list-item\">Prozessor: Uneingeschr\u00e4nktes Surfen, Streamen, Arbeiten dank Intel Core i7-10875H Prozessor 2. 3 GHz (bis zu 5. 1 GHz, 16MB Cache) &#8211; Der i7 Prozessor 10. Generation von Intel bietet zu jeder Zeit eine extrem hohe ultramobile Leistung<\/span><\/li>\n<li><span class=\"a-list-item\">Besonderheiten: 17, 3 Zoll Full HD 300 Hz IPS-Level Display, HDMI 2. 0b HDR output support, extrem starke Grafik NVIDIA GeForce RTX2080 Super 8GB, optimierte Gaming-Tastatur mit 4-Zones RGB Beleuchtung, Light Bar, RangeBoost Technologie, Copper fin, 4 air vents, Keystone Update, WiFi6<\/span><\/li>\n<li><span class=\"a-list-item\">Akku: Bis zu 8 Stunden Akkulaufzeit (4 Zellen 66 Wh)<\/span><\/li>\n<li><span class=\"a-list-item\">Hersteller: 2 Jahre. Die bedingungen finden Sie unter \u201eWeitere technische Informationen\u201c. Ihre gesetzlichen Gew\u00e4hrleistungsrechte bleiben unber\u00fchrt<\/span><\/li>\n<li><span class=\"a-list-item\">Lieferumfang: ASUS ROG Strix SCAR 17 G732LXS (90NR0432-M02030) 43, 9 cm (17, 3 Zoll, Full HD, IPS-Level, 300 Hz, glare) Gaming Notebook<\/span><\/li>\n<\/ul>\n<\/div>\n<\/div>","protected":false},"excerpt":{"rendered":"<table id=\"productDetails_techSpec_section_1\" class=\"a-keyvalue prodDetTable\" role=\"presentation\">\n<tbody>\n<tr>\n<th class=\"a-color-secondary a-size-base prodDetSectionEntry\">Marke<\/th>\n<td class=\"a-size-base\">ASUS Computer<\/td>\n<\/tr>\n<tr>\n<th class=\"a-color-secondary a-size-base prodDetSectionEntry\">Hersteller<\/th>\n<td class=\"a-size-base\">ASUS Computer<\/td>\n<\/tr>\n<tr>\n<th class=\"a-color-secondary a-size-base prodDetSectionEntry\">Modell\/Serie<\/th>\n<td class=\"a-size-base\">G732LXS-HG018T<\/td>\n<\/tr>\n<tr>\n<th class=\"a-color-secondary a-size-base prodDetSectionEntry\">Produktabmessungen<\/th>\n<td class=\"a-size-base\">39.9 x 29.3 x 2.79 cm; 5.3 Kilogramm<\/td>\n<\/tr>\n<tr>\n<th class=\"a-color-secondary a-size-base prodDetSectionEntry\">Batterien<\/th>\n<td class=\"a-size-base\">1 Lithium-Ionen Batterien erforderlich (enthalten).<\/td>\n<\/tr>\n<tr>\n<th class=\"a-color-secondary a-size-base prodDetSectionEntry\">Modellnummer<\/th>\n<td class=\"a-size-base\">G732LXS-HG018T<\/td>\n<\/tr>\n<tr>\n<th class=\"a-color-secondary a-size-base prodDetSectionEntry\">Display-Gr\u00f6\u00dfe<\/th>\n<td class=\"a-size-base\">17.3 Zoll<\/td>\n<\/tr>\n<tr>\n<th class=\"a-color-secondary a-size-base prodDetSectionEntry\">Prozessormarke<\/th>\n<td class=\"a-size-base\">Intel<\/td>\n<\/tr>\n<tr>\n<th class=\"a-color-secondary a-size-base prodDetSectionEntry\">Prozessortyp<\/th>\n<td class=\"a-size-base\">Core i7<\/td>\n<\/tr>\n<tr>\n<th class=\"a-color-secondary a-size-base prodDetSectionEntry\">Prozessorgeschwindigkeit<\/th>\n<td class=\"a-size-base\">2.3 GHz<\/td>\n<\/tr>\n<tr>\n<th class=\"a-color-secondary a-size-base prodDetSectionEntry\">Prozessorkerne<\/th>\n<td class=\"a-size-base\">8<\/td>\n<\/tr>\n<tr>\n<th class=\"a-color-secondary a-size-base prodDetSectionEntry\">Gr\u00f6\u00dfe des Arbeitsspeichers<\/th>\n<td class=\"a-size-base\">32 GB<\/td>\n<\/tr>\n<tr>\n<th class=\"a-color-secondary a-size-base prodDetSectionEntry\">Speichertechnik<\/th>\n<td class=\"a-size-base\">DDR4<\/td>\n<\/tr>\n<tr>\n<th class=\"a-color-secondary a-size-base prodDetSectionEntry\">Speicher-Art<\/th>\n<td class=\"a-size-base\">DDR4 SDRAM<\/td>\n<\/tr>\n<tr>\n<th class=\"a-color-secondary a-size-base prodDetSectionEntry\">Max. unterst\u00fctzte Gr\u00f6\u00dfe<\/th>\n<td class=\"a-size-base\">32 GB<\/td>\n<\/tr>\n<tr>\n<th class=\"a-color-secondary a-size-base prodDetSectionEntry\">Gr\u00f6\u00dfe Festplatte<\/th>\n<td class=\"a-size-base\">512 GB<\/td>\n<\/tr>\n<tr>\n<th class=\"a-color-secondary a-size-base prodDetSectionEntry\">Festplatten-Technologie<\/th>\n<td class=\"a-size-base\">Flash-Speicher-basierte SSD<\/td>\n<\/tr>\n<tr>\n<th class=\"a-color-secondary a-size-base prodDetSectionEntry\">Graphics Coprocessor<\/th>\n<td class=\"a-size-base\">NVIDIA GeForce RTX 2080<\/td>\n<\/tr>\n<tr>\n<th class=\"a-color-secondary a-size-base prodDetSectionEntry\">Chipsatzhersteller<\/th>\n<td class=\"a-size-base\">Nvidia<\/td>\n<\/tr>\n<tr>\n<th class=\"a-color-secondary a-size-base prodDetSectionEntry\">Beschreibung Grafikkarte<\/th>\n<td class=\"a-size-base\">RTX 2080 Super<\/td>\n<\/tr>\n<tr>\n<th class=\"a-color-secondary a-size-base prodDetSectionEntry\">Grafikkartenspeicher<\/th>\n<td class=\"a-size-base\">GDDR6<\/td>\n<\/tr>\n<tr>\n<th class=\"a-color-secondary a-size-base prodDetSectionEntry\">Speichergr\u00f6\u00dfe Grafikkarte<\/th>\n<td class=\"a-size-base\">8 GB<\/td>\n<\/tr>\n<tr>\n<th class=\"a-color-secondary a-size-base prodDetSectionEntry\">Interface Grafikkarte<\/th>\n<td class=\"a-size-base\">PCI-E<\/td>\n<\/tr>\n<tr>\n<th class=\"a-color-secondary a-size-base prodDetSectionEntry\">Anzahl USB 3.0 Schnittstellen<\/th>\n<td class=\"a-size-base\">4<\/td>\n<\/tr>\n<tr>\n<th class=\"a-color-secondary a-size-base prodDetSectionEntry\">Anzahl HDMI Schnittstellen<\/th>\n<td class=\"a-size-base\">1<\/td>\n<\/tr>\n<tr>\n<th class=\"a-color-secondary a-size-base prodDetSectionEntry\">Optischer Speicher<\/th>\n<td class=\"a-size-base\">Kein optisches Laufwerk<\/td>\n<\/tr>\n<tr>\n<th class=\"a-color-secondary a-size-base prodDetSectionEntry\">Betriebssystem<\/th>\n<td class=\"a-size-base\">Windows 10 Home<\/td>\n<\/tr>\n<tr>\n<th class=\"a-color-secondary a-size-base prodDetSectionEntry\">Durchschnittliche Batterielaufzeit<\/th>\n<td class=\"a-size-base\">8 Stunden<\/td>\n<\/tr>\n<tr>\n<th class=\"a-color-secondary a-size-base prodDetSectionEntry\">Batterien enthalten<\/th>\n<td class=\"a-size-base\">Ja<\/td>\n<\/tr>\n<tr>\n<th class=\"a-color-secondary a-size-base prodDetSectionEntry\">Kapazit\u00e4t Lithium-Akku<\/th>\n<td class=\"a-size-base\">66 Wattstunden<\/td>\n<\/tr>\n<tr>\n<th class=\"a-color-secondary a-size-base prodDetSectionEntry\">Anzahl der Lithium-Ionen-Zellen<\/th>\n<td class=\"a-size-base\">4<\/td>\n<\/tr>\n<tr>\n<th class=\"a-color-secondary a-size-base prodDetSectionEntry\">Artikelgewicht<\/th>\n<td class=\"a-size-base\">5.3 kg<\/td>\n<\/tr>\n<\/tbody>\n<\/table>","protected":false},"featured_media":663,"comment_status":"closed","ping_status":"closed","template":"","meta":{"_bbp_topic_count":0,"_bbp_reply_count":0,"_bbp_total_topic_count":0,"_bbp_total_reply_count":0,"_bbp_voice_count":0,"_bbp_anonymous_reply_count":0,"_bbp_topic_count_hidden":0,"_bbp_reply_count_hidden":0,"_bbp_forum_subforum_count":0,"pmpro_default_level":""},"product_brand":[],"product_cat":[29],"product_tag":[],"class_list":{"0":"post-662","1":"product","2":"type-product","3":"status-publish","4":"has-post-thumbnail","6":"product_cat-laptop","7":"pmpro-has-access","8":"post","9":"post-with-thumbnail","10":"post-with-thumbnail-large","12":"first","13":"instock","14":"featured","15":"shipping-taxable","16":"product-type-external"},"yoast_head":"<!-- This site is optimized with the Yoast SEO plugin v27.3 - https:\/\/yoast.com\/product\/yoast-seo-wordpress\/ -->\n<title>ASUS ROG Strix SCAR 17 G732LXS (32Gb Ram) - hicad-help.com<\/title>\n<meta name=\"robots\" content=\"index, follow, max-snippet:-1, max-image-preview:large, max-video-preview:-1\" \/>\n<link rel=\"canonical\" href=\"https:\/\/hicad-help.com\/en\/product\/asus-rog-strix-scar-17-g732lxs-439-cm\/\" \/>\n<meta property=\"og:locale\" content=\"en_US\" \/>\n<meta property=\"og:type\" content=\"article\" \/>\n<meta property=\"og:title\" content=\"ASUS ROG Strix SCAR 17 G732LXS (32Gb Ram) - hicad-help.com\" \/>\n<meta property=\"og:description\" content=\"Marke ASUS Computer   Hersteller ASUS Computer   Modell\/Serie G732LXS-HG018T   Produktabmessungen 39.9 x 29.3 x 2.79 cm; 5.3 Kilogramm   Batterien 1 Lithium-Ionen Batterien erforderlich (enthalten).   Modellnummer G732LXS-HG018T   Display-Gr\u00f6\u00dfe 17.3 Zoll   Prozessormarke Intel   Prozessortyp Core i7   Prozessorgeschwindigkeit 2.3 GHz   Prozessorkerne 8   Gr\u00f6\u00dfe des Arbeitsspeichers 32 GB   Speichertechnik DDR4   Speicher-Art DDR4 SDRAM   Max. unterst\u00fctzte Gr\u00f6\u00dfe 32 GB   Gr\u00f6\u00dfe Festplatte 512 GB   Festplatten-Technologie Flash-Speicher-basierte SSD   Graphics Coprocessor NVIDIA GeForce RTX 2080   Chipsatzhersteller Nvidia   Beschreibung Grafikkarte RTX 2080 Super   Grafikkartenspeicher GDDR6   Speichergr\u00f6\u00dfe Grafikkarte 8 GB   Interface Grafikkarte PCI-E   Anzahl USB 3.0 Schnittstellen 4   Anzahl HDMI Schnittstellen 1   Optischer Speicher Kein optisches Laufwerk   Betriebssystem Windows 10 Home   Durchschnittliche Batterielaufzeit 8 Stunden   Batterien enthalten Ja   Kapazit\u00e4t Lithium-Akku 66 Wattstunden   Anzahl der Lithium-Ionen-Zellen 4   Artikelgewicht 5.3 kg\" \/>\n<meta property=\"og:url\" content=\"https:\/\/hicad-help.com\/en\/product\/asus-rog-strix-scar-17-g732lxs-439-cm\/\" \/>\n<meta property=\"og:site_name\" content=\"hicad-help.com\" \/>\n<meta property=\"article:modified_time\" content=\"2020-10-27T21:00:10+00:00\" \/>\n<meta property=\"og:image\" content=\"https:\/\/i2.wp.com\/hicad-help.com\/wp-content\/uploads\/2020\/10\/ASUS-ROG-Strix-SCAR-17-G732LXS-439-cm-1.jpg?fit=916%2C652&ssl=1\" \/>\n\t<meta property=\"og:image:width\" content=\"916\" \/>\n\t<meta property=\"og:image:height\" content=\"652\" \/>\n\t<meta property=\"og:image:type\" content=\"image\/jpeg\" \/>\n<meta name=\"twitter:card\" content=\"summary_large_image\" \/>\n<meta name=\"twitter:label1\" content=\"Est. reading time\" \/>\n\t<meta name=\"twitter:data1\" content=\"1 minute\" \/>\n<script type=\"application\/ld+json\" class=\"yoast-schema-graph\">{\"@context\":\"https:\\\/\\\/schema.org\",\"@graph\":[{\"@type\":\"WebPage\",\"@id\":\"https:\\\/\\\/hicad-help.com\\\/en\\\/product\\\/asus-rog-strix-scar-17-g732lxs-439-cm\\\/\",\"url\":\"https:\\\/\\\/hicad-help.com\\\/en\\\/product\\\/asus-rog-strix-scar-17-g732lxs-439-cm\\\/\",\"name\":\"ASUS ROG Strix SCAR 17 G732LXS (32Gb Ram) - hicad-help.com\",\"isPartOf\":{\"@id\":\"https:\\\/\\\/hicad-help.com\\\/de_de\\\/#website\"},\"primaryImageOfPage\":{\"@id\":\"https:\\\/\\\/hicad-help.com\\\/en\\\/product\\\/asus-rog-strix-scar-17-g732lxs-439-cm\\\/#primaryimage\"},\"image\":{\"@id\":\"https:\\\/\\\/hicad-help.com\\\/en\\\/product\\\/asus-rog-strix-scar-17-g732lxs-439-cm\\\/#primaryimage\"},\"thumbnailUrl\":\"https:\\\/\\\/i0.wp.com\\\/hicad-help.com\\\/wp-content\\\/uploads\\\/2020\\\/10\\\/ASUS-ROG-Strix-SCAR-17-G732LXS-439-cm-1.jpg?fit=916%2C652&ssl=1\",\"datePublished\":\"2020-10-12T12:09:52+00:00\",\"dateModified\":\"2020-10-27T21:00:10+00:00\",\"breadcrumb\":{\"@id\":\"https:\\\/\\\/hicad-help.com\\\/en\\\/product\\\/asus-rog-strix-scar-17-g732lxs-439-cm\\\/#breadcrumb\"},\"inLanguage\":\"en-US\",\"potentialAction\":[{\"@type\":\"ReadAction\",\"target\":[\"https:\\\/\\\/hicad-help.com\\\/en\\\/product\\\/asus-rog-strix-scar-17-g732lxs-439-cm\\\/\"]}]},{\"@type\":\"ImageObject\",\"inLanguage\":\"en-US\",\"@id\":\"https:\\\/\\\/hicad-help.com\\\/en\\\/product\\\/asus-rog-strix-scar-17-g732lxs-439-cm\\\/#primaryimage\",\"url\":\"https:\\\/\\\/i0.wp.com\\\/hicad-help.com\\\/wp-content\\\/uploads\\\/2020\\\/10\\\/ASUS-ROG-Strix-SCAR-17-G732LXS-439-cm-1.jpg?fit=916%2C652&ssl=1\",\"contentUrl\":\"https:\\\/\\\/i0.wp.com\\\/hicad-help.com\\\/wp-content\\\/uploads\\\/2020\\\/10\\\/ASUS-ROG-Strix-SCAR-17-G732LXS-439-cm-1.jpg?fit=916%2C652&ssl=1\",\"width\":916,\"height\":652},{\"@type\":\"BreadcrumbList\",\"@id\":\"https:\\\/\\\/hicad-help.com\\\/en\\\/product\\\/asus-rog-strix-scar-17-g732lxs-439-cm\\\/#breadcrumb\",\"itemListElement\":[{\"@type\":\"ListItem\",\"position\":1,\"name\":\"Startseite\",\"item\":\"https:\\\/\\\/hicad-help.com\\\/\"},{\"@type\":\"ListItem\",\"position\":2,\"name\":\"Shop\",\"item\":\"https:\\\/\\\/hicad-help.com\\\/en\\\/shop\\\/\"},{\"@type\":\"ListItem\",\"position\":3,\"name\":\"ASUS ROG Strix SCAR 17 G732LXS (32Gb Ram)\"}]},{\"@type\":\"WebSite\",\"@id\":\"https:\\\/\\\/hicad-help.com\\\/de_de\\\/#website\",\"url\":\"https:\\\/\\\/hicad-help.com\\\/de_de\\\/\",\"name\":\"hicad-help.com\",\"description\":\"Hilfeseite f\u00fcr HiCAD\",\"potentialAction\":[{\"@type\":\"SearchAction\",\"target\":{\"@type\":\"EntryPoint\",\"urlTemplate\":\"https:\\\/\\\/hicad-help.com\\\/de_de\\\/?s={search_term_string}\"},\"query-input\":{\"@type\":\"PropertyValueSpecification\",\"valueRequired\":true,\"valueName\":\"search_term_string\"}}],\"inLanguage\":\"en-US\"}]}<\/script>\n<!-- \/ Yoast SEO plugin. -->","yoast_head_json":{"title":"ASUS ROG Strix SCAR 17 G732LXS (32Gb Ram) - hicad-help.com","robots":{"index":"index","follow":"follow","max-snippet":"max-snippet:-1","max-image-preview":"max-image-preview:large","max-video-preview":"max-video-preview:-1"},"canonical":"https:\/\/hicad-help.com\/en\/product\/asus-rog-strix-scar-17-g732lxs-439-cm\/","og_locale":"en_US","og_type":"article","og_title":"ASUS ROG Strix SCAR 17 G732LXS (32Gb Ram) - hicad-help.com","og_description":"Marke ASUS Computer   Hersteller ASUS Computer   Modell\/Serie G732LXS-HG018T   Produktabmessungen 39.9 x 29.3 x 2.79 cm; 5.3 Kilogramm   Batterien 1 Lithium-Ionen Batterien erforderlich (enthalten).   Modellnummer G732LXS-HG018T   Display-Gr\u00f6\u00dfe 17.3 Zoll   Prozessormarke Intel   Prozessortyp Core i7   Prozessorgeschwindigkeit 2.3 GHz   Prozessorkerne 8   Gr\u00f6\u00dfe des Arbeitsspeichers 32 GB   Speichertechnik DDR4   Speicher-Art DDR4 SDRAM   Max. unterst\u00fctzte Gr\u00f6\u00dfe 32 GB   Gr\u00f6\u00dfe Festplatte 512 GB   Festplatten-Technologie Flash-Speicher-basierte SSD   Graphics Coprocessor NVIDIA GeForce RTX 2080   Chipsatzhersteller Nvidia   Beschreibung Grafikkarte RTX 2080 Super   Grafikkartenspeicher GDDR6   Speichergr\u00f6\u00dfe Grafikkarte 8 GB   Interface Grafikkarte PCI-E   Anzahl USB 3.0 Schnittstellen 4   Anzahl HDMI Schnittstellen 1   Optischer Speicher Kein optisches Laufwerk   Betriebssystem Windows 10 Home   Durchschnittliche Batterielaufzeit 8 Stunden   Batterien enthalten Ja   Kapazit\u00e4t Lithium-Akku 66 Wattstunden   Anzahl der Lithium-Ionen-Zellen 4   Artikelgewicht 5.3 kg","og_url":"https:\/\/hicad-help.com\/en\/product\/asus-rog-strix-scar-17-g732lxs-439-cm\/","og_site_name":"hicad-help.com","article_modified_time":"2020-10-27T21:00:10+00:00","og_image":[{"width":916,"height":652,"url":"https:\/\/i2.wp.com\/hicad-help.com\/wp-content\/uploads\/2020\/10\/ASUS-ROG-Strix-SCAR-17-G732LXS-439-cm-1.jpg?fit=916%2C652&ssl=1","type":"image\/jpeg"}],"twitter_card":"summary_large_image","twitter_misc":{"Est. reading time":"1 minute"},"schema":{"@context":"https:\/\/schema.org","@graph":[{"@type":"WebPage","@id":"https:\/\/hicad-help.com\/en\/product\/asus-rog-strix-scar-17-g732lxs-439-cm\/","url":"https:\/\/hicad-help.com\/en\/product\/asus-rog-strix-scar-17-g732lxs-439-cm\/","name":"ASUS ROG Strix SCAR 17 G732LXS (32Gb Ram) - hicad-help.com","isPartOf":{"@id":"https:\/\/hicad-help.com\/de_de\/#website"},"primaryImageOfPage":{"@id":"https:\/\/hicad-help.com\/en\/product\/asus-rog-strix-scar-17-g732lxs-439-cm\/#primaryimage"},"image":{"@id":"https:\/\/hicad-help.com\/en\/product\/asus-rog-strix-scar-17-g732lxs-439-cm\/#primaryimage"},"thumbnailUrl":"https:\/\/i0.wp.com\/hicad-help.com\/wp-content\/uploads\/2020\/10\/ASUS-ROG-Strix-SCAR-17-G732LXS-439-cm-1.jpg?fit=916%2C652&ssl=1","datePublished":"2020-10-12T12:09:52+00:00","dateModified":"2020-10-27T21:00:10+00:00","breadcrumb":{"@id":"https:\/\/hicad-help.com\/en\/product\/asus-rog-strix-scar-17-g732lxs-439-cm\/#breadcrumb"},"inLanguage":"en-US","potentialAction":[{"@type":"ReadAction","target":["https:\/\/hicad-help.com\/en\/product\/asus-rog-strix-scar-17-g732lxs-439-cm\/"]}]},{"@type":"ImageObject","inLanguage":"en-US","@id":"https:\/\/hicad-help.com\/en\/product\/asus-rog-strix-scar-17-g732lxs-439-cm\/#primaryimage","url":"https:\/\/i0.wp.com\/hicad-help.com\/wp-content\/uploads\/2020\/10\/ASUS-ROG-Strix-SCAR-17-G732LXS-439-cm-1.jpg?fit=916%2C652&ssl=1","contentUrl":"https:\/\/i0.wp.com\/hicad-help.com\/wp-content\/uploads\/2020\/10\/ASUS-ROG-Strix-SCAR-17-G732LXS-439-cm-1.jpg?fit=916%2C652&ssl=1","width":916,"height":652},{"@type":"BreadcrumbList","@id":"https:\/\/hicad-help.com\/en\/product\/asus-rog-strix-scar-17-g732lxs-439-cm\/#breadcrumb","itemListElement":[{"@type":"ListItem","position":1,"name":"Startseite","item":"https:\/\/hicad-help.com\/"},{"@type":"ListItem","position":2,"name":"Shop","item":"https:\/\/hicad-help.com\/en\/shop\/"},{"@type":"ListItem","position":3,"name":"ASUS ROG Strix SCAR 17 G732LXS (32Gb Ram)"}]},{"@type":"WebSite","@id":"https:\/\/hicad-help.com\/de_de\/#website","url":"https:\/\/hicad-help.com\/de_de\/","name":"hicad-help.com","description":"Help page for HiCAD","potentialAction":[{"@type":"SearchAction","target":{"@type":"EntryPoint","urlTemplate":"https:\/\/hicad-help.com\/de_de\/?s={search_term_string}"},"query-input":{"@type":"PropertyValueSpecification","valueRequired":true,"valueName":"search_term_string"}}],"inLanguage":"en-US"}]}},"jetpack_sharing_enabled":true,"_links":{"self":[{"href":"https:\/\/hicad-help.com\/en\/wp-json\/wp\/v2\/product\/662","targetHints":{"allow":["GET"]}}],"collection":[{"href":"https:\/\/hicad-help.com\/en\/wp-json\/wp\/v2\/product"}],"about":[{"href":"https:\/\/hicad-help.com\/en\/wp-json\/wp\/v2\/types\/product"}],"replies":[{"embeddable":true,"href":"https:\/\/hicad-help.com\/en\/wp-json\/wp\/v2\/comments?post=662"}],"wp:featuredmedia":[{"embeddable":true,"href":"https:\/\/hicad-help.com\/en\/wp-json\/wp\/v2\/media\/663"}],"wp:attachment":[{"href":"https:\/\/hicad-help.com\/en\/wp-json\/wp\/v2\/media?parent=662"}],"wp:term":[{"taxonomy":"product_brand","embeddable":true,"href":"https:\/\/hicad-help.com\/en\/wp-json\/wp\/v2\/product_brand?post=662"},{"taxonomy":"product_cat","embeddable":true,"href":"https:\/\/hicad-help.com\/en\/wp-json\/wp\/v2\/product_cat?post=662"},{"taxonomy":"product_tag","embeddable":true,"href":"https:\/\/hicad-help.com\/en\/wp-json\/wp\/v2\/product_tag?post=662"}],"curies":[{"name":"wp","href":"https:\/\/api.w.org\/{rel}","templated":true}]}}